{"id":62698,"date":"2014-12-09T13:35:35","date_gmt":"2014-12-09T11:35:35","guid":{"rendered":"https:\/\/sharks.ee\/vunder_2019.klient.veebimajutus.ee\/?post_type=product&p=62698"},"modified":"2014-12-09T13:35:35","modified_gmt":"2014-12-09T10:35:35","slug":"skicu-zimulis-conte-a-paris-charcoal","status":"publish","type":"product","link":"https:\/\/hobstop.ee\/lv\/produkts\/skicu-zimulis-conte-a-paris-charcoal\/","title":{"rendered":"Ski\u010du z\u012bmulis Conte a Paris Charcoal"},"content":{"rendered":"<p>Conte a Paris Charcoal ski\u010du z\u012bmulis nodro\u0161ina t\u012bru, bl\u012bvu apdari intens\u012bv\u0101 meln\u0101 kr\u0101s\u0101. Sal\u012bdzinot ar tradicion\u0101lo ogli, z\u012bmu\u013ca form\u0101 ar ogli iesp\u0113jams veikt prec\u012bz\u0101kas un uzman\u012bg\u0101k vilktas l\u012bnijas. Turkl\u0101t z\u012bmulis nesm\u0113r\u0113 pirkstus. Viena no svar\u012bg\u0101kaj\u0101m \u012bpa\u0161\u012bb\u0101m ir t\u0101, ka tas nel\u016bzt &#8211; pateicoties tam, to ir viegli \u0146emt l\u012bdzi. \u0160\u012b z\u012bmu\u013ca priek\u0161roc\u012bba ir t\u0101, ka tas ide\u0101li sapl\u016bst ar sang\u012bnu un s\u0113pijas z\u012bmu\u013ciem. Ieteicams garenu un \u0101tru pozu att\u0113lo\u0161anai.<\/p>\n","protected":false},"excerpt":{"rendered":"<p>Conte a Paris Charcoal ski\u010du z\u012bmulis nodro\u0161ina t\u012bru, bl\u012bvu apdari intens\u012bv\u0101 meln\u0101 kr\u0101s\u0101. Sal\u012bdzinot ar tradicion\u0101lo ogli, z\u012bmu\u013ca form\u0101 ar ogli iesp\u0113jams veikt prec\u012bz\u0101kas un uzman\u012bg\u0101k vilktas l\u012bnijas. Turkl\u0101t z\u012bmulis nesm\u0113r\u0113 pirkstus. Viena no svar\u012bg\u0101kaj\u0101m \u012bpa\u0161\u012bb\u0101m ir t\u0101, ka tas nel\u016bzt &#8211; pateicoties tam, to ir viegli \u0146emt l\u012bdzi. \u0160\u012b z\u012bmu\u013ca priek\u0161roc\u012bba ir t\u0101, ka tas ide\u0101li sapl\u016bst ar sang\u012bnu un s\u0113pijas z\u012bmu\u013ciem. Ieteicams garenu un \u0101tru pozu att\u0113lo\u0161anai.<\/p>\n","protected":false},"featured_media":106902,"comment_status":"closed","ping_status":"closed","template":"","meta":{"_acf_changed":false,"ep_exclude_from_search":false},"product_cat":[16123,18991,18931],"product_tag":[],"class_list":{"0":"post-62698","1":"product","2":"type-product","3":"status-publish","4":"has-post-thumbnail","6":"product_cat-makslas-piederumi-2","7":"product_cat-skicu-zimuli-2","8":"product_cat-zimesanas-piederumi-3","10":"first","11":"outofstock","12":"taxable","13":"shipping-taxable","14":"purchasable","15":"product-type-variable"},"acf":[],"yoast_head":"<!-- This site is optimized with the Yoast SEO plugin v24.1 - https:\/\/yoast.com\/wordpress\/plugins\/seo\/ -->\n<title>Ski\u010du z\u012bmulis Conte a Paris Charcoal &#8211; Skizze<\/title>\n<meta name=\"robots\" content=\"noindex, follow, max-snippet:-1, max-image-preview:large, max-video-preview:-1\" \/>\n<meta property=\"og:locale\" content=\"lv_LV\" \/>\n<meta property=\"og:type\" content=\"article\" \/>\n<meta property=\"og:title\" content=\"Ski\u010du z\u012bmulis Conte a Paris Charcoal &#8211; Skizze\" \/>\n<meta property=\"og:description\" content=\"Conte a Paris Charcoal ski\u010du z\u012bmulis nodro\u0161ina t\u012bru, bl\u012bvu apdari intens\u012bv\u0101 meln\u0101 kr\u0101s\u0101. Sal\u012bdzinot ar tradicion\u0101lo ogli, z\u012bmu\u013ca form\u0101 ar ogli iesp\u0113jams veikt prec\u012bz\u0101kas un uzman\u012bg\u0101k vilktas l\u012bnijas. Turkl\u0101t z\u012bmulis nesm\u0113r\u0113 pirkstus. Viena no svar\u012bg\u0101kaj\u0101m \u012bpa\u0161\u012bb\u0101m ir t\u0101, ka tas nel\u016bzt &#8211; pateicoties tam, to ir viegli \u0146emt l\u012bdzi. \u0160\u012b z\u012bmu\u013ca priek\u0161roc\u012bba ir t\u0101, ka tas ide\u0101li sapl\u016bst ar sang\u012bnu un s\u0113pijas z\u012bmu\u013ciem. Ieteicams garenu un \u0101tru pozu att\u0113lo\u0161anai.\" \/>\n<meta property=\"og:url\" content=\"https:\/\/hobstop.ee\/lv\/produkts\/skicu-zimulis-conte-a-paris-charcoal\/\" \/>\n<meta property=\"og:site_name\" content=\"Skizze\" \/>\n<meta property=\"article:publisher\" content=\"http:\/\/www.facebook.com\/VunderSkizze\" \/>\n<meta property=\"article:modified_time\" content=\"-0001-11-30T00:00:00+00:00\" \/>\n<meta property=\"og:image\" content=\"https:\/\/hobstop.ee\/media\/3402.jpg\" \/>\n\t<meta property=\"og:image:width\" content=\"1024\" \/>\n\t<meta property=\"og:image:height\" content=\"768\" \/>\n\t<meta property=\"og:image:type\" content=\"image\/jpeg\" \/>\n<meta name=\"twitter:card\" content=\"summary_large_image\" \/>\n<meta name=\"twitter:label1\" content=\"Est. reading time\" \/>\n\t<meta name=\"twitter:data1\" content=\"1 min\u016b\u0161u\" \/>\n<script type=\"application\/ld+json\" class=\"yoast-schema-graph\">{\"@context\":\"https:\/\/schema.org\",\"@graph\":[{\"@type\":\"WebPage\",\"@id\":\"https:\/\/hobstop.ee\/lv\/produkts\/skicu-zimulis-conte-a-paris-charcoal\/\",\"url\":\"https:\/\/hobstop.ee\/lv\/produkts\/skicu-zimulis-conte-a-paris-charcoal\/\",\"name\":\"Ski\u010du z\u012bmulis Conte a Paris Charcoal &#8211; Skizze\",\"isPartOf\":{\"@id\":\"https:\/\/hobstop.ee\/lv\/#website\"},\"primaryImageOfPage\":{\"@id\":\"https:\/\/hobstop.ee\/lv\/produkts\/skicu-zimulis-conte-a-paris-charcoal\/#primaryimage\"},\"image\":{\"@id\":\"https:\/\/hobstop.ee\/lv\/produkts\/skicu-zimulis-conte-a-paris-charcoal\/#primaryimage\"},\"thumbnailUrl\":\"https:\/\/hobstop.ee\/media\/3402.jpg\",\"datePublished\":\"2014-12-09T11:35:35+00:00\",\"dateModified\":\"-0001-11-30T00:00:00+00:00\",\"breadcrumb\":{\"@id\":\"https:\/\/hobstop.ee\/lv\/produkts\/skicu-zimulis-conte-a-paris-charcoal\/#breadcrumb\"},\"inLanguage\":\"lv-LV\",\"potentialAction\":[{\"@type\":\"ReadAction\",\"target\":[\"https:\/\/hobstop.ee\/lv\/produkts\/skicu-zimulis-conte-a-paris-charcoal\/\"]}]},{\"@type\":\"ImageObject\",\"inLanguage\":\"lv-LV\",\"@id\":\"https:\/\/hobstop.ee\/lv\/produkts\/skicu-zimulis-conte-a-paris-charcoal\/#primaryimage\",\"url\":\"https:\/\/hobstop.ee\/media\/3402.jpg\",\"contentUrl\":\"https:\/\/hobstop.ee\/media\/3402.jpg\",\"width\":1024,\"height\":768},{\"@type\":\"BreadcrumbList\",\"@id\":\"https:\/\/hobstop.ee\/lv\/produkts\/skicu-zimulis-conte-a-paris-charcoal\/#breadcrumb\",\"itemListElement\":[{\"@type\":\"ListItem\",\"position\":1,\"name\":\"Avaleht\",\"item\":\"https:\/\/hobstop.ee\/lv\/\"},{\"@type\":\"ListItem\",\"position\":2,\"name\":\"Veikals\",\"item\":\"https:\/\/hobstop.ee\/lv\/veikals\/\"},{\"@type\":\"ListItem\",\"position\":3,\"name\":\"Ski\u010du z\u012bmulis Conte a Paris Charcoal\"}]},{\"@type\":\"WebSite\",\"@id\":\"https:\/\/hobstop.ee\/lv\/#website\",\"url\":\"https:\/\/hobstop.ee\/lv\/\",\"name\":\"Skizze\",\"description\":\"M\u0101kslas, hobiju un skolas preces\",\"publisher\":{\"@id\":\"https:\/\/hobstop.ee\/lv\/#organization\"},\"potentialAction\":[{\"@type\":\"SearchAction\",\"target\":{\"@type\":\"EntryPoint\",\"urlTemplate\":\"https:\/\/hobstop.ee\/lv\/?s={search_term_string}\"},\"query-input\":{\"@type\":\"PropertyValueSpecification\",\"valueRequired\":true,\"valueName\":\"search_term_string\"}}],\"inLanguage\":\"lv-LV\"},{\"@type\":\"Organization\",\"@id\":\"https:\/\/hobstop.ee\/lv\/#organization\",\"name\":\"Vunder AS\",\"url\":\"https:\/\/hobstop.ee\/lv\/\",\"logo\":{\"@type\":\"ImageObject\",\"inLanguage\":\"lv-LV\",\"@id\":\"https:\/\/hobstop.ee\/lv\/#\/schema\/logo\/image\/\",\"url\":\"https:\/\/hobstop.ee\/media\/vunder-logo.png\",\"contentUrl\":\"https:\/\/hobstop.ee\/media\/vunder-logo.png\",\"width\":127,\"height\":55,\"caption\":\"Vunder AS\"},\"image\":{\"@id\":\"https:\/\/hobstop.ee\/lv\/#\/schema\/logo\/image\/\"},\"sameAs\":[\"http:\/\/www.facebook.com\/VunderSkizze\"]}]}<\/script>\n<!-- \/ Yoast SEO plugin. -->","yoast_head_json":{"title":"Ski\u010du z\u012bmulis Conte a Paris Charcoal &#8211; Skizze","robots":{"index":"noindex","follow":"follow","max-snippet":"max-snippet:-1","max-image-preview":"max-image-preview:large","max-video-preview":"max-video-preview:-1"},"og_locale":"lv_LV","og_type":"article","og_title":"Ski\u010du z\u012bmulis Conte a Paris Charcoal &#8211; Skizze","og_description":"Conte a Paris Charcoal ski\u010du z\u012bmulis nodro\u0161ina t\u012bru, bl\u012bvu apdari intens\u012bv\u0101 meln\u0101 kr\u0101s\u0101. Sal\u012bdzinot ar tradicion\u0101lo ogli, z\u012bmu\u013ca form\u0101 ar ogli iesp\u0113jams veikt prec\u012bz\u0101kas un uzman\u012bg\u0101k vilktas l\u012bnijas. Turkl\u0101t z\u012bmulis nesm\u0113r\u0113 pirkstus. Viena no svar\u012bg\u0101kaj\u0101m \u012bpa\u0161\u012bb\u0101m ir t\u0101, ka tas nel\u016bzt &#8211; pateicoties tam, to ir viegli \u0146emt l\u012bdzi. \u0160\u012b z\u012bmu\u013ca priek\u0161roc\u012bba ir t\u0101, ka tas ide\u0101li sapl\u016bst ar sang\u012bnu un s\u0113pijas z\u012bmu\u013ciem. Ieteicams garenu un \u0101tru pozu att\u0113lo\u0161anai.","og_url":"https:\/\/hobstop.ee\/lv\/produkts\/skicu-zimulis-conte-a-paris-charcoal\/","og_site_name":"Skizze","article_publisher":"http:\/\/www.facebook.com\/VunderSkizze","article_modified_time":"-0001-11-30T00:00:00+00:00","og_image":[{"width":1024,"height":768,"url":"https:\/\/hobstop.ee\/media\/3402.jpg","type":"image\/jpeg"}],"twitter_card":"summary_large_image","twitter_misc":{"Est. reading time":"1 min\u016b\u0161u"},"schema":{"@context":"https:\/\/schema.org","@graph":[{"@type":"WebPage","@id":"https:\/\/hobstop.ee\/lv\/produkts\/skicu-zimulis-conte-a-paris-charcoal\/","url":"https:\/\/hobstop.ee\/lv\/produkts\/skicu-zimulis-conte-a-paris-charcoal\/","name":"Ski\u010du z\u012bmulis Conte a Paris Charcoal &#8211; Skizze","isPartOf":{"@id":"https:\/\/hobstop.ee\/lv\/#website"},"primaryImageOfPage":{"@id":"https:\/\/hobstop.ee\/lv\/produkts\/skicu-zimulis-conte-a-paris-charcoal\/#primaryimage"},"image":{"@id":"https:\/\/hobstop.ee\/lv\/produkts\/skicu-zimulis-conte-a-paris-charcoal\/#primaryimage"},"thumbnailUrl":"https:\/\/hobstop.ee\/media\/3402.jpg","datePublished":"2014-12-09T11:35:35+00:00","dateModified":"-0001-11-30T00:00:00+00:00","breadcrumb":{"@id":"https:\/\/hobstop.ee\/lv\/produkts\/skicu-zimulis-conte-a-paris-charcoal\/#breadcrumb"},"inLanguage":"lv-LV","potentialAction":[{"@type":"ReadAction","target":["https:\/\/hobstop.ee\/lv\/produkts\/skicu-zimulis-conte-a-paris-charcoal\/"]}]},{"@type":"ImageObject","inLanguage":"lv-LV","@id":"https:\/\/hobstop.ee\/lv\/produkts\/skicu-zimulis-conte-a-paris-charcoal\/#primaryimage","url":"https:\/\/hobstop.ee\/media\/3402.jpg","contentUrl":"https:\/\/hobstop.ee\/media\/3402.jpg","width":1024,"height":768},{"@type":"BreadcrumbList","@id":"https:\/\/hobstop.ee\/lv\/produkts\/skicu-zimulis-conte-a-paris-charcoal\/#breadcrumb","itemListElement":[{"@type":"ListItem","position":1,"name":"Avaleht","item":"https:\/\/hobstop.ee\/lv\/"},{"@type":"ListItem","position":2,"name":"Veikals","item":"https:\/\/hobstop.ee\/lv\/veikals\/"},{"@type":"ListItem","position":3,"name":"Ski\u010du z\u012bmulis Conte a Paris Charcoal"}]},{"@type":"WebSite","@id":"https:\/\/hobstop.ee\/lv\/#website","url":"https:\/\/hobstop.ee\/lv\/","name":"Skizze","description":"M\u0101kslas, hobiju un skolas preces","publisher":{"@id":"https:\/\/hobstop.ee\/lv\/#organization"},"potentialAction":[{"@type":"SearchAction","target":{"@type":"EntryPoint","urlTemplate":"https:\/\/hobstop.ee\/lv\/?s={search_term_string}"},"query-input":{"@type":"PropertyValueSpecification","valueRequired":true,"valueName":"search_term_string"}}],"inLanguage":"lv-LV"},{"@type":"Organization","@id":"https:\/\/hobstop.ee\/lv\/#organization","name":"Vunder AS","url":"https:\/\/hobstop.ee\/lv\/","logo":{"@type":"ImageObject","inLanguage":"lv-LV","@id":"https:\/\/hobstop.ee\/lv\/#\/schema\/logo\/image\/","url":"https:\/\/hobstop.ee\/media\/vunder-logo.png","contentUrl":"https:\/\/hobstop.ee\/media\/vunder-logo.png","width":127,"height":55,"caption":"Vunder AS"},"image":{"@id":"https:\/\/hobstop.ee\/lv\/#\/schema\/logo\/image\/"},"sameAs":["http:\/\/www.facebook.com\/VunderSkizze"]}]}},"_links":{"self":[{"href":"https:\/\/hobstop.ee\/lv\/wp-json\/wp\/v2\/product\/62698","targetHints":{"allow":["GET"]}}],"collection":[{"href":"https:\/\/hobstop.ee\/lv\/wp-json\/wp\/v2\/product"}],"about":[{"href":"https:\/\/hobstop.ee\/lv\/wp-json\/wp\/v2\/types\/product"}],"replies":[{"embeddable":true,"href":"https:\/\/hobstop.ee\/lv\/wp-json\/wp\/v2\/comments?post=62698"}],"wp:featuredmedia":[{"embeddable":true,"href":"https:\/\/hobstop.ee\/lv\/wp-json\/wp\/v2\/media\/106902"}],"wp:attachment":[{"href":"https:\/\/hobstop.ee\/lv\/wp-json\/wp\/v2\/media?parent=62698"}],"wp:term":[{"taxonomy":"product_cat","embeddable":true,"href":"https:\/\/hobstop.ee\/lv\/wp-json\/wp\/v2\/product_cat?post=62698"},{"taxonomy":"product_tag","embeddable":true,"href":"https:\/\/hobstop.ee\/lv\/wp-json\/wp\/v2\/product_tag?post=62698"}],"curies":[{"name":"wp","href":"https:\/\/api.w.org\/{rel}","templated":true}]}}