{"id":62739,"date":"2014-12-09T13:35:46","date_gmt":"2014-12-09T11:35:46","guid":{"rendered":"https:\/\/sharks.ee\/vunder_2019.klient.veebimajutus.ee\/?post_type=product&p=62739"},"modified":"2014-12-09T13:35:46","modified_gmt":"2014-12-09T10:35:46","slug":"skidrums-filcesanai-rayher-50ml","status":"publish","type":"product","link":"https:\/\/hobstop.ee\/lv\/produkts\/skidrums-filcesanai-rayher-50ml\/","title":{"rendered":"\u0160\u0137idrums filc\u0113\u0161anai Rayher 50ml"},"content":{"rendered":"<p>Rayher filc\u0113\u0161anas \u0161\u0137idrums nodro\u0161ina 10 reizes \u0101tr\u0101ku vilnas filc\u0113\u0161anu. Pat ar maigu berz\u0113\u0161anu, darbam var pie\u0161\u0137irt formu. Pabeigta darba papildmazg\u0101\u0161ana nav nepiecie\u0161ama, un to var lietot gan aukst\u0101, gan silt\u0101 \u016bden\u012b. Tas pasarg\u0101 kr\u0101su un ir \u013coti efekt\u012bvs. Rayhera filc\u0113\u0161anas \u0161\u0137idrums ir100% dab\u012bgs produkts, dermatolo\u0123iski p\u0101rbaud\u012bts un baro rokas ar pantenolu. \u016aden\u012b \u0161\u0137\u012bsto\u0161\u0101 mais\u012bjuma attiec\u012bba 1:100 nodro\u0161ina 5L filc\u0113\u0161anas \u0161\u0137idruma.<\/p>\n","protected":false},"excerpt":{"rendered":"<p>Rayher filc\u0113\u0161anas \u0161\u0137idrums nodro\u0161ina 10 reizes \u0101tr\u0101ku vilnas filc\u0113\u0161anu. Pat ar maigu berz\u0113\u0161anu, darbam var pie\u0161\u0137irt formu. Pabeigta darba papildmazg\u0101\u0161ana nav nepiecie\u0161ama, un to var lietot gan aukst\u0101, gan silt\u0101 \u016bden\u012b. Tas pasarg\u0101 kr\u0101su un ir \u013coti efekt\u012bvs. Rayhera filc\u0113\u0161anas \u0161\u0137idrums ir100% dab\u012bgs produkts, dermatolo\u0123iski p\u0101rbaud\u012bts un baro rokas ar pantenolu. \u016aden\u012b \u0161\u0137\u012bsto\u0161\u0101 mais\u012bjuma attiec\u012bba 1:100 nodro\u0161ina 5L filc\u0113\u0161anas \u0161\u0137idruma.<\/p>\n","protected":false},"featured_media":311400,"comment_status":"closed","ping_status":"closed","template":"","meta":{"_acf_changed":false,"ep_exclude_from_search":false},"product_cat":[17918,19760,18302],"product_tag":[],"class_list":{"0":"post-62739","1":"product","2":"type-product","3":"status-publish","4":"has-post-thumbnail","6":"product_cat-preces-hobijiem","7":"product_cat-rokdarbi","8":"product_cat-vilna-un-filcs","10":"first","11":"outofstock","12":"taxable","13":"shipping-taxable","14":"purchasable","15":"product-type-variable"},"acf":[],"yoast_head":"<!-- This site is optimized with the Yoast SEO plugin v24.1 - https:\/\/yoast.com\/wordpress\/plugins\/seo\/ -->\n<title>\u0160\u0137idrums filc\u0113\u0161anai Rayher 50ml &#8211; Skizze<\/title>\n<meta name=\"robots\" content=\"noindex, follow, max-snippet:-1, max-image-preview:large, max-video-preview:-1\" \/>\n<meta property=\"og:locale\" content=\"lv_LV\" \/>\n<meta property=\"og:type\" content=\"article\" \/>\n<meta property=\"og:title\" content=\"\u0160\u0137idrums filc\u0113\u0161anai Rayher 50ml &#8211; Skizze\" \/>\n<meta property=\"og:description\" content=\"Rayher filc\u0113\u0161anas \u0161\u0137idrums nodro\u0161ina 10 reizes \u0101tr\u0101ku vilnas filc\u0113\u0161anu. Pat ar maigu berz\u0113\u0161anu, darbam var pie\u0161\u0137irt formu. Pabeigta darba papildmazg\u0101\u0161ana nav nepiecie\u0161ama, un to var lietot gan aukst\u0101, gan silt\u0101 \u016bden\u012b. Tas pasarg\u0101 kr\u0101su un ir \u013coti efekt\u012bvs. Rayhera filc\u0113\u0161anas \u0161\u0137idrums ir100% dab\u012bgs produkts, dermatolo\u0123iski p\u0101rbaud\u012bts un baro rokas ar pantenolu. \u016aden\u012b \u0161\u0137\u012bsto\u0161\u0101 mais\u012bjuma attiec\u012bba 1:100 nodro\u0161ina 5L filc\u0113\u0161anas \u0161\u0137idruma.\" \/>\n<meta property=\"og:url\" content=\"https:\/\/hobstop.ee\/lv\/produkts\/skidrums-filcesanai-rayher-50ml\/\" \/>\n<meta property=\"og:site_name\" content=\"Skizze\" \/>\n<meta property=\"article:publisher\" content=\"http:\/\/www.facebook.com\/VunderSkizze\" \/>\n<meta property=\"article:modified_time\" content=\"-0001-11-30T00:00:00+00:00\" \/>\n<meta property=\"og:image\" content=\"https:\/\/hobstop.ee\/media\/3421.jpg\" \/>\n\t<meta property=\"og:image:width\" content=\"1024\" \/>\n\t<meta property=\"og:image:height\" content=\"768\" \/>\n\t<meta property=\"og:image:type\" content=\"image\/jpeg\" \/>\n<meta name=\"twitter:card\" content=\"summary_large_image\" \/>\n<script type=\"application\/ld+json\" class=\"yoast-schema-graph\">{\"@context\":\"https:\/\/schema.org\",\"@graph\":[{\"@type\":\"WebPage\",\"@id\":\"https:\/\/hobstop.ee\/lv\/produkts\/skidrums-filcesanai-rayher-50ml\/\",\"url\":\"https:\/\/hobstop.ee\/lv\/produkts\/skidrums-filcesanai-rayher-50ml\/\",\"name\":\"\u0160\u0137idrums filc\u0113\u0161anai Rayher 50ml &#8211; Skizze\",\"isPartOf\":{\"@id\":\"https:\/\/hobstop.ee\/lv\/#website\"},\"primaryImageOfPage\":{\"@id\":\"https:\/\/hobstop.ee\/lv\/produkts\/skidrums-filcesanai-rayher-50ml\/#primaryimage\"},\"image\":{\"@id\":\"https:\/\/hobstop.ee\/lv\/produkts\/skidrums-filcesanai-rayher-50ml\/#primaryimage\"},\"thumbnailUrl\":\"https:\/\/hobstop.ee\/media\/3421.jpg\",\"datePublished\":\"2014-12-09T11:35:46+00:00\",\"dateModified\":\"-0001-11-30T00:00:00+00:00\",\"breadcrumb\":{\"@id\":\"https:\/\/hobstop.ee\/lv\/produkts\/skidrums-filcesanai-rayher-50ml\/#breadcrumb\"},\"inLanguage\":\"lv-LV\",\"potentialAction\":[{\"@type\":\"ReadAction\",\"target\":[\"https:\/\/hobstop.ee\/lv\/produkts\/skidrums-filcesanai-rayher-50ml\/\"]}]},{\"@type\":\"ImageObject\",\"inLanguage\":\"lv-LV\",\"@id\":\"https:\/\/hobstop.ee\/lv\/produkts\/skidrums-filcesanai-rayher-50ml\/#primaryimage\",\"url\":\"https:\/\/hobstop.ee\/media\/3421.jpg\",\"contentUrl\":\"https:\/\/hobstop.ee\/media\/3421.jpg\",\"width\":1024,\"height\":768},{\"@type\":\"BreadcrumbList\",\"@id\":\"https:\/\/hobstop.ee\/lv\/produkts\/skidrums-filcesanai-rayher-50ml\/#breadcrumb\",\"itemListElement\":[{\"@type\":\"ListItem\",\"position\":1,\"name\":\"Avaleht\",\"item\":\"https:\/\/hobstop.ee\/lv\/\"},{\"@type\":\"ListItem\",\"position\":2,\"name\":\"Veikals\",\"item\":\"https:\/\/hobstop.ee\/lv\/veikals\/\"},{\"@type\":\"ListItem\",\"position\":3,\"name\":\"\u0160\u0137idrums filc\u0113\u0161anai Rayher 50ml\"}]},{\"@type\":\"WebSite\",\"@id\":\"https:\/\/hobstop.ee\/lv\/#website\",\"url\":\"https:\/\/hobstop.ee\/lv\/\",\"name\":\"Skizze\",\"description\":\"M\u0101kslas, hobiju un skolas preces\",\"publisher\":{\"@id\":\"https:\/\/hobstop.ee\/lv\/#organization\"},\"potentialAction\":[{\"@type\":\"SearchAction\",\"target\":{\"@type\":\"EntryPoint\",\"urlTemplate\":\"https:\/\/hobstop.ee\/lv\/?s={search_term_string}\"},\"query-input\":{\"@type\":\"PropertyValueSpecification\",\"valueRequired\":true,\"valueName\":\"search_term_string\"}}],\"inLanguage\":\"lv-LV\"},{\"@type\":\"Organization\",\"@id\":\"https:\/\/hobstop.ee\/lv\/#organization\",\"name\":\"Vunder AS\",\"url\":\"https:\/\/hobstop.ee\/lv\/\",\"logo\":{\"@type\":\"ImageObject\",\"inLanguage\":\"lv-LV\",\"@id\":\"https:\/\/hobstop.ee\/lv\/#\/schema\/logo\/image\/\",\"url\":\"https:\/\/hobstop.ee\/media\/vunder-logo.png\",\"contentUrl\":\"https:\/\/hobstop.ee\/media\/vunder-logo.png\",\"width\":127,\"height\":55,\"caption\":\"Vunder AS\"},\"image\":{\"@id\":\"https:\/\/hobstop.ee\/lv\/#\/schema\/logo\/image\/\"},\"sameAs\":[\"http:\/\/www.facebook.com\/VunderSkizze\"]}]}<\/script>\n<!-- \/ Yoast SEO plugin. -->","yoast_head_json":{"title":"\u0160\u0137idrums filc\u0113\u0161anai Rayher 50ml &#8211; Skizze","robots":{"index":"noindex","follow":"follow","max-snippet":"max-snippet:-1","max-image-preview":"max-image-preview:large","max-video-preview":"max-video-preview:-1"},"og_locale":"lv_LV","og_type":"article","og_title":"\u0160\u0137idrums filc\u0113\u0161anai Rayher 50ml &#8211; Skizze","og_description":"Rayher filc\u0113\u0161anas \u0161\u0137idrums nodro\u0161ina 10 reizes \u0101tr\u0101ku vilnas filc\u0113\u0161anu. Pat ar maigu berz\u0113\u0161anu, darbam var pie\u0161\u0137irt formu. Pabeigta darba papildmazg\u0101\u0161ana nav nepiecie\u0161ama, un to var lietot gan aukst\u0101, gan silt\u0101 \u016bden\u012b. Tas pasarg\u0101 kr\u0101su un ir \u013coti efekt\u012bvs. Rayhera filc\u0113\u0161anas \u0161\u0137idrums ir100% dab\u012bgs produkts, dermatolo\u0123iski p\u0101rbaud\u012bts un baro rokas ar pantenolu. \u016aden\u012b \u0161\u0137\u012bsto\u0161\u0101 mais\u012bjuma attiec\u012bba 1:100 nodro\u0161ina 5L filc\u0113\u0161anas \u0161\u0137idruma.","og_url":"https:\/\/hobstop.ee\/lv\/produkts\/skidrums-filcesanai-rayher-50ml\/","og_site_name":"Skizze","article_publisher":"http:\/\/www.facebook.com\/VunderSkizze","article_modified_time":"-0001-11-30T00:00:00+00:00","og_image":[{"width":1024,"height":768,"url":"https:\/\/hobstop.ee\/media\/3421.jpg","type":"image\/jpeg"}],"twitter_card":"summary_large_image","schema":{"@context":"https:\/\/schema.org","@graph":[{"@type":"WebPage","@id":"https:\/\/hobstop.ee\/lv\/produkts\/skidrums-filcesanai-rayher-50ml\/","url":"https:\/\/hobstop.ee\/lv\/produkts\/skidrums-filcesanai-rayher-50ml\/","name":"\u0160\u0137idrums filc\u0113\u0161anai Rayher 50ml &#8211; Skizze","isPartOf":{"@id":"https:\/\/hobstop.ee\/lv\/#website"},"primaryImageOfPage":{"@id":"https:\/\/hobstop.ee\/lv\/produkts\/skidrums-filcesanai-rayher-50ml\/#primaryimage"},"image":{"@id":"https:\/\/hobstop.ee\/lv\/produkts\/skidrums-filcesanai-rayher-50ml\/#primaryimage"},"thumbnailUrl":"https:\/\/hobstop.ee\/media\/3421.jpg","datePublished":"2014-12-09T11:35:46+00:00","dateModified":"-0001-11-30T00:00:00+00:00","breadcrumb":{"@id":"https:\/\/hobstop.ee\/lv\/produkts\/skidrums-filcesanai-rayher-50ml\/#breadcrumb"},"inLanguage":"lv-LV","potentialAction":[{"@type":"ReadAction","target":["https:\/\/hobstop.ee\/lv\/produkts\/skidrums-filcesanai-rayher-50ml\/"]}]},{"@type":"ImageObject","inLanguage":"lv-LV","@id":"https:\/\/hobstop.ee\/lv\/produkts\/skidrums-filcesanai-rayher-50ml\/#primaryimage","url":"https:\/\/hobstop.ee\/media\/3421.jpg","contentUrl":"https:\/\/hobstop.ee\/media\/3421.jpg","width":1024,"height":768},{"@type":"BreadcrumbList","@id":"https:\/\/hobstop.ee\/lv\/produkts\/skidrums-filcesanai-rayher-50ml\/#breadcrumb","itemListElement":[{"@type":"ListItem","position":1,"name":"Avaleht","item":"https:\/\/hobstop.ee\/lv\/"},{"@type":"ListItem","position":2,"name":"Veikals","item":"https:\/\/hobstop.ee\/lv\/veikals\/"},{"@type":"ListItem","position":3,"name":"\u0160\u0137idrums filc\u0113\u0161anai Rayher 50ml"}]},{"@type":"WebSite","@id":"https:\/\/hobstop.ee\/lv\/#website","url":"https:\/\/hobstop.ee\/lv\/","name":"Skizze","description":"M\u0101kslas, hobiju un skolas preces","publisher":{"@id":"https:\/\/hobstop.ee\/lv\/#organization"},"potentialAction":[{"@type":"SearchAction","target":{"@type":"EntryPoint","urlTemplate":"https:\/\/hobstop.ee\/lv\/?s={search_term_string}"},"query-input":{"@type":"PropertyValueSpecification","valueRequired":true,"valueName":"search_term_string"}}],"inLanguage":"lv-LV"},{"@type":"Organization","@id":"https:\/\/hobstop.ee\/lv\/#organization","name":"Vunder AS","url":"https:\/\/hobstop.ee\/lv\/","logo":{"@type":"ImageObject","inLanguage":"lv-LV","@id":"https:\/\/hobstop.ee\/lv\/#\/schema\/logo\/image\/","url":"https:\/\/hobstop.ee\/media\/vunder-logo.png","contentUrl":"https:\/\/hobstop.ee\/media\/vunder-logo.png","width":127,"height":55,"caption":"Vunder AS"},"image":{"@id":"https:\/\/hobstop.ee\/lv\/#\/schema\/logo\/image\/"},"sameAs":["http:\/\/www.facebook.com\/VunderSkizze"]}]}},"_links":{"self":[{"href":"https:\/\/hobstop.ee\/lv\/wp-json\/wp\/v2\/product\/62739","targetHints":{"allow":["GET"]}}],"collection":[{"href":"https:\/\/hobstop.ee\/lv\/wp-json\/wp\/v2\/product"}],"about":[{"href":"https:\/\/hobstop.ee\/lv\/wp-json\/wp\/v2\/types\/product"}],"replies":[{"embeddable":true,"href":"https:\/\/hobstop.ee\/lv\/wp-json\/wp\/v2\/comments?post=62739"}],"wp:featuredmedia":[{"embeddable":true,"href":"https:\/\/hobstop.ee\/lv\/wp-json\/wp\/v2\/media\/311400"}],"wp:attachment":[{"href":"https:\/\/hobstop.ee\/lv\/wp-json\/wp\/v2\/media?parent=62739"}],"wp:term":[{"taxonomy":"product_cat","embeddable":true,"href":"https:\/\/hobstop.ee\/lv\/wp-json\/wp\/v2\/product_cat?post=62739"},{"taxonomy":"product_tag","embeddable":true,"href":"https:\/\/hobstop.ee\/lv\/wp-json\/wp\/v2\/product_tag?post=62739"}],"curies":[{"name":"wp","href":"https:\/\/api.w.org\/{rel}","templated":true}]}}