{"id":62853,"date":"2014-12-09T13:36:40","date_gmt":"2014-12-09T11:36:40","guid":{"rendered":"https:\/\/sharks.ee\/vunder_2019.klient.veebimajutus.ee\/?post_type=product&p=62853"},"modified":"2014-12-09T13:36:40","modified_gmt":"2014-12-09T10:36:40","slug":"ellas-papirs-arches","status":"publish","type":"product","link":"https:\/\/hobstop.ee\/lv\/produkts\/ellas-papirs-arches\/","title":{"rendered":"E\u013c\u013cas pap\u012brs Arches"},"content":{"rendered":"<p>Arches for Oil ir paredz\u0113ts darbam ar e\u013c\u013cas kr\u0101s\u0101m un ir izgatavots veidn\u0113, 300 g\/m2 pap\u012brs, kas 100% sast\u0101v no kokvilnas \u0161\u0137iedr\u0101m. Pateicoties t\u0101 \u013coti iztur\u012bgajai virsmai, tas ir piem\u0113rots darbam vis\u0101s glezno\u0161anas tehnik\u0101s, pat mask\u0113jumiem. T\u0101 dab\u012bg\u0101s tekst\u016bras virsma atg\u0101dina nostieptu audekli, vienlaic\u012bgi pied\u0101v\u0101jot iev\u0113rojami viegl\u0101ku un \u0113rt\u0101ku lieto\u0161anu. Tam nav nepiecie\u0161ama iepriek\u0161\u0113ja sagatavo\u0161ana, un, pateicoties da\u013c\u0113ji absorb\u0113jo\u0161ai virsmai, kr\u0101sas \u017e\u016b\u0161anas laiks sal\u012bdzin\u0101jum\u0101 ar citiem materi\u0101liem ir nedaudz \u012bs\u0101ks. Pateicoties speci\u0101li e\u013c\u013cas gleznojumiem paredz\u0113tajai pap\u012bra uzb\u016bvei, nepast\u0101v pap\u012bra \u0161\u0137iedru oksid\u0113\u0161an\u0101s risks, un kr\u0101sa paliek uz pap\u012bra virsmas, neies\u016bcoties dzi\u013c\u0101kos materi\u0101la sl\u0101\u0146os un neradot e\u013c\u013cas ple\u0137us ap kr\u0101su.<br \/>\nIde\u0101li piem\u0113rots: e\u013c\u013cai un e\u013c\u013cas paste\u013ciem<\/p>\n","protected":false},"excerpt":{"rendered":"<p>Arches for Oil ir paredz\u0113ts darbam ar e\u013c\u013cas kr\u0101s\u0101m un ir izgatavots veidn\u0113, 300 g\/m2 pap\u012brs, kas 100% sast\u0101v no kokvilnas \u0161\u0137iedr\u0101m. Pateicoties t\u0101 \u013coti iztur\u012bgajai virsmai, tas ir piem\u0113rots darbam vis\u0101s glezno\u0161anas tehnik\u0101s, pat mask\u0113jumiem. T\u0101 dab\u012bg\u0101s tekst\u016bras virsma atg\u0101dina nostieptu audekli, vienlaic\u012bgi pied\u0101v\u0101jot iev\u0113rojami viegl\u0101ku un \u0113rt\u0101ku lieto\u0161anu. Tam nav nepiecie\u0161ama iepriek\u0161\u0113ja sagatavo\u0161ana, un, pateicoties da\u013c\u0113ji absorb\u0113jo\u0161ai virsmai, kr\u0101sas \u017e\u016b\u0161anas laiks sal\u012bdzin\u0101jum\u0101 ar citiem materi\u0101liem ir nedaudz \u012bs\u0101ks. Pateicoties speci\u0101li e\u013c\u013cas gleznojumiem paredz\u0113tajai pap\u012bra uzb\u016bvei, nepast\u0101v pap\u012bra \u0161\u0137iedru oksid\u0113\u0161an\u0101s risks, un kr\u0101sa paliek uz pap\u012bra virsmas, neies\u016bcoties dzi\u013c\u0101kos materi\u0101la sl\u0101\u0146os un neradot e\u013c\u013cas ple\u0137us ap kr\u0101su. Ide\u0101li piem\u0113rots: e\u013c\u013cai un e\u013c\u013cas paste\u013ciem<\/p>\n","protected":false},"featured_media":107254,"comment_status":"closed","ping_status":"closed","template":"","meta":{"_acf_changed":false,"ep_exclude_from_search":false},"product_cat":[19021,18943,17921],"product_tag":[],"class_list":{"0":"post-62853","1":"product","2":"type-product","3":"status-publish","4":"has-post-thumbnail","6":"product_cat-akrila-un-ellas-papiri-un-bloki","7":"product_cat-makslas-papirs-un-kartons-2","8":"product_cat-papira-izstradajumi","10":"first","11":"instock","12":"taxable","13":"shipping-taxable","14":"purchasable","15":"product-type-variable"},"acf":[],"yoast_head":"<!-- This site is optimized with the Yoast SEO plugin v24.1 - https:\/\/yoast.com\/wordpress\/plugins\/seo\/ -->\n<title>E\u013c\u013cas pap\u012brs Arches &#8211; Skizze<\/title>\n<meta name=\"robots\" content=\"noindex, follow, max-snippet:-1, max-image-preview:large, max-video-preview:-1\" \/>\n<meta property=\"og:locale\" content=\"lv_LV\" \/>\n<meta property=\"og:type\" content=\"article\" \/>\n<meta property=\"og:title\" content=\"E\u013c\u013cas pap\u012brs Arches &#8211; Skizze\" \/>\n<meta property=\"og:description\" content=\"Arches for Oil ir paredz\u0113ts darbam ar e\u013c\u013cas kr\u0101s\u0101m un ir izgatavots veidn\u0113, 300 g\/m2 pap\u012brs, kas 100% sast\u0101v no kokvilnas \u0161\u0137iedr\u0101m. Pateicoties t\u0101 \u013coti iztur\u012bgajai virsmai, tas ir piem\u0113rots darbam vis\u0101s glezno\u0161anas tehnik\u0101s, pat mask\u0113jumiem. T\u0101 dab\u012bg\u0101s tekst\u016bras virsma atg\u0101dina nostieptu audekli, vienlaic\u012bgi pied\u0101v\u0101jot iev\u0113rojami viegl\u0101ku un \u0113rt\u0101ku lieto\u0161anu. Tam nav nepiecie\u0161ama iepriek\u0161\u0113ja sagatavo\u0161ana, un, pateicoties da\u013c\u0113ji absorb\u0113jo\u0161ai virsmai, kr\u0101sas \u017e\u016b\u0161anas laiks sal\u012bdzin\u0101jum\u0101 ar citiem materi\u0101liem ir nedaudz \u012bs\u0101ks. Pateicoties speci\u0101li e\u013c\u013cas gleznojumiem paredz\u0113tajai pap\u012bra uzb\u016bvei, nepast\u0101v pap\u012bra \u0161\u0137iedru oksid\u0113\u0161an\u0101s risks, un kr\u0101sa paliek uz pap\u012bra virsmas, neies\u016bcoties dzi\u013c\u0101kos materi\u0101la sl\u0101\u0146os un neradot e\u013c\u013cas ple\u0137us ap kr\u0101su. Ide\u0101li piem\u0113rots: e\u013c\u013cai un e\u013c\u013cas paste\u013ciem\" \/>\n<meta property=\"og:url\" content=\"https:\/\/hobstop.ee\/lv\/produkts\/ellas-papirs-arches\/\" \/>\n<meta property=\"og:site_name\" content=\"Skizze\" \/>\n<meta property=\"article:publisher\" content=\"http:\/\/www.facebook.com\/VunderSkizze\" \/>\n<meta property=\"article:modified_time\" content=\"-0001-11-30T00:00:00+00:00\" \/>\n<meta property=\"og:image\" content=\"https:\/\/hobstop.ee\/media\/3497.jpg\" \/>\n\t<meta property=\"og:image:width\" content=\"1024\" \/>\n\t<meta property=\"og:image:height\" content=\"768\" \/>\n\t<meta property=\"og:image:type\" content=\"image\/jpeg\" \/>\n<meta name=\"twitter:card\" content=\"summary_large_image\" \/>\n<meta name=\"twitter:label1\" content=\"Est. reading time\" \/>\n\t<meta name=\"twitter:data1\" content=\"1 min\u016b\u0161u\" \/>\n<script type=\"application\/ld+json\" class=\"yoast-schema-graph\">{\"@context\":\"https:\/\/schema.org\",\"@graph\":[{\"@type\":\"WebPage\",\"@id\":\"https:\/\/hobstop.ee\/lv\/produkts\/ellas-papirs-arches\/\",\"url\":\"https:\/\/hobstop.ee\/lv\/produkts\/ellas-papirs-arches\/\",\"name\":\"E\u013c\u013cas pap\u012brs Arches &#8211; Skizze\",\"isPartOf\":{\"@id\":\"https:\/\/hobstop.ee\/lv\/#website\"},\"primaryImageOfPage\":{\"@id\":\"https:\/\/hobstop.ee\/lv\/produkts\/ellas-papirs-arches\/#primaryimage\"},\"image\":{\"@id\":\"https:\/\/hobstop.ee\/lv\/produkts\/ellas-papirs-arches\/#primaryimage\"},\"thumbnailUrl\":\"https:\/\/hobstop.ee\/media\/3497.jpg\",\"datePublished\":\"2014-12-09T11:36:40+00:00\",\"dateModified\":\"-0001-11-30T00:00:00+00:00\",\"breadcrumb\":{\"@id\":\"https:\/\/hobstop.ee\/lv\/produkts\/ellas-papirs-arches\/#breadcrumb\"},\"inLanguage\":\"lv-LV\",\"potentialAction\":[{\"@type\":\"ReadAction\",\"target\":[\"https:\/\/hobstop.ee\/lv\/produkts\/ellas-papirs-arches\/\"]}]},{\"@type\":\"ImageObject\",\"inLanguage\":\"lv-LV\",\"@id\":\"https:\/\/hobstop.ee\/lv\/produkts\/ellas-papirs-arches\/#primaryimage\",\"url\":\"https:\/\/hobstop.ee\/media\/3497.jpg\",\"contentUrl\":\"https:\/\/hobstop.ee\/media\/3497.jpg\",\"width\":1024,\"height\":768},{\"@type\":\"BreadcrumbList\",\"@id\":\"https:\/\/hobstop.ee\/lv\/produkts\/ellas-papirs-arches\/#breadcrumb\",\"itemListElement\":[{\"@type\":\"ListItem\",\"position\":1,\"name\":\"Avaleht\",\"item\":\"https:\/\/www.hobstop.ee\/lv\/\"},{\"@type\":\"ListItem\",\"position\":2,\"name\":\"Veikals\",\"item\":\"https:\/\/www.hobstop.ee\/lv\/veikals\/\"},{\"@type\":\"ListItem\",\"position\":3,\"name\":\"E\u013c\u013cas pap\u012brs Arches\"}]},{\"@type\":\"WebSite\",\"@id\":\"https:\/\/hobstop.ee\/lv\/#website\",\"url\":\"https:\/\/hobstop.ee\/lv\/\",\"name\":\"Skizze\",\"description\":\"M\u0101kslas, hobiju un skolas preces\",\"publisher\":{\"@id\":\"https:\/\/hobstop.ee\/lv\/#organization\"},\"potentialAction\":[{\"@type\":\"SearchAction\",\"target\":{\"@type\":\"EntryPoint\",\"urlTemplate\":\"https:\/\/hobstop.ee\/lv\/?s={search_term_string}\"},\"query-input\":{\"@type\":\"PropertyValueSpecification\",\"valueRequired\":true,\"valueName\":\"search_term_string\"}}],\"inLanguage\":\"lv-LV\"},{\"@type\":\"Organization\",\"@id\":\"https:\/\/hobstop.ee\/lv\/#organization\",\"name\":\"Vunder AS\",\"url\":\"https:\/\/hobstop.ee\/lv\/\",\"logo\":{\"@type\":\"ImageObject\",\"inLanguage\":\"lv-LV\",\"@id\":\"https:\/\/hobstop.ee\/lv\/#\/schema\/logo\/image\/\",\"url\":\"https:\/\/hobstop.ee\/media\/vunder-logo.png\",\"contentUrl\":\"https:\/\/hobstop.ee\/media\/vunder-logo.png\",\"width\":127,\"height\":55,\"caption\":\"Vunder AS\"},\"image\":{\"@id\":\"https:\/\/hobstop.ee\/lv\/#\/schema\/logo\/image\/\"},\"sameAs\":[\"http:\/\/www.facebook.com\/VunderSkizze\"]}]}<\/script>\n<!-- \/ Yoast SEO plugin. -->","yoast_head_json":{"title":"E\u013c\u013cas pap\u012brs Arches &#8211; Skizze","robots":{"index":"noindex","follow":"follow","max-snippet":"max-snippet:-1","max-image-preview":"max-image-preview:large","max-video-preview":"max-video-preview:-1"},"og_locale":"lv_LV","og_type":"article","og_title":"E\u013c\u013cas pap\u012brs Arches &#8211; Skizze","og_description":"Arches for Oil ir paredz\u0113ts darbam ar e\u013c\u013cas kr\u0101s\u0101m un ir izgatavots veidn\u0113, 300 g\/m2 pap\u012brs, kas 100% sast\u0101v no kokvilnas \u0161\u0137iedr\u0101m. Pateicoties t\u0101 \u013coti iztur\u012bgajai virsmai, tas ir piem\u0113rots darbam vis\u0101s glezno\u0161anas tehnik\u0101s, pat mask\u0113jumiem. T\u0101 dab\u012bg\u0101s tekst\u016bras virsma atg\u0101dina nostieptu audekli, vienlaic\u012bgi pied\u0101v\u0101jot iev\u0113rojami viegl\u0101ku un \u0113rt\u0101ku lieto\u0161anu. Tam nav nepiecie\u0161ama iepriek\u0161\u0113ja sagatavo\u0161ana, un, pateicoties da\u013c\u0113ji absorb\u0113jo\u0161ai virsmai, kr\u0101sas \u017e\u016b\u0161anas laiks sal\u012bdzin\u0101jum\u0101 ar citiem materi\u0101liem ir nedaudz \u012bs\u0101ks. Pateicoties speci\u0101li e\u013c\u013cas gleznojumiem paredz\u0113tajai pap\u012bra uzb\u016bvei, nepast\u0101v pap\u012bra \u0161\u0137iedru oksid\u0113\u0161an\u0101s risks, un kr\u0101sa paliek uz pap\u012bra virsmas, neies\u016bcoties dzi\u013c\u0101kos materi\u0101la sl\u0101\u0146os un neradot e\u013c\u013cas ple\u0137us ap kr\u0101su. Ide\u0101li piem\u0113rots: e\u013c\u013cai un e\u013c\u013cas paste\u013ciem","og_url":"https:\/\/hobstop.ee\/lv\/produkts\/ellas-papirs-arches\/","og_site_name":"Skizze","article_publisher":"http:\/\/www.facebook.com\/VunderSkizze","article_modified_time":"-0001-11-30T00:00:00+00:00","og_image":[{"width":1024,"height":768,"url":"https:\/\/hobstop.ee\/media\/3497.jpg","type":"image\/jpeg"}],"twitter_card":"summary_large_image","twitter_misc":{"Est. reading time":"1 min\u016b\u0161u"},"schema":{"@context":"https:\/\/schema.org","@graph":[{"@type":"WebPage","@id":"https:\/\/hobstop.ee\/lv\/produkts\/ellas-papirs-arches\/","url":"https:\/\/hobstop.ee\/lv\/produkts\/ellas-papirs-arches\/","name":"E\u013c\u013cas pap\u012brs Arches &#8211; Skizze","isPartOf":{"@id":"https:\/\/hobstop.ee\/lv\/#website"},"primaryImageOfPage":{"@id":"https:\/\/hobstop.ee\/lv\/produkts\/ellas-papirs-arches\/#primaryimage"},"image":{"@id":"https:\/\/hobstop.ee\/lv\/produkts\/ellas-papirs-arches\/#primaryimage"},"thumbnailUrl":"https:\/\/hobstop.ee\/media\/3497.jpg","datePublished":"2014-12-09T11:36:40+00:00","dateModified":"-0001-11-30T00:00:00+00:00","breadcrumb":{"@id":"https:\/\/hobstop.ee\/lv\/produkts\/ellas-papirs-arches\/#breadcrumb"},"inLanguage":"lv-LV","potentialAction":[{"@type":"ReadAction","target":["https:\/\/hobstop.ee\/lv\/produkts\/ellas-papirs-arches\/"]}]},{"@type":"ImageObject","inLanguage":"lv-LV","@id":"https:\/\/hobstop.ee\/lv\/produkts\/ellas-papirs-arches\/#primaryimage","url":"https:\/\/hobstop.ee\/media\/3497.jpg","contentUrl":"https:\/\/hobstop.ee\/media\/3497.jpg","width":1024,"height":768},{"@type":"BreadcrumbList","@id":"https:\/\/hobstop.ee\/lv\/produkts\/ellas-papirs-arches\/#breadcrumb","itemListElement":[{"@type":"ListItem","position":1,"name":"Avaleht","item":"https:\/\/www.hobstop.ee\/lv\/"},{"@type":"ListItem","position":2,"name":"Veikals","item":"https:\/\/www.hobstop.ee\/lv\/veikals\/"},{"@type":"ListItem","position":3,"name":"E\u013c\u013cas pap\u012brs Arches"}]},{"@type":"WebSite","@id":"https:\/\/hobstop.ee\/lv\/#website","url":"https:\/\/hobstop.ee\/lv\/","name":"Skizze","description":"M\u0101kslas, hobiju un skolas preces","publisher":{"@id":"https:\/\/hobstop.ee\/lv\/#organization"},"potentialAction":[{"@type":"SearchAction","target":{"@type":"EntryPoint","urlTemplate":"https:\/\/hobstop.ee\/lv\/?s={search_term_string}"},"query-input":{"@type":"PropertyValueSpecification","valueRequired":true,"valueName":"search_term_string"}}],"inLanguage":"lv-LV"},{"@type":"Organization","@id":"https:\/\/hobstop.ee\/lv\/#organization","name":"Vunder AS","url":"https:\/\/hobstop.ee\/lv\/","logo":{"@type":"ImageObject","inLanguage":"lv-LV","@id":"https:\/\/hobstop.ee\/lv\/#\/schema\/logo\/image\/","url":"https:\/\/hobstop.ee\/media\/vunder-logo.png","contentUrl":"https:\/\/hobstop.ee\/media\/vunder-logo.png","width":127,"height":55,"caption":"Vunder AS"},"image":{"@id":"https:\/\/hobstop.ee\/lv\/#\/schema\/logo\/image\/"},"sameAs":["http:\/\/www.facebook.com\/VunderSkizze"]}]}},"_links":{"self":[{"href":"https:\/\/hobstop.ee\/lv\/wp-json\/wp\/v2\/product\/62853","targetHints":{"allow":["GET"]}}],"collection":[{"href":"https:\/\/hobstop.ee\/lv\/wp-json\/wp\/v2\/product"}],"about":[{"href":"https:\/\/hobstop.ee\/lv\/wp-json\/wp\/v2\/types\/product"}],"replies":[{"embeddable":true,"href":"https:\/\/hobstop.ee\/lv\/wp-json\/wp\/v2\/comments?post=62853"}],"wp:featuredmedia":[{"embeddable":true,"href":"https:\/\/hobstop.ee\/lv\/wp-json\/wp\/v2\/media\/107254"}],"wp:attachment":[{"href":"https:\/\/hobstop.ee\/lv\/wp-json\/wp\/v2\/media?parent=62853"}],"wp:term":[{"taxonomy":"product_cat","embeddable":true,"href":"https:\/\/hobstop.ee\/lv\/wp-json\/wp\/v2\/product_cat?post=62853"},{"taxonomy":"product_tag","embeddable":true,"href":"https:\/\/hobstop.ee\/lv\/wp-json\/wp\/v2\/product_tag?post=62853"}],"curies":[{"name":"wp","href":"https:\/\/api.w.org\/{rel}","templated":true}]}}