{"id":62868,"date":"2014-12-09T13:36:43","date_gmt":"2014-12-09T11:36:43","guid":{"rendered":"https:\/\/sharks.ee\/vunder_2019.klient.veebimajutus.ee\/?post_type=product&p=62868"},"modified":"2014-12-09T13:36:43","modified_gmt":"2014-12-09T10:36:43","slug":"3d-liner-marabu-25ml","status":"publish","type":"product","link":"https:\/\/hobstop.ee\/lv\/produkts\/3d-liner-marabu-25ml\/","title":{"rendered":"3D Liner Marabu 25ml"},"content":{"rendered":"<p>Uz \u016bdens b\u0101zes izgatavota, daudzfunkcion\u0101la speci\u0101la efekta kr\u0101sa lainera z\u012bmu\u013ca iepakojum\u0101.  Viegli lietojama un ide\u0101li piem\u0113rota izmanto\u0161anai b\u0113rnud\u0101rzos, skol\u0101s, m\u0101kslas pulci\u0146os un m\u0101j\u0101s.   Lieliski piem\u0113rota dekor\u0113\u0161anai, l\u012bniju vilk\u0161anai un ornamentu z\u012bm\u0113\u0161anai.  Piem\u0113rota izmanto\u0161anai uz visiem materi\u0101liem: pap\u012bra, koka, met\u0101la, stikla, \u0101das, plastmasas, auduma (ar max sint\u0113tisk\u0101s \u0161\u0137iedras saturu 20%). P\u0113c kr\u0101sas nostiprin\u0101\u0161anas gludinot vai kr\u0101sn\u012b, audumus var mazg\u0101t l\u012bdz 40\u00b0C temperat\u016br\u0101.<\/p>\n","protected":false},"excerpt":{"rendered":"<p>Uz \u016bdens b\u0101zes izgatavota, daudzfunkcion\u0101la speci\u0101la efekta kr\u0101sa lainera z\u012bmu\u013ca iepakojum\u0101. Viegli lietojama un ide\u0101li piem\u0113rota izmanto\u0161anai b\u0113rnud\u0101rzos, skol\u0101s, m\u0101kslas pulci\u0146os un m\u0101j\u0101s. Lieliski piem\u0113rota dekor\u0113\u0161anai, l\u012bniju vilk\u0161anai un ornamentu z\u012bm\u0113\u0161anai. Piem\u0113rota izmanto\u0161anai uz visiem materi\u0101liem: pap\u012bra, koka, met\u0101la, stikla, \u0101das, plastmasas, auduma (ar max sint\u0113tisk\u0101s \u0161\u0137iedras saturu 20%). P\u0113c kr\u0101sas nostiprin\u0101\u0161anas gludinot vai kr\u0101sn\u012b, audumus var mazg\u0101t l\u012bdz 40\u00b0C temperat\u016br\u0101.<\/p>\n","protected":false},"featured_media":107262,"comment_status":"closed","ping_status":"closed","template":"","meta":{"_acf_changed":false,"ep_exclude_from_search":false},"product_cat":[18207,17954,17918],"product_tag":[],"class_list":{"0":"post-62868","1":"product","2":"type-product","3":"status-publish","4":"has-post-thumbnail","6":"product_cat-3d-krasas","7":"product_cat-decor-krasas","8":"product_cat-preces-hobijiem","10":"first","11":"instock","12":"taxable","13":"shipping-taxable","14":"purchasable","15":"product-type-variable"},"acf":[],"yoast_head":"<!-- This site is optimized with the Yoast SEO plugin v24.1 - https:\/\/yoast.com\/wordpress\/plugins\/seo\/ -->\n<title>3D Liner Marabu 25ml &#8211; Skizze<\/title>\n<meta name=\"robots\" content=\"noindex, follow, max-snippet:-1, max-image-preview:large, max-video-preview:-1\" \/>\n<meta property=\"og:locale\" content=\"lv_LV\" \/>\n<meta property=\"og:type\" content=\"article\" \/>\n<meta property=\"og:title\" content=\"3D Liner Marabu 25ml &#8211; Skizze\" \/>\n<meta property=\"og:description\" content=\"Uz \u016bdens b\u0101zes izgatavota, daudzfunkcion\u0101la speci\u0101la efekta kr\u0101sa lainera z\u012bmu\u013ca iepakojum\u0101. Viegli lietojama un ide\u0101li piem\u0113rota izmanto\u0161anai b\u0113rnud\u0101rzos, skol\u0101s, m\u0101kslas pulci\u0146os un m\u0101j\u0101s. Lieliski piem\u0113rota dekor\u0113\u0161anai, l\u012bniju vilk\u0161anai un ornamentu z\u012bm\u0113\u0161anai. Piem\u0113rota izmanto\u0161anai uz visiem materi\u0101liem: pap\u012bra, koka, met\u0101la, stikla, \u0101das, plastmasas, auduma (ar max sint\u0113tisk\u0101s \u0161\u0137iedras saturu 20%). P\u0113c kr\u0101sas nostiprin\u0101\u0161anas gludinot vai kr\u0101sn\u012b, audumus var mazg\u0101t l\u012bdz 40\u00b0C temperat\u016br\u0101.\" \/>\n<meta property=\"og:url\" content=\"https:\/\/hobstop.ee\/lv\/produkts\/3d-liner-marabu-25ml\/\" \/>\n<meta property=\"og:site_name\" content=\"Skizze\" \/>\n<meta property=\"article:publisher\" content=\"http:\/\/www.facebook.com\/VunderSkizze\" \/>\n<meta property=\"article:modified_time\" content=\"-0001-11-30T00:00:00+00:00\" \/>\n<meta property=\"og:image\" content=\"https:\/\/hobstop.ee\/media\/3502.jpg\" \/>\n\t<meta property=\"og:image:width\" content=\"1024\" \/>\n\t<meta property=\"og:image:height\" content=\"768\" \/>\n\t<meta property=\"og:image:type\" content=\"image\/jpeg\" \/>\n<meta name=\"twitter:card\" content=\"summary_large_image\" \/>\n<script type=\"application\/ld+json\" class=\"yoast-schema-graph\">{\"@context\":\"https:\/\/schema.org\",\"@graph\":[{\"@type\":\"WebPage\",\"@id\":\"https:\/\/hobstop.ee\/lv\/produkts\/3d-liner-marabu-25ml\/\",\"url\":\"https:\/\/hobstop.ee\/lv\/produkts\/3d-liner-marabu-25ml\/\",\"name\":\"3D Liner Marabu 25ml &#8211; Skizze\",\"isPartOf\":{\"@id\":\"https:\/\/www.hobstop.ee\/lv\/#website\"},\"primaryImageOfPage\":{\"@id\":\"https:\/\/hobstop.ee\/lv\/produkts\/3d-liner-marabu-25ml\/#primaryimage\"},\"image\":{\"@id\":\"https:\/\/hobstop.ee\/lv\/produkts\/3d-liner-marabu-25ml\/#primaryimage\"},\"thumbnailUrl\":\"https:\/\/hobstop.ee\/media\/3502.jpg\",\"datePublished\":\"2014-12-09T11:36:43+00:00\",\"dateModified\":\"-0001-11-30T00:00:00+00:00\",\"breadcrumb\":{\"@id\":\"https:\/\/hobstop.ee\/lv\/produkts\/3d-liner-marabu-25ml\/#breadcrumb\"},\"inLanguage\":\"lv-LV\",\"potentialAction\":[{\"@type\":\"ReadAction\",\"target\":[\"https:\/\/hobstop.ee\/lv\/produkts\/3d-liner-marabu-25ml\/\"]}]},{\"@type\":\"ImageObject\",\"inLanguage\":\"lv-LV\",\"@id\":\"https:\/\/hobstop.ee\/lv\/produkts\/3d-liner-marabu-25ml\/#primaryimage\",\"url\":\"https:\/\/hobstop.ee\/media\/3502.jpg\",\"contentUrl\":\"https:\/\/hobstop.ee\/media\/3502.jpg\",\"width\":1024,\"height\":768},{\"@type\":\"BreadcrumbList\",\"@id\":\"https:\/\/hobstop.ee\/lv\/produkts\/3d-liner-marabu-25ml\/#breadcrumb\",\"itemListElement\":[{\"@type\":\"ListItem\",\"position\":1,\"name\":\"Avaleht\",\"item\":\"https:\/\/www.hobstop.ee\/lv\/\"},{\"@type\":\"ListItem\",\"position\":2,\"name\":\"Veikals\",\"item\":\"https:\/\/www.hobstop.ee\/lv\/veikals\/\"},{\"@type\":\"ListItem\",\"position\":3,\"name\":\"3D Liner Marabu 25ml\"}]},{\"@type\":\"WebSite\",\"@id\":\"https:\/\/www.hobstop.ee\/lv\/#website\",\"url\":\"https:\/\/www.hobstop.ee\/lv\/\",\"name\":\"Skizze\",\"description\":\"M\u0101kslas, hobiju un skolas preces\",\"publisher\":{\"@id\":\"https:\/\/www.hobstop.ee\/lv\/#organization\"},\"potentialAction\":[{\"@type\":\"SearchAction\",\"target\":{\"@type\":\"EntryPoint\",\"urlTemplate\":\"https:\/\/www.hobstop.ee\/lv\/?s={search_term_string}\"},\"query-input\":{\"@type\":\"PropertyValueSpecification\",\"valueRequired\":true,\"valueName\":\"search_term_string\"}}],\"inLanguage\":\"lv-LV\"},{\"@type\":\"Organization\",\"@id\":\"https:\/\/www.hobstop.ee\/lv\/#organization\",\"name\":\"Vunder AS\",\"url\":\"https:\/\/www.hobstop.ee\/lv\/\",\"logo\":{\"@type\":\"ImageObject\",\"inLanguage\":\"lv-LV\",\"@id\":\"https:\/\/www.hobstop.ee\/lv\/#\/schema\/logo\/image\/\",\"url\":\"https:\/\/hobstop.ee\/media\/vunder-logo.png\",\"contentUrl\":\"https:\/\/hobstop.ee\/media\/vunder-logo.png\",\"width\":127,\"height\":55,\"caption\":\"Vunder AS\"},\"image\":{\"@id\":\"https:\/\/www.hobstop.ee\/lv\/#\/schema\/logo\/image\/\"},\"sameAs\":[\"http:\/\/www.facebook.com\/VunderSkizze\"]}]}<\/script>\n<!-- \/ Yoast SEO plugin. -->","yoast_head_json":{"title":"3D Liner Marabu 25ml &#8211; Skizze","robots":{"index":"noindex","follow":"follow","max-snippet":"max-snippet:-1","max-image-preview":"max-image-preview:large","max-video-preview":"max-video-preview:-1"},"og_locale":"lv_LV","og_type":"article","og_title":"3D Liner Marabu 25ml &#8211; Skizze","og_description":"Uz \u016bdens b\u0101zes izgatavota, daudzfunkcion\u0101la speci\u0101la efekta kr\u0101sa lainera z\u012bmu\u013ca iepakojum\u0101. Viegli lietojama un ide\u0101li piem\u0113rota izmanto\u0161anai b\u0113rnud\u0101rzos, skol\u0101s, m\u0101kslas pulci\u0146os un m\u0101j\u0101s. Lieliski piem\u0113rota dekor\u0113\u0161anai, l\u012bniju vilk\u0161anai un ornamentu z\u012bm\u0113\u0161anai. Piem\u0113rota izmanto\u0161anai uz visiem materi\u0101liem: pap\u012bra, koka, met\u0101la, stikla, \u0101das, plastmasas, auduma (ar max sint\u0113tisk\u0101s \u0161\u0137iedras saturu 20%). P\u0113c kr\u0101sas nostiprin\u0101\u0161anas gludinot vai kr\u0101sn\u012b, audumus var mazg\u0101t l\u012bdz 40\u00b0C temperat\u016br\u0101.","og_url":"https:\/\/hobstop.ee\/lv\/produkts\/3d-liner-marabu-25ml\/","og_site_name":"Skizze","article_publisher":"http:\/\/www.facebook.com\/VunderSkizze","article_modified_time":"-0001-11-30T00:00:00+00:00","og_image":[{"width":1024,"height":768,"url":"https:\/\/hobstop.ee\/media\/3502.jpg","type":"image\/jpeg"}],"twitter_card":"summary_large_image","schema":{"@context":"https:\/\/schema.org","@graph":[{"@type":"WebPage","@id":"https:\/\/hobstop.ee\/lv\/produkts\/3d-liner-marabu-25ml\/","url":"https:\/\/hobstop.ee\/lv\/produkts\/3d-liner-marabu-25ml\/","name":"3D Liner Marabu 25ml &#8211; Skizze","isPartOf":{"@id":"https:\/\/www.hobstop.ee\/lv\/#website"},"primaryImageOfPage":{"@id":"https:\/\/hobstop.ee\/lv\/produkts\/3d-liner-marabu-25ml\/#primaryimage"},"image":{"@id":"https:\/\/hobstop.ee\/lv\/produkts\/3d-liner-marabu-25ml\/#primaryimage"},"thumbnailUrl":"https:\/\/hobstop.ee\/media\/3502.jpg","datePublished":"2014-12-09T11:36:43+00:00","dateModified":"-0001-11-30T00:00:00+00:00","breadcrumb":{"@id":"https:\/\/hobstop.ee\/lv\/produkts\/3d-liner-marabu-25ml\/#breadcrumb"},"inLanguage":"lv-LV","potentialAction":[{"@type":"ReadAction","target":["https:\/\/hobstop.ee\/lv\/produkts\/3d-liner-marabu-25ml\/"]}]},{"@type":"ImageObject","inLanguage":"lv-LV","@id":"https:\/\/hobstop.ee\/lv\/produkts\/3d-liner-marabu-25ml\/#primaryimage","url":"https:\/\/hobstop.ee\/media\/3502.jpg","contentUrl":"https:\/\/hobstop.ee\/media\/3502.jpg","width":1024,"height":768},{"@type":"BreadcrumbList","@id":"https:\/\/hobstop.ee\/lv\/produkts\/3d-liner-marabu-25ml\/#breadcrumb","itemListElement":[{"@type":"ListItem","position":1,"name":"Avaleht","item":"https:\/\/www.hobstop.ee\/lv\/"},{"@type":"ListItem","position":2,"name":"Veikals","item":"https:\/\/www.hobstop.ee\/lv\/veikals\/"},{"@type":"ListItem","position":3,"name":"3D Liner Marabu 25ml"}]},{"@type":"WebSite","@id":"https:\/\/www.hobstop.ee\/lv\/#website","url":"https:\/\/www.hobstop.ee\/lv\/","name":"Skizze","description":"M\u0101kslas, hobiju un skolas preces","publisher":{"@id":"https:\/\/www.hobstop.ee\/lv\/#organization"},"potentialAction":[{"@type":"SearchAction","target":{"@type":"EntryPoint","urlTemplate":"https:\/\/www.hobstop.ee\/lv\/?s={search_term_string}"},"query-input":{"@type":"PropertyValueSpecification","valueRequired":true,"valueName":"search_term_string"}}],"inLanguage":"lv-LV"},{"@type":"Organization","@id":"https:\/\/www.hobstop.ee\/lv\/#organization","name":"Vunder AS","url":"https:\/\/www.hobstop.ee\/lv\/","logo":{"@type":"ImageObject","inLanguage":"lv-LV","@id":"https:\/\/www.hobstop.ee\/lv\/#\/schema\/logo\/image\/","url":"https:\/\/hobstop.ee\/media\/vunder-logo.png","contentUrl":"https:\/\/hobstop.ee\/media\/vunder-logo.png","width":127,"height":55,"caption":"Vunder AS"},"image":{"@id":"https:\/\/www.hobstop.ee\/lv\/#\/schema\/logo\/image\/"},"sameAs":["http:\/\/www.facebook.com\/VunderSkizze"]}]}},"_links":{"self":[{"href":"https:\/\/hobstop.ee\/lv\/wp-json\/wp\/v2\/product\/62868","targetHints":{"allow":["GET"]}}],"collection":[{"href":"https:\/\/hobstop.ee\/lv\/wp-json\/wp\/v2\/product"}],"about":[{"href":"https:\/\/hobstop.ee\/lv\/wp-json\/wp\/v2\/types\/product"}],"replies":[{"embeddable":true,"href":"https:\/\/hobstop.ee\/lv\/wp-json\/wp\/v2\/comments?post=62868"}],"wp:featuredmedia":[{"embeddable":true,"href":"https:\/\/hobstop.ee\/lv\/wp-json\/wp\/v2\/media\/107262"}],"wp:attachment":[{"href":"https:\/\/hobstop.ee\/lv\/wp-json\/wp\/v2\/media?parent=62868"}],"wp:term":[{"taxonomy":"product_cat","embeddable":true,"href":"https:\/\/hobstop.ee\/lv\/wp-json\/wp\/v2\/product_cat?post=62868"},{"taxonomy":"product_tag","embeddable":true,"href":"https:\/\/hobstop.ee\/lv\/wp-json\/wp\/v2\/product_tag?post=62868"}],"curies":[{"name":"wp","href":"https:\/\/api.w.org\/{rel}","templated":true}]}}