{"id":62871,"date":"2014-12-09T13:36:43","date_gmt":"2014-12-09T11:36:43","guid":{"rendered":"https:\/\/sharks.ee\/vunder_2019.klient.veebimajutus.ee\/?post_type=product&p=62871"},"modified":"2014-12-09T13:36:43","modified_gmt":"2014-12-09T10:36:43","slug":"akrila-tinte-liquitex-ink-tirisanas-lidzeklis-150ml","status":"publish","type":"product","link":"https:\/\/hobstop.ee\/lv\/produkts\/akrila-tinte-liquitex-ink-tirisanas-lidzeklis-150ml\/","title":{"rendered":"Akrila tinte Liquitex ink! t\u012br\u012b\u0161anas l\u012bdzeklis 150ml"},"content":{"rendered":"<p>Liquitex akrila tintes t\u012br\u012b\u0161anas l\u012bdzeklis ir ide\u0101ls l\u012bdzeklis tintes not\u012br\u012b\u0161anai no ot\u0101m, rapidogr\u0101fiem, spalv\u0101m un aerogr\u0101fu uzga\u013ciem.<br \/>\nSaskar\u0113 ar tinti biju\u0161os priek\u0161metus vienk\u0101r\u0161i noskalot neliel\u0101 Liquitex akrila tintes t\u012br\u012b\u0161anas l\u012bdzek\u013ca daudzum\u0101. Ja tinte uz priek\u0161metiem jau ir no\u017euvusi, da\u017eas min\u016btes pam\u0113rc\u0113t tos t\u012br\u012b\u0161anas l\u012bdzekl\u012b un p\u0113c tam noskalot \u016bden\u012b.<\/p>\n","protected":false},"excerpt":{"rendered":"<p>Liquitex akrila tintes t\u012br\u012b\u0161anas l\u012bdzeklis ir ide\u0101ls l\u012bdzeklis tintes not\u012br\u012b\u0161anai no ot\u0101m, rapidogr\u0101fiem, spalv\u0101m un aerogr\u0101fu uzga\u013ciem. Saskar\u0113 ar tinti biju\u0161os priek\u0161metus vienk\u0101r\u0161i noskalot neliel\u0101 Liquitex akrila tintes t\u012br\u012b\u0161anas l\u012bdzek\u013ca daudzum\u0101. Ja tinte uz priek\u0161metiem jau ir no\u017euvusi, da\u017eas min\u016btes pam\u0113rc\u0113t tos t\u012br\u012b\u0161anas l\u012bdzekl\u012b un p\u0113c tam noskalot \u016bden\u012b.<\/p>\n","protected":false},"featured_media":352695,"comment_status":"closed","ping_status":"closed","template":"","meta":{"_acf_changed":false,"ep_exclude_from_search":false},"product_cat":[18997,17980,16123],"product_tag":[],"class_list":{"0":"post-62871","1":"product","2":"type-product","3":"status-publish","4":"has-post-thumbnail","6":"product_cat-akrilkrasu-mediji-3","7":"product_cat-krasas-un-gleznosanas-paligmateriali","8":"product_cat-makslas-piederumi-2","10":"first","11":"outofstock","12":"taxable","13":"shipping-taxable","14":"purchasable","15":"product-type-variable"},"acf":[],"yoast_head":"<!-- This site is optimized with the Yoast SEO plugin v24.1 - https:\/\/yoast.com\/wordpress\/plugins\/seo\/ -->\n<title>Akrila tinte Liquitex ink! t\u012br\u012b\u0161anas l\u012bdzeklis 150ml &#8211; Skizze<\/title>\n<meta name=\"robots\" content=\"noindex, follow, max-snippet:-1, max-image-preview:large, max-video-preview:-1\" \/>\n<meta property=\"og:locale\" content=\"lv_LV\" \/>\n<meta property=\"og:type\" content=\"article\" \/>\n<meta property=\"og:title\" content=\"Akrila tinte Liquitex ink! t\u012br\u012b\u0161anas l\u012bdzeklis 150ml &#8211; Skizze\" \/>\n<meta property=\"og:description\" content=\"Liquitex akrila tintes t\u012br\u012b\u0161anas l\u012bdzeklis ir ide\u0101ls l\u012bdzeklis tintes not\u012br\u012b\u0161anai no ot\u0101m, rapidogr\u0101fiem, spalv\u0101m un aerogr\u0101fu uzga\u013ciem. Saskar\u0113 ar tinti biju\u0161os priek\u0161metus vienk\u0101r\u0161i noskalot neliel\u0101 Liquitex akrila tintes t\u012br\u012b\u0161anas l\u012bdzek\u013ca daudzum\u0101. Ja tinte uz priek\u0161metiem jau ir no\u017euvusi, da\u017eas min\u016btes pam\u0113rc\u0113t tos t\u012br\u012b\u0161anas l\u012bdzekl\u012b un p\u0113c tam noskalot \u016bden\u012b.\" \/>\n<meta property=\"og:url\" content=\"https:\/\/hobstop.ee\/lv\/produkts\/akrila-tinte-liquitex-ink-tirisanas-lidzeklis-150ml\/\" \/>\n<meta property=\"og:site_name\" content=\"Skizze\" \/>\n<meta property=\"article:publisher\" content=\"http:\/\/www.facebook.com\/VunderSkizze\" \/>\n<meta property=\"article:modified_time\" content=\"-0001-11-30T00:00:00+00:00\" \/>\n<meta property=\"og:image\" content=\"https:\/\/hobstop.ee\/media\/3504.jpg\" \/>\n\t<meta property=\"og:image:width\" content=\"1024\" \/>\n\t<meta property=\"og:image:height\" content=\"768\" \/>\n\t<meta property=\"og:image:type\" content=\"image\/jpeg\" \/>\n<meta name=\"twitter:card\" content=\"summary_large_image\" \/>\n<script type=\"application\/ld+json\" class=\"yoast-schema-graph\">{\"@context\":\"https:\/\/schema.org\",\"@graph\":[{\"@type\":\"WebPage\",\"@id\":\"https:\/\/hobstop.ee\/lv\/produkts\/akrila-tinte-liquitex-ink-tirisanas-lidzeklis-150ml\/\",\"url\":\"https:\/\/hobstop.ee\/lv\/produkts\/akrila-tinte-liquitex-ink-tirisanas-lidzeklis-150ml\/\",\"name\":\"Akrila tinte Liquitex ink! t\u012br\u012b\u0161anas l\u012bdzeklis 150ml &#8211; Skizze\",\"isPartOf\":{\"@id\":\"https:\/\/www.hobstop.ee\/lv\/#website\"},\"primaryImageOfPage\":{\"@id\":\"https:\/\/hobstop.ee\/lv\/produkts\/akrila-tinte-liquitex-ink-tirisanas-lidzeklis-150ml\/#primaryimage\"},\"image\":{\"@id\":\"https:\/\/hobstop.ee\/lv\/produkts\/akrila-tinte-liquitex-ink-tirisanas-lidzeklis-150ml\/#primaryimage\"},\"thumbnailUrl\":\"https:\/\/hobstop.ee\/media\/3504.jpg\",\"datePublished\":\"2014-12-09T11:36:43+00:00\",\"dateModified\":\"-0001-11-30T00:00:00+00:00\",\"breadcrumb\":{\"@id\":\"https:\/\/hobstop.ee\/lv\/produkts\/akrila-tinte-liquitex-ink-tirisanas-lidzeklis-150ml\/#breadcrumb\"},\"inLanguage\":\"lv-LV\",\"potentialAction\":[{\"@type\":\"ReadAction\",\"target\":[\"https:\/\/hobstop.ee\/lv\/produkts\/akrila-tinte-liquitex-ink-tirisanas-lidzeklis-150ml\/\"]}]},{\"@type\":\"ImageObject\",\"inLanguage\":\"lv-LV\",\"@id\":\"https:\/\/hobstop.ee\/lv\/produkts\/akrila-tinte-liquitex-ink-tirisanas-lidzeklis-150ml\/#primaryimage\",\"url\":\"https:\/\/hobstop.ee\/media\/3504.jpg\",\"contentUrl\":\"https:\/\/hobstop.ee\/media\/3504.jpg\",\"width\":1024,\"height\":768},{\"@type\":\"BreadcrumbList\",\"@id\":\"https:\/\/hobstop.ee\/lv\/produkts\/akrila-tinte-liquitex-ink-tirisanas-lidzeklis-150ml\/#breadcrumb\",\"itemListElement\":[{\"@type\":\"ListItem\",\"position\":1,\"name\":\"Avaleht\",\"item\":\"https:\/\/www.hobstop.ee\/lv\/\"},{\"@type\":\"ListItem\",\"position\":2,\"name\":\"Veikals\",\"item\":\"https:\/\/www.hobstop.ee\/lv\/veikals\/\"},{\"@type\":\"ListItem\",\"position\":3,\"name\":\"Akrila tinte Liquitex ink! t\u012br\u012b\u0161anas l\u012bdzeklis 150ml\"}]},{\"@type\":\"WebSite\",\"@id\":\"https:\/\/www.hobstop.ee\/lv\/#website\",\"url\":\"https:\/\/www.hobstop.ee\/lv\/\",\"name\":\"Skizze\",\"description\":\"M\u0101kslas, hobiju un skolas preces\",\"publisher\":{\"@id\":\"https:\/\/www.hobstop.ee\/lv\/#organization\"},\"potentialAction\":[{\"@type\":\"SearchAction\",\"target\":{\"@type\":\"EntryPoint\",\"urlTemplate\":\"https:\/\/www.hobstop.ee\/lv\/?s={search_term_string}\"},\"query-input\":{\"@type\":\"PropertyValueSpecification\",\"valueRequired\":true,\"valueName\":\"search_term_string\"}}],\"inLanguage\":\"lv-LV\"},{\"@type\":\"Organization\",\"@id\":\"https:\/\/www.hobstop.ee\/lv\/#organization\",\"name\":\"Vunder AS\",\"url\":\"https:\/\/www.hobstop.ee\/lv\/\",\"logo\":{\"@type\":\"ImageObject\",\"inLanguage\":\"lv-LV\",\"@id\":\"https:\/\/www.hobstop.ee\/lv\/#\/schema\/logo\/image\/\",\"url\":\"https:\/\/hobstop.ee\/media\/vunder-logo.png\",\"contentUrl\":\"https:\/\/hobstop.ee\/media\/vunder-logo.png\",\"width\":127,\"height\":55,\"caption\":\"Vunder AS\"},\"image\":{\"@id\":\"https:\/\/www.hobstop.ee\/lv\/#\/schema\/logo\/image\/\"},\"sameAs\":[\"http:\/\/www.facebook.com\/VunderSkizze\"]}]}<\/script>\n<!-- \/ Yoast SEO plugin. -->","yoast_head_json":{"title":"Akrila tinte Liquitex ink! t\u012br\u012b\u0161anas l\u012bdzeklis 150ml &#8211; Skizze","robots":{"index":"noindex","follow":"follow","max-snippet":"max-snippet:-1","max-image-preview":"max-image-preview:large","max-video-preview":"max-video-preview:-1"},"og_locale":"lv_LV","og_type":"article","og_title":"Akrila tinte Liquitex ink! t\u012br\u012b\u0161anas l\u012bdzeklis 150ml &#8211; Skizze","og_description":"Liquitex akrila tintes t\u012br\u012b\u0161anas l\u012bdzeklis ir ide\u0101ls l\u012bdzeklis tintes not\u012br\u012b\u0161anai no ot\u0101m, rapidogr\u0101fiem, spalv\u0101m un aerogr\u0101fu uzga\u013ciem. Saskar\u0113 ar tinti biju\u0161os priek\u0161metus vienk\u0101r\u0161i noskalot neliel\u0101 Liquitex akrila tintes t\u012br\u012b\u0161anas l\u012bdzek\u013ca daudzum\u0101. Ja tinte uz priek\u0161metiem jau ir no\u017euvusi, da\u017eas min\u016btes pam\u0113rc\u0113t tos t\u012br\u012b\u0161anas l\u012bdzekl\u012b un p\u0113c tam noskalot \u016bden\u012b.","og_url":"https:\/\/hobstop.ee\/lv\/produkts\/akrila-tinte-liquitex-ink-tirisanas-lidzeklis-150ml\/","og_site_name":"Skizze","article_publisher":"http:\/\/www.facebook.com\/VunderSkizze","article_modified_time":"-0001-11-30T00:00:00+00:00","og_image":[{"width":1024,"height":768,"url":"https:\/\/hobstop.ee\/media\/3504.jpg","type":"image\/jpeg"}],"twitter_card":"summary_large_image","schema":{"@context":"https:\/\/schema.org","@graph":[{"@type":"WebPage","@id":"https:\/\/hobstop.ee\/lv\/produkts\/akrila-tinte-liquitex-ink-tirisanas-lidzeklis-150ml\/","url":"https:\/\/hobstop.ee\/lv\/produkts\/akrila-tinte-liquitex-ink-tirisanas-lidzeklis-150ml\/","name":"Akrila tinte Liquitex ink! t\u012br\u012b\u0161anas l\u012bdzeklis 150ml &#8211; Skizze","isPartOf":{"@id":"https:\/\/www.hobstop.ee\/lv\/#website"},"primaryImageOfPage":{"@id":"https:\/\/hobstop.ee\/lv\/produkts\/akrila-tinte-liquitex-ink-tirisanas-lidzeklis-150ml\/#primaryimage"},"image":{"@id":"https:\/\/hobstop.ee\/lv\/produkts\/akrila-tinte-liquitex-ink-tirisanas-lidzeklis-150ml\/#primaryimage"},"thumbnailUrl":"https:\/\/hobstop.ee\/media\/3504.jpg","datePublished":"2014-12-09T11:36:43+00:00","dateModified":"-0001-11-30T00:00:00+00:00","breadcrumb":{"@id":"https:\/\/hobstop.ee\/lv\/produkts\/akrila-tinte-liquitex-ink-tirisanas-lidzeklis-150ml\/#breadcrumb"},"inLanguage":"lv-LV","potentialAction":[{"@type":"ReadAction","target":["https:\/\/hobstop.ee\/lv\/produkts\/akrila-tinte-liquitex-ink-tirisanas-lidzeklis-150ml\/"]}]},{"@type":"ImageObject","inLanguage":"lv-LV","@id":"https:\/\/hobstop.ee\/lv\/produkts\/akrila-tinte-liquitex-ink-tirisanas-lidzeklis-150ml\/#primaryimage","url":"https:\/\/hobstop.ee\/media\/3504.jpg","contentUrl":"https:\/\/hobstop.ee\/media\/3504.jpg","width":1024,"height":768},{"@type":"BreadcrumbList","@id":"https:\/\/hobstop.ee\/lv\/produkts\/akrila-tinte-liquitex-ink-tirisanas-lidzeklis-150ml\/#breadcrumb","itemListElement":[{"@type":"ListItem","position":1,"name":"Avaleht","item":"https:\/\/www.hobstop.ee\/lv\/"},{"@type":"ListItem","position":2,"name":"Veikals","item":"https:\/\/www.hobstop.ee\/lv\/veikals\/"},{"@type":"ListItem","position":3,"name":"Akrila tinte Liquitex ink! t\u012br\u012b\u0161anas l\u012bdzeklis 150ml"}]},{"@type":"WebSite","@id":"https:\/\/www.hobstop.ee\/lv\/#website","url":"https:\/\/www.hobstop.ee\/lv\/","name":"Skizze","description":"M\u0101kslas, hobiju un skolas preces","publisher":{"@id":"https:\/\/www.hobstop.ee\/lv\/#organization"},"potentialAction":[{"@type":"SearchAction","target":{"@type":"EntryPoint","urlTemplate":"https:\/\/www.hobstop.ee\/lv\/?s={search_term_string}"},"query-input":{"@type":"PropertyValueSpecification","valueRequired":true,"valueName":"search_term_string"}}],"inLanguage":"lv-LV"},{"@type":"Organization","@id":"https:\/\/www.hobstop.ee\/lv\/#organization","name":"Vunder AS","url":"https:\/\/www.hobstop.ee\/lv\/","logo":{"@type":"ImageObject","inLanguage":"lv-LV","@id":"https:\/\/www.hobstop.ee\/lv\/#\/schema\/logo\/image\/","url":"https:\/\/hobstop.ee\/media\/vunder-logo.png","contentUrl":"https:\/\/hobstop.ee\/media\/vunder-logo.png","width":127,"height":55,"caption":"Vunder AS"},"image":{"@id":"https:\/\/www.hobstop.ee\/lv\/#\/schema\/logo\/image\/"},"sameAs":["http:\/\/www.facebook.com\/VunderSkizze"]}]}},"_links":{"self":[{"href":"https:\/\/hobstop.ee\/lv\/wp-json\/wp\/v2\/product\/62871","targetHints":{"allow":["GET"]}}],"collection":[{"href":"https:\/\/hobstop.ee\/lv\/wp-json\/wp\/v2\/product"}],"about":[{"href":"https:\/\/hobstop.ee\/lv\/wp-json\/wp\/v2\/types\/product"}],"replies":[{"embeddable":true,"href":"https:\/\/hobstop.ee\/lv\/wp-json\/wp\/v2\/comments?post=62871"}],"wp:featuredmedia":[{"embeddable":true,"href":"https:\/\/hobstop.ee\/lv\/wp-json\/wp\/v2\/media\/352695"}],"wp:attachment":[{"href":"https:\/\/hobstop.ee\/lv\/wp-json\/wp\/v2\/media?parent=62871"}],"wp:term":[{"taxonomy":"product_cat","embeddable":true,"href":"https:\/\/hobstop.ee\/lv\/wp-json\/wp\/v2\/product_cat?post=62871"},{"taxonomy":"product_tag","embeddable":true,"href":"https:\/\/hobstop.ee\/lv\/wp-json\/wp\/v2\/product_tag?post=62871"}],"curies":[{"name":"wp","href":"https:\/\/api.w.org\/{rel}","templated":true}]}}