{"id":62876,"date":"2014-12-09T13:36:45","date_gmt":"2014-12-09T11:36:45","guid":{"rendered":"https:\/\/sharks.ee\/vunder_2019.klient.veebimajutus.ee\/?post_type=product&p=62876"},"modified":"2014-12-09T13:36:45","modified_gmt":"2014-12-09T10:36:45","slug":"tafeles-krasas-marabu-colour-your-dreams-225ml","status":"publish","type":"product","link":"https:\/\/hobstop.ee\/lv\/produkts\/tafeles-krasas-marabu-colour-your-dreams-225ml\/","title":{"rendered":"T\u0101feles kr\u0101sas Marabu Colour your Dreams 225ml"},"content":{"rendered":"<p>K\u0101d\u0113\u013c gan nep\u0101rv\u0113rst sienu par t\u0101feli? P\u0113c no\u017e\u016b\u0161anas, mat\u0113t\u0101, uz \u016bdens b\u0101zes izgatavot\u0101 akrila kr\u0101sa ir piem\u0113rota rakst\u012b\u0161anai ar kr\u012btu un to var t\u012br\u012bt ar \u016bdeni.  T\u0101 ir \u016bdensdro\u0161a un notur\u012bga. Kr\u0101su var izmantot gan sienu apstr\u0101dei, gan koka, MDF, met\u0101la, pap\u012bra un pat audekla r\u0101mju p\u0101rkl\u0101\u0161anai. To var kombin\u0113t ar magn\u0113tisko kr\u0101su, veidojot daudzfunkcion\u0101lu inform\u0101cijas stendu, uz kura ar kr\u012btu var pierakst\u012bt \u012bsus pazi\u0146ojumus un ar magn\u0113tiem nostiprin\u0101t svar\u012bgus dokumentus.<br \/>\nP\u0101rkl\u0101jums: 1.1m\u00b2\/100ml<\/p>\n","protected":false},"excerpt":{"rendered":"<p>K\u0101d\u0113\u013c gan nep\u0101rv\u0113rst sienu par t\u0101feli? P\u0113c no\u017e\u016b\u0161anas, mat\u0113t\u0101, uz \u016bdens b\u0101zes izgatavot\u0101 akrila kr\u0101sa ir piem\u0113rota rakst\u012b\u0161anai ar kr\u012btu un to var t\u012br\u012bt ar \u016bdeni. T\u0101 ir \u016bdensdro\u0161a un notur\u012bga. Kr\u0101su var izmantot gan sienu apstr\u0101dei, gan koka, MDF, met\u0101la, pap\u012bra un pat audekla r\u0101mju p\u0101rkl\u0101\u0161anai. To var kombin\u0113t ar magn\u0113tisko kr\u0101su, veidojot daudzfunkcion\u0101lu inform\u0101cijas stendu, uz kura ar kr\u012btu var pierakst\u012bt \u012bsus pazi\u0146ojumus un ar magn\u0113tiem nostiprin\u0101t svar\u012bgus dokumentus. P\u0101rkl\u0101jums: 1.1m\u00b2\/100ml<\/p>\n","protected":false},"featured_media":107274,"comment_status":"closed","ping_status":"closed","template":"","meta":{"_acf_changed":false,"ep_exclude_from_search":false},"product_cat":[18722,17954,17918],"product_tag":[],"class_list":{"0":"post-62876","1":"product","2":"type-product","3":"status-publish","4":"has-post-thumbnail","6":"product_cat-dazadi-16","7":"product_cat-decor-krasas-un-lakas","8":"product_cat-preces-hobijiem","10":"first","11":"instock","12":"sale","13":"taxable","14":"shipping-taxable","15":"purchasable","16":"product-type-variable"},"acf":[],"yoast_head":"<!-- This site is optimized with the Yoast SEO plugin v24.1 - https:\/\/yoast.com\/wordpress\/plugins\/seo\/ -->\n<title>T\u0101feles kr\u0101sas Marabu Colour your Dreams 225ml &#8211; Skizze<\/title>\n<meta name=\"robots\" content=\"noindex, follow, max-snippet:-1, max-image-preview:large, max-video-preview:-1\" \/>\n<meta property=\"og:locale\" content=\"lv_LV\" \/>\n<meta property=\"og:type\" content=\"article\" \/>\n<meta property=\"og:title\" content=\"T\u0101feles kr\u0101sas Marabu Colour your Dreams 225ml &#8211; Skizze\" \/>\n<meta property=\"og:description\" content=\"K\u0101d\u0113\u013c gan nep\u0101rv\u0113rst sienu par t\u0101feli? P\u0113c no\u017e\u016b\u0161anas, mat\u0113t\u0101, uz \u016bdens b\u0101zes izgatavot\u0101 akrila kr\u0101sa ir piem\u0113rota rakst\u012b\u0161anai ar kr\u012btu un to var t\u012br\u012bt ar \u016bdeni. T\u0101 ir \u016bdensdro\u0161a un notur\u012bga. Kr\u0101su var izmantot gan sienu apstr\u0101dei, gan koka, MDF, met\u0101la, pap\u012bra un pat audekla r\u0101mju p\u0101rkl\u0101\u0161anai. To var kombin\u0113t ar magn\u0113tisko kr\u0101su, veidojot daudzfunkcion\u0101lu inform\u0101cijas stendu, uz kura ar kr\u012btu var pierakst\u012bt \u012bsus pazi\u0146ojumus un ar magn\u0113tiem nostiprin\u0101t svar\u012bgus dokumentus. P\u0101rkl\u0101jums: 1.1m\u00b2\/100ml\" \/>\n<meta property=\"og:url\" content=\"https:\/\/hobstop.ee\/lv\/produkts\/tafeles-krasas-marabu-colour-your-dreams-225ml\/\" \/>\n<meta property=\"og:site_name\" content=\"Skizze\" \/>\n<meta property=\"article:publisher\" content=\"http:\/\/www.facebook.com\/VunderSkizze\" \/>\n<meta property=\"article:modified_time\" content=\"-0001-11-30T00:00:00+00:00\" \/>\n<meta property=\"og:image\" content=\"https:\/\/hobstop.ee\/media\/3506.jpg\" \/>\n\t<meta property=\"og:image:width\" content=\"1024\" \/>\n\t<meta property=\"og:image:height\" content=\"768\" \/>\n\t<meta property=\"og:image:type\" content=\"image\/jpeg\" \/>\n<meta name=\"twitter:card\" content=\"summary_large_image\" \/>\n<meta name=\"twitter:label1\" content=\"Est. reading time\" \/>\n\t<meta name=\"twitter:data1\" content=\"1 min\u016b\u0161u\" \/>\n<script type=\"application\/ld+json\" class=\"yoast-schema-graph\">{\"@context\":\"https:\/\/schema.org\",\"@graph\":[{\"@type\":\"WebPage\",\"@id\":\"https:\/\/hobstop.ee\/lv\/produkts\/tafeles-krasas-marabu-colour-your-dreams-225ml\/\",\"url\":\"https:\/\/hobstop.ee\/lv\/produkts\/tafeles-krasas-marabu-colour-your-dreams-225ml\/\",\"name\":\"T\u0101feles kr\u0101sas Marabu Colour your Dreams 225ml &#8211; Skizze\",\"isPartOf\":{\"@id\":\"https:\/\/hobstop.ee\/lv\/#website\"},\"primaryImageOfPage\":{\"@id\":\"https:\/\/hobstop.ee\/lv\/produkts\/tafeles-krasas-marabu-colour-your-dreams-225ml\/#primaryimage\"},\"image\":{\"@id\":\"https:\/\/hobstop.ee\/lv\/produkts\/tafeles-krasas-marabu-colour-your-dreams-225ml\/#primaryimage\"},\"thumbnailUrl\":\"https:\/\/hobstop.ee\/media\/3506.jpg\",\"datePublished\":\"2014-12-09T11:36:45+00:00\",\"dateModified\":\"-0001-11-30T00:00:00+00:00\",\"breadcrumb\":{\"@id\":\"https:\/\/hobstop.ee\/lv\/produkts\/tafeles-krasas-marabu-colour-your-dreams-225ml\/#breadcrumb\"},\"inLanguage\":\"lv-LV\",\"potentialAction\":[{\"@type\":\"ReadAction\",\"target\":[\"https:\/\/hobstop.ee\/lv\/produkts\/tafeles-krasas-marabu-colour-your-dreams-225ml\/\"]}]},{\"@type\":\"ImageObject\",\"inLanguage\":\"lv-LV\",\"@id\":\"https:\/\/hobstop.ee\/lv\/produkts\/tafeles-krasas-marabu-colour-your-dreams-225ml\/#primaryimage\",\"url\":\"https:\/\/hobstop.ee\/media\/3506.jpg\",\"contentUrl\":\"https:\/\/hobstop.ee\/media\/3506.jpg\",\"width\":1024,\"height\":768},{\"@type\":\"BreadcrumbList\",\"@id\":\"https:\/\/hobstop.ee\/lv\/produkts\/tafeles-krasas-marabu-colour-your-dreams-225ml\/#breadcrumb\",\"itemListElement\":[{\"@type\":\"ListItem\",\"position\":1,\"name\":\"Avaleht\",\"item\":\"https:\/\/www.hobstop.ee\/lv\/\"},{\"@type\":\"ListItem\",\"position\":2,\"name\":\"Veikals\",\"item\":\"https:\/\/www.hobstop.ee\/lv\/veikals\/\"},{\"@type\":\"ListItem\",\"position\":3,\"name\":\"T\u0101feles kr\u0101sas Marabu Colour your Dreams 225ml\"}]},{\"@type\":\"WebSite\",\"@id\":\"https:\/\/hobstop.ee\/lv\/#website\",\"url\":\"https:\/\/hobstop.ee\/lv\/\",\"name\":\"Skizze\",\"description\":\"M\u0101kslas, hobiju un skolas preces\",\"publisher\":{\"@id\":\"https:\/\/hobstop.ee\/lv\/#organization\"},\"potentialAction\":[{\"@type\":\"SearchAction\",\"target\":{\"@type\":\"EntryPoint\",\"urlTemplate\":\"https:\/\/hobstop.ee\/lv\/?s={search_term_string}\"},\"query-input\":{\"@type\":\"PropertyValueSpecification\",\"valueRequired\":true,\"valueName\":\"search_term_string\"}}],\"inLanguage\":\"lv-LV\"},{\"@type\":\"Organization\",\"@id\":\"https:\/\/hobstop.ee\/lv\/#organization\",\"name\":\"Vunder AS\",\"url\":\"https:\/\/hobstop.ee\/lv\/\",\"logo\":{\"@type\":\"ImageObject\",\"inLanguage\":\"lv-LV\",\"@id\":\"https:\/\/hobstop.ee\/lv\/#\/schema\/logo\/image\/\",\"url\":\"https:\/\/hobstop.ee\/media\/vunder-logo.png\",\"contentUrl\":\"https:\/\/hobstop.ee\/media\/vunder-logo.png\",\"width\":127,\"height\":55,\"caption\":\"Vunder AS\"},\"image\":{\"@id\":\"https:\/\/hobstop.ee\/lv\/#\/schema\/logo\/image\/\"},\"sameAs\":[\"http:\/\/www.facebook.com\/VunderSkizze\"]}]}<\/script>\n<!-- \/ Yoast SEO plugin. -->","yoast_head_json":{"title":"T\u0101feles kr\u0101sas Marabu Colour your Dreams 225ml &#8211; Skizze","robots":{"index":"noindex","follow":"follow","max-snippet":"max-snippet:-1","max-image-preview":"max-image-preview:large","max-video-preview":"max-video-preview:-1"},"og_locale":"lv_LV","og_type":"article","og_title":"T\u0101feles kr\u0101sas Marabu Colour your Dreams 225ml &#8211; Skizze","og_description":"K\u0101d\u0113\u013c gan nep\u0101rv\u0113rst sienu par t\u0101feli? P\u0113c no\u017e\u016b\u0161anas, mat\u0113t\u0101, uz \u016bdens b\u0101zes izgatavot\u0101 akrila kr\u0101sa ir piem\u0113rota rakst\u012b\u0161anai ar kr\u012btu un to var t\u012br\u012bt ar \u016bdeni. T\u0101 ir \u016bdensdro\u0161a un notur\u012bga. Kr\u0101su var izmantot gan sienu apstr\u0101dei, gan koka, MDF, met\u0101la, pap\u012bra un pat audekla r\u0101mju p\u0101rkl\u0101\u0161anai. To var kombin\u0113t ar magn\u0113tisko kr\u0101su, veidojot daudzfunkcion\u0101lu inform\u0101cijas stendu, uz kura ar kr\u012btu var pierakst\u012bt \u012bsus pazi\u0146ojumus un ar magn\u0113tiem nostiprin\u0101t svar\u012bgus dokumentus. P\u0101rkl\u0101jums: 1.1m\u00b2\/100ml","og_url":"https:\/\/hobstop.ee\/lv\/produkts\/tafeles-krasas-marabu-colour-your-dreams-225ml\/","og_site_name":"Skizze","article_publisher":"http:\/\/www.facebook.com\/VunderSkizze","article_modified_time":"-0001-11-30T00:00:00+00:00","og_image":[{"width":1024,"height":768,"url":"https:\/\/hobstop.ee\/media\/3506.jpg","type":"image\/jpeg"}],"twitter_card":"summary_large_image","twitter_misc":{"Est. reading time":"1 min\u016b\u0161u"},"schema":{"@context":"https:\/\/schema.org","@graph":[{"@type":"WebPage","@id":"https:\/\/hobstop.ee\/lv\/produkts\/tafeles-krasas-marabu-colour-your-dreams-225ml\/","url":"https:\/\/hobstop.ee\/lv\/produkts\/tafeles-krasas-marabu-colour-your-dreams-225ml\/","name":"T\u0101feles kr\u0101sas Marabu Colour your Dreams 225ml &#8211; Skizze","isPartOf":{"@id":"https:\/\/hobstop.ee\/lv\/#website"},"primaryImageOfPage":{"@id":"https:\/\/hobstop.ee\/lv\/produkts\/tafeles-krasas-marabu-colour-your-dreams-225ml\/#primaryimage"},"image":{"@id":"https:\/\/hobstop.ee\/lv\/produkts\/tafeles-krasas-marabu-colour-your-dreams-225ml\/#primaryimage"},"thumbnailUrl":"https:\/\/hobstop.ee\/media\/3506.jpg","datePublished":"2014-12-09T11:36:45+00:00","dateModified":"-0001-11-30T00:00:00+00:00","breadcrumb":{"@id":"https:\/\/hobstop.ee\/lv\/produkts\/tafeles-krasas-marabu-colour-your-dreams-225ml\/#breadcrumb"},"inLanguage":"lv-LV","potentialAction":[{"@type":"ReadAction","target":["https:\/\/hobstop.ee\/lv\/produkts\/tafeles-krasas-marabu-colour-your-dreams-225ml\/"]}]},{"@type":"ImageObject","inLanguage":"lv-LV","@id":"https:\/\/hobstop.ee\/lv\/produkts\/tafeles-krasas-marabu-colour-your-dreams-225ml\/#primaryimage","url":"https:\/\/hobstop.ee\/media\/3506.jpg","contentUrl":"https:\/\/hobstop.ee\/media\/3506.jpg","width":1024,"height":768},{"@type":"BreadcrumbList","@id":"https:\/\/hobstop.ee\/lv\/produkts\/tafeles-krasas-marabu-colour-your-dreams-225ml\/#breadcrumb","itemListElement":[{"@type":"ListItem","position":1,"name":"Avaleht","item":"https:\/\/www.hobstop.ee\/lv\/"},{"@type":"ListItem","position":2,"name":"Veikals","item":"https:\/\/www.hobstop.ee\/lv\/veikals\/"},{"@type":"ListItem","position":3,"name":"T\u0101feles kr\u0101sas Marabu Colour your Dreams 225ml"}]},{"@type":"WebSite","@id":"https:\/\/hobstop.ee\/lv\/#website","url":"https:\/\/hobstop.ee\/lv\/","name":"Skizze","description":"M\u0101kslas, hobiju un skolas preces","publisher":{"@id":"https:\/\/hobstop.ee\/lv\/#organization"},"potentialAction":[{"@type":"SearchAction","target":{"@type":"EntryPoint","urlTemplate":"https:\/\/hobstop.ee\/lv\/?s={search_term_string}"},"query-input":{"@type":"PropertyValueSpecification","valueRequired":true,"valueName":"search_term_string"}}],"inLanguage":"lv-LV"},{"@type":"Organization","@id":"https:\/\/hobstop.ee\/lv\/#organization","name":"Vunder AS","url":"https:\/\/hobstop.ee\/lv\/","logo":{"@type":"ImageObject","inLanguage":"lv-LV","@id":"https:\/\/hobstop.ee\/lv\/#\/schema\/logo\/image\/","url":"https:\/\/hobstop.ee\/media\/vunder-logo.png","contentUrl":"https:\/\/hobstop.ee\/media\/vunder-logo.png","width":127,"height":55,"caption":"Vunder AS"},"image":{"@id":"https:\/\/hobstop.ee\/lv\/#\/schema\/logo\/image\/"},"sameAs":["http:\/\/www.facebook.com\/VunderSkizze"]}]}},"_links":{"self":[{"href":"https:\/\/hobstop.ee\/lv\/wp-json\/wp\/v2\/product\/62876","targetHints":{"allow":["GET"]}}],"collection":[{"href":"https:\/\/hobstop.ee\/lv\/wp-json\/wp\/v2\/product"}],"about":[{"href":"https:\/\/hobstop.ee\/lv\/wp-json\/wp\/v2\/types\/product"}],"replies":[{"embeddable":true,"href":"https:\/\/hobstop.ee\/lv\/wp-json\/wp\/v2\/comments?post=62876"}],"wp:featuredmedia":[{"embeddable":true,"href":"https:\/\/hobstop.ee\/lv\/wp-json\/wp\/v2\/media\/107274"}],"wp:attachment":[{"href":"https:\/\/hobstop.ee\/lv\/wp-json\/wp\/v2\/media?parent=62876"}],"wp:term":[{"taxonomy":"product_cat","embeddable":true,"href":"https:\/\/hobstop.ee\/lv\/wp-json\/wp\/v2\/product_cat?post=62876"},{"taxonomy":"product_tag","embeddable":true,"href":"https:\/\/hobstop.ee\/lv\/wp-json\/wp\/v2\/product_tag?post=62876"}],"curies":[{"name":"wp","href":"https:\/\/api.w.org\/{rel}","templated":true}]}}