{"id":62936,"date":"2014-12-09T13:36:57","date_gmt":"2014-12-09T11:36:57","guid":{"rendered":"https:\/\/sharks.ee\/vunder_2019.klient.veebimajutus.ee\/?post_type=product&p=62936"},"modified":"2014-12-09T13:36:57","modified_gmt":"2014-12-09T10:36:57","slug":"laka-liquitex-aerosols-400ml","status":"publish","type":"product","link":"https:\/\/hobstop.ee\/lv\/produkts\/laka-liquitex-aerosols-400ml\/","title":{"rendered":"Laka Liquitex aerosols 400ml"},"content":{"rendered":"<p>Uz \u016bdens b\u0101zes veidots, inovat\u012bvs produkts, speci\u0101li izstr\u0101d\u0101ts profesion\u0101liem m\u0101ksliniekiem. Ar v\u0101ju smaku, labu gaismas notur\u012bbu un iztur\u012bbu, kas piem\u0113rotas lieto\u0161anai uz da\u017e\u0101d\u0101m virsm\u0101m.<br \/>\nLaka nodro\u0161ina v\u0113l stipr\u0101ku aizsargsl\u0101ni ar akrila kr\u0101s\u0101m apstr\u0101d\u0101tai virsmai.<br \/>\nPiem\u0113rota izmanto\u0161anai kop\u0101 ar cit\u0101m Liquitex akrila kr\u0101s\u0101m un papildviel\u0101m.<br \/>\nIesp\u0113jams ieg\u0101d\u0101ties atsevi\u0161\u0137us pude\u013cu uzga\u013cus.<\/p>\n","protected":false},"excerpt":{"rendered":"<p>Uz \u016bdens b\u0101zes veidots, inovat\u012bvs produkts, speci\u0101li izstr\u0101d\u0101ts profesion\u0101liem m\u0101ksliniekiem. Ar v\u0101ju smaku, labu gaismas notur\u012bbu un iztur\u012bbu, kas piem\u0113rotas lieto\u0161anai uz da\u017e\u0101d\u0101m virsm\u0101m. Laka nodro\u0161ina v\u0113l stipr\u0101ku aizsargsl\u0101ni ar akrila kr\u0101s\u0101m apstr\u0101d\u0101tai virsmai. Piem\u0113rota izmanto\u0161anai kop\u0101 ar cit\u0101m Liquitex akrila kr\u0101s\u0101m un papildviel\u0101m. Iesp\u0113jams ieg\u0101d\u0101ties atsevi\u0161\u0137us pude\u013cu uzga\u013cus.<\/p>\n","protected":false},"featured_media":107362,"comment_status":"closed","ping_status":"closed","template":"","meta":{"_acf_changed":false,"ep_exclude_from_search":false},"product_cat":[18997,17980,16123],"product_tag":[],"class_list":{"0":"post-62936","1":"product","2":"type-product","3":"status-publish","4":"has-post-thumbnail","6":"product_cat-akrilkrasu-mediji-3","7":"product_cat-krasas-un-gleznosanas-paligmateriali","8":"product_cat-makslas-piederumi-2","10":"first","11":"instock","12":"taxable","13":"shipping-taxable","14":"purchasable","15":"product-type-variable"},"acf":[],"yoast_head":"<!-- This site is optimized with the Yoast SEO plugin v24.1 - https:\/\/yoast.com\/wordpress\/plugins\/seo\/ -->\n<title>Laka Liquitex aerosols 400ml &#8211; Skizze<\/title>\n<meta name=\"robots\" content=\"noindex, follow, max-snippet:-1, max-image-preview:large, max-video-preview:-1\" \/>\n<meta property=\"og:locale\" content=\"lv_LV\" \/>\n<meta property=\"og:type\" content=\"article\" \/>\n<meta property=\"og:title\" content=\"Laka Liquitex aerosols 400ml &#8211; Skizze\" \/>\n<meta property=\"og:description\" content=\"Uz \u016bdens b\u0101zes veidots, inovat\u012bvs produkts, speci\u0101li izstr\u0101d\u0101ts profesion\u0101liem m\u0101ksliniekiem. Ar v\u0101ju smaku, labu gaismas notur\u012bbu un iztur\u012bbu, kas piem\u0113rotas lieto\u0161anai uz da\u017e\u0101d\u0101m virsm\u0101m. Laka nodro\u0161ina v\u0113l stipr\u0101ku aizsargsl\u0101ni ar akrila kr\u0101s\u0101m apstr\u0101d\u0101tai virsmai. Piem\u0113rota izmanto\u0161anai kop\u0101 ar cit\u0101m Liquitex akrila kr\u0101s\u0101m un papildviel\u0101m. Iesp\u0113jams ieg\u0101d\u0101ties atsevi\u0161\u0137us pude\u013cu uzga\u013cus.\" \/>\n<meta property=\"og:url\" content=\"https:\/\/hobstop.ee\/lv\/produkts\/laka-liquitex-aerosols-400ml\/\" \/>\n<meta property=\"og:site_name\" content=\"Skizze\" \/>\n<meta property=\"article:publisher\" content=\"http:\/\/www.facebook.com\/VunderSkizze\" \/>\n<meta property=\"article:modified_time\" content=\"-0001-11-30T00:00:00+00:00\" \/>\n<meta property=\"og:image\" content=\"https:\/\/hobstop.ee\/media\/3543.jpg\" \/>\n\t<meta property=\"og:image:width\" content=\"1024\" \/>\n\t<meta property=\"og:image:height\" content=\"768\" \/>\n\t<meta property=\"og:image:type\" content=\"image\/jpeg\" \/>\n<meta name=\"twitter:card\" content=\"summary_large_image\" \/>\n<script type=\"application\/ld+json\" class=\"yoast-schema-graph\">{\"@context\":\"https:\/\/schema.org\",\"@graph\":[{\"@type\":\"WebPage\",\"@id\":\"https:\/\/hobstop.ee\/lv\/produkts\/laka-liquitex-aerosols-400ml\/\",\"url\":\"https:\/\/hobstop.ee\/lv\/produkts\/laka-liquitex-aerosols-400ml\/\",\"name\":\"Laka Liquitex aerosols 400ml &#8211; Skizze\",\"isPartOf\":{\"@id\":\"https:\/\/hobstop.ee\/lv\/#website\"},\"primaryImageOfPage\":{\"@id\":\"https:\/\/hobstop.ee\/lv\/produkts\/laka-liquitex-aerosols-400ml\/#primaryimage\"},\"image\":{\"@id\":\"https:\/\/hobstop.ee\/lv\/produkts\/laka-liquitex-aerosols-400ml\/#primaryimage\"},\"thumbnailUrl\":\"https:\/\/hobstop.ee\/media\/3543.jpg\",\"datePublished\":\"2014-12-09T11:36:57+00:00\",\"dateModified\":\"-0001-11-30T00:00:00+00:00\",\"breadcrumb\":{\"@id\":\"https:\/\/hobstop.ee\/lv\/produkts\/laka-liquitex-aerosols-400ml\/#breadcrumb\"},\"inLanguage\":\"lv-LV\",\"potentialAction\":[{\"@type\":\"ReadAction\",\"target\":[\"https:\/\/hobstop.ee\/lv\/produkts\/laka-liquitex-aerosols-400ml\/\"]}]},{\"@type\":\"ImageObject\",\"inLanguage\":\"lv-LV\",\"@id\":\"https:\/\/hobstop.ee\/lv\/produkts\/laka-liquitex-aerosols-400ml\/#primaryimage\",\"url\":\"https:\/\/hobstop.ee\/media\/3543.jpg\",\"contentUrl\":\"https:\/\/hobstop.ee\/media\/3543.jpg\",\"width\":1024,\"height\":768},{\"@type\":\"BreadcrumbList\",\"@id\":\"https:\/\/hobstop.ee\/lv\/produkts\/laka-liquitex-aerosols-400ml\/#breadcrumb\",\"itemListElement\":[{\"@type\":\"ListItem\",\"position\":1,\"name\":\"Avaleht\",\"item\":\"https:\/\/hobstop.ee\/lv\/\"},{\"@type\":\"ListItem\",\"position\":2,\"name\":\"Veikals\",\"item\":\"https:\/\/hobstop.ee\/lv\/veikals\/\"},{\"@type\":\"ListItem\",\"position\":3,\"name\":\"Laka Liquitex aerosols 400ml\"}]},{\"@type\":\"WebSite\",\"@id\":\"https:\/\/hobstop.ee\/lv\/#website\",\"url\":\"https:\/\/hobstop.ee\/lv\/\",\"name\":\"Skizze\",\"description\":\"M\u0101kslas, hobiju un skolas preces\",\"publisher\":{\"@id\":\"https:\/\/hobstop.ee\/lv\/#organization\"},\"potentialAction\":[{\"@type\":\"SearchAction\",\"target\":{\"@type\":\"EntryPoint\",\"urlTemplate\":\"https:\/\/hobstop.ee\/lv\/?s={search_term_string}\"},\"query-input\":{\"@type\":\"PropertyValueSpecification\",\"valueRequired\":true,\"valueName\":\"search_term_string\"}}],\"inLanguage\":\"lv-LV\"},{\"@type\":\"Organization\",\"@id\":\"https:\/\/hobstop.ee\/lv\/#organization\",\"name\":\"Vunder AS\",\"url\":\"https:\/\/hobstop.ee\/lv\/\",\"logo\":{\"@type\":\"ImageObject\",\"inLanguage\":\"lv-LV\",\"@id\":\"https:\/\/hobstop.ee\/lv\/#\/schema\/logo\/image\/\",\"url\":\"https:\/\/hobstop.ee\/media\/vunder-logo.png\",\"contentUrl\":\"https:\/\/hobstop.ee\/media\/vunder-logo.png\",\"width\":127,\"height\":55,\"caption\":\"Vunder AS\"},\"image\":{\"@id\":\"https:\/\/hobstop.ee\/lv\/#\/schema\/logo\/image\/\"},\"sameAs\":[\"http:\/\/www.facebook.com\/VunderSkizze\"]}]}<\/script>\n<!-- \/ Yoast SEO plugin. -->","yoast_head_json":{"title":"Laka Liquitex aerosols 400ml &#8211; Skizze","robots":{"index":"noindex","follow":"follow","max-snippet":"max-snippet:-1","max-image-preview":"max-image-preview:large","max-video-preview":"max-video-preview:-1"},"og_locale":"lv_LV","og_type":"article","og_title":"Laka Liquitex aerosols 400ml &#8211; Skizze","og_description":"Uz \u016bdens b\u0101zes veidots, inovat\u012bvs produkts, speci\u0101li izstr\u0101d\u0101ts profesion\u0101liem m\u0101ksliniekiem. Ar v\u0101ju smaku, labu gaismas notur\u012bbu un iztur\u012bbu, kas piem\u0113rotas lieto\u0161anai uz da\u017e\u0101d\u0101m virsm\u0101m. Laka nodro\u0161ina v\u0113l stipr\u0101ku aizsargsl\u0101ni ar akrila kr\u0101s\u0101m apstr\u0101d\u0101tai virsmai. Piem\u0113rota izmanto\u0161anai kop\u0101 ar cit\u0101m Liquitex akrila kr\u0101s\u0101m un papildviel\u0101m. Iesp\u0113jams ieg\u0101d\u0101ties atsevi\u0161\u0137us pude\u013cu uzga\u013cus.","og_url":"https:\/\/hobstop.ee\/lv\/produkts\/laka-liquitex-aerosols-400ml\/","og_site_name":"Skizze","article_publisher":"http:\/\/www.facebook.com\/VunderSkizze","article_modified_time":"-0001-11-30T00:00:00+00:00","og_image":[{"width":1024,"height":768,"url":"https:\/\/hobstop.ee\/media\/3543.jpg","type":"image\/jpeg"}],"twitter_card":"summary_large_image","schema":{"@context":"https:\/\/schema.org","@graph":[{"@type":"WebPage","@id":"https:\/\/hobstop.ee\/lv\/produkts\/laka-liquitex-aerosols-400ml\/","url":"https:\/\/hobstop.ee\/lv\/produkts\/laka-liquitex-aerosols-400ml\/","name":"Laka Liquitex aerosols 400ml &#8211; Skizze","isPartOf":{"@id":"https:\/\/hobstop.ee\/lv\/#website"},"primaryImageOfPage":{"@id":"https:\/\/hobstop.ee\/lv\/produkts\/laka-liquitex-aerosols-400ml\/#primaryimage"},"image":{"@id":"https:\/\/hobstop.ee\/lv\/produkts\/laka-liquitex-aerosols-400ml\/#primaryimage"},"thumbnailUrl":"https:\/\/hobstop.ee\/media\/3543.jpg","datePublished":"2014-12-09T11:36:57+00:00","dateModified":"-0001-11-30T00:00:00+00:00","breadcrumb":{"@id":"https:\/\/hobstop.ee\/lv\/produkts\/laka-liquitex-aerosols-400ml\/#breadcrumb"},"inLanguage":"lv-LV","potentialAction":[{"@type":"ReadAction","target":["https:\/\/hobstop.ee\/lv\/produkts\/laka-liquitex-aerosols-400ml\/"]}]},{"@type":"ImageObject","inLanguage":"lv-LV","@id":"https:\/\/hobstop.ee\/lv\/produkts\/laka-liquitex-aerosols-400ml\/#primaryimage","url":"https:\/\/hobstop.ee\/media\/3543.jpg","contentUrl":"https:\/\/hobstop.ee\/media\/3543.jpg","width":1024,"height":768},{"@type":"BreadcrumbList","@id":"https:\/\/hobstop.ee\/lv\/produkts\/laka-liquitex-aerosols-400ml\/#breadcrumb","itemListElement":[{"@type":"ListItem","position":1,"name":"Avaleht","item":"https:\/\/hobstop.ee\/lv\/"},{"@type":"ListItem","position":2,"name":"Veikals","item":"https:\/\/hobstop.ee\/lv\/veikals\/"},{"@type":"ListItem","position":3,"name":"Laka Liquitex aerosols 400ml"}]},{"@type":"WebSite","@id":"https:\/\/hobstop.ee\/lv\/#website","url":"https:\/\/hobstop.ee\/lv\/","name":"Skizze","description":"M\u0101kslas, hobiju un skolas preces","publisher":{"@id":"https:\/\/hobstop.ee\/lv\/#organization"},"potentialAction":[{"@type":"SearchAction","target":{"@type":"EntryPoint","urlTemplate":"https:\/\/hobstop.ee\/lv\/?s={search_term_string}"},"query-input":{"@type":"PropertyValueSpecification","valueRequired":true,"valueName":"search_term_string"}}],"inLanguage":"lv-LV"},{"@type":"Organization","@id":"https:\/\/hobstop.ee\/lv\/#organization","name":"Vunder AS","url":"https:\/\/hobstop.ee\/lv\/","logo":{"@type":"ImageObject","inLanguage":"lv-LV","@id":"https:\/\/hobstop.ee\/lv\/#\/schema\/logo\/image\/","url":"https:\/\/hobstop.ee\/media\/vunder-logo.png","contentUrl":"https:\/\/hobstop.ee\/media\/vunder-logo.png","width":127,"height":55,"caption":"Vunder AS"},"image":{"@id":"https:\/\/hobstop.ee\/lv\/#\/schema\/logo\/image\/"},"sameAs":["http:\/\/www.facebook.com\/VunderSkizze"]}]}},"_links":{"self":[{"href":"https:\/\/hobstop.ee\/lv\/wp-json\/wp\/v2\/product\/62936","targetHints":{"allow":["GET"]}}],"collection":[{"href":"https:\/\/hobstop.ee\/lv\/wp-json\/wp\/v2\/product"}],"about":[{"href":"https:\/\/hobstop.ee\/lv\/wp-json\/wp\/v2\/types\/product"}],"replies":[{"embeddable":true,"href":"https:\/\/hobstop.ee\/lv\/wp-json\/wp\/v2\/comments?post=62936"}],"wp:featuredmedia":[{"embeddable":true,"href":"https:\/\/hobstop.ee\/lv\/wp-json\/wp\/v2\/media\/107362"}],"wp:attachment":[{"href":"https:\/\/hobstop.ee\/lv\/wp-json\/wp\/v2\/media?parent=62936"}],"wp:term":[{"taxonomy":"product_cat","embeddable":true,"href":"https:\/\/hobstop.ee\/lv\/wp-json\/wp\/v2\/product_cat?post=62936"},{"taxonomy":"product_tag","embeddable":true,"href":"https:\/\/hobstop.ee\/lv\/wp-json\/wp\/v2\/product_tag?post=62936"}],"curies":[{"name":"wp","href":"https:\/\/api.w.org\/{rel}","templated":true}]}}