{"id":62942,"date":"2014-12-09T13:36:58","date_gmt":"2014-12-09T11:36:58","guid":{"rendered":"https:\/\/sharks.ee\/vunder_2019.klient.veebimajutus.ee\/?post_type=product&p=62942"},"modified":"2014-12-09T13:36:58","modified_gmt":"2014-12-09T10:36:58","slug":"3d-krasa-tulip-puffy-37ml","status":"publish","type":"product","link":"https:\/\/hobstop.ee\/lv\/produkts\/3d-krasa-tulip-puffy-37ml\/","title":{"rendered":"3D kr\u0101sa Tulip Puffy 37ml"},"content":{"rendered":"<p>Ar Tulip kr\u0101s\u0101m var rad\u012bt modernu un savdab\u012bgu izskatu ap\u0123\u0113rbiem, atmi\u0146u klad\u0113m, dekorat\u012bviem priek\u0161metiem, sv\u0113tku dekor\u0101cij\u0101m un apsveikuma karti\u0146\u0101m. Tulip Puffy kr\u0101sas nodro\u0161ina \u012bpa\u0161i reljefainu gala rezult\u0101tu. Tulip dekorat\u012bv\u0101s kr\u0101sas ir paredz\u0113tas izmato\u0161anai m\u0101jas apst\u0101k\u013cos. Kr\u0101sas ir piem\u0113rotas da\u017e\u0101d\u0101m virsm\u0101m: tekstilizstr\u0101d\u0101jumiem, stiklam, kokam, met\u0101lam, kartonam utt. Tulip kr\u0101s\u0101m ir savdab\u012bga tekst\u016bra, \u0161\u012bs kr\u0101sas ir viegli izmantot. Kr\u0101su var uzkl\u0101t uz virsm\u0101m t\u012bri un prec\u012bzi, pateicoties \u012bpa\u0161ajam t\u016bbi\u0146as dizainam. Kr\u0101s\u0101m nav nepiecie\u0161ama \u012bpa\u0161a nostiprin\u0101\u0161ana (piem\u0113ram piegludin\u0101\u0161ana).<\/p>\n","protected":false},"excerpt":{"rendered":"<p>Ar Tulip kr\u0101s\u0101m var rad\u012bt modernu un savdab\u012bgu izskatu ap\u0123\u0113rbiem, atmi\u0146u klad\u0113m, dekorat\u012bviem priek\u0161metiem, sv\u0113tku dekor\u0101cij\u0101m un apsveikuma karti\u0146\u0101m. Tulip Puffy kr\u0101sas nodro\u0161ina \u012bpa\u0161i reljefainu gala rezult\u0101tu. Tulip dekorat\u012bv\u0101s kr\u0101sas ir paredz\u0113tas izmato\u0161anai m\u0101jas apst\u0101k\u013cos. Kr\u0101sas ir piem\u0113rotas da\u017e\u0101d\u0101m virsm\u0101m: tekstilizstr\u0101d\u0101jumiem, stiklam, kokam, met\u0101lam, kartonam utt. Tulip kr\u0101s\u0101m ir savdab\u012bga tekst\u016bra, \u0161\u012bs kr\u0101sas ir viegli izmantot. Kr\u0101su var uzkl\u0101t uz virsm\u0101m t\u012bri un prec\u012bzi, pateicoties \u012bpa\u0161ajam t\u016bbi\u0146as dizainam. Kr\u0101s\u0101m nav nepiecie\u0161ama \u012bpa\u0161a nostiprin\u0101\u0161ana (piem\u0113ram piegludin\u0101\u0161ana).<\/p>\n","protected":false},"featured_media":107370,"comment_status":"closed","ping_status":"closed","template":"","meta":{"_acf_changed":false,"ep_exclude_from_search":false},"product_cat":[18207,17954,17918],"product_tag":[],"class_list":{"0":"post-62942","1":"product","2":"type-product","3":"status-publish","4":"has-post-thumbnail","6":"product_cat-3d-krasas","7":"product_cat-decor-krasas-un-lakas","8":"product_cat-preces-hobijiem","10":"first","11":"instock","12":"taxable","13":"shipping-taxable","14":"purchasable","15":"product-type-variable"},"acf":[],"yoast_head":"<!-- This site is optimized with the Yoast SEO plugin v24.1 - https:\/\/yoast.com\/wordpress\/plugins\/seo\/ -->\n<title>3D kr\u0101sa Tulip Puffy 37ml &#8211; Skizze<\/title>\n<meta name=\"robots\" content=\"noindex, follow, max-snippet:-1, max-image-preview:large, max-video-preview:-1\" \/>\n<meta property=\"og:locale\" content=\"lv_LV\" \/>\n<meta property=\"og:type\" content=\"article\" \/>\n<meta property=\"og:title\" content=\"3D kr\u0101sa Tulip Puffy 37ml &#8211; Skizze\" \/>\n<meta property=\"og:description\" content=\"Ar Tulip kr\u0101s\u0101m var rad\u012bt modernu un savdab\u012bgu izskatu ap\u0123\u0113rbiem, atmi\u0146u klad\u0113m, dekorat\u012bviem priek\u0161metiem, sv\u0113tku dekor\u0101cij\u0101m un apsveikuma karti\u0146\u0101m. Tulip Puffy kr\u0101sas nodro\u0161ina \u012bpa\u0161i reljefainu gala rezult\u0101tu. Tulip dekorat\u012bv\u0101s kr\u0101sas ir paredz\u0113tas izmato\u0161anai m\u0101jas apst\u0101k\u013cos. Kr\u0101sas ir piem\u0113rotas da\u017e\u0101d\u0101m virsm\u0101m: tekstilizstr\u0101d\u0101jumiem, stiklam, kokam, met\u0101lam, kartonam utt. Tulip kr\u0101s\u0101m ir savdab\u012bga tekst\u016bra, \u0161\u012bs kr\u0101sas ir viegli izmantot. Kr\u0101su var uzkl\u0101t uz virsm\u0101m t\u012bri un prec\u012bzi, pateicoties \u012bpa\u0161ajam t\u016bbi\u0146as dizainam. Kr\u0101s\u0101m nav nepiecie\u0161ama \u012bpa\u0161a nostiprin\u0101\u0161ana (piem\u0113ram piegludin\u0101\u0161ana).\" \/>\n<meta property=\"og:url\" content=\"https:\/\/hobstop.ee\/lv\/produkts\/3d-krasa-tulip-puffy-37ml\/\" \/>\n<meta property=\"og:site_name\" content=\"Skizze\" \/>\n<meta property=\"article:publisher\" content=\"http:\/\/www.facebook.com\/VunderSkizze\" \/>\n<meta property=\"article:modified_time\" content=\"-0001-11-30T00:00:00+00:00\" \/>\n<meta property=\"og:image\" content=\"https:\/\/hobstop.ee\/media\/3546.jpg\" \/>\n\t<meta property=\"og:image:width\" content=\"1024\" \/>\n\t<meta property=\"og:image:height\" content=\"768\" \/>\n\t<meta property=\"og:image:type\" content=\"image\/jpeg\" \/>\n<meta name=\"twitter:card\" content=\"summary_large_image\" \/>\n<meta name=\"twitter:label1\" content=\"Est. reading time\" \/>\n\t<meta name=\"twitter:data1\" content=\"1 min\u016b\u0161u\" \/>\n<script type=\"application\/ld+json\" class=\"yoast-schema-graph\">{\"@context\":\"https:\/\/schema.org\",\"@graph\":[{\"@type\":\"WebPage\",\"@id\":\"https:\/\/hobstop.ee\/lv\/produkts\/3d-krasa-tulip-puffy-37ml\/\",\"url\":\"https:\/\/hobstop.ee\/lv\/produkts\/3d-krasa-tulip-puffy-37ml\/\",\"name\":\"3D kr\u0101sa Tulip Puffy 37ml &#8211; Skizze\",\"isPartOf\":{\"@id\":\"https:\/\/hobstop.ee\/lv\/#website\"},\"primaryImageOfPage\":{\"@id\":\"https:\/\/hobstop.ee\/lv\/produkts\/3d-krasa-tulip-puffy-37ml\/#primaryimage\"},\"image\":{\"@id\":\"https:\/\/hobstop.ee\/lv\/produkts\/3d-krasa-tulip-puffy-37ml\/#primaryimage\"},\"thumbnailUrl\":\"https:\/\/hobstop.ee\/media\/3546.jpg\",\"datePublished\":\"2014-12-09T11:36:58+00:00\",\"dateModified\":\"-0001-11-30T00:00:00+00:00\",\"breadcrumb\":{\"@id\":\"https:\/\/hobstop.ee\/lv\/produkts\/3d-krasa-tulip-puffy-37ml\/#breadcrumb\"},\"inLanguage\":\"lv-LV\",\"potentialAction\":[{\"@type\":\"ReadAction\",\"target\":[\"https:\/\/hobstop.ee\/lv\/produkts\/3d-krasa-tulip-puffy-37ml\/\"]}]},{\"@type\":\"ImageObject\",\"inLanguage\":\"lv-LV\",\"@id\":\"https:\/\/hobstop.ee\/lv\/produkts\/3d-krasa-tulip-puffy-37ml\/#primaryimage\",\"url\":\"https:\/\/hobstop.ee\/media\/3546.jpg\",\"contentUrl\":\"https:\/\/hobstop.ee\/media\/3546.jpg\",\"width\":1024,\"height\":768},{\"@type\":\"BreadcrumbList\",\"@id\":\"https:\/\/hobstop.ee\/lv\/produkts\/3d-krasa-tulip-puffy-37ml\/#breadcrumb\",\"itemListElement\":[{\"@type\":\"ListItem\",\"position\":1,\"name\":\"Avaleht\",\"item\":\"https:\/\/www.hobstop.ee\/lv\/\"},{\"@type\":\"ListItem\",\"position\":2,\"name\":\"Veikals\",\"item\":\"https:\/\/www.hobstop.ee\/lv\/veikals\/\"},{\"@type\":\"ListItem\",\"position\":3,\"name\":\"3D kr\u0101sa Tulip Puffy 37ml\"}]},{\"@type\":\"WebSite\",\"@id\":\"https:\/\/hobstop.ee\/lv\/#website\",\"url\":\"https:\/\/hobstop.ee\/lv\/\",\"name\":\"Skizze\",\"description\":\"M\u0101kslas, hobiju un skolas preces\",\"publisher\":{\"@id\":\"https:\/\/hobstop.ee\/lv\/#organization\"},\"potentialAction\":[{\"@type\":\"SearchAction\",\"target\":{\"@type\":\"EntryPoint\",\"urlTemplate\":\"https:\/\/hobstop.ee\/lv\/?s={search_term_string}\"},\"query-input\":{\"@type\":\"PropertyValueSpecification\",\"valueRequired\":true,\"valueName\":\"search_term_string\"}}],\"inLanguage\":\"lv-LV\"},{\"@type\":\"Organization\",\"@id\":\"https:\/\/hobstop.ee\/lv\/#organization\",\"name\":\"Vunder AS\",\"url\":\"https:\/\/hobstop.ee\/lv\/\",\"logo\":{\"@type\":\"ImageObject\",\"inLanguage\":\"lv-LV\",\"@id\":\"https:\/\/hobstop.ee\/lv\/#\/schema\/logo\/image\/\",\"url\":\"https:\/\/hobstop.ee\/media\/vunder-logo.png\",\"contentUrl\":\"https:\/\/hobstop.ee\/media\/vunder-logo.png\",\"width\":127,\"height\":55,\"caption\":\"Vunder AS\"},\"image\":{\"@id\":\"https:\/\/hobstop.ee\/lv\/#\/schema\/logo\/image\/\"},\"sameAs\":[\"http:\/\/www.facebook.com\/VunderSkizze\"]}]}<\/script>\n<!-- \/ Yoast SEO plugin. -->","yoast_head_json":{"title":"3D kr\u0101sa Tulip Puffy 37ml &#8211; Skizze","robots":{"index":"noindex","follow":"follow","max-snippet":"max-snippet:-1","max-image-preview":"max-image-preview:large","max-video-preview":"max-video-preview:-1"},"og_locale":"lv_LV","og_type":"article","og_title":"3D kr\u0101sa Tulip Puffy 37ml &#8211; Skizze","og_description":"Ar Tulip kr\u0101s\u0101m var rad\u012bt modernu un savdab\u012bgu izskatu ap\u0123\u0113rbiem, atmi\u0146u klad\u0113m, dekorat\u012bviem priek\u0161metiem, sv\u0113tku dekor\u0101cij\u0101m un apsveikuma karti\u0146\u0101m. Tulip Puffy kr\u0101sas nodro\u0161ina \u012bpa\u0161i reljefainu gala rezult\u0101tu. Tulip dekorat\u012bv\u0101s kr\u0101sas ir paredz\u0113tas izmato\u0161anai m\u0101jas apst\u0101k\u013cos. Kr\u0101sas ir piem\u0113rotas da\u017e\u0101d\u0101m virsm\u0101m: tekstilizstr\u0101d\u0101jumiem, stiklam, kokam, met\u0101lam, kartonam utt. Tulip kr\u0101s\u0101m ir savdab\u012bga tekst\u016bra, \u0161\u012bs kr\u0101sas ir viegli izmantot. Kr\u0101su var uzkl\u0101t uz virsm\u0101m t\u012bri un prec\u012bzi, pateicoties \u012bpa\u0161ajam t\u016bbi\u0146as dizainam. Kr\u0101s\u0101m nav nepiecie\u0161ama \u012bpa\u0161a nostiprin\u0101\u0161ana (piem\u0113ram piegludin\u0101\u0161ana).","og_url":"https:\/\/hobstop.ee\/lv\/produkts\/3d-krasa-tulip-puffy-37ml\/","og_site_name":"Skizze","article_publisher":"http:\/\/www.facebook.com\/VunderSkizze","article_modified_time":"-0001-11-30T00:00:00+00:00","og_image":[{"width":1024,"height":768,"url":"https:\/\/hobstop.ee\/media\/3546.jpg","type":"image\/jpeg"}],"twitter_card":"summary_large_image","twitter_misc":{"Est. reading time":"1 min\u016b\u0161u"},"schema":{"@context":"https:\/\/schema.org","@graph":[{"@type":"WebPage","@id":"https:\/\/hobstop.ee\/lv\/produkts\/3d-krasa-tulip-puffy-37ml\/","url":"https:\/\/hobstop.ee\/lv\/produkts\/3d-krasa-tulip-puffy-37ml\/","name":"3D kr\u0101sa Tulip Puffy 37ml &#8211; Skizze","isPartOf":{"@id":"https:\/\/hobstop.ee\/lv\/#website"},"primaryImageOfPage":{"@id":"https:\/\/hobstop.ee\/lv\/produkts\/3d-krasa-tulip-puffy-37ml\/#primaryimage"},"image":{"@id":"https:\/\/hobstop.ee\/lv\/produkts\/3d-krasa-tulip-puffy-37ml\/#primaryimage"},"thumbnailUrl":"https:\/\/hobstop.ee\/media\/3546.jpg","datePublished":"2014-12-09T11:36:58+00:00","dateModified":"-0001-11-30T00:00:00+00:00","breadcrumb":{"@id":"https:\/\/hobstop.ee\/lv\/produkts\/3d-krasa-tulip-puffy-37ml\/#breadcrumb"},"inLanguage":"lv-LV","potentialAction":[{"@type":"ReadAction","target":["https:\/\/hobstop.ee\/lv\/produkts\/3d-krasa-tulip-puffy-37ml\/"]}]},{"@type":"ImageObject","inLanguage":"lv-LV","@id":"https:\/\/hobstop.ee\/lv\/produkts\/3d-krasa-tulip-puffy-37ml\/#primaryimage","url":"https:\/\/hobstop.ee\/media\/3546.jpg","contentUrl":"https:\/\/hobstop.ee\/media\/3546.jpg","width":1024,"height":768},{"@type":"BreadcrumbList","@id":"https:\/\/hobstop.ee\/lv\/produkts\/3d-krasa-tulip-puffy-37ml\/#breadcrumb","itemListElement":[{"@type":"ListItem","position":1,"name":"Avaleht","item":"https:\/\/www.hobstop.ee\/lv\/"},{"@type":"ListItem","position":2,"name":"Veikals","item":"https:\/\/www.hobstop.ee\/lv\/veikals\/"},{"@type":"ListItem","position":3,"name":"3D kr\u0101sa Tulip Puffy 37ml"}]},{"@type":"WebSite","@id":"https:\/\/hobstop.ee\/lv\/#website","url":"https:\/\/hobstop.ee\/lv\/","name":"Skizze","description":"M\u0101kslas, hobiju un skolas preces","publisher":{"@id":"https:\/\/hobstop.ee\/lv\/#organization"},"potentialAction":[{"@type":"SearchAction","target":{"@type":"EntryPoint","urlTemplate":"https:\/\/hobstop.ee\/lv\/?s={search_term_string}"},"query-input":{"@type":"PropertyValueSpecification","valueRequired":true,"valueName":"search_term_string"}}],"inLanguage":"lv-LV"},{"@type":"Organization","@id":"https:\/\/hobstop.ee\/lv\/#organization","name":"Vunder AS","url":"https:\/\/hobstop.ee\/lv\/","logo":{"@type":"ImageObject","inLanguage":"lv-LV","@id":"https:\/\/hobstop.ee\/lv\/#\/schema\/logo\/image\/","url":"https:\/\/hobstop.ee\/media\/vunder-logo.png","contentUrl":"https:\/\/hobstop.ee\/media\/vunder-logo.png","width":127,"height":55,"caption":"Vunder AS"},"image":{"@id":"https:\/\/hobstop.ee\/lv\/#\/schema\/logo\/image\/"},"sameAs":["http:\/\/www.facebook.com\/VunderSkizze"]}]}},"_links":{"self":[{"href":"https:\/\/hobstop.ee\/lv\/wp-json\/wp\/v2\/product\/62942","targetHints":{"allow":["GET"]}}],"collection":[{"href":"https:\/\/hobstop.ee\/lv\/wp-json\/wp\/v2\/product"}],"about":[{"href":"https:\/\/hobstop.ee\/lv\/wp-json\/wp\/v2\/types\/product"}],"replies":[{"embeddable":true,"href":"https:\/\/hobstop.ee\/lv\/wp-json\/wp\/v2\/comments?post=62942"}],"wp:featuredmedia":[{"embeddable":true,"href":"https:\/\/hobstop.ee\/lv\/wp-json\/wp\/v2\/media\/107370"}],"wp:attachment":[{"href":"https:\/\/hobstop.ee\/lv\/wp-json\/wp\/v2\/media?parent=62942"}],"wp:term":[{"taxonomy":"product_cat","embeddable":true,"href":"https:\/\/hobstop.ee\/lv\/wp-json\/wp\/v2\/product_cat?post=62942"},{"taxonomy":"product_tag","embeddable":true,"href":"https:\/\/hobstop.ee\/lv\/wp-json\/wp\/v2\/product_tag?post=62942"}],"curies":[{"name":"wp","href":"https:\/\/api.w.org\/{rel}","templated":true}]}}