{"id":63014,"date":"2014-12-09T13:37:12","date_gmt":"2014-12-09T11:37:12","guid":{"rendered":"https:\/\/sharks.ee\/vunder_2019.klient.veebimajutus.ee\/?post_type=product&p=63014"},"modified":"2014-12-09T13:37:12","modified_gmt":"2014-12-09T10:37:12","slug":"sejas-krasu-komplekts-role-play","status":"publish","type":"product","link":"https:\/\/hobstop.ee\/lv\/produkts\/sejas-krasu-komplekts-role-play\/","title":{"rendered":"Sejas kr\u0101su komplekts Role-Play"},"content":{"rendered":"<p>Aizraut\u012bgs un rado\u0161s komplekts gan meiten\u0113m, gan ar\u012b z\u0113niem \u013caus g\u016bt prieku stund\u0101m ilgi, k\u013c\u016bstot par pir\u0101tu, princesi vai k\u0101du citu varoni. Komplekt\u0101 ietilpst kr\u0101sas un dekorat\u012bvie piederumi kop\u0101 ar uzl\u012bm\u0113m. Paredz\u0113ts l\u012bdz pat 10 seju apglezno\u0161anai.<\/p>\n<p>Komplekt\u0101 ietilpst:<br \/>\nSejas kr\u0101sa 1ml (4 gab.)<br \/>\nOti\u0146a<br \/>\nPutuplasts kop\u0101 ar dekorat\u012bv\u0101m uzl\u012bm\u0113m<\/p>\n","protected":false},"excerpt":{"rendered":"<p>Aizraut\u012bgs un rado\u0161s komplekts gan meiten\u0113m, gan ar\u012b z\u0113niem \u013caus g\u016bt prieku stund\u0101m ilgi, k\u013c\u016bstot par pir\u0101tu, princesi vai k\u0101du citu varoni. Komplekt\u0101 ietilpst kr\u0101sas un dekorat\u012bvie piederumi kop\u0101 ar uzl\u012bm\u0113m. Paredz\u0113ts l\u012bdz pat 10 seju apglezno\u0161anai. Komplekt\u0101 ietilpst: Sejas kr\u0101sa 1ml (4 gab.) Oti\u0146a Putuplasts kop\u0101 ar dekorat\u012bv\u0101m uzl\u012bm\u0113m<\/p>\n","protected":false},"featured_media":0,"comment_status":"closed","ping_status":"closed","template":"","meta":{"_acf_changed":false,"ep_exclude_from_search":false},"product_cat":[18225,18928,17918],"product_tag":[],"class_list":{"0":"post-63014","1":"product","2":"type-product","3":"status-publish","5":"product_cat-komplekti-2","6":"product_cat-krasas-kermena-apgleznosanai","7":"product_cat-preces-hobijiem","9":"first","10":"instock","11":"sale","12":"taxable","13":"shipping-taxable","14":"purchasable","15":"product-type-variable"},"acf":[],"yoast_head":"<!-- This site is optimized with the Yoast SEO plugin v24.1 - https:\/\/yoast.com\/wordpress\/plugins\/seo\/ -->\n<title>Sejas kr\u0101su komplekts Role-Play &#8211; Skizze<\/title>\n<meta name=\"robots\" content=\"noindex, follow, max-snippet:-1, max-image-preview:large, max-video-preview:-1\" \/>\n<meta property=\"og:locale\" content=\"lv_LV\" \/>\n<meta property=\"og:type\" content=\"article\" \/>\n<meta property=\"og:title\" content=\"Sejas kr\u0101su komplekts Role-Play &#8211; Skizze\" \/>\n<meta property=\"og:description\" content=\"Aizraut\u012bgs un rado\u0161s komplekts gan meiten\u0113m, gan ar\u012b z\u0113niem \u013caus g\u016bt prieku stund\u0101m ilgi, k\u013c\u016bstot par pir\u0101tu, princesi vai k\u0101du citu varoni. Komplekt\u0101 ietilpst kr\u0101sas un dekorat\u012bvie piederumi kop\u0101 ar uzl\u012bm\u0113m. Paredz\u0113ts l\u012bdz pat 10 seju apglezno\u0161anai. Komplekt\u0101 ietilpst: Sejas kr\u0101sa 1ml (4 gab.) Oti\u0146a Putuplasts kop\u0101 ar dekorat\u012bv\u0101m uzl\u012bm\u0113m\" \/>\n<meta property=\"og:url\" content=\"https:\/\/hobstop.ee\/lv\/produkts\/sejas-krasu-komplekts-role-play\/\" \/>\n<meta property=\"og:site_name\" content=\"Skizze\" \/>\n<meta property=\"article:publisher\" content=\"http:\/\/www.facebook.com\/VunderSkizze\" \/>\n<meta property=\"article:modified_time\" content=\"-0001-11-30T00:00:00+00:00\" \/>\n<meta name=\"twitter:card\" content=\"summary_large_image\" \/>\n<script type=\"application\/ld+json\" class=\"yoast-schema-graph\">{\"@context\":\"https:\/\/schema.org\",\"@graph\":[{\"@type\":\"WebPage\",\"@id\":\"https:\/\/hobstop.ee\/lv\/produkts\/sejas-krasu-komplekts-role-play\/\",\"url\":\"https:\/\/hobstop.ee\/lv\/produkts\/sejas-krasu-komplekts-role-play\/\",\"name\":\"Sejas kr\u0101su komplekts Role-Play &#8211; Skizze\",\"isPartOf\":{\"@id\":\"https:\/\/hobstop.ee\/lv\/#website\"},\"datePublished\":\"2014-12-09T11:37:12+00:00\",\"dateModified\":\"-0001-11-30T00:00:00+00:00\",\"breadcrumb\":{\"@id\":\"https:\/\/hobstop.ee\/lv\/produkts\/sejas-krasu-komplekts-role-play\/#breadcrumb\"},\"inLanguage\":\"lv-LV\",\"potentialAction\":[{\"@type\":\"ReadAction\",\"target\":[\"https:\/\/hobstop.ee\/lv\/produkts\/sejas-krasu-komplekts-role-play\/\"]}]},{\"@type\":\"BreadcrumbList\",\"@id\":\"https:\/\/hobstop.ee\/lv\/produkts\/sejas-krasu-komplekts-role-play\/#breadcrumb\",\"itemListElement\":[{\"@type\":\"ListItem\",\"position\":1,\"name\":\"Avaleht\",\"item\":\"https:\/\/hobstop.ee\/lv\/\"},{\"@type\":\"ListItem\",\"position\":2,\"name\":\"Veikals\",\"item\":\"https:\/\/hobstop.ee\/lv\/veikals\/\"},{\"@type\":\"ListItem\",\"position\":3,\"name\":\"Sejas kr\u0101su komplekts Role-Play\"}]},{\"@type\":\"WebSite\",\"@id\":\"https:\/\/hobstop.ee\/lv\/#website\",\"url\":\"https:\/\/hobstop.ee\/lv\/\",\"name\":\"Skizze\",\"description\":\"M\u0101kslas, hobiju un skolas preces\",\"publisher\":{\"@id\":\"https:\/\/hobstop.ee\/lv\/#organization\"},\"potentialAction\":[{\"@type\":\"SearchAction\",\"target\":{\"@type\":\"EntryPoint\",\"urlTemplate\":\"https:\/\/hobstop.ee\/lv\/?s={search_term_string}\"},\"query-input\":{\"@type\":\"PropertyValueSpecification\",\"valueRequired\":true,\"valueName\":\"search_term_string\"}}],\"inLanguage\":\"lv-LV\"},{\"@type\":\"Organization\",\"@id\":\"https:\/\/hobstop.ee\/lv\/#organization\",\"name\":\"Vunder AS\",\"url\":\"https:\/\/hobstop.ee\/lv\/\",\"logo\":{\"@type\":\"ImageObject\",\"inLanguage\":\"lv-LV\",\"@id\":\"https:\/\/hobstop.ee\/lv\/#\/schema\/logo\/image\/\",\"url\":\"https:\/\/hobstop.ee\/media\/vunder-logo.png\",\"contentUrl\":\"https:\/\/hobstop.ee\/media\/vunder-logo.png\",\"width\":127,\"height\":55,\"caption\":\"Vunder AS\"},\"image\":{\"@id\":\"https:\/\/hobstop.ee\/lv\/#\/schema\/logo\/image\/\"},\"sameAs\":[\"http:\/\/www.facebook.com\/VunderSkizze\"]}]}<\/script>\n<!-- \/ Yoast SEO plugin. -->","yoast_head_json":{"title":"Sejas kr\u0101su komplekts Role-Play &#8211; Skizze","robots":{"index":"noindex","follow":"follow","max-snippet":"max-snippet:-1","max-image-preview":"max-image-preview:large","max-video-preview":"max-video-preview:-1"},"og_locale":"lv_LV","og_type":"article","og_title":"Sejas kr\u0101su komplekts Role-Play &#8211; Skizze","og_description":"Aizraut\u012bgs un rado\u0161s komplekts gan meiten\u0113m, gan ar\u012b z\u0113niem \u013caus g\u016bt prieku stund\u0101m ilgi, k\u013c\u016bstot par pir\u0101tu, princesi vai k\u0101du citu varoni. Komplekt\u0101 ietilpst kr\u0101sas un dekorat\u012bvie piederumi kop\u0101 ar uzl\u012bm\u0113m. Paredz\u0113ts l\u012bdz pat 10 seju apglezno\u0161anai. Komplekt\u0101 ietilpst: Sejas kr\u0101sa 1ml (4 gab.) Oti\u0146a Putuplasts kop\u0101 ar dekorat\u012bv\u0101m uzl\u012bm\u0113m","og_url":"https:\/\/hobstop.ee\/lv\/produkts\/sejas-krasu-komplekts-role-play\/","og_site_name":"Skizze","article_publisher":"http:\/\/www.facebook.com\/VunderSkizze","article_modified_time":"-0001-11-30T00:00:00+00:00","twitter_card":"summary_large_image","schema":{"@context":"https:\/\/schema.org","@graph":[{"@type":"WebPage","@id":"https:\/\/hobstop.ee\/lv\/produkts\/sejas-krasu-komplekts-role-play\/","url":"https:\/\/hobstop.ee\/lv\/produkts\/sejas-krasu-komplekts-role-play\/","name":"Sejas kr\u0101su komplekts Role-Play &#8211; Skizze","isPartOf":{"@id":"https:\/\/hobstop.ee\/lv\/#website"},"datePublished":"2014-12-09T11:37:12+00:00","dateModified":"-0001-11-30T00:00:00+00:00","breadcrumb":{"@id":"https:\/\/hobstop.ee\/lv\/produkts\/sejas-krasu-komplekts-role-play\/#breadcrumb"},"inLanguage":"lv-LV","potentialAction":[{"@type":"ReadAction","target":["https:\/\/hobstop.ee\/lv\/produkts\/sejas-krasu-komplekts-role-play\/"]}]},{"@type":"BreadcrumbList","@id":"https:\/\/hobstop.ee\/lv\/produkts\/sejas-krasu-komplekts-role-play\/#breadcrumb","itemListElement":[{"@type":"ListItem","position":1,"name":"Avaleht","item":"https:\/\/hobstop.ee\/lv\/"},{"@type":"ListItem","position":2,"name":"Veikals","item":"https:\/\/hobstop.ee\/lv\/veikals\/"},{"@type":"ListItem","position":3,"name":"Sejas kr\u0101su komplekts Role-Play"}]},{"@type":"WebSite","@id":"https:\/\/hobstop.ee\/lv\/#website","url":"https:\/\/hobstop.ee\/lv\/","name":"Skizze","description":"M\u0101kslas, hobiju un skolas preces","publisher":{"@id":"https:\/\/hobstop.ee\/lv\/#organization"},"potentialAction":[{"@type":"SearchAction","target":{"@type":"EntryPoint","urlTemplate":"https:\/\/hobstop.ee\/lv\/?s={search_term_string}"},"query-input":{"@type":"PropertyValueSpecification","valueRequired":true,"valueName":"search_term_string"}}],"inLanguage":"lv-LV"},{"@type":"Organization","@id":"https:\/\/hobstop.ee\/lv\/#organization","name":"Vunder AS","url":"https:\/\/hobstop.ee\/lv\/","logo":{"@type":"ImageObject","inLanguage":"lv-LV","@id":"https:\/\/hobstop.ee\/lv\/#\/schema\/logo\/image\/","url":"https:\/\/hobstop.ee\/media\/vunder-logo.png","contentUrl":"https:\/\/hobstop.ee\/media\/vunder-logo.png","width":127,"height":55,"caption":"Vunder AS"},"image":{"@id":"https:\/\/hobstop.ee\/lv\/#\/schema\/logo\/image\/"},"sameAs":["http:\/\/www.facebook.com\/VunderSkizze"]}]}},"_links":{"self":[{"href":"https:\/\/hobstop.ee\/lv\/wp-json\/wp\/v2\/product\/63014","targetHints":{"allow":["GET"]}}],"collection":[{"href":"https:\/\/hobstop.ee\/lv\/wp-json\/wp\/v2\/product"}],"about":[{"href":"https:\/\/hobstop.ee\/lv\/wp-json\/wp\/v2\/types\/product"}],"replies":[{"embeddable":true,"href":"https:\/\/hobstop.ee\/lv\/wp-json\/wp\/v2\/comments?post=63014"}],"wp:attachment":[{"href":"https:\/\/hobstop.ee\/lv\/wp-json\/wp\/v2\/media?parent=63014"}],"wp:term":[{"taxonomy":"product_cat","embeddable":true,"href":"https:\/\/hobstop.ee\/lv\/wp-json\/wp\/v2\/product_cat?post=63014"},{"taxonomy":"product_tag","embeddable":true,"href":"https:\/\/hobstop.ee\/lv\/wp-json\/wp\/v2\/product_tag?post=63014"}],"curies":[{"name":"wp","href":"https:\/\/api.w.org\/{rel}","templated":true}]}}