{"id":63059,"date":"2014-12-09T13:37:20","date_gmt":"2014-12-09T11:37:20","guid":{"rendered":"https:\/\/sharks.ee\/vunder_2019.klient.veebimajutus.ee\/?post_type=product&p=63059"},"modified":"2014-12-09T13:37:20","modified_gmt":"2014-12-09T10:37:20","slug":"spiedoga-kats-manuscript-25mm-uzgalis","status":"publish","type":"product","link":"https:\/\/hobstop.ee\/lv\/produkts\/spiedoga-kats-manuscript-25mm-uzgalis\/","title":{"rendered":"Spiedoga k\u0101ts Manuscript 25mm uzgalis"},"content":{"rendered":"<p>Dekorat\u012bvais z\u012bmogu rokturis ir nepiecie\u0161ams vaska nospiedumu veido\u0161anai ar Manuscript dekorat\u012bvajiem z\u012bmogiem. Univers\u0101lais rokturis ir savienojams ar da\u017e\u0101diem z\u012bmogiem un, patiecoties t\u0101 vienk\u0101r\u0161ajai nomai\u0146ai, J\u016bs \u0101tri un \u0113rti var\u0113siet main\u012bt savu darbu dizainu! Piem\u0113rots izmanto\u0161anai tikai ar Manuscript 25mm dekorat\u012bvajiem z\u012bmogiem.<\/p>\n","protected":false},"excerpt":{"rendered":"<p>Dekorat\u012bvais z\u012bmogu rokturis ir nepiecie\u0161ams vaska nospiedumu veido\u0161anai ar Manuscript dekorat\u012bvajiem z\u012bmogiem. Univers\u0101lais rokturis ir savienojams ar da\u017e\u0101diem z\u012bmogiem un, patiecoties t\u0101 vienk\u0101r\u0161ajai nomai\u0146ai, J\u016bs \u0101tri un \u0113rti var\u0113siet main\u012bt savu darbu dizainu! Piem\u0113rots izmanto\u0161anai tikai ar Manuscript 25mm dekorat\u012bvajiem z\u012bmogiem.<\/p>\n","protected":false},"featured_media":295053,"comment_status":"closed","ping_status":"closed","template":"","meta":{"_acf_changed":false,"ep_exclude_from_search":false},"product_cat":[19838,17918,18332],"product_tag":[],"class_list":{"0":"post-63059","1":"product","2":"type-product","3":"status-publish","4":"has-post-thumbnail","6":"product_cat-papirmaksla","7":"product_cat-preces-hobijiem","8":"product_cat-spiedogi-un-vasks-2","10":"first","11":"outofstock","12":"taxable","13":"shipping-taxable","14":"purchasable","15":"product-type-variable"},"acf":[],"yoast_head":"<!-- This site is optimized with the Yoast SEO plugin v24.1 - https:\/\/yoast.com\/wordpress\/plugins\/seo\/ -->\n<title>Spiedoga k\u0101ts Manuscript 25mm uzgalis &#8211; Skizze<\/title>\n<meta name=\"robots\" content=\"noindex, follow, max-snippet:-1, max-image-preview:large, max-video-preview:-1\" \/>\n<meta property=\"og:locale\" content=\"lv_LV\" \/>\n<meta property=\"og:type\" content=\"article\" \/>\n<meta property=\"og:title\" content=\"Spiedoga k\u0101ts Manuscript 25mm uzgalis &#8211; Skizze\" \/>\n<meta property=\"og:description\" content=\"Dekorat\u012bvais z\u012bmogu rokturis ir nepiecie\u0161ams vaska nospiedumu veido\u0161anai ar Manuscript dekorat\u012bvajiem z\u012bmogiem. Univers\u0101lais rokturis ir savienojams ar da\u017e\u0101diem z\u012bmogiem un, patiecoties t\u0101 vienk\u0101r\u0161ajai nomai\u0146ai, J\u016bs \u0101tri un \u0113rti var\u0113siet main\u012bt savu darbu dizainu! Piem\u0113rots izmanto\u0161anai tikai ar Manuscript 25mm dekorat\u012bvajiem z\u012bmogiem.\" \/>\n<meta property=\"og:url\" content=\"https:\/\/hobstop.ee\/lv\/produkts\/spiedoga-kats-manuscript-25mm-uzgalis\/\" \/>\n<meta property=\"og:site_name\" content=\"Skizze\" \/>\n<meta property=\"article:publisher\" content=\"http:\/\/www.facebook.com\/VunderSkizze\" \/>\n<meta property=\"article:modified_time\" content=\"-0001-11-30T00:00:00+00:00\" \/>\n<meta property=\"og:image\" content=\"https:\/\/hobstop.ee\/media\/3591.jpg\" \/>\n\t<meta property=\"og:image:width\" content=\"1024\" \/>\n\t<meta property=\"og:image:height\" content=\"768\" \/>\n\t<meta property=\"og:image:type\" content=\"image\/jpeg\" \/>\n<meta name=\"twitter:card\" content=\"summary_large_image\" \/>\n<script type=\"application\/ld+json\" class=\"yoast-schema-graph\">{\"@context\":\"https:\/\/schema.org\",\"@graph\":[{\"@type\":\"WebPage\",\"@id\":\"https:\/\/hobstop.ee\/lv\/produkts\/spiedoga-kats-manuscript-25mm-uzgalis\/\",\"url\":\"https:\/\/hobstop.ee\/lv\/produkts\/spiedoga-kats-manuscript-25mm-uzgalis\/\",\"name\":\"Spiedoga k\u0101ts Manuscript 25mm uzgalis &#8211; Skizze\",\"isPartOf\":{\"@id\":\"https:\/\/hobstop.ee\/lv\/#website\"},\"primaryImageOfPage\":{\"@id\":\"https:\/\/hobstop.ee\/lv\/produkts\/spiedoga-kats-manuscript-25mm-uzgalis\/#primaryimage\"},\"image\":{\"@id\":\"https:\/\/hobstop.ee\/lv\/produkts\/spiedoga-kats-manuscript-25mm-uzgalis\/#primaryimage\"},\"thumbnailUrl\":\"https:\/\/hobstop.ee\/media\/3591.jpg\",\"datePublished\":\"2014-12-09T11:37:20+00:00\",\"dateModified\":\"-0001-11-30T00:00:00+00:00\",\"breadcrumb\":{\"@id\":\"https:\/\/hobstop.ee\/lv\/produkts\/spiedoga-kats-manuscript-25mm-uzgalis\/#breadcrumb\"},\"inLanguage\":\"lv-LV\",\"potentialAction\":[{\"@type\":\"ReadAction\",\"target\":[\"https:\/\/hobstop.ee\/lv\/produkts\/spiedoga-kats-manuscript-25mm-uzgalis\/\"]}]},{\"@type\":\"ImageObject\",\"inLanguage\":\"lv-LV\",\"@id\":\"https:\/\/hobstop.ee\/lv\/produkts\/spiedoga-kats-manuscript-25mm-uzgalis\/#primaryimage\",\"url\":\"https:\/\/hobstop.ee\/media\/3591.jpg\",\"contentUrl\":\"https:\/\/hobstop.ee\/media\/3591.jpg\",\"width\":1024,\"height\":768},{\"@type\":\"BreadcrumbList\",\"@id\":\"https:\/\/hobstop.ee\/lv\/produkts\/spiedoga-kats-manuscript-25mm-uzgalis\/#breadcrumb\",\"itemListElement\":[{\"@type\":\"ListItem\",\"position\":1,\"name\":\"Avaleht\",\"item\":\"https:\/\/www.hobstop.ee\/lv\/\"},{\"@type\":\"ListItem\",\"position\":2,\"name\":\"Veikals\",\"item\":\"https:\/\/www.hobstop.ee\/lv\/veikals\/\"},{\"@type\":\"ListItem\",\"position\":3,\"name\":\"Spiedoga k\u0101ts Manuscript 25mm uzgalis\"}]},{\"@type\":\"WebSite\",\"@id\":\"https:\/\/hobstop.ee\/lv\/#website\",\"url\":\"https:\/\/hobstop.ee\/lv\/\",\"name\":\"Skizze\",\"description\":\"M\u0101kslas, hobiju un skolas preces\",\"publisher\":{\"@id\":\"https:\/\/hobstop.ee\/lv\/#organization\"},\"potentialAction\":[{\"@type\":\"SearchAction\",\"target\":{\"@type\":\"EntryPoint\",\"urlTemplate\":\"https:\/\/hobstop.ee\/lv\/?s={search_term_string}\"},\"query-input\":{\"@type\":\"PropertyValueSpecification\",\"valueRequired\":true,\"valueName\":\"search_term_string\"}}],\"inLanguage\":\"lv-LV\"},{\"@type\":\"Organization\",\"@id\":\"https:\/\/hobstop.ee\/lv\/#organization\",\"name\":\"Vunder AS\",\"url\":\"https:\/\/hobstop.ee\/lv\/\",\"logo\":{\"@type\":\"ImageObject\",\"inLanguage\":\"lv-LV\",\"@id\":\"https:\/\/hobstop.ee\/lv\/#\/schema\/logo\/image\/\",\"url\":\"https:\/\/hobstop.ee\/media\/vunder-logo.png\",\"contentUrl\":\"https:\/\/hobstop.ee\/media\/vunder-logo.png\",\"width\":127,\"height\":55,\"caption\":\"Vunder AS\"},\"image\":{\"@id\":\"https:\/\/hobstop.ee\/lv\/#\/schema\/logo\/image\/\"},\"sameAs\":[\"http:\/\/www.facebook.com\/VunderSkizze\"]}]}<\/script>\n<!-- \/ Yoast SEO plugin. -->","yoast_head_json":{"title":"Spiedoga k\u0101ts Manuscript 25mm uzgalis &#8211; Skizze","robots":{"index":"noindex","follow":"follow","max-snippet":"max-snippet:-1","max-image-preview":"max-image-preview:large","max-video-preview":"max-video-preview:-1"},"og_locale":"lv_LV","og_type":"article","og_title":"Spiedoga k\u0101ts Manuscript 25mm uzgalis &#8211; Skizze","og_description":"Dekorat\u012bvais z\u012bmogu rokturis ir nepiecie\u0161ams vaska nospiedumu veido\u0161anai ar Manuscript dekorat\u012bvajiem z\u012bmogiem. Univers\u0101lais rokturis ir savienojams ar da\u017e\u0101diem z\u012bmogiem un, patiecoties t\u0101 vienk\u0101r\u0161ajai nomai\u0146ai, J\u016bs \u0101tri un \u0113rti var\u0113siet main\u012bt savu darbu dizainu! Piem\u0113rots izmanto\u0161anai tikai ar Manuscript 25mm dekorat\u012bvajiem z\u012bmogiem.","og_url":"https:\/\/hobstop.ee\/lv\/produkts\/spiedoga-kats-manuscript-25mm-uzgalis\/","og_site_name":"Skizze","article_publisher":"http:\/\/www.facebook.com\/VunderSkizze","article_modified_time":"-0001-11-30T00:00:00+00:00","og_image":[{"width":1024,"height":768,"url":"https:\/\/hobstop.ee\/media\/3591.jpg","type":"image\/jpeg"}],"twitter_card":"summary_large_image","schema":{"@context":"https:\/\/schema.org","@graph":[{"@type":"WebPage","@id":"https:\/\/hobstop.ee\/lv\/produkts\/spiedoga-kats-manuscript-25mm-uzgalis\/","url":"https:\/\/hobstop.ee\/lv\/produkts\/spiedoga-kats-manuscript-25mm-uzgalis\/","name":"Spiedoga k\u0101ts Manuscript 25mm uzgalis &#8211; Skizze","isPartOf":{"@id":"https:\/\/hobstop.ee\/lv\/#website"},"primaryImageOfPage":{"@id":"https:\/\/hobstop.ee\/lv\/produkts\/spiedoga-kats-manuscript-25mm-uzgalis\/#primaryimage"},"image":{"@id":"https:\/\/hobstop.ee\/lv\/produkts\/spiedoga-kats-manuscript-25mm-uzgalis\/#primaryimage"},"thumbnailUrl":"https:\/\/hobstop.ee\/media\/3591.jpg","datePublished":"2014-12-09T11:37:20+00:00","dateModified":"-0001-11-30T00:00:00+00:00","breadcrumb":{"@id":"https:\/\/hobstop.ee\/lv\/produkts\/spiedoga-kats-manuscript-25mm-uzgalis\/#breadcrumb"},"inLanguage":"lv-LV","potentialAction":[{"@type":"ReadAction","target":["https:\/\/hobstop.ee\/lv\/produkts\/spiedoga-kats-manuscript-25mm-uzgalis\/"]}]},{"@type":"ImageObject","inLanguage":"lv-LV","@id":"https:\/\/hobstop.ee\/lv\/produkts\/spiedoga-kats-manuscript-25mm-uzgalis\/#primaryimage","url":"https:\/\/hobstop.ee\/media\/3591.jpg","contentUrl":"https:\/\/hobstop.ee\/media\/3591.jpg","width":1024,"height":768},{"@type":"BreadcrumbList","@id":"https:\/\/hobstop.ee\/lv\/produkts\/spiedoga-kats-manuscript-25mm-uzgalis\/#breadcrumb","itemListElement":[{"@type":"ListItem","position":1,"name":"Avaleht","item":"https:\/\/www.hobstop.ee\/lv\/"},{"@type":"ListItem","position":2,"name":"Veikals","item":"https:\/\/www.hobstop.ee\/lv\/veikals\/"},{"@type":"ListItem","position":3,"name":"Spiedoga k\u0101ts Manuscript 25mm uzgalis"}]},{"@type":"WebSite","@id":"https:\/\/hobstop.ee\/lv\/#website","url":"https:\/\/hobstop.ee\/lv\/","name":"Skizze","description":"M\u0101kslas, hobiju un skolas preces","publisher":{"@id":"https:\/\/hobstop.ee\/lv\/#organization"},"potentialAction":[{"@type":"SearchAction","target":{"@type":"EntryPoint","urlTemplate":"https:\/\/hobstop.ee\/lv\/?s={search_term_string}"},"query-input":{"@type":"PropertyValueSpecification","valueRequired":true,"valueName":"search_term_string"}}],"inLanguage":"lv-LV"},{"@type":"Organization","@id":"https:\/\/hobstop.ee\/lv\/#organization","name":"Vunder AS","url":"https:\/\/hobstop.ee\/lv\/","logo":{"@type":"ImageObject","inLanguage":"lv-LV","@id":"https:\/\/hobstop.ee\/lv\/#\/schema\/logo\/image\/","url":"https:\/\/hobstop.ee\/media\/vunder-logo.png","contentUrl":"https:\/\/hobstop.ee\/media\/vunder-logo.png","width":127,"height":55,"caption":"Vunder AS"},"image":{"@id":"https:\/\/hobstop.ee\/lv\/#\/schema\/logo\/image\/"},"sameAs":["http:\/\/www.facebook.com\/VunderSkizze"]}]}},"_links":{"self":[{"href":"https:\/\/hobstop.ee\/lv\/wp-json\/wp\/v2\/product\/63059","targetHints":{"allow":["GET"]}}],"collection":[{"href":"https:\/\/hobstop.ee\/lv\/wp-json\/wp\/v2\/product"}],"about":[{"href":"https:\/\/hobstop.ee\/lv\/wp-json\/wp\/v2\/types\/product"}],"replies":[{"embeddable":true,"href":"https:\/\/hobstop.ee\/lv\/wp-json\/wp\/v2\/comments?post=63059"}],"wp:featuredmedia":[{"embeddable":true,"href":"https:\/\/hobstop.ee\/lv\/wp-json\/wp\/v2\/media\/295053"}],"wp:attachment":[{"href":"https:\/\/hobstop.ee\/lv\/wp-json\/wp\/v2\/media?parent=63059"}],"wp:term":[{"taxonomy":"product_cat","embeddable":true,"href":"https:\/\/hobstop.ee\/lv\/wp-json\/wp\/v2\/product_cat?post=63059"},{"taxonomy":"product_tag","embeddable":true,"href":"https:\/\/hobstop.ee\/lv\/wp-json\/wp\/v2\/product_tag?post=63059"}],"curies":[{"name":"wp","href":"https:\/\/api.w.org\/{rel}","templated":true}]}}