{"id":63068,"date":"2014-12-09T13:37:23","date_gmt":"2014-12-09T11:37:23","guid":{"rendered":"https:\/\/sharks.ee\/vunder_2019.klient.veebimajutus.ee\/?post_type=product&p=63068"},"modified":"2014-12-09T13:37:23","modified_gmt":"2014-12-09T10:37:23","slug":"krasotaja-limlente-tesa-precision-sensitive","status":"publish","type":"product","link":"https:\/\/hobstop.ee\/lv\/produkts\/krasotaja-limlente-tesa-precision-sensitive\/","title":{"rendered":"Kr\u0101sot\u0101ja l\u012bmlente Tesa Precision Sensitive"},"content":{"rendered":"<p>\u012apa\u0161i pl\u0101na kr\u0101sot\u0101ju l\u012bmlente jut\u012bg\u0101m virsm\u0101m (piem., svaigi kr\u0101sot\u0101m virsm\u0101m). \u013bauj ieg\u016bt skaidras un prec\u012bzas kr\u0101sojuma malas, t\u0101d\u0113\u013c ir ide\u0101li piem\u0113rota t\u0101du kr\u0101so\u0161anas darbu veik\u0161anai, kam nepiecie\u0161ama \u012bpa\u0161a precizit\u0101te.  Iztur\u012bgs un gr\u016bti pl\u012bsto\u0161s pamatmateri\u0101ls.  Piem\u0113rota darbam ar visu veidu kr\u0101s\u0101m. Neatst\u0101j p\u0113das, no\u0146emot 7 dienu laik\u0101.<\/p>\n","protected":false},"excerpt":{"rendered":"<p>\u012apa\u0161i pl\u0101na kr\u0101sot\u0101ju l\u012bmlente jut\u012bg\u0101m virsm\u0101m (piem., svaigi kr\u0101sot\u0101m virsm\u0101m). \u013bauj ieg\u016bt skaidras un prec\u012bzas kr\u0101sojuma malas, t\u0101d\u0113\u013c ir ide\u0101li piem\u0113rota t\u0101du kr\u0101so\u0161anas darbu veik\u0161anai, kam nepiecie\u0161ama \u012bpa\u0161a precizit\u0101te. Iztur\u012bgs un gr\u016bti pl\u012bsto\u0161s pamatmateri\u0101ls. Piem\u0113rota darbam ar visu veidu kr\u0101s\u0101m. Neatst\u0101j p\u0113das, no\u0146emot 7 dienu laik\u0101.<\/p>\n","protected":false},"featured_media":107550,"comment_status":"closed","ping_status":"closed","template":"","meta":{"_acf_changed":false,"ep_exclude_from_search":false},"product_cat":[17913,18054,18919],"product_tag":[],"class_list":{"0":"post-63068","1":"product","2":"type-product","3":"status-publish","4":"has-post-thumbnail","6":"product_cat-biroja-preces","7":"product_cat-limlentes-2","8":"product_cat-ofisa-preces-4","10":"first","11":"instock","12":"taxable","13":"shipping-taxable","14":"purchasable","15":"product-type-variable"},"acf":[],"yoast_head":"<!-- This site is optimized with the Yoast SEO plugin v24.1 - https:\/\/yoast.com\/wordpress\/plugins\/seo\/ -->\n<title>Kr\u0101sot\u0101ja l\u012bmlente Tesa Precision Sensitive &#8211; Skizze<\/title>\n<meta name=\"robots\" content=\"noindex, follow, max-snippet:-1, max-image-preview:large, max-video-preview:-1\" \/>\n<meta property=\"og:locale\" content=\"lv_LV\" \/>\n<meta property=\"og:type\" content=\"article\" \/>\n<meta property=\"og:title\" content=\"Kr\u0101sot\u0101ja l\u012bmlente Tesa Precision Sensitive &#8211; Skizze\" \/>\n<meta property=\"og:description\" content=\"\u012apa\u0161i pl\u0101na kr\u0101sot\u0101ju l\u012bmlente jut\u012bg\u0101m virsm\u0101m (piem., svaigi kr\u0101sot\u0101m virsm\u0101m). \u013bauj ieg\u016bt skaidras un prec\u012bzas kr\u0101sojuma malas, t\u0101d\u0113\u013c ir ide\u0101li piem\u0113rota t\u0101du kr\u0101so\u0161anas darbu veik\u0161anai, kam nepiecie\u0161ama \u012bpa\u0161a precizit\u0101te. Iztur\u012bgs un gr\u016bti pl\u012bsto\u0161s pamatmateri\u0101ls. Piem\u0113rota darbam ar visu veidu kr\u0101s\u0101m. Neatst\u0101j p\u0113das, no\u0146emot 7 dienu laik\u0101.\" \/>\n<meta property=\"og:url\" content=\"https:\/\/hobstop.ee\/lv\/produkts\/krasotaja-limlente-tesa-precision-sensitive\/\" \/>\n<meta property=\"og:site_name\" content=\"Skizze\" \/>\n<meta property=\"article:publisher\" content=\"http:\/\/www.facebook.com\/VunderSkizze\" \/>\n<meta property=\"article:modified_time\" content=\"-0001-11-30T00:00:00+00:00\" \/>\n<meta property=\"og:image\" content=\"https:\/\/hobstop.ee\/media\/3596.jpg\" \/>\n\t<meta property=\"og:image:width\" content=\"1024\" \/>\n\t<meta property=\"og:image:height\" content=\"768\" \/>\n\t<meta property=\"og:image:type\" content=\"image\/jpeg\" \/>\n<meta name=\"twitter:card\" content=\"summary_large_image\" \/>\n<script type=\"application\/ld+json\" class=\"yoast-schema-graph\">{\"@context\":\"https:\/\/schema.org\",\"@graph\":[{\"@type\":\"WebPage\",\"@id\":\"https:\/\/hobstop.ee\/lv\/produkts\/krasotaja-limlente-tesa-precision-sensitive\/\",\"url\":\"https:\/\/hobstop.ee\/lv\/produkts\/krasotaja-limlente-tesa-precision-sensitive\/\",\"name\":\"Kr\u0101sot\u0101ja l\u012bmlente Tesa Precision Sensitive &#8211; Skizze\",\"isPartOf\":{\"@id\":\"https:\/\/hobstop.ee\/lv\/#website\"},\"primaryImageOfPage\":{\"@id\":\"https:\/\/hobstop.ee\/lv\/produkts\/krasotaja-limlente-tesa-precision-sensitive\/#primaryimage\"},\"image\":{\"@id\":\"https:\/\/hobstop.ee\/lv\/produkts\/krasotaja-limlente-tesa-precision-sensitive\/#primaryimage\"},\"thumbnailUrl\":\"https:\/\/hobstop.ee\/media\/3596.jpg\",\"datePublished\":\"2014-12-09T11:37:23+00:00\",\"dateModified\":\"-0001-11-30T00:00:00+00:00\",\"breadcrumb\":{\"@id\":\"https:\/\/hobstop.ee\/lv\/produkts\/krasotaja-limlente-tesa-precision-sensitive\/#breadcrumb\"},\"inLanguage\":\"lv-LV\",\"potentialAction\":[{\"@type\":\"ReadAction\",\"target\":[\"https:\/\/hobstop.ee\/lv\/produkts\/krasotaja-limlente-tesa-precision-sensitive\/\"]}]},{\"@type\":\"ImageObject\",\"inLanguage\":\"lv-LV\",\"@id\":\"https:\/\/hobstop.ee\/lv\/produkts\/krasotaja-limlente-tesa-precision-sensitive\/#primaryimage\",\"url\":\"https:\/\/hobstop.ee\/media\/3596.jpg\",\"contentUrl\":\"https:\/\/hobstop.ee\/media\/3596.jpg\",\"width\":1024,\"height\":768},{\"@type\":\"BreadcrumbList\",\"@id\":\"https:\/\/hobstop.ee\/lv\/produkts\/krasotaja-limlente-tesa-precision-sensitive\/#breadcrumb\",\"itemListElement\":[{\"@type\":\"ListItem\",\"position\":1,\"name\":\"Avaleht\",\"item\":\"https:\/\/www.hobstop.ee\/lv\/\"},{\"@type\":\"ListItem\",\"position\":2,\"name\":\"Veikals\",\"item\":\"https:\/\/www.hobstop.ee\/lv\/veikals\/\"},{\"@type\":\"ListItem\",\"position\":3,\"name\":\"Kr\u0101sot\u0101ja l\u012bmlente Tesa Precision Sensitive\"}]},{\"@type\":\"WebSite\",\"@id\":\"https:\/\/hobstop.ee\/lv\/#website\",\"url\":\"https:\/\/hobstop.ee\/lv\/\",\"name\":\"Skizze\",\"description\":\"M\u0101kslas, hobiju un skolas preces\",\"publisher\":{\"@id\":\"https:\/\/hobstop.ee\/lv\/#organization\"},\"potentialAction\":[{\"@type\":\"SearchAction\",\"target\":{\"@type\":\"EntryPoint\",\"urlTemplate\":\"https:\/\/hobstop.ee\/lv\/?s={search_term_string}\"},\"query-input\":{\"@type\":\"PropertyValueSpecification\",\"valueRequired\":true,\"valueName\":\"search_term_string\"}}],\"inLanguage\":\"lv-LV\"},{\"@type\":\"Organization\",\"@id\":\"https:\/\/hobstop.ee\/lv\/#organization\",\"name\":\"Vunder AS\",\"url\":\"https:\/\/hobstop.ee\/lv\/\",\"logo\":{\"@type\":\"ImageObject\",\"inLanguage\":\"lv-LV\",\"@id\":\"https:\/\/hobstop.ee\/lv\/#\/schema\/logo\/image\/\",\"url\":\"https:\/\/hobstop.ee\/media\/vunder-logo.png\",\"contentUrl\":\"https:\/\/hobstop.ee\/media\/vunder-logo.png\",\"width\":127,\"height\":55,\"caption\":\"Vunder AS\"},\"image\":{\"@id\":\"https:\/\/hobstop.ee\/lv\/#\/schema\/logo\/image\/\"},\"sameAs\":[\"http:\/\/www.facebook.com\/VunderSkizze\"]}]}<\/script>\n<!-- \/ Yoast SEO plugin. -->","yoast_head_json":{"title":"Kr\u0101sot\u0101ja l\u012bmlente Tesa Precision Sensitive &#8211; Skizze","robots":{"index":"noindex","follow":"follow","max-snippet":"max-snippet:-1","max-image-preview":"max-image-preview:large","max-video-preview":"max-video-preview:-1"},"og_locale":"lv_LV","og_type":"article","og_title":"Kr\u0101sot\u0101ja l\u012bmlente Tesa Precision Sensitive &#8211; Skizze","og_description":"\u012apa\u0161i pl\u0101na kr\u0101sot\u0101ju l\u012bmlente jut\u012bg\u0101m virsm\u0101m (piem., svaigi kr\u0101sot\u0101m virsm\u0101m). \u013bauj ieg\u016bt skaidras un prec\u012bzas kr\u0101sojuma malas, t\u0101d\u0113\u013c ir ide\u0101li piem\u0113rota t\u0101du kr\u0101so\u0161anas darbu veik\u0161anai, kam nepiecie\u0161ama \u012bpa\u0161a precizit\u0101te. Iztur\u012bgs un gr\u016bti pl\u012bsto\u0161s pamatmateri\u0101ls. Piem\u0113rota darbam ar visu veidu kr\u0101s\u0101m. Neatst\u0101j p\u0113das, no\u0146emot 7 dienu laik\u0101.","og_url":"https:\/\/hobstop.ee\/lv\/produkts\/krasotaja-limlente-tesa-precision-sensitive\/","og_site_name":"Skizze","article_publisher":"http:\/\/www.facebook.com\/VunderSkizze","article_modified_time":"-0001-11-30T00:00:00+00:00","og_image":[{"width":1024,"height":768,"url":"https:\/\/hobstop.ee\/media\/3596.jpg","type":"image\/jpeg"}],"twitter_card":"summary_large_image","schema":{"@context":"https:\/\/schema.org","@graph":[{"@type":"WebPage","@id":"https:\/\/hobstop.ee\/lv\/produkts\/krasotaja-limlente-tesa-precision-sensitive\/","url":"https:\/\/hobstop.ee\/lv\/produkts\/krasotaja-limlente-tesa-precision-sensitive\/","name":"Kr\u0101sot\u0101ja l\u012bmlente Tesa Precision Sensitive &#8211; Skizze","isPartOf":{"@id":"https:\/\/hobstop.ee\/lv\/#website"},"primaryImageOfPage":{"@id":"https:\/\/hobstop.ee\/lv\/produkts\/krasotaja-limlente-tesa-precision-sensitive\/#primaryimage"},"image":{"@id":"https:\/\/hobstop.ee\/lv\/produkts\/krasotaja-limlente-tesa-precision-sensitive\/#primaryimage"},"thumbnailUrl":"https:\/\/hobstop.ee\/media\/3596.jpg","datePublished":"2014-12-09T11:37:23+00:00","dateModified":"-0001-11-30T00:00:00+00:00","breadcrumb":{"@id":"https:\/\/hobstop.ee\/lv\/produkts\/krasotaja-limlente-tesa-precision-sensitive\/#breadcrumb"},"inLanguage":"lv-LV","potentialAction":[{"@type":"ReadAction","target":["https:\/\/hobstop.ee\/lv\/produkts\/krasotaja-limlente-tesa-precision-sensitive\/"]}]},{"@type":"ImageObject","inLanguage":"lv-LV","@id":"https:\/\/hobstop.ee\/lv\/produkts\/krasotaja-limlente-tesa-precision-sensitive\/#primaryimage","url":"https:\/\/hobstop.ee\/media\/3596.jpg","contentUrl":"https:\/\/hobstop.ee\/media\/3596.jpg","width":1024,"height":768},{"@type":"BreadcrumbList","@id":"https:\/\/hobstop.ee\/lv\/produkts\/krasotaja-limlente-tesa-precision-sensitive\/#breadcrumb","itemListElement":[{"@type":"ListItem","position":1,"name":"Avaleht","item":"https:\/\/www.hobstop.ee\/lv\/"},{"@type":"ListItem","position":2,"name":"Veikals","item":"https:\/\/www.hobstop.ee\/lv\/veikals\/"},{"@type":"ListItem","position":3,"name":"Kr\u0101sot\u0101ja l\u012bmlente Tesa Precision Sensitive"}]},{"@type":"WebSite","@id":"https:\/\/hobstop.ee\/lv\/#website","url":"https:\/\/hobstop.ee\/lv\/","name":"Skizze","description":"M\u0101kslas, hobiju un skolas preces","publisher":{"@id":"https:\/\/hobstop.ee\/lv\/#organization"},"potentialAction":[{"@type":"SearchAction","target":{"@type":"EntryPoint","urlTemplate":"https:\/\/hobstop.ee\/lv\/?s={search_term_string}"},"query-input":{"@type":"PropertyValueSpecification","valueRequired":true,"valueName":"search_term_string"}}],"inLanguage":"lv-LV"},{"@type":"Organization","@id":"https:\/\/hobstop.ee\/lv\/#organization","name":"Vunder AS","url":"https:\/\/hobstop.ee\/lv\/","logo":{"@type":"ImageObject","inLanguage":"lv-LV","@id":"https:\/\/hobstop.ee\/lv\/#\/schema\/logo\/image\/","url":"https:\/\/hobstop.ee\/media\/vunder-logo.png","contentUrl":"https:\/\/hobstop.ee\/media\/vunder-logo.png","width":127,"height":55,"caption":"Vunder AS"},"image":{"@id":"https:\/\/hobstop.ee\/lv\/#\/schema\/logo\/image\/"},"sameAs":["http:\/\/www.facebook.com\/VunderSkizze"]}]}},"_links":{"self":[{"href":"https:\/\/hobstop.ee\/lv\/wp-json\/wp\/v2\/product\/63068","targetHints":{"allow":["GET"]}}],"collection":[{"href":"https:\/\/hobstop.ee\/lv\/wp-json\/wp\/v2\/product"}],"about":[{"href":"https:\/\/hobstop.ee\/lv\/wp-json\/wp\/v2\/types\/product"}],"replies":[{"embeddable":true,"href":"https:\/\/hobstop.ee\/lv\/wp-json\/wp\/v2\/comments?post=63068"}],"wp:featuredmedia":[{"embeddable":true,"href":"https:\/\/hobstop.ee\/lv\/wp-json\/wp\/v2\/media\/107550"}],"wp:attachment":[{"href":"https:\/\/hobstop.ee\/lv\/wp-json\/wp\/v2\/media?parent=63068"}],"wp:term":[{"taxonomy":"product_cat","embeddable":true,"href":"https:\/\/hobstop.ee\/lv\/wp-json\/wp\/v2\/product_cat?post=63068"},{"taxonomy":"product_tag","embeddable":true,"href":"https:\/\/hobstop.ee\/lv\/wp-json\/wp\/v2\/product_tag?post=63068"}],"curies":[{"name":"wp","href":"https:\/\/api.w.org\/{rel}","templated":true}]}}