{"id":63089,"date":"2014-12-09T13:37:27","date_gmt":"2014-12-09T11:37:27","guid":{"rendered":"https:\/\/sharks.ee\/vunder_2019.klient.veebimajutus.ee\/?post_type=product&p=63089"},"modified":"2014-12-09T13:37:27","modified_gmt":"2014-12-09T10:37:27","slug":"akvarelpapirs-canson-moulin-du-roy","status":"publish","type":"product","link":"https:\/\/hobstop.ee\/lv\/produkts\/akvarelpapirs-canson-moulin-du-roy\/","title":{"rendered":"Akvare\u013cpap\u012brs Canson Moulin du Roy"},"content":{"rendered":"<p>Canson Moulin du Roy ir akvare\u013cu pap\u012brs, kas ra\u017eots, izmantojot tradicion\u0101lo cilindra veidnes iek\u0101rtu un piln\u012bb\u0101 l\u012bdzin\u0101s ar roku izgatavotam pap\u012bram. No 100% kokvilnas izgatavotais pap\u012brs ir \u013coti iztur\u012bgs un tam ir ide\u0101las uzs\u016bk\u0161anas sp\u0113jas. Speci\u0101l\u0101 virsmas apstr\u0101de dod iesp\u0113ju mazin\u0101t jau no\u017euvu\u0161as kr\u0101sas intensit\u0101ti, k\u0101 ar\u012b preciz\u0113t un main\u012bt akvare\u013cu kr\u0101su, nodro\u0161inot spilgtus to\u0146us. Dab\u012bgi balts, sk\u0101bes nesaturo\u0161s pap\u012brs, kura ra\u017eo\u0161an\u0101 nav izmantoti balin\u0101t\u0101ji, nodro\u0161ina optim\u0101lu darbu saglab\u0101\u0161anu.<br \/>\nIde\u0101li piem\u0113rots: akvare\u013cu tehnikai<\/p>\n","protected":false},"excerpt":{"rendered":"<p>Canson Moulin du Roy ir akvare\u013cu pap\u012brs, kas ra\u017eots, izmantojot tradicion\u0101lo cilindra veidnes iek\u0101rtu un piln\u012bb\u0101 l\u012bdzin\u0101s ar roku izgatavotam pap\u012bram. No 100% kokvilnas izgatavotais pap\u012brs ir \u013coti iztur\u012bgs un tam ir ide\u0101las uzs\u016bk\u0161anas sp\u0113jas. Speci\u0101l\u0101 virsmas apstr\u0101de dod iesp\u0113ju mazin\u0101t jau no\u017euvu\u0161as kr\u0101sas intensit\u0101ti, k\u0101 ar\u012b preciz\u0113t un main\u012bt akvare\u013cu kr\u0101su, nodro\u0161inot spilgtus to\u0146us. Dab\u012bgi balts, sk\u0101bes nesaturo\u0161s pap\u012brs, kura ra\u017eo\u0161an\u0101 nav izmantoti balin\u0101t\u0101ji, nodro\u0161ina optim\u0101lu darbu saglab\u0101\u0161anu. Ide\u0101li piem\u0113rots: akvare\u013cu tehnikai<\/p>\n","protected":false},"featured_media":0,"comment_status":"closed","ping_status":"closed","template":"","meta":{"_acf_changed":false,"ep_exclude_from_search":false},"product_cat":[19018,18943,17921],"product_tag":[],"class_list":{"0":"post-63089","1":"product","2":"type-product","3":"status-publish","5":"product_cat-akvarelpapirs-un-bloki-2","6":"product_cat-makslas-papirs-un-kartons-2","7":"product_cat-papira-izstradajumi","9":"first","10":"outofstock","11":"taxable","12":"shipping-taxable","13":"purchasable","14":"product-type-variable"},"acf":[],"yoast_head":"<!-- This site is optimized with the Yoast SEO plugin v24.1 - https:\/\/yoast.com\/wordpress\/plugins\/seo\/ -->\n<title>Akvare\u013cpap\u012brs Canson Moulin du Roy &#8211; Skizze<\/title>\n<meta name=\"robots\" content=\"noindex, follow, max-snippet:-1, max-image-preview:large, max-video-preview:-1\" \/>\n<meta property=\"og:locale\" content=\"lv_LV\" \/>\n<meta property=\"og:type\" content=\"article\" \/>\n<meta property=\"og:title\" content=\"Akvare\u013cpap\u012brs Canson Moulin du Roy &#8211; Skizze\" \/>\n<meta property=\"og:description\" content=\"Canson Moulin du Roy ir akvare\u013cu pap\u012brs, kas ra\u017eots, izmantojot tradicion\u0101lo cilindra veidnes iek\u0101rtu un piln\u012bb\u0101 l\u012bdzin\u0101s ar roku izgatavotam pap\u012bram. No 100% kokvilnas izgatavotais pap\u012brs ir \u013coti iztur\u012bgs un tam ir ide\u0101las uzs\u016bk\u0161anas sp\u0113jas. Speci\u0101l\u0101 virsmas apstr\u0101de dod iesp\u0113ju mazin\u0101t jau no\u017euvu\u0161as kr\u0101sas intensit\u0101ti, k\u0101 ar\u012b preciz\u0113t un main\u012bt akvare\u013cu kr\u0101su, nodro\u0161inot spilgtus to\u0146us. Dab\u012bgi balts, sk\u0101bes nesaturo\u0161s pap\u012brs, kura ra\u017eo\u0161an\u0101 nav izmantoti balin\u0101t\u0101ji, nodro\u0161ina optim\u0101lu darbu saglab\u0101\u0161anu. Ide\u0101li piem\u0113rots: akvare\u013cu tehnikai\" \/>\n<meta property=\"og:url\" content=\"https:\/\/hobstop.ee\/lv\/produkts\/akvarelpapirs-canson-moulin-du-roy\/\" \/>\n<meta property=\"og:site_name\" content=\"Skizze\" \/>\n<meta property=\"article:publisher\" content=\"http:\/\/www.facebook.com\/VunderSkizze\" \/>\n<meta property=\"article:modified_time\" content=\"-0001-11-30T00:00:00+00:00\" \/>\n<meta name=\"twitter:card\" content=\"summary_large_image\" \/>\n<meta name=\"twitter:label1\" content=\"Est. reading time\" \/>\n\t<meta name=\"twitter:data1\" content=\"1 min\u016b\u0161u\" \/>\n<script type=\"application\/ld+json\" class=\"yoast-schema-graph\">{\"@context\":\"https:\/\/schema.org\",\"@graph\":[{\"@type\":\"WebPage\",\"@id\":\"https:\/\/hobstop.ee\/lv\/produkts\/akvarelpapirs-canson-moulin-du-roy\/\",\"url\":\"https:\/\/hobstop.ee\/lv\/produkts\/akvarelpapirs-canson-moulin-du-roy\/\",\"name\":\"Akvare\u013cpap\u012brs Canson Moulin du Roy &#8211; Skizze\",\"isPartOf\":{\"@id\":\"https:\/\/hobstop.ee\/lv\/#website\"},\"datePublished\":\"2014-12-09T11:37:27+00:00\",\"dateModified\":\"-0001-11-30T00:00:00+00:00\",\"breadcrumb\":{\"@id\":\"https:\/\/hobstop.ee\/lv\/produkts\/akvarelpapirs-canson-moulin-du-roy\/#breadcrumb\"},\"inLanguage\":\"lv-LV\",\"potentialAction\":[{\"@type\":\"ReadAction\",\"target\":[\"https:\/\/hobstop.ee\/lv\/produkts\/akvarelpapirs-canson-moulin-du-roy\/\"]}]},{\"@type\":\"BreadcrumbList\",\"@id\":\"https:\/\/hobstop.ee\/lv\/produkts\/akvarelpapirs-canson-moulin-du-roy\/#breadcrumb\",\"itemListElement\":[{\"@type\":\"ListItem\",\"position\":1,\"name\":\"Avaleht\",\"item\":\"https:\/\/www.hobstop.ee\/lv\/\"},{\"@type\":\"ListItem\",\"position\":2,\"name\":\"Veikals\",\"item\":\"https:\/\/www.hobstop.ee\/lv\/veikals\/\"},{\"@type\":\"ListItem\",\"position\":3,\"name\":\"Akvare\u013cpap\u012brs Canson Moulin du Roy\"}]},{\"@type\":\"WebSite\",\"@id\":\"https:\/\/hobstop.ee\/lv\/#website\",\"url\":\"https:\/\/hobstop.ee\/lv\/\",\"name\":\"Skizze\",\"description\":\"M\u0101kslas, hobiju un skolas preces\",\"publisher\":{\"@id\":\"https:\/\/hobstop.ee\/lv\/#organization\"},\"potentialAction\":[{\"@type\":\"SearchAction\",\"target\":{\"@type\":\"EntryPoint\",\"urlTemplate\":\"https:\/\/hobstop.ee\/lv\/?s={search_term_string}\"},\"query-input\":{\"@type\":\"PropertyValueSpecification\",\"valueRequired\":true,\"valueName\":\"search_term_string\"}}],\"inLanguage\":\"lv-LV\"},{\"@type\":\"Organization\",\"@id\":\"https:\/\/hobstop.ee\/lv\/#organization\",\"name\":\"Vunder AS\",\"url\":\"https:\/\/hobstop.ee\/lv\/\",\"logo\":{\"@type\":\"ImageObject\",\"inLanguage\":\"lv-LV\",\"@id\":\"https:\/\/hobstop.ee\/lv\/#\/schema\/logo\/image\/\",\"url\":\"https:\/\/hobstop.ee\/media\/vunder-logo.png\",\"contentUrl\":\"https:\/\/hobstop.ee\/media\/vunder-logo.png\",\"width\":127,\"height\":55,\"caption\":\"Vunder AS\"},\"image\":{\"@id\":\"https:\/\/hobstop.ee\/lv\/#\/schema\/logo\/image\/\"},\"sameAs\":[\"http:\/\/www.facebook.com\/VunderSkizze\"]}]}<\/script>\n<!-- \/ Yoast SEO plugin. -->","yoast_head_json":{"title":"Akvare\u013cpap\u012brs Canson Moulin du Roy &#8211; Skizze","robots":{"index":"noindex","follow":"follow","max-snippet":"max-snippet:-1","max-image-preview":"max-image-preview:large","max-video-preview":"max-video-preview:-1"},"og_locale":"lv_LV","og_type":"article","og_title":"Akvare\u013cpap\u012brs Canson Moulin du Roy &#8211; Skizze","og_description":"Canson Moulin du Roy ir akvare\u013cu pap\u012brs, kas ra\u017eots, izmantojot tradicion\u0101lo cilindra veidnes iek\u0101rtu un piln\u012bb\u0101 l\u012bdzin\u0101s ar roku izgatavotam pap\u012bram. No 100% kokvilnas izgatavotais pap\u012brs ir \u013coti iztur\u012bgs un tam ir ide\u0101las uzs\u016bk\u0161anas sp\u0113jas. Speci\u0101l\u0101 virsmas apstr\u0101de dod iesp\u0113ju mazin\u0101t jau no\u017euvu\u0161as kr\u0101sas intensit\u0101ti, k\u0101 ar\u012b preciz\u0113t un main\u012bt akvare\u013cu kr\u0101su, nodro\u0161inot spilgtus to\u0146us. Dab\u012bgi balts, sk\u0101bes nesaturo\u0161s pap\u012brs, kura ra\u017eo\u0161an\u0101 nav izmantoti balin\u0101t\u0101ji, nodro\u0161ina optim\u0101lu darbu saglab\u0101\u0161anu. Ide\u0101li piem\u0113rots: akvare\u013cu tehnikai","og_url":"https:\/\/hobstop.ee\/lv\/produkts\/akvarelpapirs-canson-moulin-du-roy\/","og_site_name":"Skizze","article_publisher":"http:\/\/www.facebook.com\/VunderSkizze","article_modified_time":"-0001-11-30T00:00:00+00:00","twitter_card":"summary_large_image","twitter_misc":{"Est. reading time":"1 min\u016b\u0161u"},"schema":{"@context":"https:\/\/schema.org","@graph":[{"@type":"WebPage","@id":"https:\/\/hobstop.ee\/lv\/produkts\/akvarelpapirs-canson-moulin-du-roy\/","url":"https:\/\/hobstop.ee\/lv\/produkts\/akvarelpapirs-canson-moulin-du-roy\/","name":"Akvare\u013cpap\u012brs Canson Moulin du Roy &#8211; Skizze","isPartOf":{"@id":"https:\/\/hobstop.ee\/lv\/#website"},"datePublished":"2014-12-09T11:37:27+00:00","dateModified":"-0001-11-30T00:00:00+00:00","breadcrumb":{"@id":"https:\/\/hobstop.ee\/lv\/produkts\/akvarelpapirs-canson-moulin-du-roy\/#breadcrumb"},"inLanguage":"lv-LV","potentialAction":[{"@type":"ReadAction","target":["https:\/\/hobstop.ee\/lv\/produkts\/akvarelpapirs-canson-moulin-du-roy\/"]}]},{"@type":"BreadcrumbList","@id":"https:\/\/hobstop.ee\/lv\/produkts\/akvarelpapirs-canson-moulin-du-roy\/#breadcrumb","itemListElement":[{"@type":"ListItem","position":1,"name":"Avaleht","item":"https:\/\/www.hobstop.ee\/lv\/"},{"@type":"ListItem","position":2,"name":"Veikals","item":"https:\/\/www.hobstop.ee\/lv\/veikals\/"},{"@type":"ListItem","position":3,"name":"Akvare\u013cpap\u012brs Canson Moulin du Roy"}]},{"@type":"WebSite","@id":"https:\/\/hobstop.ee\/lv\/#website","url":"https:\/\/hobstop.ee\/lv\/","name":"Skizze","description":"M\u0101kslas, hobiju un skolas preces","publisher":{"@id":"https:\/\/hobstop.ee\/lv\/#organization"},"potentialAction":[{"@type":"SearchAction","target":{"@type":"EntryPoint","urlTemplate":"https:\/\/hobstop.ee\/lv\/?s={search_term_string}"},"query-input":{"@type":"PropertyValueSpecification","valueRequired":true,"valueName":"search_term_string"}}],"inLanguage":"lv-LV"},{"@type":"Organization","@id":"https:\/\/hobstop.ee\/lv\/#organization","name":"Vunder AS","url":"https:\/\/hobstop.ee\/lv\/","logo":{"@type":"ImageObject","inLanguage":"lv-LV","@id":"https:\/\/hobstop.ee\/lv\/#\/schema\/logo\/image\/","url":"https:\/\/hobstop.ee\/media\/vunder-logo.png","contentUrl":"https:\/\/hobstop.ee\/media\/vunder-logo.png","width":127,"height":55,"caption":"Vunder AS"},"image":{"@id":"https:\/\/hobstop.ee\/lv\/#\/schema\/logo\/image\/"},"sameAs":["http:\/\/www.facebook.com\/VunderSkizze"]}]}},"_links":{"self":[{"href":"https:\/\/hobstop.ee\/lv\/wp-json\/wp\/v2\/product\/63089","targetHints":{"allow":["GET"]}}],"collection":[{"href":"https:\/\/hobstop.ee\/lv\/wp-json\/wp\/v2\/product"}],"about":[{"href":"https:\/\/hobstop.ee\/lv\/wp-json\/wp\/v2\/types\/product"}],"replies":[{"embeddable":true,"href":"https:\/\/hobstop.ee\/lv\/wp-json\/wp\/v2\/comments?post=63089"}],"wp:attachment":[{"href":"https:\/\/hobstop.ee\/lv\/wp-json\/wp\/v2\/media?parent=63089"}],"wp:term":[{"taxonomy":"product_cat","embeddable":true,"href":"https:\/\/hobstop.ee\/lv\/wp-json\/wp\/v2\/product_cat?post=63089"},{"taxonomy":"product_tag","embeddable":true,"href":"https:\/\/hobstop.ee\/lv\/wp-json\/wp\/v2\/product_tag?post=63089"}],"curies":[{"name":"wp","href":"https:\/\/api.w.org\/{rel}","templated":true}]}}