{"id":63095,"date":"2014-12-09T13:37:28","date_gmt":"2014-12-09T11:37:28","guid":{"rendered":"https:\/\/sharks.ee\/vunder_2019.klient.veebimajutus.ee\/?post_type=product&p=63095"},"modified":"2014-12-09T13:37:28","modified_gmt":"2014-12-09T10:37:28","slug":"ota-raphael-softaqua-845-apala","status":"publish","type":"product","link":"https:\/\/hobstop.ee\/lv\/produkts\/ota-raphael-softaqua-845-apala\/","title":{"rendered":"Ota Raphael Softaqua 845 apa\u013ca"},"content":{"rendered":"<p>Uz\u0146\u0113mums ar 200 gadu pieredzi RAPHAEL ir izstr\u0101d\u0101jis sint\u0113tisk\u0101s \u0161\u0137iedras sari\u0146us, kas paredz\u0113ti izmanto\u0161anai darbam akvare\u013cu tehnik\u0101s. Ierast\u0101 taisn\u0101 sint\u0113tisk\u0101 \u0161\u0137iedra ir aizst\u0101ta ar vi\u013c\u0146otu formu, kas veido starp sari\u0146iem papildus telpu \u016bdens molekulu uzkr\u0101\u0161anai. Pateicoties \u0161ai tehnolo\u0123ijai SoftAqua sp\u0113j uz\u0146emt 2 reizes vair\u0101k kr\u0101sas. SoftAqua otas ir \u013coti iztur\u012bgas un to \u012bsais k\u0101ti\u0146\u0161 nodro\u0161ina \u012bpa\u0161i prec\u012bzu otas kust\u012bbu kontroli. Piem\u0113rotas izmanto\u0161anai da\u017e\u0101d\u0101s slapjaj\u0101s tehnik\u0101s, piem\u0113ram, str\u0101d\u0101jot ar akvare\u013ciem un gua\u0161u, z\u012bda apglezno\u0161anai u.c.<\/p>\n","protected":false},"excerpt":{"rendered":"<p>Uz\u0146\u0113mums ar 200 gadu pieredzi RAPHAEL ir izstr\u0101d\u0101jis sint\u0113tisk\u0101s \u0161\u0137iedras sari\u0146us, kas paredz\u0113ti izmanto\u0161anai darbam akvare\u013cu tehnik\u0101s. Ierast\u0101 taisn\u0101 sint\u0113tisk\u0101 \u0161\u0137iedra ir aizst\u0101ta ar vi\u013c\u0146otu formu, kas veido starp sari\u0146iem papildus telpu \u016bdens molekulu uzkr\u0101\u0161anai. Pateicoties \u0161ai tehnolo\u0123ijai SoftAqua sp\u0113j uz\u0146emt 2 reizes vair\u0101k kr\u0101sas. SoftAqua otas ir \u013coti iztur\u012bgas un to \u012bsais k\u0101ti\u0146\u0161 nodro\u0161ina \u012bpa\u0161i prec\u012bzu otas kust\u012bbu kontroli. Piem\u0113rotas izmanto\u0161anai da\u017e\u0101d\u0101s slapjaj\u0101s tehnik\u0101s, piem\u0113ram, str\u0101d\u0101jot ar akvare\u013ciem un gua\u0161u, z\u012bda apglezno\u0161anai u.c.<\/p>\n","protected":false},"featured_media":107586,"comment_status":"closed","ping_status":"closed","template":"","meta":{"_acf_changed":false,"ep_exclude_from_search":false},"product_cat":[16123,18650,18608],"product_tag":[],"class_list":{"0":"post-63095","1":"product","2":"type-product","3":"status-publish","4":"has-post-thumbnail","6":"product_cat-makslas-piederumi-2","7":"product_cat-otas-un-piederumi","8":"product_cat-sintetiskas-otas-2","10":"first","11":"instock","12":"taxable","13":"shipping-taxable","14":"purchasable","15":"product-type-variable"},"acf":[],"yoast_head":"<!-- This site is optimized with the Yoast SEO plugin v24.1 - https:\/\/yoast.com\/wordpress\/plugins\/seo\/ -->\n<title>Ota Raphael Softaqua 845 apa\u013ca &#8211; Skizze<\/title>\n<meta name=\"robots\" content=\"noindex, follow, max-snippet:-1, max-image-preview:large, max-video-preview:-1\" \/>\n<meta property=\"og:locale\" content=\"lv_LV\" \/>\n<meta property=\"og:type\" content=\"article\" \/>\n<meta property=\"og:title\" content=\"Ota Raphael Softaqua 845 apa\u013ca &#8211; Skizze\" \/>\n<meta property=\"og:description\" content=\"Uz\u0146\u0113mums ar 200 gadu pieredzi RAPHAEL ir izstr\u0101d\u0101jis sint\u0113tisk\u0101s \u0161\u0137iedras sari\u0146us, kas paredz\u0113ti izmanto\u0161anai darbam akvare\u013cu tehnik\u0101s. Ierast\u0101 taisn\u0101 sint\u0113tisk\u0101 \u0161\u0137iedra ir aizst\u0101ta ar vi\u013c\u0146otu formu, kas veido starp sari\u0146iem papildus telpu \u016bdens molekulu uzkr\u0101\u0161anai. Pateicoties \u0161ai tehnolo\u0123ijai SoftAqua sp\u0113j uz\u0146emt 2 reizes vair\u0101k kr\u0101sas. SoftAqua otas ir \u013coti iztur\u012bgas un to \u012bsais k\u0101ti\u0146\u0161 nodro\u0161ina \u012bpa\u0161i prec\u012bzu otas kust\u012bbu kontroli. Piem\u0113rotas izmanto\u0161anai da\u017e\u0101d\u0101s slapjaj\u0101s tehnik\u0101s, piem\u0113ram, str\u0101d\u0101jot ar akvare\u013ciem un gua\u0161u, z\u012bda apglezno\u0161anai u.c.\" \/>\n<meta property=\"og:url\" content=\"https:\/\/hobstop.ee\/lv\/produkts\/ota-raphael-softaqua-845-apala\/\" \/>\n<meta property=\"og:site_name\" content=\"Skizze\" \/>\n<meta property=\"article:publisher\" content=\"http:\/\/www.facebook.com\/VunderSkizze\" \/>\n<meta property=\"article:modified_time\" content=\"-0001-11-30T00:00:00+00:00\" \/>\n<meta property=\"og:image\" content=\"https:\/\/hobstop.ee\/media\/3605.jpg\" \/>\n\t<meta property=\"og:image:width\" content=\"1024\" \/>\n\t<meta property=\"og:image:height\" content=\"768\" \/>\n\t<meta property=\"og:image:type\" content=\"image\/jpeg\" \/>\n<meta name=\"twitter:card\" content=\"summary_large_image\" \/>\n<meta name=\"twitter:label1\" content=\"Est. reading time\" \/>\n\t<meta name=\"twitter:data1\" content=\"1 min\u016b\u0161u\" \/>\n<script type=\"application\/ld+json\" class=\"yoast-schema-graph\">{\"@context\":\"https:\/\/schema.org\",\"@graph\":[{\"@type\":\"WebPage\",\"@id\":\"https:\/\/hobstop.ee\/lv\/produkts\/ota-raphael-softaqua-845-apala\/\",\"url\":\"https:\/\/hobstop.ee\/lv\/produkts\/ota-raphael-softaqua-845-apala\/\",\"name\":\"Ota Raphael Softaqua 845 apa\u013ca &#8211; Skizze\",\"isPartOf\":{\"@id\":\"https:\/\/hobstop.ee\/lv\/#website\"},\"primaryImageOfPage\":{\"@id\":\"https:\/\/hobstop.ee\/lv\/produkts\/ota-raphael-softaqua-845-apala\/#primaryimage\"},\"image\":{\"@id\":\"https:\/\/hobstop.ee\/lv\/produkts\/ota-raphael-softaqua-845-apala\/#primaryimage\"},\"thumbnailUrl\":\"https:\/\/hobstop.ee\/media\/3605.jpg\",\"datePublished\":\"2014-12-09T11:37:28+00:00\",\"dateModified\":\"-0001-11-30T00:00:00+00:00\",\"breadcrumb\":{\"@id\":\"https:\/\/hobstop.ee\/lv\/produkts\/ota-raphael-softaqua-845-apala\/#breadcrumb\"},\"inLanguage\":\"lv-LV\",\"potentialAction\":[{\"@type\":\"ReadAction\",\"target\":[\"https:\/\/hobstop.ee\/lv\/produkts\/ota-raphael-softaqua-845-apala\/\"]}]},{\"@type\":\"ImageObject\",\"inLanguage\":\"lv-LV\",\"@id\":\"https:\/\/hobstop.ee\/lv\/produkts\/ota-raphael-softaqua-845-apala\/#primaryimage\",\"url\":\"https:\/\/hobstop.ee\/media\/3605.jpg\",\"contentUrl\":\"https:\/\/hobstop.ee\/media\/3605.jpg\",\"width\":1024,\"height\":768},{\"@type\":\"BreadcrumbList\",\"@id\":\"https:\/\/hobstop.ee\/lv\/produkts\/ota-raphael-softaqua-845-apala\/#breadcrumb\",\"itemListElement\":[{\"@type\":\"ListItem\",\"position\":1,\"name\":\"Avaleht\",\"item\":\"https:\/\/hobstop.ee\/lv\/\"},{\"@type\":\"ListItem\",\"position\":2,\"name\":\"Veikals\",\"item\":\"https:\/\/hobstop.ee\/lv\/veikals\/\"},{\"@type\":\"ListItem\",\"position\":3,\"name\":\"Ota Raphael Softaqua 845 apa\u013ca\"}]},{\"@type\":\"WebSite\",\"@id\":\"https:\/\/hobstop.ee\/lv\/#website\",\"url\":\"https:\/\/hobstop.ee\/lv\/\",\"name\":\"Skizze\",\"description\":\"M\u0101kslas, hobiju un skolas preces\",\"publisher\":{\"@id\":\"https:\/\/hobstop.ee\/lv\/#organization\"},\"potentialAction\":[{\"@type\":\"SearchAction\",\"target\":{\"@type\":\"EntryPoint\",\"urlTemplate\":\"https:\/\/hobstop.ee\/lv\/?s={search_term_string}\"},\"query-input\":{\"@type\":\"PropertyValueSpecification\",\"valueRequired\":true,\"valueName\":\"search_term_string\"}}],\"inLanguage\":\"lv-LV\"},{\"@type\":\"Organization\",\"@id\":\"https:\/\/hobstop.ee\/lv\/#organization\",\"name\":\"Vunder AS\",\"url\":\"https:\/\/hobstop.ee\/lv\/\",\"logo\":{\"@type\":\"ImageObject\",\"inLanguage\":\"lv-LV\",\"@id\":\"https:\/\/hobstop.ee\/lv\/#\/schema\/logo\/image\/\",\"url\":\"https:\/\/hobstop.ee\/media\/vunder-logo.png\",\"contentUrl\":\"https:\/\/hobstop.ee\/media\/vunder-logo.png\",\"width\":127,\"height\":55,\"caption\":\"Vunder AS\"},\"image\":{\"@id\":\"https:\/\/hobstop.ee\/lv\/#\/schema\/logo\/image\/\"},\"sameAs\":[\"http:\/\/www.facebook.com\/VunderSkizze\"]}]}<\/script>\n<!-- \/ Yoast SEO plugin. -->","yoast_head_json":{"title":"Ota Raphael Softaqua 845 apa\u013ca &#8211; Skizze","robots":{"index":"noindex","follow":"follow","max-snippet":"max-snippet:-1","max-image-preview":"max-image-preview:large","max-video-preview":"max-video-preview:-1"},"og_locale":"lv_LV","og_type":"article","og_title":"Ota Raphael Softaqua 845 apa\u013ca &#8211; Skizze","og_description":"Uz\u0146\u0113mums ar 200 gadu pieredzi RAPHAEL ir izstr\u0101d\u0101jis sint\u0113tisk\u0101s \u0161\u0137iedras sari\u0146us, kas paredz\u0113ti izmanto\u0161anai darbam akvare\u013cu tehnik\u0101s. Ierast\u0101 taisn\u0101 sint\u0113tisk\u0101 \u0161\u0137iedra ir aizst\u0101ta ar vi\u013c\u0146otu formu, kas veido starp sari\u0146iem papildus telpu \u016bdens molekulu uzkr\u0101\u0161anai. Pateicoties \u0161ai tehnolo\u0123ijai SoftAqua sp\u0113j uz\u0146emt 2 reizes vair\u0101k kr\u0101sas. SoftAqua otas ir \u013coti iztur\u012bgas un to \u012bsais k\u0101ti\u0146\u0161 nodro\u0161ina \u012bpa\u0161i prec\u012bzu otas kust\u012bbu kontroli. Piem\u0113rotas izmanto\u0161anai da\u017e\u0101d\u0101s slapjaj\u0101s tehnik\u0101s, piem\u0113ram, str\u0101d\u0101jot ar akvare\u013ciem un gua\u0161u, z\u012bda apglezno\u0161anai u.c.","og_url":"https:\/\/hobstop.ee\/lv\/produkts\/ota-raphael-softaqua-845-apala\/","og_site_name":"Skizze","article_publisher":"http:\/\/www.facebook.com\/VunderSkizze","article_modified_time":"-0001-11-30T00:00:00+00:00","og_image":[{"width":1024,"height":768,"url":"https:\/\/hobstop.ee\/media\/3605.jpg","type":"image\/jpeg"}],"twitter_card":"summary_large_image","twitter_misc":{"Est. reading time":"1 min\u016b\u0161u"},"schema":{"@context":"https:\/\/schema.org","@graph":[{"@type":"WebPage","@id":"https:\/\/hobstop.ee\/lv\/produkts\/ota-raphael-softaqua-845-apala\/","url":"https:\/\/hobstop.ee\/lv\/produkts\/ota-raphael-softaqua-845-apala\/","name":"Ota Raphael Softaqua 845 apa\u013ca &#8211; Skizze","isPartOf":{"@id":"https:\/\/hobstop.ee\/lv\/#website"},"primaryImageOfPage":{"@id":"https:\/\/hobstop.ee\/lv\/produkts\/ota-raphael-softaqua-845-apala\/#primaryimage"},"image":{"@id":"https:\/\/hobstop.ee\/lv\/produkts\/ota-raphael-softaqua-845-apala\/#primaryimage"},"thumbnailUrl":"https:\/\/hobstop.ee\/media\/3605.jpg","datePublished":"2014-12-09T11:37:28+00:00","dateModified":"-0001-11-30T00:00:00+00:00","breadcrumb":{"@id":"https:\/\/hobstop.ee\/lv\/produkts\/ota-raphael-softaqua-845-apala\/#breadcrumb"},"inLanguage":"lv-LV","potentialAction":[{"@type":"ReadAction","target":["https:\/\/hobstop.ee\/lv\/produkts\/ota-raphael-softaqua-845-apala\/"]}]},{"@type":"ImageObject","inLanguage":"lv-LV","@id":"https:\/\/hobstop.ee\/lv\/produkts\/ota-raphael-softaqua-845-apala\/#primaryimage","url":"https:\/\/hobstop.ee\/media\/3605.jpg","contentUrl":"https:\/\/hobstop.ee\/media\/3605.jpg","width":1024,"height":768},{"@type":"BreadcrumbList","@id":"https:\/\/hobstop.ee\/lv\/produkts\/ota-raphael-softaqua-845-apala\/#breadcrumb","itemListElement":[{"@type":"ListItem","position":1,"name":"Avaleht","item":"https:\/\/hobstop.ee\/lv\/"},{"@type":"ListItem","position":2,"name":"Veikals","item":"https:\/\/hobstop.ee\/lv\/veikals\/"},{"@type":"ListItem","position":3,"name":"Ota Raphael Softaqua 845 apa\u013ca"}]},{"@type":"WebSite","@id":"https:\/\/hobstop.ee\/lv\/#website","url":"https:\/\/hobstop.ee\/lv\/","name":"Skizze","description":"M\u0101kslas, hobiju un skolas preces","publisher":{"@id":"https:\/\/hobstop.ee\/lv\/#organization"},"potentialAction":[{"@type":"SearchAction","target":{"@type":"EntryPoint","urlTemplate":"https:\/\/hobstop.ee\/lv\/?s={search_term_string}"},"query-input":{"@type":"PropertyValueSpecification","valueRequired":true,"valueName":"search_term_string"}}],"inLanguage":"lv-LV"},{"@type":"Organization","@id":"https:\/\/hobstop.ee\/lv\/#organization","name":"Vunder AS","url":"https:\/\/hobstop.ee\/lv\/","logo":{"@type":"ImageObject","inLanguage":"lv-LV","@id":"https:\/\/hobstop.ee\/lv\/#\/schema\/logo\/image\/","url":"https:\/\/hobstop.ee\/media\/vunder-logo.png","contentUrl":"https:\/\/hobstop.ee\/media\/vunder-logo.png","width":127,"height":55,"caption":"Vunder AS"},"image":{"@id":"https:\/\/hobstop.ee\/lv\/#\/schema\/logo\/image\/"},"sameAs":["http:\/\/www.facebook.com\/VunderSkizze"]}]}},"_links":{"self":[{"href":"https:\/\/hobstop.ee\/lv\/wp-json\/wp\/v2\/product\/63095","targetHints":{"allow":["GET"]}}],"collection":[{"href":"https:\/\/hobstop.ee\/lv\/wp-json\/wp\/v2\/product"}],"about":[{"href":"https:\/\/hobstop.ee\/lv\/wp-json\/wp\/v2\/types\/product"}],"replies":[{"embeddable":true,"href":"https:\/\/hobstop.ee\/lv\/wp-json\/wp\/v2\/comments?post=63095"}],"wp:featuredmedia":[{"embeddable":true,"href":"https:\/\/hobstop.ee\/lv\/wp-json\/wp\/v2\/media\/107586"}],"wp:attachment":[{"href":"https:\/\/hobstop.ee\/lv\/wp-json\/wp\/v2\/media?parent=63095"}],"wp:term":[{"taxonomy":"product_cat","embeddable":true,"href":"https:\/\/hobstop.ee\/lv\/wp-json\/wp\/v2\/product_cat?post=63095"},{"taxonomy":"product_tag","embeddable":true,"href":"https:\/\/hobstop.ee\/lv\/wp-json\/wp\/v2\/product_tag?post=63095"}],"curies":[{"name":"wp","href":"https:\/\/api.w.org\/{rel}","templated":true}]}}