{"id":63101,"date":"2014-12-09T13:37:29","date_gmt":"2014-12-09T11:37:29","guid":{"rendered":"https:\/\/sharks.ee\/vunder_2019.klient.veebimajutus.ee\/?post_type=product&p=63101"},"modified":"2014-12-09T13:37:29","modified_gmt":"2014-12-09T10:37:29","slug":"skicu-albums-sennelier-uskbook","status":"publish","type":"product","link":"https:\/\/hobstop.ee\/lv\/produkts\/skicu-albums-sennelier-uskbook\/","title":{"rendered":"Ski\u010du albums Sennelier USKbook"},"content":{"rendered":"<p>\u0160im Sennelier Black Urban ske\u010du bloknotam piem\u012bt \u013coti funkcion\u0101ls dizains, kas \u012bpa\u0161i ir piem\u0113rots m\u0101kslinieku iedvesmas darb\u012bbas nodro\u0161in\u0101\u0161anai jebkur\u0101 viet\u0101. Black Urban ski\u010du bloknota dizains ir l\u012bdz\u012bgs akordeona formai, kas pied\u0101v\u0101 iesp\u0113ju izmantot asto\u0146us blakus eso\u0161us pane\u013cus skic\u0113m, ilustr\u0101cij\u0101m un iedvesmas izpausm\u0113m. Eleganti melna auduma v\u0101ki ar iespiestu Sennelier logo padara \u0161o skaisto bloknotu par lielisku galda, plaukta vai kam\u012bna ekspon\u0101tu, kuru var novietot neatbalstot.<\/p>\n","protected":false},"excerpt":{"rendered":"<p>\u0160im Sennelier Black Urban ske\u010du bloknotam piem\u012bt \u013coti funkcion\u0101ls dizains, kas \u012bpa\u0161i ir piem\u0113rots m\u0101kslinieku iedvesmas darb\u012bbas nodro\u0161in\u0101\u0161anai jebkur\u0101 viet\u0101. Black Urban ski\u010du bloknota dizains ir l\u012bdz\u012bgs akordeona formai, kas pied\u0101v\u0101 iesp\u0113ju izmantot asto\u0146us blakus eso\u0161us pane\u013cus skic\u0113m, ilustr\u0101cij\u0101m un iedvesmas izpausm\u0113m. Eleganti melna auduma v\u0101ki ar iespiestu Sennelier logo padara \u0161o skaisto bloknotu par lielisku galda, plaukta vai kam\u012bna ekspon\u0101tu, kuru var novietot neatbalstot.<\/p>\n","protected":false},"featured_media":107594,"comment_status":"closed","ping_status":"closed","template":"","meta":{"_acf_changed":false,"ep_exclude_from_search":false},"product_cat":[18943,17921,19024],"product_tag":[],"class_list":{"0":"post-63101","1":"product","2":"type-product","3":"status-publish","4":"has-post-thumbnail","6":"product_cat-makslas-papirs-un-kartons-2","7":"product_cat-papira-izstradajumi","8":"product_cat-zimesanas-papirs-un-bloki-3","10":"first","11":"outofstock","12":"sale","13":"taxable","14":"shipping-taxable","15":"purchasable","16":"product-type-variable"},"acf":[],"yoast_head":"<!-- This site is optimized with the Yoast SEO plugin v24.1 - https:\/\/yoast.com\/wordpress\/plugins\/seo\/ -->\n<title>Ski\u010du albums Sennelier USKbook &#8211; Skizze<\/title>\n<meta name=\"robots\" content=\"noindex, follow, max-snippet:-1, max-image-preview:large, max-video-preview:-1\" \/>\n<meta property=\"og:locale\" content=\"lv_LV\" \/>\n<meta property=\"og:type\" content=\"article\" \/>\n<meta property=\"og:title\" content=\"Ski\u010du albums Sennelier USKbook &#8211; Skizze\" \/>\n<meta property=\"og:description\" content=\"\u0160im Sennelier Black Urban ske\u010du bloknotam piem\u012bt \u013coti funkcion\u0101ls dizains, kas \u012bpa\u0161i ir piem\u0113rots m\u0101kslinieku iedvesmas darb\u012bbas nodro\u0161in\u0101\u0161anai jebkur\u0101 viet\u0101. Black Urban ski\u010du bloknota dizains ir l\u012bdz\u012bgs akordeona formai, kas pied\u0101v\u0101 iesp\u0113ju izmantot asto\u0146us blakus eso\u0161us pane\u013cus skic\u0113m, ilustr\u0101cij\u0101m un iedvesmas izpausm\u0113m. Eleganti melna auduma v\u0101ki ar iespiestu Sennelier logo padara \u0161o skaisto bloknotu par lielisku galda, plaukta vai kam\u012bna ekspon\u0101tu, kuru var novietot neatbalstot.\" \/>\n<meta property=\"og:url\" content=\"https:\/\/hobstop.ee\/lv\/produkts\/skicu-albums-sennelier-uskbook\/\" \/>\n<meta property=\"og:site_name\" content=\"Skizze\" \/>\n<meta property=\"article:publisher\" content=\"http:\/\/www.facebook.com\/VunderSkizze\" \/>\n<meta property=\"article:modified_time\" content=\"-0001-11-30T00:00:00+00:00\" \/>\n<meta property=\"og:image\" content=\"https:\/\/hobstop.ee\/media\/3607.jpg\" \/>\n\t<meta property=\"og:image:width\" content=\"1024\" \/>\n\t<meta property=\"og:image:height\" content=\"768\" \/>\n\t<meta property=\"og:image:type\" content=\"image\/jpeg\" \/>\n<meta name=\"twitter:card\" content=\"summary_large_image\" \/>\n<script type=\"application\/ld+json\" class=\"yoast-schema-graph\">{\"@context\":\"https:\/\/schema.org\",\"@graph\":[{\"@type\":\"WebPage\",\"@id\":\"https:\/\/hobstop.ee\/lv\/produkts\/skicu-albums-sennelier-uskbook\/\",\"url\":\"https:\/\/hobstop.ee\/lv\/produkts\/skicu-albums-sennelier-uskbook\/\",\"name\":\"Ski\u010du albums Sennelier USKbook &#8211; Skizze\",\"isPartOf\":{\"@id\":\"https:\/\/hobstop.ee\/lv\/#website\"},\"primaryImageOfPage\":{\"@id\":\"https:\/\/hobstop.ee\/lv\/produkts\/skicu-albums-sennelier-uskbook\/#primaryimage\"},\"image\":{\"@id\":\"https:\/\/hobstop.ee\/lv\/produkts\/skicu-albums-sennelier-uskbook\/#primaryimage\"},\"thumbnailUrl\":\"https:\/\/hobstop.ee\/media\/3607.jpg\",\"datePublished\":\"2014-12-09T11:37:29+00:00\",\"dateModified\":\"-0001-11-30T00:00:00+00:00\",\"breadcrumb\":{\"@id\":\"https:\/\/hobstop.ee\/lv\/produkts\/skicu-albums-sennelier-uskbook\/#breadcrumb\"},\"inLanguage\":\"lv-LV\",\"potentialAction\":[{\"@type\":\"ReadAction\",\"target\":[\"https:\/\/hobstop.ee\/lv\/produkts\/skicu-albums-sennelier-uskbook\/\"]}]},{\"@type\":\"ImageObject\",\"inLanguage\":\"lv-LV\",\"@id\":\"https:\/\/hobstop.ee\/lv\/produkts\/skicu-albums-sennelier-uskbook\/#primaryimage\",\"url\":\"https:\/\/hobstop.ee\/media\/3607.jpg\",\"contentUrl\":\"https:\/\/hobstop.ee\/media\/3607.jpg\",\"width\":1024,\"height\":768},{\"@type\":\"BreadcrumbList\",\"@id\":\"https:\/\/hobstop.ee\/lv\/produkts\/skicu-albums-sennelier-uskbook\/#breadcrumb\",\"itemListElement\":[{\"@type\":\"ListItem\",\"position\":1,\"name\":\"Avaleht\",\"item\":\"https:\/\/hobstop.ee\/lv\/\"},{\"@type\":\"ListItem\",\"position\":2,\"name\":\"Veikals\",\"item\":\"https:\/\/hobstop.ee\/lv\/veikals\/\"},{\"@type\":\"ListItem\",\"position\":3,\"name\":\"Ski\u010du albums Sennelier USKbook\"}]},{\"@type\":\"WebSite\",\"@id\":\"https:\/\/hobstop.ee\/lv\/#website\",\"url\":\"https:\/\/hobstop.ee\/lv\/\",\"name\":\"Skizze\",\"description\":\"M\u0101kslas, hobiju un skolas preces\",\"publisher\":{\"@id\":\"https:\/\/hobstop.ee\/lv\/#organization\"},\"potentialAction\":[{\"@type\":\"SearchAction\",\"target\":{\"@type\":\"EntryPoint\",\"urlTemplate\":\"https:\/\/hobstop.ee\/lv\/?s={search_term_string}\"},\"query-input\":{\"@type\":\"PropertyValueSpecification\",\"valueRequired\":true,\"valueName\":\"search_term_string\"}}],\"inLanguage\":\"lv-LV\"},{\"@type\":\"Organization\",\"@id\":\"https:\/\/hobstop.ee\/lv\/#organization\",\"name\":\"Vunder AS\",\"url\":\"https:\/\/hobstop.ee\/lv\/\",\"logo\":{\"@type\":\"ImageObject\",\"inLanguage\":\"lv-LV\",\"@id\":\"https:\/\/hobstop.ee\/lv\/#\/schema\/logo\/image\/\",\"url\":\"https:\/\/hobstop.ee\/media\/vunder-logo.png\",\"contentUrl\":\"https:\/\/hobstop.ee\/media\/vunder-logo.png\",\"width\":127,\"height\":55,\"caption\":\"Vunder AS\"},\"image\":{\"@id\":\"https:\/\/hobstop.ee\/lv\/#\/schema\/logo\/image\/\"},\"sameAs\":[\"http:\/\/www.facebook.com\/VunderSkizze\"]}]}<\/script>\n<!-- \/ Yoast SEO plugin. -->","yoast_head_json":{"title":"Ski\u010du albums Sennelier USKbook &#8211; Skizze","robots":{"index":"noindex","follow":"follow","max-snippet":"max-snippet:-1","max-image-preview":"max-image-preview:large","max-video-preview":"max-video-preview:-1"},"og_locale":"lv_LV","og_type":"article","og_title":"Ski\u010du albums Sennelier USKbook &#8211; Skizze","og_description":"\u0160im Sennelier Black Urban ske\u010du bloknotam piem\u012bt \u013coti funkcion\u0101ls dizains, kas \u012bpa\u0161i ir piem\u0113rots m\u0101kslinieku iedvesmas darb\u012bbas nodro\u0161in\u0101\u0161anai jebkur\u0101 viet\u0101. Black Urban ski\u010du bloknota dizains ir l\u012bdz\u012bgs akordeona formai, kas pied\u0101v\u0101 iesp\u0113ju izmantot asto\u0146us blakus eso\u0161us pane\u013cus skic\u0113m, ilustr\u0101cij\u0101m un iedvesmas izpausm\u0113m. Eleganti melna auduma v\u0101ki ar iespiestu Sennelier logo padara \u0161o skaisto bloknotu par lielisku galda, plaukta vai kam\u012bna ekspon\u0101tu, kuru var novietot neatbalstot.","og_url":"https:\/\/hobstop.ee\/lv\/produkts\/skicu-albums-sennelier-uskbook\/","og_site_name":"Skizze","article_publisher":"http:\/\/www.facebook.com\/VunderSkizze","article_modified_time":"-0001-11-30T00:00:00+00:00","og_image":[{"width":1024,"height":768,"url":"https:\/\/hobstop.ee\/media\/3607.jpg","type":"image\/jpeg"}],"twitter_card":"summary_large_image","schema":{"@context":"https:\/\/schema.org","@graph":[{"@type":"WebPage","@id":"https:\/\/hobstop.ee\/lv\/produkts\/skicu-albums-sennelier-uskbook\/","url":"https:\/\/hobstop.ee\/lv\/produkts\/skicu-albums-sennelier-uskbook\/","name":"Ski\u010du albums Sennelier USKbook &#8211; Skizze","isPartOf":{"@id":"https:\/\/hobstop.ee\/lv\/#website"},"primaryImageOfPage":{"@id":"https:\/\/hobstop.ee\/lv\/produkts\/skicu-albums-sennelier-uskbook\/#primaryimage"},"image":{"@id":"https:\/\/hobstop.ee\/lv\/produkts\/skicu-albums-sennelier-uskbook\/#primaryimage"},"thumbnailUrl":"https:\/\/hobstop.ee\/media\/3607.jpg","datePublished":"2014-12-09T11:37:29+00:00","dateModified":"-0001-11-30T00:00:00+00:00","breadcrumb":{"@id":"https:\/\/hobstop.ee\/lv\/produkts\/skicu-albums-sennelier-uskbook\/#breadcrumb"},"inLanguage":"lv-LV","potentialAction":[{"@type":"ReadAction","target":["https:\/\/hobstop.ee\/lv\/produkts\/skicu-albums-sennelier-uskbook\/"]}]},{"@type":"ImageObject","inLanguage":"lv-LV","@id":"https:\/\/hobstop.ee\/lv\/produkts\/skicu-albums-sennelier-uskbook\/#primaryimage","url":"https:\/\/hobstop.ee\/media\/3607.jpg","contentUrl":"https:\/\/hobstop.ee\/media\/3607.jpg","width":1024,"height":768},{"@type":"BreadcrumbList","@id":"https:\/\/hobstop.ee\/lv\/produkts\/skicu-albums-sennelier-uskbook\/#breadcrumb","itemListElement":[{"@type":"ListItem","position":1,"name":"Avaleht","item":"https:\/\/hobstop.ee\/lv\/"},{"@type":"ListItem","position":2,"name":"Veikals","item":"https:\/\/hobstop.ee\/lv\/veikals\/"},{"@type":"ListItem","position":3,"name":"Ski\u010du albums Sennelier USKbook"}]},{"@type":"WebSite","@id":"https:\/\/hobstop.ee\/lv\/#website","url":"https:\/\/hobstop.ee\/lv\/","name":"Skizze","description":"M\u0101kslas, hobiju un skolas preces","publisher":{"@id":"https:\/\/hobstop.ee\/lv\/#organization"},"potentialAction":[{"@type":"SearchAction","target":{"@type":"EntryPoint","urlTemplate":"https:\/\/hobstop.ee\/lv\/?s={search_term_string}"},"query-input":{"@type":"PropertyValueSpecification","valueRequired":true,"valueName":"search_term_string"}}],"inLanguage":"lv-LV"},{"@type":"Organization","@id":"https:\/\/hobstop.ee\/lv\/#organization","name":"Vunder AS","url":"https:\/\/hobstop.ee\/lv\/","logo":{"@type":"ImageObject","inLanguage":"lv-LV","@id":"https:\/\/hobstop.ee\/lv\/#\/schema\/logo\/image\/","url":"https:\/\/hobstop.ee\/media\/vunder-logo.png","contentUrl":"https:\/\/hobstop.ee\/media\/vunder-logo.png","width":127,"height":55,"caption":"Vunder AS"},"image":{"@id":"https:\/\/hobstop.ee\/lv\/#\/schema\/logo\/image\/"},"sameAs":["http:\/\/www.facebook.com\/VunderSkizze"]}]}},"_links":{"self":[{"href":"https:\/\/hobstop.ee\/lv\/wp-json\/wp\/v2\/product\/63101","targetHints":{"allow":["GET"]}}],"collection":[{"href":"https:\/\/hobstop.ee\/lv\/wp-json\/wp\/v2\/product"}],"about":[{"href":"https:\/\/hobstop.ee\/lv\/wp-json\/wp\/v2\/types\/product"}],"replies":[{"embeddable":true,"href":"https:\/\/hobstop.ee\/lv\/wp-json\/wp\/v2\/comments?post=63101"}],"wp:featuredmedia":[{"embeddable":true,"href":"https:\/\/hobstop.ee\/lv\/wp-json\/wp\/v2\/media\/107594"}],"wp:attachment":[{"href":"https:\/\/hobstop.ee\/lv\/wp-json\/wp\/v2\/media?parent=63101"}],"wp:term":[{"taxonomy":"product_cat","embeddable":true,"href":"https:\/\/hobstop.ee\/lv\/wp-json\/wp\/v2\/product_cat?post=63101"},{"taxonomy":"product_tag","embeddable":true,"href":"https:\/\/hobstop.ee\/lv\/wp-json\/wp\/v2\/product_tag?post=63101"}],"curies":[{"name":"wp","href":"https:\/\/api.w.org\/{rel}","templated":true}]}}