{"id":63104,"date":"2014-12-09T13:37:29","date_gmt":"2014-12-09T11:37:29","guid":{"rendered":"https:\/\/sharks.ee\/vunder_2019.klient.veebimajutus.ee\/?post_type=product&p=63104"},"modified":"2014-12-09T13:37:29","modified_gmt":"2014-12-09T10:37:29","slug":"skicu-zimulis-derwent-onyx","status":"publish","type":"product","link":"https:\/\/hobstop.ee\/lv\/produkts\/skicu-zimulis-derwent-onyx\/","title":{"rendered":"Ski\u010du z\u012bmulis Derwent Onyx"},"content":{"rendered":"<p>Derwent Onlyx z\u012bmulis ir darin\u0101ts no gluda, tum\u0161a graf\u012bta un rada bl\u012bvu, bag\u0101t\u012bgu melno toni, tum\u0161\u0101ku nek\u0101 Graphic 9B. Pateicoties t\u0101 viendab\u012bgajai tekst\u016brai, 4 mm serdeni ir iesp\u0113jams prec\u012bzi asin\u0101t.  Tas ir vienl\u012bdz piem\u0113rots  ski\u010du rad\u012b\u0161anai, k\u0101 ar\u012b izmanto\u0161anai detaliz\u0113tos un arhitekt\u016bras ras\u0113jumos. Piespie\u017eot z\u012bmuli, tiks ieg\u016btas tum\u0161\u0101kas nokr\u0101sas. Gai\u0161\u0101ku, detaliz\u0113t\u0101ku m\u0101kslas darbu gad\u012bjum\u0101 j\u0101cen\u0161as izvair\u012bties no p\u0101rm\u0113r\u012bga spiediena rad\u012b\u0161anas.<br \/>\nApa\u013c\u0161 8 mm korpuss, serdenis d=4 mm.<\/p>\n","protected":false},"excerpt":{"rendered":"<p>Derwent Onlyx z\u012bmulis ir darin\u0101ts no gluda, tum\u0161a graf\u012bta un rada bl\u012bvu, bag\u0101t\u012bgu melno toni, tum\u0161\u0101ku nek\u0101 Graphic 9B. Pateicoties t\u0101 viendab\u012bgajai tekst\u016brai, 4 mm serdeni ir iesp\u0113jams prec\u012bzi asin\u0101t. Tas ir vienl\u012bdz piem\u0113rots ski\u010du rad\u012b\u0161anai, k\u0101 ar\u012b izmanto\u0161anai detaliz\u0113tos un arhitekt\u016bras ras\u0113jumos. Piespie\u017eot z\u012bmuli, tiks ieg\u016btas tum\u0161\u0101kas nokr\u0101sas. Gai\u0161\u0101ku, detaliz\u0113t\u0101ku m\u0101kslas darbu gad\u012bjum\u0101 j\u0101cen\u0161as izvair\u012bties no p\u0101rm\u0113r\u012bga spiediena rad\u012b\u0161anas. Apa\u013c\u0161 8 mm korpuss, serdenis d=4 mm.<\/p>\n","protected":false},"featured_media":107598,"comment_status":"closed","ping_status":"closed","template":"","meta":{"_acf_changed":false,"ep_exclude_from_search":false},"product_cat":[16123,18991,18931],"product_tag":[],"class_list":{"0":"post-63104","1":"product","2":"type-product","3":"status-publish","4":"has-post-thumbnail","6":"product_cat-makslas-piederumi-2","7":"product_cat-skicu-zimuli-2","8":"product_cat-zimesanas-piederumi-3","10":"first","11":"outofstock","12":"taxable","13":"shipping-taxable","14":"purchasable","15":"product-type-variable"},"acf":[],"yoast_head":"<!-- This site is optimized with the Yoast SEO plugin v24.1 - https:\/\/yoast.com\/wordpress\/plugins\/seo\/ -->\n<title>Ski\u010du z\u012bmulis Derwent Onyx &#8211; Skizze<\/title>\n<meta name=\"robots\" content=\"noindex, follow, max-snippet:-1, max-image-preview:large, max-video-preview:-1\" \/>\n<meta property=\"og:locale\" content=\"lv_LV\" \/>\n<meta property=\"og:type\" content=\"article\" \/>\n<meta property=\"og:title\" content=\"Ski\u010du z\u012bmulis Derwent Onyx &#8211; Skizze\" \/>\n<meta property=\"og:description\" content=\"Derwent Onlyx z\u012bmulis ir darin\u0101ts no gluda, tum\u0161a graf\u012bta un rada bl\u012bvu, bag\u0101t\u012bgu melno toni, tum\u0161\u0101ku nek\u0101 Graphic 9B. Pateicoties t\u0101 viendab\u012bgajai tekst\u016brai, 4 mm serdeni ir iesp\u0113jams prec\u012bzi asin\u0101t. Tas ir vienl\u012bdz piem\u0113rots ski\u010du rad\u012b\u0161anai, k\u0101 ar\u012b izmanto\u0161anai detaliz\u0113tos un arhitekt\u016bras ras\u0113jumos. Piespie\u017eot z\u012bmuli, tiks ieg\u016btas tum\u0161\u0101kas nokr\u0101sas. Gai\u0161\u0101ku, detaliz\u0113t\u0101ku m\u0101kslas darbu gad\u012bjum\u0101 j\u0101cen\u0161as izvair\u012bties no p\u0101rm\u0113r\u012bga spiediena rad\u012b\u0161anas. Apa\u013c\u0161 8 mm korpuss, serdenis d=4 mm.\" \/>\n<meta property=\"og:url\" content=\"https:\/\/hobstop.ee\/lv\/produkts\/skicu-zimulis-derwent-onyx\/\" \/>\n<meta property=\"og:site_name\" content=\"Skizze\" \/>\n<meta property=\"article:publisher\" content=\"http:\/\/www.facebook.com\/VunderSkizze\" \/>\n<meta property=\"article:modified_time\" content=\"-0001-11-30T00:00:00+00:00\" \/>\n<meta property=\"og:image\" content=\"https:\/\/hobstop.ee\/media\/3608.jpg\" \/>\n\t<meta property=\"og:image:width\" content=\"1024\" \/>\n\t<meta property=\"og:image:height\" content=\"768\" \/>\n\t<meta property=\"og:image:type\" content=\"image\/jpeg\" \/>\n<meta name=\"twitter:card\" content=\"summary_large_image\" \/>\n<meta name=\"twitter:label1\" content=\"Est. reading time\" \/>\n\t<meta name=\"twitter:data1\" content=\"1 min\u016b\u0161u\" \/>\n<script type=\"application\/ld+json\" class=\"yoast-schema-graph\">{\"@context\":\"https:\/\/schema.org\",\"@graph\":[{\"@type\":\"WebPage\",\"@id\":\"https:\/\/hobstop.ee\/lv\/produkts\/skicu-zimulis-derwent-onyx\/\",\"url\":\"https:\/\/hobstop.ee\/lv\/produkts\/skicu-zimulis-derwent-onyx\/\",\"name\":\"Ski\u010du z\u012bmulis Derwent Onyx &#8211; Skizze\",\"isPartOf\":{\"@id\":\"https:\/\/hobstop.ee\/lv\/#website\"},\"primaryImageOfPage\":{\"@id\":\"https:\/\/hobstop.ee\/lv\/produkts\/skicu-zimulis-derwent-onyx\/#primaryimage\"},\"image\":{\"@id\":\"https:\/\/hobstop.ee\/lv\/produkts\/skicu-zimulis-derwent-onyx\/#primaryimage\"},\"thumbnailUrl\":\"https:\/\/hobstop.ee\/media\/3608.jpg\",\"datePublished\":\"2014-12-09T11:37:29+00:00\",\"dateModified\":\"-0001-11-30T00:00:00+00:00\",\"breadcrumb\":{\"@id\":\"https:\/\/hobstop.ee\/lv\/produkts\/skicu-zimulis-derwent-onyx\/#breadcrumb\"},\"inLanguage\":\"lv-LV\",\"potentialAction\":[{\"@type\":\"ReadAction\",\"target\":[\"https:\/\/hobstop.ee\/lv\/produkts\/skicu-zimulis-derwent-onyx\/\"]}]},{\"@type\":\"ImageObject\",\"inLanguage\":\"lv-LV\",\"@id\":\"https:\/\/hobstop.ee\/lv\/produkts\/skicu-zimulis-derwent-onyx\/#primaryimage\",\"url\":\"https:\/\/hobstop.ee\/media\/3608.jpg\",\"contentUrl\":\"https:\/\/hobstop.ee\/media\/3608.jpg\",\"width\":1024,\"height\":768},{\"@type\":\"BreadcrumbList\",\"@id\":\"https:\/\/hobstop.ee\/lv\/produkts\/skicu-zimulis-derwent-onyx\/#breadcrumb\",\"itemListElement\":[{\"@type\":\"ListItem\",\"position\":1,\"name\":\"Avaleht\",\"item\":\"https:\/\/hobstop.ee\/lv\/\"},{\"@type\":\"ListItem\",\"position\":2,\"name\":\"Veikals\",\"item\":\"https:\/\/hobstop.ee\/lv\/veikals\/\"},{\"@type\":\"ListItem\",\"position\":3,\"name\":\"Ski\u010du z\u012bmulis Derwent Onyx\"}]},{\"@type\":\"WebSite\",\"@id\":\"https:\/\/hobstop.ee\/lv\/#website\",\"url\":\"https:\/\/hobstop.ee\/lv\/\",\"name\":\"Skizze\",\"description\":\"M\u0101kslas, hobiju un skolas preces\",\"publisher\":{\"@id\":\"https:\/\/hobstop.ee\/lv\/#organization\"},\"potentialAction\":[{\"@type\":\"SearchAction\",\"target\":{\"@type\":\"EntryPoint\",\"urlTemplate\":\"https:\/\/hobstop.ee\/lv\/?s={search_term_string}\"},\"query-input\":{\"@type\":\"PropertyValueSpecification\",\"valueRequired\":true,\"valueName\":\"search_term_string\"}}],\"inLanguage\":\"lv-LV\"},{\"@type\":\"Organization\",\"@id\":\"https:\/\/hobstop.ee\/lv\/#organization\",\"name\":\"Vunder AS\",\"url\":\"https:\/\/hobstop.ee\/lv\/\",\"logo\":{\"@type\":\"ImageObject\",\"inLanguage\":\"lv-LV\",\"@id\":\"https:\/\/hobstop.ee\/lv\/#\/schema\/logo\/image\/\",\"url\":\"https:\/\/hobstop.ee\/media\/vunder-logo.png\",\"contentUrl\":\"https:\/\/hobstop.ee\/media\/vunder-logo.png\",\"width\":127,\"height\":55,\"caption\":\"Vunder AS\"},\"image\":{\"@id\":\"https:\/\/hobstop.ee\/lv\/#\/schema\/logo\/image\/\"},\"sameAs\":[\"http:\/\/www.facebook.com\/VunderSkizze\"]}]}<\/script>\n<!-- \/ Yoast SEO plugin. -->","yoast_head_json":{"title":"Ski\u010du z\u012bmulis Derwent Onyx &#8211; Skizze","robots":{"index":"noindex","follow":"follow","max-snippet":"max-snippet:-1","max-image-preview":"max-image-preview:large","max-video-preview":"max-video-preview:-1"},"og_locale":"lv_LV","og_type":"article","og_title":"Ski\u010du z\u012bmulis Derwent Onyx &#8211; Skizze","og_description":"Derwent Onlyx z\u012bmulis ir darin\u0101ts no gluda, tum\u0161a graf\u012bta un rada bl\u012bvu, bag\u0101t\u012bgu melno toni, tum\u0161\u0101ku nek\u0101 Graphic 9B. Pateicoties t\u0101 viendab\u012bgajai tekst\u016brai, 4 mm serdeni ir iesp\u0113jams prec\u012bzi asin\u0101t. Tas ir vienl\u012bdz piem\u0113rots ski\u010du rad\u012b\u0161anai, k\u0101 ar\u012b izmanto\u0161anai detaliz\u0113tos un arhitekt\u016bras ras\u0113jumos. Piespie\u017eot z\u012bmuli, tiks ieg\u016btas tum\u0161\u0101kas nokr\u0101sas. Gai\u0161\u0101ku, detaliz\u0113t\u0101ku m\u0101kslas darbu gad\u012bjum\u0101 j\u0101cen\u0161as izvair\u012bties no p\u0101rm\u0113r\u012bga spiediena rad\u012b\u0161anas. Apa\u013c\u0161 8 mm korpuss, serdenis d=4 mm.","og_url":"https:\/\/hobstop.ee\/lv\/produkts\/skicu-zimulis-derwent-onyx\/","og_site_name":"Skizze","article_publisher":"http:\/\/www.facebook.com\/VunderSkizze","article_modified_time":"-0001-11-30T00:00:00+00:00","og_image":[{"width":1024,"height":768,"url":"https:\/\/hobstop.ee\/media\/3608.jpg","type":"image\/jpeg"}],"twitter_card":"summary_large_image","twitter_misc":{"Est. reading time":"1 min\u016b\u0161u"},"schema":{"@context":"https:\/\/schema.org","@graph":[{"@type":"WebPage","@id":"https:\/\/hobstop.ee\/lv\/produkts\/skicu-zimulis-derwent-onyx\/","url":"https:\/\/hobstop.ee\/lv\/produkts\/skicu-zimulis-derwent-onyx\/","name":"Ski\u010du z\u012bmulis Derwent Onyx &#8211; Skizze","isPartOf":{"@id":"https:\/\/hobstop.ee\/lv\/#website"},"primaryImageOfPage":{"@id":"https:\/\/hobstop.ee\/lv\/produkts\/skicu-zimulis-derwent-onyx\/#primaryimage"},"image":{"@id":"https:\/\/hobstop.ee\/lv\/produkts\/skicu-zimulis-derwent-onyx\/#primaryimage"},"thumbnailUrl":"https:\/\/hobstop.ee\/media\/3608.jpg","datePublished":"2014-12-09T11:37:29+00:00","dateModified":"-0001-11-30T00:00:00+00:00","breadcrumb":{"@id":"https:\/\/hobstop.ee\/lv\/produkts\/skicu-zimulis-derwent-onyx\/#breadcrumb"},"inLanguage":"lv-LV","potentialAction":[{"@type":"ReadAction","target":["https:\/\/hobstop.ee\/lv\/produkts\/skicu-zimulis-derwent-onyx\/"]}]},{"@type":"ImageObject","inLanguage":"lv-LV","@id":"https:\/\/hobstop.ee\/lv\/produkts\/skicu-zimulis-derwent-onyx\/#primaryimage","url":"https:\/\/hobstop.ee\/media\/3608.jpg","contentUrl":"https:\/\/hobstop.ee\/media\/3608.jpg","width":1024,"height":768},{"@type":"BreadcrumbList","@id":"https:\/\/hobstop.ee\/lv\/produkts\/skicu-zimulis-derwent-onyx\/#breadcrumb","itemListElement":[{"@type":"ListItem","position":1,"name":"Avaleht","item":"https:\/\/hobstop.ee\/lv\/"},{"@type":"ListItem","position":2,"name":"Veikals","item":"https:\/\/hobstop.ee\/lv\/veikals\/"},{"@type":"ListItem","position":3,"name":"Ski\u010du z\u012bmulis Derwent Onyx"}]},{"@type":"WebSite","@id":"https:\/\/hobstop.ee\/lv\/#website","url":"https:\/\/hobstop.ee\/lv\/","name":"Skizze","description":"M\u0101kslas, hobiju un skolas preces","publisher":{"@id":"https:\/\/hobstop.ee\/lv\/#organization"},"potentialAction":[{"@type":"SearchAction","target":{"@type":"EntryPoint","urlTemplate":"https:\/\/hobstop.ee\/lv\/?s={search_term_string}"},"query-input":{"@type":"PropertyValueSpecification","valueRequired":true,"valueName":"search_term_string"}}],"inLanguage":"lv-LV"},{"@type":"Organization","@id":"https:\/\/hobstop.ee\/lv\/#organization","name":"Vunder AS","url":"https:\/\/hobstop.ee\/lv\/","logo":{"@type":"ImageObject","inLanguage":"lv-LV","@id":"https:\/\/hobstop.ee\/lv\/#\/schema\/logo\/image\/","url":"https:\/\/hobstop.ee\/media\/vunder-logo.png","contentUrl":"https:\/\/hobstop.ee\/media\/vunder-logo.png","width":127,"height":55,"caption":"Vunder AS"},"image":{"@id":"https:\/\/hobstop.ee\/lv\/#\/schema\/logo\/image\/"},"sameAs":["http:\/\/www.facebook.com\/VunderSkizze"]}]}},"_links":{"self":[{"href":"https:\/\/hobstop.ee\/lv\/wp-json\/wp\/v2\/product\/63104","targetHints":{"allow":["GET"]}}],"collection":[{"href":"https:\/\/hobstop.ee\/lv\/wp-json\/wp\/v2\/product"}],"about":[{"href":"https:\/\/hobstop.ee\/lv\/wp-json\/wp\/v2\/types\/product"}],"replies":[{"embeddable":true,"href":"https:\/\/hobstop.ee\/lv\/wp-json\/wp\/v2\/comments?post=63104"}],"wp:featuredmedia":[{"embeddable":true,"href":"https:\/\/hobstop.ee\/lv\/wp-json\/wp\/v2\/media\/107598"}],"wp:attachment":[{"href":"https:\/\/hobstop.ee\/lv\/wp-json\/wp\/v2\/media?parent=63104"}],"wp:term":[{"taxonomy":"product_cat","embeddable":true,"href":"https:\/\/hobstop.ee\/lv\/wp-json\/wp\/v2\/product_cat?post=63104"},{"taxonomy":"product_tag","embeddable":true,"href":"https:\/\/hobstop.ee\/lv\/wp-json\/wp\/v2\/product_tag?post=63104"}],"curies":[{"name":"wp","href":"https:\/\/api.w.org\/{rel}","templated":true}]}}