{"id":63144,"date":"2014-12-09T13:37:38","date_gmt":"2014-12-09T11:37:38","guid":{"rendered":"https:\/\/sharks.ee\/vunder_2019.klient.veebimajutus.ee\/?post_type=product&p=63144"},"modified":"2014-12-09T13:37:38","modified_gmt":"2014-12-09T10:37:38","slug":"akrila-krasa-marabu-mixed-media-100ml","status":"publish","type":"product","link":"https:\/\/hobstop.ee\/lv\/produkts\/akrila-krasa-marabu-mixed-media-100ml\/","title":{"rendered":"Akrila kr\u0101sa Marabu Mixed Media 100ml"},"content":{"rendered":"<p>Marabu Mixed Media akrils ir kr\u0113mveida akrila kr\u0101sa uz \u016bdens b\u0101zes. Kr\u0101sas var sajaukt kop\u0101, t\u0101s var at\u0161\u0137aid\u012bt ar \u016bdeni. T\u0101s ir \u0101tri \u017e\u016bsto\u0161as, iztur\u012bgas pret gaismas iedarb\u012bbu un \u016bdensiztur\u012bgas. Lieto\u0161anai ar otu, kr\u0101su rull\u012bti, s\u016bkli. Ide\u0101li piem\u0113rotas izmanto\u0161anai ar Mixed Media m\u0101kslas darbiem un Art Journaling. Izmantot uz audekla, pap\u012bra, koka utt.<\/p>\n","protected":false},"excerpt":{"rendered":"<p>Marabu Mixed Media akrils ir kr\u0113mveida akrila kr\u0101sa uz \u016bdens b\u0101zes. Kr\u0101sas var sajaukt kop\u0101, t\u0101s var at\u0161\u0137aid\u012bt ar \u016bdeni. T\u0101s ir \u0101tri \u017e\u016bsto\u0161as, iztur\u012bgas pret gaismas iedarb\u012bbu un \u016bdensiztur\u012bgas. Lieto\u0161anai ar otu, kr\u0101su rull\u012bti, s\u016bkli. Ide\u0101li piem\u0113rotas izmanto\u0161anai ar Mixed Media m\u0101kslas darbiem un Art Journaling. Izmantot uz audekla, pap\u012bra, koka utt.<\/p>\n","protected":false},"featured_media":353495,"comment_status":"closed","ping_status":"closed","template":"","meta":{"_acf_changed":false,"ep_exclude_from_search":false},"product_cat":[18994,17980,16123],"product_tag":[],"class_list":{"0":"post-63144","1":"product","2":"type-product","3":"status-publish","4":"has-post-thumbnail","6":"product_cat-akrila-krasas","7":"product_cat-krasas-un-gleznosanas-paligmateriali","8":"product_cat-makslas-piederumi-2","10":"first","11":"instock","12":"taxable","13":"shipping-taxable","14":"purchasable","15":"product-type-variable"},"acf":[],"yoast_head":"<!-- This site is optimized with the Yoast SEO plugin v24.1 - https:\/\/yoast.com\/wordpress\/plugins\/seo\/ -->\n<title>Akrila kr\u0101sa Marabu Mixed Media 100ml &#8211; Skizze<\/title>\n<meta name=\"robots\" content=\"noindex, follow, max-snippet:-1, max-image-preview:large, max-video-preview:-1\" \/>\n<meta property=\"og:locale\" content=\"lv_LV\" \/>\n<meta property=\"og:type\" content=\"article\" \/>\n<meta property=\"og:title\" content=\"Akrila kr\u0101sa Marabu Mixed Media 100ml &#8211; Skizze\" \/>\n<meta property=\"og:description\" content=\"Marabu Mixed Media akrils ir kr\u0113mveida akrila kr\u0101sa uz \u016bdens b\u0101zes. Kr\u0101sas var sajaukt kop\u0101, t\u0101s var at\u0161\u0137aid\u012bt ar \u016bdeni. T\u0101s ir \u0101tri \u017e\u016bsto\u0161as, iztur\u012bgas pret gaismas iedarb\u012bbu un \u016bdensiztur\u012bgas. Lieto\u0161anai ar otu, kr\u0101su rull\u012bti, s\u016bkli. Ide\u0101li piem\u0113rotas izmanto\u0161anai ar Mixed Media m\u0101kslas darbiem un Art Journaling. Izmantot uz audekla, pap\u012bra, koka utt.\" \/>\n<meta property=\"og:url\" content=\"https:\/\/hobstop.ee\/lv\/produkts\/akrila-krasa-marabu-mixed-media-100ml\/\" \/>\n<meta property=\"og:site_name\" content=\"Skizze\" \/>\n<meta property=\"article:publisher\" content=\"http:\/\/www.facebook.com\/VunderSkizze\" \/>\n<meta property=\"article:modified_time\" content=\"-0001-11-30T00:00:00+00:00\" \/>\n<meta property=\"og:image\" content=\"https:\/\/hobstop.ee\/media\/3667.jpg\" \/>\n\t<meta property=\"og:image:width\" content=\"1024\" \/>\n\t<meta property=\"og:image:height\" content=\"768\" \/>\n\t<meta property=\"og:image:type\" content=\"image\/jpeg\" \/>\n<meta name=\"twitter:card\" content=\"summary_large_image\" \/>\n<script type=\"application\/ld+json\" class=\"yoast-schema-graph\">{\"@context\":\"https:\/\/schema.org\",\"@graph\":[{\"@type\":\"WebPage\",\"@id\":\"https:\/\/hobstop.ee\/lv\/produkts\/akrila-krasa-marabu-mixed-media-100ml\/\",\"url\":\"https:\/\/hobstop.ee\/lv\/produkts\/akrila-krasa-marabu-mixed-media-100ml\/\",\"name\":\"Akrila kr\u0101sa Marabu Mixed Media 100ml &#8211; Skizze\",\"isPartOf\":{\"@id\":\"https:\/\/hobstop.ee\/lv\/#website\"},\"primaryImageOfPage\":{\"@id\":\"https:\/\/hobstop.ee\/lv\/produkts\/akrila-krasa-marabu-mixed-media-100ml\/#primaryimage\"},\"image\":{\"@id\":\"https:\/\/hobstop.ee\/lv\/produkts\/akrila-krasa-marabu-mixed-media-100ml\/#primaryimage\"},\"thumbnailUrl\":\"https:\/\/hobstop.ee\/media\/3667.jpg\",\"datePublished\":\"2014-12-09T11:37:38+00:00\",\"dateModified\":\"-0001-11-30T00:00:00+00:00\",\"breadcrumb\":{\"@id\":\"https:\/\/hobstop.ee\/lv\/produkts\/akrila-krasa-marabu-mixed-media-100ml\/#breadcrumb\"},\"inLanguage\":\"lv-LV\",\"potentialAction\":[{\"@type\":\"ReadAction\",\"target\":[\"https:\/\/hobstop.ee\/lv\/produkts\/akrila-krasa-marabu-mixed-media-100ml\/\"]}]},{\"@type\":\"ImageObject\",\"inLanguage\":\"lv-LV\",\"@id\":\"https:\/\/hobstop.ee\/lv\/produkts\/akrila-krasa-marabu-mixed-media-100ml\/#primaryimage\",\"url\":\"https:\/\/hobstop.ee\/media\/3667.jpg\",\"contentUrl\":\"https:\/\/hobstop.ee\/media\/3667.jpg\",\"width\":1024,\"height\":768},{\"@type\":\"BreadcrumbList\",\"@id\":\"https:\/\/hobstop.ee\/lv\/produkts\/akrila-krasa-marabu-mixed-media-100ml\/#breadcrumb\",\"itemListElement\":[{\"@type\":\"ListItem\",\"position\":1,\"name\":\"Avaleht\",\"item\":\"https:\/\/www.hobstop.ee\/lv\/\"},{\"@type\":\"ListItem\",\"position\":2,\"name\":\"Veikals\",\"item\":\"https:\/\/www.hobstop.ee\/lv\/veikals\/\"},{\"@type\":\"ListItem\",\"position\":3,\"name\":\"Akrila kr\u0101sa Marabu Mixed Media 100ml\"}]},{\"@type\":\"WebSite\",\"@id\":\"https:\/\/hobstop.ee\/lv\/#website\",\"url\":\"https:\/\/hobstop.ee\/lv\/\",\"name\":\"Skizze\",\"description\":\"M\u0101kslas, hobiju un skolas preces\",\"publisher\":{\"@id\":\"https:\/\/hobstop.ee\/lv\/#organization\"},\"potentialAction\":[{\"@type\":\"SearchAction\",\"target\":{\"@type\":\"EntryPoint\",\"urlTemplate\":\"https:\/\/hobstop.ee\/lv\/?s={search_term_string}\"},\"query-input\":{\"@type\":\"PropertyValueSpecification\",\"valueRequired\":true,\"valueName\":\"search_term_string\"}}],\"inLanguage\":\"lv-LV\"},{\"@type\":\"Organization\",\"@id\":\"https:\/\/hobstop.ee\/lv\/#organization\",\"name\":\"Vunder AS\",\"url\":\"https:\/\/hobstop.ee\/lv\/\",\"logo\":{\"@type\":\"ImageObject\",\"inLanguage\":\"lv-LV\",\"@id\":\"https:\/\/hobstop.ee\/lv\/#\/schema\/logo\/image\/\",\"url\":\"https:\/\/hobstop.ee\/media\/vunder-logo.png\",\"contentUrl\":\"https:\/\/hobstop.ee\/media\/vunder-logo.png\",\"width\":127,\"height\":55,\"caption\":\"Vunder AS\"},\"image\":{\"@id\":\"https:\/\/hobstop.ee\/lv\/#\/schema\/logo\/image\/\"},\"sameAs\":[\"http:\/\/www.facebook.com\/VunderSkizze\"]}]}<\/script>\n<!-- \/ Yoast SEO plugin. -->","yoast_head_json":{"title":"Akrila kr\u0101sa Marabu Mixed Media 100ml &#8211; Skizze","robots":{"index":"noindex","follow":"follow","max-snippet":"max-snippet:-1","max-image-preview":"max-image-preview:large","max-video-preview":"max-video-preview:-1"},"og_locale":"lv_LV","og_type":"article","og_title":"Akrila kr\u0101sa Marabu Mixed Media 100ml &#8211; Skizze","og_description":"Marabu Mixed Media akrils ir kr\u0113mveida akrila kr\u0101sa uz \u016bdens b\u0101zes. Kr\u0101sas var sajaukt kop\u0101, t\u0101s var at\u0161\u0137aid\u012bt ar \u016bdeni. T\u0101s ir \u0101tri \u017e\u016bsto\u0161as, iztur\u012bgas pret gaismas iedarb\u012bbu un \u016bdensiztur\u012bgas. Lieto\u0161anai ar otu, kr\u0101su rull\u012bti, s\u016bkli. Ide\u0101li piem\u0113rotas izmanto\u0161anai ar Mixed Media m\u0101kslas darbiem un Art Journaling. Izmantot uz audekla, pap\u012bra, koka utt.","og_url":"https:\/\/hobstop.ee\/lv\/produkts\/akrila-krasa-marabu-mixed-media-100ml\/","og_site_name":"Skizze","article_publisher":"http:\/\/www.facebook.com\/VunderSkizze","article_modified_time":"-0001-11-30T00:00:00+00:00","og_image":[{"width":1024,"height":768,"url":"https:\/\/hobstop.ee\/media\/3667.jpg","type":"image\/jpeg"}],"twitter_card":"summary_large_image","schema":{"@context":"https:\/\/schema.org","@graph":[{"@type":"WebPage","@id":"https:\/\/hobstop.ee\/lv\/produkts\/akrila-krasa-marabu-mixed-media-100ml\/","url":"https:\/\/hobstop.ee\/lv\/produkts\/akrila-krasa-marabu-mixed-media-100ml\/","name":"Akrila kr\u0101sa Marabu Mixed Media 100ml &#8211; Skizze","isPartOf":{"@id":"https:\/\/hobstop.ee\/lv\/#website"},"primaryImageOfPage":{"@id":"https:\/\/hobstop.ee\/lv\/produkts\/akrila-krasa-marabu-mixed-media-100ml\/#primaryimage"},"image":{"@id":"https:\/\/hobstop.ee\/lv\/produkts\/akrila-krasa-marabu-mixed-media-100ml\/#primaryimage"},"thumbnailUrl":"https:\/\/hobstop.ee\/media\/3667.jpg","datePublished":"2014-12-09T11:37:38+00:00","dateModified":"-0001-11-30T00:00:00+00:00","breadcrumb":{"@id":"https:\/\/hobstop.ee\/lv\/produkts\/akrila-krasa-marabu-mixed-media-100ml\/#breadcrumb"},"inLanguage":"lv-LV","potentialAction":[{"@type":"ReadAction","target":["https:\/\/hobstop.ee\/lv\/produkts\/akrila-krasa-marabu-mixed-media-100ml\/"]}]},{"@type":"ImageObject","inLanguage":"lv-LV","@id":"https:\/\/hobstop.ee\/lv\/produkts\/akrila-krasa-marabu-mixed-media-100ml\/#primaryimage","url":"https:\/\/hobstop.ee\/media\/3667.jpg","contentUrl":"https:\/\/hobstop.ee\/media\/3667.jpg","width":1024,"height":768},{"@type":"BreadcrumbList","@id":"https:\/\/hobstop.ee\/lv\/produkts\/akrila-krasa-marabu-mixed-media-100ml\/#breadcrumb","itemListElement":[{"@type":"ListItem","position":1,"name":"Avaleht","item":"https:\/\/www.hobstop.ee\/lv\/"},{"@type":"ListItem","position":2,"name":"Veikals","item":"https:\/\/www.hobstop.ee\/lv\/veikals\/"},{"@type":"ListItem","position":3,"name":"Akrila kr\u0101sa Marabu Mixed Media 100ml"}]},{"@type":"WebSite","@id":"https:\/\/hobstop.ee\/lv\/#website","url":"https:\/\/hobstop.ee\/lv\/","name":"Skizze","description":"M\u0101kslas, hobiju un skolas preces","publisher":{"@id":"https:\/\/hobstop.ee\/lv\/#organization"},"potentialAction":[{"@type":"SearchAction","target":{"@type":"EntryPoint","urlTemplate":"https:\/\/hobstop.ee\/lv\/?s={search_term_string}"},"query-input":{"@type":"PropertyValueSpecification","valueRequired":true,"valueName":"search_term_string"}}],"inLanguage":"lv-LV"},{"@type":"Organization","@id":"https:\/\/hobstop.ee\/lv\/#organization","name":"Vunder AS","url":"https:\/\/hobstop.ee\/lv\/","logo":{"@type":"ImageObject","inLanguage":"lv-LV","@id":"https:\/\/hobstop.ee\/lv\/#\/schema\/logo\/image\/","url":"https:\/\/hobstop.ee\/media\/vunder-logo.png","contentUrl":"https:\/\/hobstop.ee\/media\/vunder-logo.png","width":127,"height":55,"caption":"Vunder AS"},"image":{"@id":"https:\/\/hobstop.ee\/lv\/#\/schema\/logo\/image\/"},"sameAs":["http:\/\/www.facebook.com\/VunderSkizze"]}]}},"_links":{"self":[{"href":"https:\/\/hobstop.ee\/lv\/wp-json\/wp\/v2\/product\/63144","targetHints":{"allow":["GET"]}}],"collection":[{"href":"https:\/\/hobstop.ee\/lv\/wp-json\/wp\/v2\/product"}],"about":[{"href":"https:\/\/hobstop.ee\/lv\/wp-json\/wp\/v2\/types\/product"}],"replies":[{"embeddable":true,"href":"https:\/\/hobstop.ee\/lv\/wp-json\/wp\/v2\/comments?post=63144"}],"wp:featuredmedia":[{"embeddable":true,"href":"https:\/\/hobstop.ee\/lv\/wp-json\/wp\/v2\/media\/353495"}],"wp:attachment":[{"href":"https:\/\/hobstop.ee\/lv\/wp-json\/wp\/v2\/media?parent=63144"}],"wp:term":[{"taxonomy":"product_cat","embeddable":true,"href":"https:\/\/hobstop.ee\/lv\/wp-json\/wp\/v2\/product_cat?post=63144"},{"taxonomy":"product_tag","embeddable":true,"href":"https:\/\/hobstop.ee\/lv\/wp-json\/wp\/v2\/product_tag?post=63144"}],"curies":[{"name":"wp","href":"https:\/\/api.w.org\/{rel}","templated":true}]}}