{"id":63170,"date":"2014-12-09T13:37:44","date_gmt":"2014-12-09T11:37:44","guid":{"rendered":"https:\/\/sharks.ee\/vunder_2019.klient.veebimajutus.ee\/?post_type=product&p=63170"},"modified":"2014-12-09T13:37:44","modified_gmt":"2014-12-09T10:37:44","slug":"pastelu-papira-bloks-canson-mi-teintes-touch","status":"publish","type":"product","link":"https:\/\/hobstop.ee\/lv\/produkts\/pastelu-papira-bloks-canson-mi-teintes-touch\/","title":{"rendered":"Paste\u013cu pap\u012bra bloks Canson Mi-Teintes Touch"},"content":{"rendered":"<p>Canson Mi-Teintes Touch: augst\u0101k\u0101s kvalit\u0101tes paste\u013cu pap\u012brs un kartons ar mikroabraz\u012bvas tekst\u016bras virsmu, kas lieliski izce\u013c ar pasteli, ogli, z\u012bmuli un akrila kr\u0101su veidoto darbu pievilc\u012bbu. Tas nofiks\u0113 paste\u013ckr\u0101su pigmentu, dodot iesp\u0113ju kl\u0101t vair\u0101kas kr\u0101sas k\u0101rtas. Kartons ir \u013coti iztur\u012bgs un \u013cauj realiz\u0113t jebkuras idejas.<br \/>\nIde\u0101li piem\u0113rots: paste\u013ciem, kr\u012btam, akrila kr\u0101s\u0101m.<br \/>\nPiem\u0113rots ar\u012b: sangvina un ogles z\u012bm\u0113jumiem<\/p>\n","protected":false},"excerpt":{"rendered":"<p>Canson Mi-Teintes Touch: augst\u0101k\u0101s kvalit\u0101tes paste\u013cu pap\u012brs un kartons ar mikroabraz\u012bvas tekst\u016bras virsmu, kas lieliski izce\u013c ar pasteli, ogli, z\u012bmuli un akrila kr\u0101su veidoto darbu pievilc\u012bbu. Tas nofiks\u0113 paste\u013ckr\u0101su pigmentu, dodot iesp\u0113ju kl\u0101t vair\u0101kas kr\u0101sas k\u0101rtas. Kartons ir \u013coti iztur\u012bgs un \u013cauj realiz\u0113t jebkuras idejas. Ide\u0101li piem\u0113rots: paste\u013ciem, kr\u012btam, akrila kr\u0101s\u0101m. Piem\u0113rots ar\u012b: sangvina un ogles z\u012bm\u0113jumiem<\/p>\n","protected":false},"featured_media":160004,"comment_status":"closed","ping_status":"closed","template":"","meta":{"_acf_changed":false,"ep_exclude_from_search":false},"product_cat":[18943,17921,19024],"product_tag":[],"class_list":{"0":"post-63170","1":"product","2":"type-product","3":"status-publish","4":"has-post-thumbnail","6":"product_cat-makslas-papirs-un-kartons-2","7":"product_cat-papira-izstradajumi","8":"product_cat-zimesanas-papirs-un-bloki-3","10":"first","11":"instock","12":"taxable","13":"shipping-taxable","14":"purchasable","15":"product-type-variable"},"acf":[],"yoast_head":"<!-- This site is optimized with the Yoast SEO plugin v24.1 - https:\/\/yoast.com\/wordpress\/plugins\/seo\/ -->\n<title>Paste\u013cu pap\u012bra bloks Canson Mi-Teintes Touch &#8211; Skizze<\/title>\n<meta name=\"robots\" content=\"noindex, follow, max-snippet:-1, max-image-preview:large, max-video-preview:-1\" \/>\n<meta property=\"og:locale\" content=\"lv_LV\" \/>\n<meta property=\"og:type\" content=\"article\" \/>\n<meta property=\"og:title\" content=\"Paste\u013cu pap\u012bra bloks Canson Mi-Teintes Touch &#8211; Skizze\" \/>\n<meta property=\"og:description\" content=\"Canson Mi-Teintes Touch: augst\u0101k\u0101s kvalit\u0101tes paste\u013cu pap\u012brs un kartons ar mikroabraz\u012bvas tekst\u016bras virsmu, kas lieliski izce\u013c ar pasteli, ogli, z\u012bmuli un akrila kr\u0101su veidoto darbu pievilc\u012bbu. Tas nofiks\u0113 paste\u013ckr\u0101su pigmentu, dodot iesp\u0113ju kl\u0101t vair\u0101kas kr\u0101sas k\u0101rtas. Kartons ir \u013coti iztur\u012bgs un \u013cauj realiz\u0113t jebkuras idejas. Ide\u0101li piem\u0113rots: paste\u013ciem, kr\u012btam, akrila kr\u0101s\u0101m. Piem\u0113rots ar\u012b: sangvina un ogles z\u012bm\u0113jumiem\" \/>\n<meta property=\"og:url\" content=\"https:\/\/hobstop.ee\/lv\/produkts\/pastelu-papira-bloks-canson-mi-teintes-touch\/\" \/>\n<meta property=\"og:site_name\" content=\"Skizze\" \/>\n<meta property=\"article:publisher\" content=\"http:\/\/www.facebook.com\/VunderSkizze\" \/>\n<meta property=\"article:modified_time\" content=\"-0001-11-30T00:00:00+00:00\" \/>\n<meta property=\"og:image\" content=\"https:\/\/hobstop.ee\/media\/3694.jpg\" \/>\n\t<meta property=\"og:image:width\" content=\"844\" \/>\n\t<meta property=\"og:image:height\" content=\"650\" \/>\n\t<meta property=\"og:image:type\" content=\"image\/jpeg\" \/>\n<meta name=\"twitter:card\" content=\"summary_large_image\" \/>\n<script type=\"application\/ld+json\" class=\"yoast-schema-graph\">{\"@context\":\"https:\/\/schema.org\",\"@graph\":[{\"@type\":\"WebPage\",\"@id\":\"https:\/\/hobstop.ee\/lv\/produkts\/pastelu-papira-bloks-canson-mi-teintes-touch\/\",\"url\":\"https:\/\/hobstop.ee\/lv\/produkts\/pastelu-papira-bloks-canson-mi-teintes-touch\/\",\"name\":\"Paste\u013cu pap\u012bra bloks Canson Mi-Teintes Touch &#8211; Skizze\",\"isPartOf\":{\"@id\":\"https:\/\/hobstop.ee\/lv\/#website\"},\"primaryImageOfPage\":{\"@id\":\"https:\/\/hobstop.ee\/lv\/produkts\/pastelu-papira-bloks-canson-mi-teintes-touch\/#primaryimage\"},\"image\":{\"@id\":\"https:\/\/hobstop.ee\/lv\/produkts\/pastelu-papira-bloks-canson-mi-teintes-touch\/#primaryimage\"},\"thumbnailUrl\":\"https:\/\/hobstop.ee\/media\/3694.jpg\",\"datePublished\":\"2014-12-09T11:37:44+00:00\",\"dateModified\":\"-0001-11-30T00:00:00+00:00\",\"breadcrumb\":{\"@id\":\"https:\/\/hobstop.ee\/lv\/produkts\/pastelu-papira-bloks-canson-mi-teintes-touch\/#breadcrumb\"},\"inLanguage\":\"lv-LV\",\"potentialAction\":[{\"@type\":\"ReadAction\",\"target\":[\"https:\/\/hobstop.ee\/lv\/produkts\/pastelu-papira-bloks-canson-mi-teintes-touch\/\"]}]},{\"@type\":\"ImageObject\",\"inLanguage\":\"lv-LV\",\"@id\":\"https:\/\/hobstop.ee\/lv\/produkts\/pastelu-papira-bloks-canson-mi-teintes-touch\/#primaryimage\",\"url\":\"https:\/\/hobstop.ee\/media\/3694.jpg\",\"contentUrl\":\"https:\/\/hobstop.ee\/media\/3694.jpg\",\"width\":844,\"height\":650},{\"@type\":\"BreadcrumbList\",\"@id\":\"https:\/\/hobstop.ee\/lv\/produkts\/pastelu-papira-bloks-canson-mi-teintes-touch\/#breadcrumb\",\"itemListElement\":[{\"@type\":\"ListItem\",\"position\":1,\"name\":\"Avaleht\",\"item\":\"https:\/\/hobstop.ee\/lv\/\"},{\"@type\":\"ListItem\",\"position\":2,\"name\":\"Veikals\",\"item\":\"https:\/\/hobstop.ee\/lv\/veikals\/\"},{\"@type\":\"ListItem\",\"position\":3,\"name\":\"Paste\u013cu pap\u012bra bloks Canson Mi-Teintes Touch\"}]},{\"@type\":\"WebSite\",\"@id\":\"https:\/\/hobstop.ee\/lv\/#website\",\"url\":\"https:\/\/hobstop.ee\/lv\/\",\"name\":\"Skizze\",\"description\":\"M\u0101kslas, hobiju un skolas preces\",\"publisher\":{\"@id\":\"https:\/\/hobstop.ee\/lv\/#organization\"},\"potentialAction\":[{\"@type\":\"SearchAction\",\"target\":{\"@type\":\"EntryPoint\",\"urlTemplate\":\"https:\/\/hobstop.ee\/lv\/?s={search_term_string}\"},\"query-input\":{\"@type\":\"PropertyValueSpecification\",\"valueRequired\":true,\"valueName\":\"search_term_string\"}}],\"inLanguage\":\"lv-LV\"},{\"@type\":\"Organization\",\"@id\":\"https:\/\/hobstop.ee\/lv\/#organization\",\"name\":\"Vunder AS\",\"url\":\"https:\/\/hobstop.ee\/lv\/\",\"logo\":{\"@type\":\"ImageObject\",\"inLanguage\":\"lv-LV\",\"@id\":\"https:\/\/hobstop.ee\/lv\/#\/schema\/logo\/image\/\",\"url\":\"https:\/\/hobstop.ee\/media\/vunder-logo.png\",\"contentUrl\":\"https:\/\/hobstop.ee\/media\/vunder-logo.png\",\"width\":127,\"height\":55,\"caption\":\"Vunder AS\"},\"image\":{\"@id\":\"https:\/\/hobstop.ee\/lv\/#\/schema\/logo\/image\/\"},\"sameAs\":[\"http:\/\/www.facebook.com\/VunderSkizze\"]}]}<\/script>\n<!-- \/ Yoast SEO plugin. -->","yoast_head_json":{"title":"Paste\u013cu pap\u012bra bloks Canson Mi-Teintes Touch &#8211; Skizze","robots":{"index":"noindex","follow":"follow","max-snippet":"max-snippet:-1","max-image-preview":"max-image-preview:large","max-video-preview":"max-video-preview:-1"},"og_locale":"lv_LV","og_type":"article","og_title":"Paste\u013cu pap\u012bra bloks Canson Mi-Teintes Touch &#8211; Skizze","og_description":"Canson Mi-Teintes Touch: augst\u0101k\u0101s kvalit\u0101tes paste\u013cu pap\u012brs un kartons ar mikroabraz\u012bvas tekst\u016bras virsmu, kas lieliski izce\u013c ar pasteli, ogli, z\u012bmuli un akrila kr\u0101su veidoto darbu pievilc\u012bbu. Tas nofiks\u0113 paste\u013ckr\u0101su pigmentu, dodot iesp\u0113ju kl\u0101t vair\u0101kas kr\u0101sas k\u0101rtas. Kartons ir \u013coti iztur\u012bgs un \u013cauj realiz\u0113t jebkuras idejas. Ide\u0101li piem\u0113rots: paste\u013ciem, kr\u012btam, akrila kr\u0101s\u0101m. Piem\u0113rots ar\u012b: sangvina un ogles z\u012bm\u0113jumiem","og_url":"https:\/\/hobstop.ee\/lv\/produkts\/pastelu-papira-bloks-canson-mi-teintes-touch\/","og_site_name":"Skizze","article_publisher":"http:\/\/www.facebook.com\/VunderSkizze","article_modified_time":"-0001-11-30T00:00:00+00:00","og_image":[{"width":844,"height":650,"url":"https:\/\/hobstop.ee\/media\/3694.jpg","type":"image\/jpeg"}],"twitter_card":"summary_large_image","schema":{"@context":"https:\/\/schema.org","@graph":[{"@type":"WebPage","@id":"https:\/\/hobstop.ee\/lv\/produkts\/pastelu-papira-bloks-canson-mi-teintes-touch\/","url":"https:\/\/hobstop.ee\/lv\/produkts\/pastelu-papira-bloks-canson-mi-teintes-touch\/","name":"Paste\u013cu pap\u012bra bloks Canson Mi-Teintes Touch &#8211; Skizze","isPartOf":{"@id":"https:\/\/hobstop.ee\/lv\/#website"},"primaryImageOfPage":{"@id":"https:\/\/hobstop.ee\/lv\/produkts\/pastelu-papira-bloks-canson-mi-teintes-touch\/#primaryimage"},"image":{"@id":"https:\/\/hobstop.ee\/lv\/produkts\/pastelu-papira-bloks-canson-mi-teintes-touch\/#primaryimage"},"thumbnailUrl":"https:\/\/hobstop.ee\/media\/3694.jpg","datePublished":"2014-12-09T11:37:44+00:00","dateModified":"-0001-11-30T00:00:00+00:00","breadcrumb":{"@id":"https:\/\/hobstop.ee\/lv\/produkts\/pastelu-papira-bloks-canson-mi-teintes-touch\/#breadcrumb"},"inLanguage":"lv-LV","potentialAction":[{"@type":"ReadAction","target":["https:\/\/hobstop.ee\/lv\/produkts\/pastelu-papira-bloks-canson-mi-teintes-touch\/"]}]},{"@type":"ImageObject","inLanguage":"lv-LV","@id":"https:\/\/hobstop.ee\/lv\/produkts\/pastelu-papira-bloks-canson-mi-teintes-touch\/#primaryimage","url":"https:\/\/hobstop.ee\/media\/3694.jpg","contentUrl":"https:\/\/hobstop.ee\/media\/3694.jpg","width":844,"height":650},{"@type":"BreadcrumbList","@id":"https:\/\/hobstop.ee\/lv\/produkts\/pastelu-papira-bloks-canson-mi-teintes-touch\/#breadcrumb","itemListElement":[{"@type":"ListItem","position":1,"name":"Avaleht","item":"https:\/\/hobstop.ee\/lv\/"},{"@type":"ListItem","position":2,"name":"Veikals","item":"https:\/\/hobstop.ee\/lv\/veikals\/"},{"@type":"ListItem","position":3,"name":"Paste\u013cu pap\u012bra bloks Canson Mi-Teintes Touch"}]},{"@type":"WebSite","@id":"https:\/\/hobstop.ee\/lv\/#website","url":"https:\/\/hobstop.ee\/lv\/","name":"Skizze","description":"M\u0101kslas, hobiju un skolas preces","publisher":{"@id":"https:\/\/hobstop.ee\/lv\/#organization"},"potentialAction":[{"@type":"SearchAction","target":{"@type":"EntryPoint","urlTemplate":"https:\/\/hobstop.ee\/lv\/?s={search_term_string}"},"query-input":{"@type":"PropertyValueSpecification","valueRequired":true,"valueName":"search_term_string"}}],"inLanguage":"lv-LV"},{"@type":"Organization","@id":"https:\/\/hobstop.ee\/lv\/#organization","name":"Vunder AS","url":"https:\/\/hobstop.ee\/lv\/","logo":{"@type":"ImageObject","inLanguage":"lv-LV","@id":"https:\/\/hobstop.ee\/lv\/#\/schema\/logo\/image\/","url":"https:\/\/hobstop.ee\/media\/vunder-logo.png","contentUrl":"https:\/\/hobstop.ee\/media\/vunder-logo.png","width":127,"height":55,"caption":"Vunder AS"},"image":{"@id":"https:\/\/hobstop.ee\/lv\/#\/schema\/logo\/image\/"},"sameAs":["http:\/\/www.facebook.com\/VunderSkizze"]}]}},"_links":{"self":[{"href":"https:\/\/hobstop.ee\/lv\/wp-json\/wp\/v2\/product\/63170","targetHints":{"allow":["GET"]}}],"collection":[{"href":"https:\/\/hobstop.ee\/lv\/wp-json\/wp\/v2\/product"}],"about":[{"href":"https:\/\/hobstop.ee\/lv\/wp-json\/wp\/v2\/types\/product"}],"replies":[{"embeddable":true,"href":"https:\/\/hobstop.ee\/lv\/wp-json\/wp\/v2\/comments?post=63170"}],"wp:featuredmedia":[{"embeddable":true,"href":"https:\/\/hobstop.ee\/lv\/wp-json\/wp\/v2\/media\/160004"}],"wp:attachment":[{"href":"https:\/\/hobstop.ee\/lv\/wp-json\/wp\/v2\/media?parent=63170"}],"wp:term":[{"taxonomy":"product_cat","embeddable":true,"href":"https:\/\/hobstop.ee\/lv\/wp-json\/wp\/v2\/product_cat?post=63170"},{"taxonomy":"product_tag","embeddable":true,"href":"https:\/\/hobstop.ee\/lv\/wp-json\/wp\/v2\/product_tag?post=63170"}],"curies":[{"name":"wp","href":"https:\/\/api.w.org\/{rel}","templated":true}]}}