{"id":63176,"date":"2014-12-09T13:37:45","date_gmt":"2014-12-09T11:37:45","guid":{"rendered":"https:\/\/sharks.ee\/vunder_2019.klient.veebimajutus.ee\/?post_type=product&p=63176"},"modified":"2014-12-09T13:37:45","modified_gmt":"2014-12-09T10:37:45","slug":"kartons-krasainais-canson-kids","status":"publish","type":"product","link":"https:\/\/hobstop.ee\/lv\/produkts\/kartons-krasainais-canson-kids\/","title":{"rendered":"Kartons kr\u0101sainais Canson Kids"},"content":{"rendered":"<p>Gadu desmitiem Canson z\u012bm\u0113\u0161anas pap\u012brs ir bijis viens no b\u0113rnu iem\u012b\u013cot\u0101kajiem z\u012bm\u0113\u0161anas un rado\u0161o darbu veido\u0161anas pap\u012briem. Canson ir liela pieredze b\u0113rnu iepaz\u012bstin\u0101\u0161an\u0101 ar z\u012bm\u0113\u0161anu, glezno\u0161anu un rado\u0161u darb\u012bbu, un jaun\u0101 produktu s\u0113rija ir izstr\u0101d\u0101ta ar m\u0113r\u0137i rosin\u0101t b\u0113rnus piev\u0113rsties aizraujo\u0161ajai m\u0101kslas pasaulei.<br \/>\nCanson Kids bloks ir komplekt\u0113ts no spilgtu kr\u0101su Canson pap\u012briem, kas ir ide\u0101li piem\u0113roti z\u012bm\u0113\u0161anai un meistaro\u0161anai m\u0101j\u0101s un br\u012bvaj\u0101 laik\u0101. Patiecoties pap\u012bra lielajam svaram, tas ir piem\u0113rots att\u0113lu ier\u0101m\u0113\u0161anai un 3D darbu veido\u0161anai.  Canson Kids bloka komplekt\u0101 papildus iek\u013cauta ar\u012b \u0161ablonu lapa!<br \/>\nIde\u0101li piem\u0113rots: z\u012bm\u0113\u0161anai, loc\u012bjumiem, apstr\u0101dei, l\u012bm\u0113\u0161anai, att\u0113lu ier\u0101m\u0113\u0161anai, 3D darbiem<\/p>\n","protected":false},"excerpt":{"rendered":"<p>Gadu desmitiem Canson z\u012bm\u0113\u0161anas pap\u012brs ir bijis viens no b\u0113rnu iem\u012b\u013cot\u0101kajiem z\u012bm\u0113\u0161anas un rado\u0161o darbu veido\u0161anas pap\u012briem. Canson ir liela pieredze b\u0113rnu iepaz\u012bstin\u0101\u0161an\u0101 ar z\u012bm\u0113\u0161anu, glezno\u0161anu un rado\u0161u darb\u012bbu, un jaun\u0101 produktu s\u0113rija ir izstr\u0101d\u0101ta ar m\u0113r\u0137i rosin\u0101t b\u0113rnus piev\u0113rsties aizraujo\u0161ajai m\u0101kslas pasaulei. Canson Kids bloks ir komplekt\u0113ts no spilgtu kr\u0101su Canson pap\u012briem, kas ir ide\u0101li piem\u0113roti z\u012bm\u0113\u0161anai un meistaro\u0161anai m\u0101j\u0101s un br\u012bvaj\u0101 laik\u0101. Patiecoties pap\u012bra lielajam svaram, tas ir piem\u0113rots att\u0113lu ier\u0101m\u0113\u0161anai un 3D darbu veido\u0161anai. Canson Kids bloka komplekt\u0101 papildus iek\u013cauta ar\u012b \u0161ablonu lapa! Ide\u0101li piem\u0113rots: z\u012bm\u0113\u0161anai, loc\u012bjumiem, apstr\u0101dei, l\u012bm\u0113\u0161anai, att\u0113lu ier\u0101m\u0113\u0161anai, 3D darbiem<\/p>\n","protected":false},"featured_media":160012,"comment_status":"closed","ping_status":"closed","template":"","meta":{"_acf_changed":false,"ep_exclude_from_search":false},"product_cat":[18445,17921,18940],"product_tag":[],"class_list":{"0":"post-63176","1":"product","2":"type-product","3":"status-publish","4":"has-post-thumbnail","6":"product_cat-krasainais-papirs","7":"product_cat-papira-izstradajumi","8":"product_cat-preces-skolai-3","10":"first","11":"instock","12":"sale","13":"taxable","14":"shipping-taxable","15":"purchasable","16":"product-type-variable"},"acf":[],"yoast_head":"<!-- This site is optimized with the Yoast SEO plugin v24.1 - https:\/\/yoast.com\/wordpress\/plugins\/seo\/ -->\n<title>Kartons kr\u0101sainais Canson Kids &#8211; Skizze<\/title>\n<meta name=\"robots\" content=\"noindex, follow, max-snippet:-1, max-image-preview:large, max-video-preview:-1\" \/>\n<meta property=\"og:locale\" content=\"lv_LV\" \/>\n<meta property=\"og:type\" content=\"article\" \/>\n<meta property=\"og:title\" content=\"Kartons kr\u0101sainais Canson Kids &#8211; Skizze\" \/>\n<meta property=\"og:description\" content=\"Gadu desmitiem Canson z\u012bm\u0113\u0161anas pap\u012brs ir bijis viens no b\u0113rnu iem\u012b\u013cot\u0101kajiem z\u012bm\u0113\u0161anas un rado\u0161o darbu veido\u0161anas pap\u012briem. Canson ir liela pieredze b\u0113rnu iepaz\u012bstin\u0101\u0161an\u0101 ar z\u012bm\u0113\u0161anu, glezno\u0161anu un rado\u0161u darb\u012bbu, un jaun\u0101 produktu s\u0113rija ir izstr\u0101d\u0101ta ar m\u0113r\u0137i rosin\u0101t b\u0113rnus piev\u0113rsties aizraujo\u0161ajai m\u0101kslas pasaulei. Canson Kids bloks ir komplekt\u0113ts no spilgtu kr\u0101su Canson pap\u012briem, kas ir ide\u0101li piem\u0113roti z\u012bm\u0113\u0161anai un meistaro\u0161anai m\u0101j\u0101s un br\u012bvaj\u0101 laik\u0101. Patiecoties pap\u012bra lielajam svaram, tas ir piem\u0113rots att\u0113lu ier\u0101m\u0113\u0161anai un 3D darbu veido\u0161anai. Canson Kids bloka komplekt\u0101 papildus iek\u013cauta ar\u012b \u0161ablonu lapa! Ide\u0101li piem\u0113rots: z\u012bm\u0113\u0161anai, loc\u012bjumiem, apstr\u0101dei, l\u012bm\u0113\u0161anai, att\u0113lu ier\u0101m\u0113\u0161anai, 3D darbiem\" \/>\n<meta property=\"og:url\" content=\"https:\/\/hobstop.ee\/lv\/produkts\/kartons-krasainais-canson-kids\/\" \/>\n<meta property=\"og:site_name\" content=\"Skizze\" \/>\n<meta property=\"article:publisher\" content=\"http:\/\/www.facebook.com\/VunderSkizze\" \/>\n<meta property=\"article:modified_time\" content=\"-0001-11-30T00:00:00+00:00\" \/>\n<meta property=\"og:image\" content=\"https:\/\/hobstop.ee\/media\/3696.jpg\" \/>\n\t<meta property=\"og:image:width\" content=\"1024\" \/>\n\t<meta property=\"og:image:height\" content=\"768\" \/>\n\t<meta property=\"og:image:type\" content=\"image\/jpeg\" \/>\n<meta name=\"twitter:card\" content=\"summary_large_image\" \/>\n<meta name=\"twitter:label1\" content=\"Est. reading time\" \/>\n\t<meta name=\"twitter:data1\" content=\"1 min\u016b\u0161u\" \/>\n<script type=\"application\/ld+json\" class=\"yoast-schema-graph\">{\"@context\":\"https:\/\/schema.org\",\"@graph\":[{\"@type\":\"WebPage\",\"@id\":\"https:\/\/hobstop.ee\/lv\/produkts\/kartons-krasainais-canson-kids\/\",\"url\":\"https:\/\/hobstop.ee\/lv\/produkts\/kartons-krasainais-canson-kids\/\",\"name\":\"Kartons kr\u0101sainais Canson Kids &#8211; Skizze\",\"isPartOf\":{\"@id\":\"https:\/\/hobstop.ee\/lv\/#website\"},\"primaryImageOfPage\":{\"@id\":\"https:\/\/hobstop.ee\/lv\/produkts\/kartons-krasainais-canson-kids\/#primaryimage\"},\"image\":{\"@id\":\"https:\/\/hobstop.ee\/lv\/produkts\/kartons-krasainais-canson-kids\/#primaryimage\"},\"thumbnailUrl\":\"https:\/\/hobstop.ee\/media\/3696.jpg\",\"datePublished\":\"2014-12-09T11:37:45+00:00\",\"dateModified\":\"-0001-11-30T00:00:00+00:00\",\"breadcrumb\":{\"@id\":\"https:\/\/hobstop.ee\/lv\/produkts\/kartons-krasainais-canson-kids\/#breadcrumb\"},\"inLanguage\":\"lv-LV\",\"potentialAction\":[{\"@type\":\"ReadAction\",\"target\":[\"https:\/\/hobstop.ee\/lv\/produkts\/kartons-krasainais-canson-kids\/\"]}]},{\"@type\":\"ImageObject\",\"inLanguage\":\"lv-LV\",\"@id\":\"https:\/\/hobstop.ee\/lv\/produkts\/kartons-krasainais-canson-kids\/#primaryimage\",\"url\":\"https:\/\/hobstop.ee\/media\/3696.jpg\",\"contentUrl\":\"https:\/\/hobstop.ee\/media\/3696.jpg\",\"width\":1024,\"height\":768},{\"@type\":\"BreadcrumbList\",\"@id\":\"https:\/\/hobstop.ee\/lv\/produkts\/kartons-krasainais-canson-kids\/#breadcrumb\",\"itemListElement\":[{\"@type\":\"ListItem\",\"position\":1,\"name\":\"Avaleht\",\"item\":\"https:\/\/www.hobstop.ee\/lv\/\"},{\"@type\":\"ListItem\",\"position\":2,\"name\":\"Veikals\",\"item\":\"https:\/\/www.hobstop.ee\/lv\/veikals\/\"},{\"@type\":\"ListItem\",\"position\":3,\"name\":\"Kartons kr\u0101sainais Canson Kids\"}]},{\"@type\":\"WebSite\",\"@id\":\"https:\/\/hobstop.ee\/lv\/#website\",\"url\":\"https:\/\/hobstop.ee\/lv\/\",\"name\":\"Skizze\",\"description\":\"M\u0101kslas, hobiju un skolas preces\",\"publisher\":{\"@id\":\"https:\/\/hobstop.ee\/lv\/#organization\"},\"potentialAction\":[{\"@type\":\"SearchAction\",\"target\":{\"@type\":\"EntryPoint\",\"urlTemplate\":\"https:\/\/hobstop.ee\/lv\/?s={search_term_string}\"},\"query-input\":{\"@type\":\"PropertyValueSpecification\",\"valueRequired\":true,\"valueName\":\"search_term_string\"}}],\"inLanguage\":\"lv-LV\"},{\"@type\":\"Organization\",\"@id\":\"https:\/\/hobstop.ee\/lv\/#organization\",\"name\":\"Vunder AS\",\"url\":\"https:\/\/hobstop.ee\/lv\/\",\"logo\":{\"@type\":\"ImageObject\",\"inLanguage\":\"lv-LV\",\"@id\":\"https:\/\/hobstop.ee\/lv\/#\/schema\/logo\/image\/\",\"url\":\"https:\/\/hobstop.ee\/media\/vunder-logo.png\",\"contentUrl\":\"https:\/\/hobstop.ee\/media\/vunder-logo.png\",\"width\":127,\"height\":55,\"caption\":\"Vunder AS\"},\"image\":{\"@id\":\"https:\/\/hobstop.ee\/lv\/#\/schema\/logo\/image\/\"},\"sameAs\":[\"http:\/\/www.facebook.com\/VunderSkizze\"]}]}<\/script>\n<!-- \/ Yoast SEO plugin. -->","yoast_head_json":{"title":"Kartons kr\u0101sainais Canson Kids &#8211; Skizze","robots":{"index":"noindex","follow":"follow","max-snippet":"max-snippet:-1","max-image-preview":"max-image-preview:large","max-video-preview":"max-video-preview:-1"},"og_locale":"lv_LV","og_type":"article","og_title":"Kartons kr\u0101sainais Canson Kids &#8211; Skizze","og_description":"Gadu desmitiem Canson z\u012bm\u0113\u0161anas pap\u012brs ir bijis viens no b\u0113rnu iem\u012b\u013cot\u0101kajiem z\u012bm\u0113\u0161anas un rado\u0161o darbu veido\u0161anas pap\u012briem. Canson ir liela pieredze b\u0113rnu iepaz\u012bstin\u0101\u0161an\u0101 ar z\u012bm\u0113\u0161anu, glezno\u0161anu un rado\u0161u darb\u012bbu, un jaun\u0101 produktu s\u0113rija ir izstr\u0101d\u0101ta ar m\u0113r\u0137i rosin\u0101t b\u0113rnus piev\u0113rsties aizraujo\u0161ajai m\u0101kslas pasaulei. Canson Kids bloks ir komplekt\u0113ts no spilgtu kr\u0101su Canson pap\u012briem, kas ir ide\u0101li piem\u0113roti z\u012bm\u0113\u0161anai un meistaro\u0161anai m\u0101j\u0101s un br\u012bvaj\u0101 laik\u0101. Patiecoties pap\u012bra lielajam svaram, tas ir piem\u0113rots att\u0113lu ier\u0101m\u0113\u0161anai un 3D darbu veido\u0161anai. Canson Kids bloka komplekt\u0101 papildus iek\u013cauta ar\u012b \u0161ablonu lapa! Ide\u0101li piem\u0113rots: z\u012bm\u0113\u0161anai, loc\u012bjumiem, apstr\u0101dei, l\u012bm\u0113\u0161anai, att\u0113lu ier\u0101m\u0113\u0161anai, 3D darbiem","og_url":"https:\/\/hobstop.ee\/lv\/produkts\/kartons-krasainais-canson-kids\/","og_site_name":"Skizze","article_publisher":"http:\/\/www.facebook.com\/VunderSkizze","article_modified_time":"-0001-11-30T00:00:00+00:00","og_image":[{"width":1024,"height":768,"url":"https:\/\/hobstop.ee\/media\/3696.jpg","type":"image\/jpeg"}],"twitter_card":"summary_large_image","twitter_misc":{"Est. reading time":"1 min\u016b\u0161u"},"schema":{"@context":"https:\/\/schema.org","@graph":[{"@type":"WebPage","@id":"https:\/\/hobstop.ee\/lv\/produkts\/kartons-krasainais-canson-kids\/","url":"https:\/\/hobstop.ee\/lv\/produkts\/kartons-krasainais-canson-kids\/","name":"Kartons kr\u0101sainais Canson Kids &#8211; Skizze","isPartOf":{"@id":"https:\/\/hobstop.ee\/lv\/#website"},"primaryImageOfPage":{"@id":"https:\/\/hobstop.ee\/lv\/produkts\/kartons-krasainais-canson-kids\/#primaryimage"},"image":{"@id":"https:\/\/hobstop.ee\/lv\/produkts\/kartons-krasainais-canson-kids\/#primaryimage"},"thumbnailUrl":"https:\/\/hobstop.ee\/media\/3696.jpg","datePublished":"2014-12-09T11:37:45+00:00","dateModified":"-0001-11-30T00:00:00+00:00","breadcrumb":{"@id":"https:\/\/hobstop.ee\/lv\/produkts\/kartons-krasainais-canson-kids\/#breadcrumb"},"inLanguage":"lv-LV","potentialAction":[{"@type":"ReadAction","target":["https:\/\/hobstop.ee\/lv\/produkts\/kartons-krasainais-canson-kids\/"]}]},{"@type":"ImageObject","inLanguage":"lv-LV","@id":"https:\/\/hobstop.ee\/lv\/produkts\/kartons-krasainais-canson-kids\/#primaryimage","url":"https:\/\/hobstop.ee\/media\/3696.jpg","contentUrl":"https:\/\/hobstop.ee\/media\/3696.jpg","width":1024,"height":768},{"@type":"BreadcrumbList","@id":"https:\/\/hobstop.ee\/lv\/produkts\/kartons-krasainais-canson-kids\/#breadcrumb","itemListElement":[{"@type":"ListItem","position":1,"name":"Avaleht","item":"https:\/\/www.hobstop.ee\/lv\/"},{"@type":"ListItem","position":2,"name":"Veikals","item":"https:\/\/www.hobstop.ee\/lv\/veikals\/"},{"@type":"ListItem","position":3,"name":"Kartons kr\u0101sainais Canson Kids"}]},{"@type":"WebSite","@id":"https:\/\/hobstop.ee\/lv\/#website","url":"https:\/\/hobstop.ee\/lv\/","name":"Skizze","description":"M\u0101kslas, hobiju un skolas preces","publisher":{"@id":"https:\/\/hobstop.ee\/lv\/#organization"},"potentialAction":[{"@type":"SearchAction","target":{"@type":"EntryPoint","urlTemplate":"https:\/\/hobstop.ee\/lv\/?s={search_term_string}"},"query-input":{"@type":"PropertyValueSpecification","valueRequired":true,"valueName":"search_term_string"}}],"inLanguage":"lv-LV"},{"@type":"Organization","@id":"https:\/\/hobstop.ee\/lv\/#organization","name":"Vunder AS","url":"https:\/\/hobstop.ee\/lv\/","logo":{"@type":"ImageObject","inLanguage":"lv-LV","@id":"https:\/\/hobstop.ee\/lv\/#\/schema\/logo\/image\/","url":"https:\/\/hobstop.ee\/media\/vunder-logo.png","contentUrl":"https:\/\/hobstop.ee\/media\/vunder-logo.png","width":127,"height":55,"caption":"Vunder AS"},"image":{"@id":"https:\/\/hobstop.ee\/lv\/#\/schema\/logo\/image\/"},"sameAs":["http:\/\/www.facebook.com\/VunderSkizze"]}]}},"_links":{"self":[{"href":"https:\/\/hobstop.ee\/lv\/wp-json\/wp\/v2\/product\/63176","targetHints":{"allow":["GET"]}}],"collection":[{"href":"https:\/\/hobstop.ee\/lv\/wp-json\/wp\/v2\/product"}],"about":[{"href":"https:\/\/hobstop.ee\/lv\/wp-json\/wp\/v2\/types\/product"}],"replies":[{"embeddable":true,"href":"https:\/\/hobstop.ee\/lv\/wp-json\/wp\/v2\/comments?post=63176"}],"wp:featuredmedia":[{"embeddable":true,"href":"https:\/\/hobstop.ee\/lv\/wp-json\/wp\/v2\/media\/160012"}],"wp:attachment":[{"href":"https:\/\/hobstop.ee\/lv\/wp-json\/wp\/v2\/media?parent=63176"}],"wp:term":[{"taxonomy":"product_cat","embeddable":true,"href":"https:\/\/hobstop.ee\/lv\/wp-json\/wp\/v2\/product_cat?post=63176"},{"taxonomy":"product_tag","embeddable":true,"href":"https:\/\/hobstop.ee\/lv\/wp-json\/wp\/v2\/product_tag?post=63176"}],"curies":[{"name":"wp","href":"https:\/\/api.w.org\/{rel}","templated":true}]}}