{"id":63182,"date":"2014-12-09T13:37:46","date_gmt":"2014-12-09T11:37:46","guid":{"rendered":"https:\/\/sharks.ee\/vunder_2019.klient.veebimajutus.ee\/?post_type=product&p=63182"},"modified":"2014-12-09T13:37:46","modified_gmt":"2014-12-09T10:37:46","slug":"pirkstu-krasas-komplektas-marabu","status":"publish","type":"product","link":"https:\/\/hobstop.ee\/lv\/produkts\/pirkstu-krasas-komplektas-marabu\/","title":{"rendered":"Pirkstu kr\u0101sas komplektas Marabu"},"content":{"rendered":"<p>Uz \u016bdens b\u0101zes izgatavota, kr\u0101sa-pasta z\u012bm\u0113\u0161anai ar pirkstiem, plaukstu, s\u016bkli vai otu. Kr\u0101sa piem\u0113rota z\u012bm\u0113\u0161anai uz pap\u012bra, kartona, koka, stikla, pl\u0113ves utt.  Marabu Finger Paint kr\u0101sa nenotek, tai ir labas nokl\u0101\u0161anas \u012bpa\u0161\u012bbas un \u012bss \u017e\u016b\u0161anas laiks. T\u0101 ir viegli nomazg\u0101jama no rok\u0101m un vis\u0101m glud\u0101m virsm\u0101m, izmantojot aukstu \u016bdeni un ziepes. To var izmazg\u0101t ar\u012b no liel\u0101k\u0101s da\u013cas audumu.  Kr\u0101sas ra\u017eo\u0161an\u0101 ir izgatavoti tikai kosm\u0113tik\u0101 izmantojamie konservanti un pigmenti.  Kr\u0101sai ir pievienota speci\u0101la piedeva, kas pie\u0161\u0137ir tai nepat\u012bkami r\u016bgtu gar\u0161u, t\u0101d\u0113j\u0101di nov\u0113r\u0161ot b\u0113rnu v\u0113lmi to nor\u012bt.   Marabu Finger Paint atbilst Eiropas standarta EN71 pras\u012bb\u0101m.<\/p>\n","protected":false},"excerpt":{"rendered":"<p>Uz \u016bdens b\u0101zes izgatavota, kr\u0101sa-pasta z\u012bm\u0113\u0161anai ar pirkstiem, plaukstu, s\u016bkli vai otu. Kr\u0101sa piem\u0113rota z\u012bm\u0113\u0161anai uz pap\u012bra, kartona, koka, stikla, pl\u0113ves utt. Marabu Finger Paint kr\u0101sa nenotek, tai ir labas nokl\u0101\u0161anas \u012bpa\u0161\u012bbas un \u012bss \u017e\u016b\u0161anas laiks. T\u0101 ir viegli nomazg\u0101jama no rok\u0101m un vis\u0101m glud\u0101m virsm\u0101m, izmantojot aukstu \u016bdeni un ziepes. To var izmazg\u0101t ar\u012b no liel\u0101k\u0101s da\u013cas audumu. Kr\u0101sas ra\u017eo\u0161an\u0101 ir izgatavoti tikai kosm\u0113tik\u0101 izmantojamie konservanti un pigmenti. Kr\u0101sai ir pievienota speci\u0101la piedeva, kas pie\u0161\u0137ir tai nepat\u012bkami r\u016bgtu gar\u0161u, t\u0101d\u0113j\u0101di nov\u0113r\u0161ot b\u0113rnu v\u0113lmi to nor\u012bt. Marabu Finger Paint atbilst Eiropas standarta EN71 pras\u012bb\u0101m.<\/p>\n","protected":false},"featured_media":107766,"comment_status":"closed","ping_status":"closed","template":"","meta":{"_acf_changed":false,"ep_exclude_from_search":false},"product_cat":[19835,20398,20389],"product_tag":[],"class_list":{"0":"post-63182","1":"product","2":"type-product","3":"status-publish","4":"has-post-thumbnail","6":"product_cat-bernu-brivais-laiks","7":"product_cat-dazai","8":"product_cat-makslas-piederumi-3","10":"first","11":"instock","12":"sale","13":"taxable","14":"shipping-taxable","15":"purchasable","16":"product-type-variable"},"acf":[],"yoast_head":"<!-- This site is optimized with the Yoast SEO plugin v24.1 - https:\/\/yoast.com\/wordpress\/plugins\/seo\/ -->\n<title>Pirkstu kr\u0101sas komplektas Marabu &#8211; Skizze<\/title>\n<meta name=\"robots\" content=\"noindex, follow, max-snippet:-1, max-image-preview:large, max-video-preview:-1\" \/>\n<meta property=\"og:locale\" content=\"lv_LV\" \/>\n<meta property=\"og:type\" content=\"article\" \/>\n<meta property=\"og:title\" content=\"Pirkstu kr\u0101sas komplektas Marabu &#8211; Skizze\" \/>\n<meta property=\"og:description\" content=\"Uz \u016bdens b\u0101zes izgatavota, kr\u0101sa-pasta z\u012bm\u0113\u0161anai ar pirkstiem, plaukstu, s\u016bkli vai otu. Kr\u0101sa piem\u0113rota z\u012bm\u0113\u0161anai uz pap\u012bra, kartona, koka, stikla, pl\u0113ves utt. Marabu Finger Paint kr\u0101sa nenotek, tai ir labas nokl\u0101\u0161anas \u012bpa\u0161\u012bbas un \u012bss \u017e\u016b\u0161anas laiks. T\u0101 ir viegli nomazg\u0101jama no rok\u0101m un vis\u0101m glud\u0101m virsm\u0101m, izmantojot aukstu \u016bdeni un ziepes. To var izmazg\u0101t ar\u012b no liel\u0101k\u0101s da\u013cas audumu. Kr\u0101sas ra\u017eo\u0161an\u0101 ir izgatavoti tikai kosm\u0113tik\u0101 izmantojamie konservanti un pigmenti. Kr\u0101sai ir pievienota speci\u0101la piedeva, kas pie\u0161\u0137ir tai nepat\u012bkami r\u016bgtu gar\u0161u, t\u0101d\u0113j\u0101di nov\u0113r\u0161ot b\u0113rnu v\u0113lmi to nor\u012bt. Marabu Finger Paint atbilst Eiropas standarta EN71 pras\u012bb\u0101m.\" \/>\n<meta property=\"og:url\" content=\"https:\/\/hobstop.ee\/lv\/produkts\/pirkstu-krasas-komplektas-marabu\/\" \/>\n<meta property=\"og:site_name\" content=\"Skizze\" \/>\n<meta property=\"article:publisher\" content=\"http:\/\/www.facebook.com\/VunderSkizze\" \/>\n<meta property=\"article:modified_time\" content=\"-0001-11-30T00:00:00+00:00\" \/>\n<meta property=\"og:image\" content=\"https:\/\/hobstop.ee\/media\/3705.jpg\" \/>\n\t<meta property=\"og:image:width\" content=\"1024\" \/>\n\t<meta property=\"og:image:height\" content=\"768\" \/>\n\t<meta property=\"og:image:type\" content=\"image\/jpeg\" \/>\n<meta name=\"twitter:card\" content=\"summary_large_image\" \/>\n<meta name=\"twitter:label1\" content=\"Est. reading time\" \/>\n\t<meta name=\"twitter:data1\" content=\"1 min\u016b\u0161u\" \/>\n<script type=\"application\/ld+json\" class=\"yoast-schema-graph\">{\"@context\":\"https:\/\/schema.org\",\"@graph\":[{\"@type\":\"WebPage\",\"@id\":\"https:\/\/hobstop.ee\/lv\/produkts\/pirkstu-krasas-komplektas-marabu\/\",\"url\":\"https:\/\/hobstop.ee\/lv\/produkts\/pirkstu-krasas-komplektas-marabu\/\",\"name\":\"Pirkstu kr\u0101sas komplektas Marabu &#8211; Skizze\",\"isPartOf\":{\"@id\":\"https:\/\/hobstop.ee\/lv\/#website\"},\"primaryImageOfPage\":{\"@id\":\"https:\/\/hobstop.ee\/lv\/produkts\/pirkstu-krasas-komplektas-marabu\/#primaryimage\"},\"image\":{\"@id\":\"https:\/\/hobstop.ee\/lv\/produkts\/pirkstu-krasas-komplektas-marabu\/#primaryimage\"},\"thumbnailUrl\":\"https:\/\/hobstop.ee\/media\/3705.jpg\",\"datePublished\":\"2014-12-09T11:37:46+00:00\",\"dateModified\":\"-0001-11-30T00:00:00+00:00\",\"breadcrumb\":{\"@id\":\"https:\/\/hobstop.ee\/lv\/produkts\/pirkstu-krasas-komplektas-marabu\/#breadcrumb\"},\"inLanguage\":\"lv-LV\",\"potentialAction\":[{\"@type\":\"ReadAction\",\"target\":[\"https:\/\/hobstop.ee\/lv\/produkts\/pirkstu-krasas-komplektas-marabu\/\"]}]},{\"@type\":\"ImageObject\",\"inLanguage\":\"lv-LV\",\"@id\":\"https:\/\/hobstop.ee\/lv\/produkts\/pirkstu-krasas-komplektas-marabu\/#primaryimage\",\"url\":\"https:\/\/hobstop.ee\/media\/3705.jpg\",\"contentUrl\":\"https:\/\/hobstop.ee\/media\/3705.jpg\",\"width\":1024,\"height\":768},{\"@type\":\"BreadcrumbList\",\"@id\":\"https:\/\/hobstop.ee\/lv\/produkts\/pirkstu-krasas-komplektas-marabu\/#breadcrumb\",\"itemListElement\":[{\"@type\":\"ListItem\",\"position\":1,\"name\":\"Avaleht\",\"item\":\"https:\/\/hobstop.ee\/lv\/\"},{\"@type\":\"ListItem\",\"position\":2,\"name\":\"Veikals\",\"item\":\"https:\/\/hobstop.ee\/lv\/veikals\/\"},{\"@type\":\"ListItem\",\"position\":3,\"name\":\"Pirkstu kr\u0101sas komplektas Marabu\"}]},{\"@type\":\"WebSite\",\"@id\":\"https:\/\/hobstop.ee\/lv\/#website\",\"url\":\"https:\/\/hobstop.ee\/lv\/\",\"name\":\"Skizze\",\"description\":\"M\u0101kslas, hobiju un skolas preces\",\"publisher\":{\"@id\":\"https:\/\/hobstop.ee\/lv\/#organization\"},\"potentialAction\":[{\"@type\":\"SearchAction\",\"target\":{\"@type\":\"EntryPoint\",\"urlTemplate\":\"https:\/\/hobstop.ee\/lv\/?s={search_term_string}\"},\"query-input\":{\"@type\":\"PropertyValueSpecification\",\"valueRequired\":true,\"valueName\":\"search_term_string\"}}],\"inLanguage\":\"lv-LV\"},{\"@type\":\"Organization\",\"@id\":\"https:\/\/hobstop.ee\/lv\/#organization\",\"name\":\"Vunder AS\",\"url\":\"https:\/\/hobstop.ee\/lv\/\",\"logo\":{\"@type\":\"ImageObject\",\"inLanguage\":\"lv-LV\",\"@id\":\"https:\/\/hobstop.ee\/lv\/#\/schema\/logo\/image\/\",\"url\":\"https:\/\/hobstop.ee\/media\/vunder-logo.png\",\"contentUrl\":\"https:\/\/hobstop.ee\/media\/vunder-logo.png\",\"width\":127,\"height\":55,\"caption\":\"Vunder AS\"},\"image\":{\"@id\":\"https:\/\/hobstop.ee\/lv\/#\/schema\/logo\/image\/\"},\"sameAs\":[\"http:\/\/www.facebook.com\/VunderSkizze\"]}]}<\/script>\n<!-- \/ Yoast SEO plugin. -->","yoast_head_json":{"title":"Pirkstu kr\u0101sas komplektas Marabu &#8211; Skizze","robots":{"index":"noindex","follow":"follow","max-snippet":"max-snippet:-1","max-image-preview":"max-image-preview:large","max-video-preview":"max-video-preview:-1"},"og_locale":"lv_LV","og_type":"article","og_title":"Pirkstu kr\u0101sas komplektas Marabu &#8211; Skizze","og_description":"Uz \u016bdens b\u0101zes izgatavota, kr\u0101sa-pasta z\u012bm\u0113\u0161anai ar pirkstiem, plaukstu, s\u016bkli vai otu. Kr\u0101sa piem\u0113rota z\u012bm\u0113\u0161anai uz pap\u012bra, kartona, koka, stikla, pl\u0113ves utt. Marabu Finger Paint kr\u0101sa nenotek, tai ir labas nokl\u0101\u0161anas \u012bpa\u0161\u012bbas un \u012bss \u017e\u016b\u0161anas laiks. T\u0101 ir viegli nomazg\u0101jama no rok\u0101m un vis\u0101m glud\u0101m virsm\u0101m, izmantojot aukstu \u016bdeni un ziepes. To var izmazg\u0101t ar\u012b no liel\u0101k\u0101s da\u013cas audumu. Kr\u0101sas ra\u017eo\u0161an\u0101 ir izgatavoti tikai kosm\u0113tik\u0101 izmantojamie konservanti un pigmenti. Kr\u0101sai ir pievienota speci\u0101la piedeva, kas pie\u0161\u0137ir tai nepat\u012bkami r\u016bgtu gar\u0161u, t\u0101d\u0113j\u0101di nov\u0113r\u0161ot b\u0113rnu v\u0113lmi to nor\u012bt. Marabu Finger Paint atbilst Eiropas standarta EN71 pras\u012bb\u0101m.","og_url":"https:\/\/hobstop.ee\/lv\/produkts\/pirkstu-krasas-komplektas-marabu\/","og_site_name":"Skizze","article_publisher":"http:\/\/www.facebook.com\/VunderSkizze","article_modified_time":"-0001-11-30T00:00:00+00:00","og_image":[{"width":1024,"height":768,"url":"https:\/\/hobstop.ee\/media\/3705.jpg","type":"image\/jpeg"}],"twitter_card":"summary_large_image","twitter_misc":{"Est. reading time":"1 min\u016b\u0161u"},"schema":{"@context":"https:\/\/schema.org","@graph":[{"@type":"WebPage","@id":"https:\/\/hobstop.ee\/lv\/produkts\/pirkstu-krasas-komplektas-marabu\/","url":"https:\/\/hobstop.ee\/lv\/produkts\/pirkstu-krasas-komplektas-marabu\/","name":"Pirkstu kr\u0101sas komplektas Marabu &#8211; Skizze","isPartOf":{"@id":"https:\/\/hobstop.ee\/lv\/#website"},"primaryImageOfPage":{"@id":"https:\/\/hobstop.ee\/lv\/produkts\/pirkstu-krasas-komplektas-marabu\/#primaryimage"},"image":{"@id":"https:\/\/hobstop.ee\/lv\/produkts\/pirkstu-krasas-komplektas-marabu\/#primaryimage"},"thumbnailUrl":"https:\/\/hobstop.ee\/media\/3705.jpg","datePublished":"2014-12-09T11:37:46+00:00","dateModified":"-0001-11-30T00:00:00+00:00","breadcrumb":{"@id":"https:\/\/hobstop.ee\/lv\/produkts\/pirkstu-krasas-komplektas-marabu\/#breadcrumb"},"inLanguage":"lv-LV","potentialAction":[{"@type":"ReadAction","target":["https:\/\/hobstop.ee\/lv\/produkts\/pirkstu-krasas-komplektas-marabu\/"]}]},{"@type":"ImageObject","inLanguage":"lv-LV","@id":"https:\/\/hobstop.ee\/lv\/produkts\/pirkstu-krasas-komplektas-marabu\/#primaryimage","url":"https:\/\/hobstop.ee\/media\/3705.jpg","contentUrl":"https:\/\/hobstop.ee\/media\/3705.jpg","width":1024,"height":768},{"@type":"BreadcrumbList","@id":"https:\/\/hobstop.ee\/lv\/produkts\/pirkstu-krasas-komplektas-marabu\/#breadcrumb","itemListElement":[{"@type":"ListItem","position":1,"name":"Avaleht","item":"https:\/\/hobstop.ee\/lv\/"},{"@type":"ListItem","position":2,"name":"Veikals","item":"https:\/\/hobstop.ee\/lv\/veikals\/"},{"@type":"ListItem","position":3,"name":"Pirkstu kr\u0101sas komplektas Marabu"}]},{"@type":"WebSite","@id":"https:\/\/hobstop.ee\/lv\/#website","url":"https:\/\/hobstop.ee\/lv\/","name":"Skizze","description":"M\u0101kslas, hobiju un skolas preces","publisher":{"@id":"https:\/\/hobstop.ee\/lv\/#organization"},"potentialAction":[{"@type":"SearchAction","target":{"@type":"EntryPoint","urlTemplate":"https:\/\/hobstop.ee\/lv\/?s={search_term_string}"},"query-input":{"@type":"PropertyValueSpecification","valueRequired":true,"valueName":"search_term_string"}}],"inLanguage":"lv-LV"},{"@type":"Organization","@id":"https:\/\/hobstop.ee\/lv\/#organization","name":"Vunder AS","url":"https:\/\/hobstop.ee\/lv\/","logo":{"@type":"ImageObject","inLanguage":"lv-LV","@id":"https:\/\/hobstop.ee\/lv\/#\/schema\/logo\/image\/","url":"https:\/\/hobstop.ee\/media\/vunder-logo.png","contentUrl":"https:\/\/hobstop.ee\/media\/vunder-logo.png","width":127,"height":55,"caption":"Vunder AS"},"image":{"@id":"https:\/\/hobstop.ee\/lv\/#\/schema\/logo\/image\/"},"sameAs":["http:\/\/www.facebook.com\/VunderSkizze"]}]}},"_links":{"self":[{"href":"https:\/\/hobstop.ee\/lv\/wp-json\/wp\/v2\/product\/63182","targetHints":{"allow":["GET"]}}],"collection":[{"href":"https:\/\/hobstop.ee\/lv\/wp-json\/wp\/v2\/product"}],"about":[{"href":"https:\/\/hobstop.ee\/lv\/wp-json\/wp\/v2\/types\/product"}],"replies":[{"embeddable":true,"href":"https:\/\/hobstop.ee\/lv\/wp-json\/wp\/v2\/comments?post=63182"}],"wp:featuredmedia":[{"embeddable":true,"href":"https:\/\/hobstop.ee\/lv\/wp-json\/wp\/v2\/media\/107766"}],"wp:attachment":[{"href":"https:\/\/hobstop.ee\/lv\/wp-json\/wp\/v2\/media?parent=63182"}],"wp:term":[{"taxonomy":"product_cat","embeddable":true,"href":"https:\/\/hobstop.ee\/lv\/wp-json\/wp\/v2\/product_cat?post=63182"},{"taxonomy":"product_tag","embeddable":true,"href":"https:\/\/hobstop.ee\/lv\/wp-json\/wp\/v2\/product_tag?post=63182"}],"curies":[{"name":"wp","href":"https:\/\/api.w.org\/{rel}","templated":true}]}}