{"id":63200,"date":"2014-12-09T13:37:50","date_gmt":"2014-12-09T11:37:50","guid":{"rendered":"https:\/\/sharks.ee\/vunder_2019.klient.veebimajutus.ee\/?post_type=product&p=63200"},"modified":"2014-12-09T13:37:50","modified_gmt":"2014-12-09T10:37:50","slug":"grafita-nujina-derwent-xl","status":"publish","type":"product","link":"https:\/\/hobstop.ee\/lv\/produkts\/grafita-nujina-derwent-xl\/","title":{"rendered":"Graf\u012bta n\u016bji\u0146a Derwent XL"},"content":{"rendered":"<p>Ar Derwent XL graf\u012bta kr\u012btiem z\u012bm\u0113t\u0101js var \u013caut va\u013cu izt\u0113lei, s\u0101kot no l\u012bniju jut\u012bg\u0101s sp\u0113les l\u012bdz maig\u0101m pludino\u0161\u0101m kust\u012bb\u0101m, no sp\u0113c\u012bgiem att\u0113liem l\u012bdz dzi\u013ciem to\u0146iem. Stingro un mas\u012bvo kr\u012btu ir pat\u012bkami un \u0113rti lietot; var pievienot ar\u012b \u016bdeni, lai rad\u012btu \u0161\u013cakstus un nopludin\u0101tu virsmu.<br \/>\n\u010cetrst\u016bra 20mm kr\u012bts, garums 60mm<\/p>\n","protected":false},"excerpt":{"rendered":"<p>Ar Derwent XL graf\u012bta kr\u012btiem z\u012bm\u0113t\u0101js var \u013caut va\u013cu izt\u0113lei, s\u0101kot no l\u012bniju jut\u012bg\u0101s sp\u0113les l\u012bdz maig\u0101m pludino\u0161\u0101m kust\u012bb\u0101m, no sp\u0113c\u012bgiem att\u0113liem l\u012bdz dzi\u013ciem to\u0146iem. Stingro un mas\u012bvo kr\u012btu ir pat\u012bkami un \u0113rti lietot; var pievienot ar\u012b \u016bdeni, lai rad\u012btu \u0161\u013cakstus un nopludin\u0101tu virsmu. \u010cetrst\u016bra 20mm kr\u012bts, garums 60mm<\/p>\n","protected":false},"featured_media":107794,"comment_status":"closed","ping_status":"closed","template":"","meta":{"_acf_changed":false,"ep_exclude_from_search":false},"product_cat":[18988,16123,18931],"product_tag":[],"class_list":{"0":"post-63200","1":"product","2":"type-product","3":"status-publish","4":"has-post-thumbnail","6":"product_cat-grafita-zimuli-3","7":"product_cat-makslas-piederumi-2","8":"product_cat-zimesanas-piederumi-3","10":"first","11":"instock","12":"sale","13":"taxable","14":"shipping-taxable","15":"purchasable","16":"product-type-variable"},"acf":[],"yoast_head":"<!-- This site is optimized with the Yoast SEO plugin v24.1 - https:\/\/yoast.com\/wordpress\/plugins\/seo\/ -->\n<title>Graf\u012bta n\u016bji\u0146a Derwent XL &#8211; Skizze<\/title>\n<meta name=\"robots\" content=\"noindex, follow, max-snippet:-1, max-image-preview:large, max-video-preview:-1\" \/>\n<meta property=\"og:locale\" content=\"lv_LV\" \/>\n<meta property=\"og:type\" content=\"article\" \/>\n<meta property=\"og:title\" content=\"Graf\u012bta n\u016bji\u0146a Derwent XL &#8211; Skizze\" \/>\n<meta property=\"og:description\" content=\"Ar Derwent XL graf\u012bta kr\u012btiem z\u012bm\u0113t\u0101js var \u013caut va\u013cu izt\u0113lei, s\u0101kot no l\u012bniju jut\u012bg\u0101s sp\u0113les l\u012bdz maig\u0101m pludino\u0161\u0101m kust\u012bb\u0101m, no sp\u0113c\u012bgiem att\u0113liem l\u012bdz dzi\u013ciem to\u0146iem. Stingro un mas\u012bvo kr\u012btu ir pat\u012bkami un \u0113rti lietot; var pievienot ar\u012b \u016bdeni, lai rad\u012btu \u0161\u013cakstus un nopludin\u0101tu virsmu. \u010cetrst\u016bra 20mm kr\u012bts, garums 60mm\" \/>\n<meta property=\"og:url\" content=\"https:\/\/hobstop.ee\/lv\/produkts\/grafita-nujina-derwent-xl\/\" \/>\n<meta property=\"og:site_name\" content=\"Skizze\" \/>\n<meta property=\"article:publisher\" content=\"http:\/\/www.facebook.com\/VunderSkizze\" \/>\n<meta property=\"article:modified_time\" content=\"-0001-11-30T00:00:00+00:00\" \/>\n<meta property=\"og:image\" content=\"https:\/\/www.hobstop.ee\/media\/3713.jpg\" \/>\n\t<meta property=\"og:image:width\" content=\"1024\" \/>\n\t<meta property=\"og:image:height\" content=\"768\" \/>\n\t<meta property=\"og:image:type\" content=\"image\/jpeg\" \/>\n<meta name=\"twitter:card\" content=\"summary_large_image\" \/>\n<script type=\"application\/ld+json\" class=\"yoast-schema-graph\">{\"@context\":\"https:\/\/schema.org\",\"@graph\":[{\"@type\":\"WebPage\",\"@id\":\"https:\/\/hobstop.ee\/lv\/produkts\/grafita-nujina-derwent-xl\/\",\"url\":\"https:\/\/hobstop.ee\/lv\/produkts\/grafita-nujina-derwent-xl\/\",\"name\":\"Graf\u012bta n\u016bji\u0146a Derwent XL &#8211; Skizze\",\"isPartOf\":{\"@id\":\"https:\/\/hobstop.ee\/lv\/#website\"},\"primaryImageOfPage\":{\"@id\":\"https:\/\/hobstop.ee\/lv\/produkts\/grafita-nujina-derwent-xl\/#primaryimage\"},\"image\":{\"@id\":\"https:\/\/hobstop.ee\/lv\/produkts\/grafita-nujina-derwent-xl\/#primaryimage\"},\"thumbnailUrl\":\"https:\/\/hobstop.ee\/media\/3713.jpg\",\"datePublished\":\"2014-12-09T11:37:50+00:00\",\"dateModified\":\"-0001-11-30T00:00:00+00:00\",\"breadcrumb\":{\"@id\":\"https:\/\/hobstop.ee\/lv\/produkts\/grafita-nujina-derwent-xl\/#breadcrumb\"},\"inLanguage\":\"lv-LV\",\"potentialAction\":[{\"@type\":\"ReadAction\",\"target\":[\"https:\/\/hobstop.ee\/lv\/produkts\/grafita-nujina-derwent-xl\/\"]}]},{\"@type\":\"ImageObject\",\"inLanguage\":\"lv-LV\",\"@id\":\"https:\/\/hobstop.ee\/lv\/produkts\/grafita-nujina-derwent-xl\/#primaryimage\",\"url\":\"https:\/\/hobstop.ee\/media\/3713.jpg\",\"contentUrl\":\"https:\/\/hobstop.ee\/media\/3713.jpg\",\"width\":1024,\"height\":768},{\"@type\":\"BreadcrumbList\",\"@id\":\"https:\/\/hobstop.ee\/lv\/produkts\/grafita-nujina-derwent-xl\/#breadcrumb\",\"itemListElement\":[{\"@type\":\"ListItem\",\"position\":1,\"name\":\"Avaleht\",\"item\":\"https:\/\/www.hobstop.ee\/lv\/\"},{\"@type\":\"ListItem\",\"position\":2,\"name\":\"Veikals\",\"item\":\"https:\/\/www.hobstop.ee\/lv\/veikals\/\"},{\"@type\":\"ListItem\",\"position\":3,\"name\":\"Graf\u012bta n\u016bji\u0146a Derwent XL\"}]},{\"@type\":\"WebSite\",\"@id\":\"https:\/\/hobstop.ee\/lv\/#website\",\"url\":\"https:\/\/hobstop.ee\/lv\/\",\"name\":\"Skizze\",\"description\":\"M\u0101kslas, hobiju un skolas preces\",\"publisher\":{\"@id\":\"https:\/\/hobstop.ee\/lv\/#organization\"},\"potentialAction\":[{\"@type\":\"SearchAction\",\"target\":{\"@type\":\"EntryPoint\",\"urlTemplate\":\"https:\/\/hobstop.ee\/lv\/?s={search_term_string}\"},\"query-input\":{\"@type\":\"PropertyValueSpecification\",\"valueRequired\":true,\"valueName\":\"search_term_string\"}}],\"inLanguage\":\"lv-LV\"},{\"@type\":\"Organization\",\"@id\":\"https:\/\/hobstop.ee\/lv\/#organization\",\"name\":\"Vunder AS\",\"url\":\"https:\/\/hobstop.ee\/lv\/\",\"logo\":{\"@type\":\"ImageObject\",\"inLanguage\":\"lv-LV\",\"@id\":\"https:\/\/hobstop.ee\/lv\/#\/schema\/logo\/image\/\",\"url\":\"https:\/\/hobstop.ee\/media\/vunder-logo.png\",\"contentUrl\":\"https:\/\/hobstop.ee\/media\/vunder-logo.png\",\"width\":127,\"height\":55,\"caption\":\"Vunder AS\"},\"image\":{\"@id\":\"https:\/\/hobstop.ee\/lv\/#\/schema\/logo\/image\/\"},\"sameAs\":[\"http:\/\/www.facebook.com\/VunderSkizze\"]}]}<\/script>\n<!-- \/ Yoast SEO plugin. -->","yoast_head_json":{"title":"Graf\u012bta n\u016bji\u0146a Derwent XL &#8211; Skizze","robots":{"index":"noindex","follow":"follow","max-snippet":"max-snippet:-1","max-image-preview":"max-image-preview:large","max-video-preview":"max-video-preview:-1"},"og_locale":"lv_LV","og_type":"article","og_title":"Graf\u012bta n\u016bji\u0146a Derwent XL &#8211; Skizze","og_description":"Ar Derwent XL graf\u012bta kr\u012btiem z\u012bm\u0113t\u0101js var \u013caut va\u013cu izt\u0113lei, s\u0101kot no l\u012bniju jut\u012bg\u0101s sp\u0113les l\u012bdz maig\u0101m pludino\u0161\u0101m kust\u012bb\u0101m, no sp\u0113c\u012bgiem att\u0113liem l\u012bdz dzi\u013ciem to\u0146iem. Stingro un mas\u012bvo kr\u012btu ir pat\u012bkami un \u0113rti lietot; var pievienot ar\u012b \u016bdeni, lai rad\u012btu \u0161\u013cakstus un nopludin\u0101tu virsmu. \u010cetrst\u016bra 20mm kr\u012bts, garums 60mm","og_url":"https:\/\/hobstop.ee\/lv\/produkts\/grafita-nujina-derwent-xl\/","og_site_name":"Skizze","article_publisher":"http:\/\/www.facebook.com\/VunderSkizze","article_modified_time":"-0001-11-30T00:00:00+00:00","og_image":[{"width":1024,"height":768,"url":"https:\/\/www.hobstop.ee\/media\/3713.jpg","type":"image\/jpeg"}],"twitter_card":"summary_large_image","schema":{"@context":"https:\/\/schema.org","@graph":[{"@type":"WebPage","@id":"https:\/\/hobstop.ee\/lv\/produkts\/grafita-nujina-derwent-xl\/","url":"https:\/\/hobstop.ee\/lv\/produkts\/grafita-nujina-derwent-xl\/","name":"Graf\u012bta n\u016bji\u0146a Derwent XL &#8211; Skizze","isPartOf":{"@id":"https:\/\/hobstop.ee\/lv\/#website"},"primaryImageOfPage":{"@id":"https:\/\/hobstop.ee\/lv\/produkts\/grafita-nujina-derwent-xl\/#primaryimage"},"image":{"@id":"https:\/\/hobstop.ee\/lv\/produkts\/grafita-nujina-derwent-xl\/#primaryimage"},"thumbnailUrl":"https:\/\/hobstop.ee\/media\/3713.jpg","datePublished":"2014-12-09T11:37:50+00:00","dateModified":"-0001-11-30T00:00:00+00:00","breadcrumb":{"@id":"https:\/\/hobstop.ee\/lv\/produkts\/grafita-nujina-derwent-xl\/#breadcrumb"},"inLanguage":"lv-LV","potentialAction":[{"@type":"ReadAction","target":["https:\/\/hobstop.ee\/lv\/produkts\/grafita-nujina-derwent-xl\/"]}]},{"@type":"ImageObject","inLanguage":"lv-LV","@id":"https:\/\/hobstop.ee\/lv\/produkts\/grafita-nujina-derwent-xl\/#primaryimage","url":"https:\/\/hobstop.ee\/media\/3713.jpg","contentUrl":"https:\/\/hobstop.ee\/media\/3713.jpg","width":1024,"height":768},{"@type":"BreadcrumbList","@id":"https:\/\/hobstop.ee\/lv\/produkts\/grafita-nujina-derwent-xl\/#breadcrumb","itemListElement":[{"@type":"ListItem","position":1,"name":"Avaleht","item":"https:\/\/www.hobstop.ee\/lv\/"},{"@type":"ListItem","position":2,"name":"Veikals","item":"https:\/\/www.hobstop.ee\/lv\/veikals\/"},{"@type":"ListItem","position":3,"name":"Graf\u012bta n\u016bji\u0146a Derwent XL"}]},{"@type":"WebSite","@id":"https:\/\/hobstop.ee\/lv\/#website","url":"https:\/\/hobstop.ee\/lv\/","name":"Skizze","description":"M\u0101kslas, hobiju un skolas preces","publisher":{"@id":"https:\/\/hobstop.ee\/lv\/#organization"},"potentialAction":[{"@type":"SearchAction","target":{"@type":"EntryPoint","urlTemplate":"https:\/\/hobstop.ee\/lv\/?s={search_term_string}"},"query-input":{"@type":"PropertyValueSpecification","valueRequired":true,"valueName":"search_term_string"}}],"inLanguage":"lv-LV"},{"@type":"Organization","@id":"https:\/\/hobstop.ee\/lv\/#organization","name":"Vunder AS","url":"https:\/\/hobstop.ee\/lv\/","logo":{"@type":"ImageObject","inLanguage":"lv-LV","@id":"https:\/\/hobstop.ee\/lv\/#\/schema\/logo\/image\/","url":"https:\/\/hobstop.ee\/media\/vunder-logo.png","contentUrl":"https:\/\/hobstop.ee\/media\/vunder-logo.png","width":127,"height":55,"caption":"Vunder AS"},"image":{"@id":"https:\/\/hobstop.ee\/lv\/#\/schema\/logo\/image\/"},"sameAs":["http:\/\/www.facebook.com\/VunderSkizze"]}]}},"_links":{"self":[{"href":"https:\/\/hobstop.ee\/lv\/wp-json\/wp\/v2\/product\/63200","targetHints":{"allow":["GET"]}}],"collection":[{"href":"https:\/\/hobstop.ee\/lv\/wp-json\/wp\/v2\/product"}],"about":[{"href":"https:\/\/hobstop.ee\/lv\/wp-json\/wp\/v2\/types\/product"}],"replies":[{"embeddable":true,"href":"https:\/\/hobstop.ee\/lv\/wp-json\/wp\/v2\/comments?post=63200"}],"wp:featuredmedia":[{"embeddable":true,"href":"https:\/\/hobstop.ee\/lv\/wp-json\/wp\/v2\/media\/107794"}],"wp:attachment":[{"href":"https:\/\/hobstop.ee\/lv\/wp-json\/wp\/v2\/media?parent=63200"}],"wp:term":[{"taxonomy":"product_cat","embeddable":true,"href":"https:\/\/hobstop.ee\/lv\/wp-json\/wp\/v2\/product_cat?post=63200"},{"taxonomy":"product_tag","embeddable":true,"href":"https:\/\/hobstop.ee\/lv\/wp-json\/wp\/v2\/product_tag?post=63200"}],"curies":[{"name":"wp","href":"https:\/\/api.w.org\/{rel}","templated":true}]}}