{"id":63203,"date":"2014-12-09T13:37:51","date_gmt":"2014-12-09T11:37:51","guid":{"rendered":"https:\/\/sharks.ee\/vunder_2019.klient.veebimajutus.ee\/?post_type=product&p=63203"},"modified":"2014-12-09T13:37:51","modified_gmt":"2014-12-09T10:37:51","slug":"preseta-ogle-krasaina-derwent-xl","status":"publish","type":"product","link":"https:\/\/hobstop.ee\/lv\/produkts\/preseta-ogle-krasaina-derwent-xl\/","title":{"rendered":"Pres\u0113ta ogle kr\u0101saina Derwent XL"},"content":{"rendered":"<p>Derwent XL pres\u0113t\u0101 ogle sniedz z\u012bm\u0113t\u0101jam iesp\u0113ju vari\u0113t no sp\u0113c\u012bg\u0101m l\u012bnij\u0101m l\u012bdz izjust\u0101m nokr\u0101s\u0101m, apvienojot ogles dab\u012bg\u0101s \u012bpa\u0161\u012bbas ar pres\u0113ta kr\u012bta stiprumu un mas\u012bvumu. Kop\u0101 satiekas maigais un sp\u0113c\u012bgais, vieglais un stiprais bag\u0101t\u012bg\u0101 dabisku to\u0146u palet\u0113. Ar tiem var nokl\u0101t pla\u0161us laukumus, k\u0101 ar\u012b vilkt smalkas l\u012bnijas. Izm\u0113\u0123iniet kr\u012btus vienm\u0113r\u012bg\u0101 sapl\u016b\u0161an\u0101, z\u012bm\u0113jot sl\u0101\u0146iem vai pat pievienojot \u016bdeni.<br \/>\n\u010cetrst\u016bra 20mm kr\u012bts, garums 60mm<\/p>\n","protected":false},"excerpt":{"rendered":"<p>Derwent XL pres\u0113t\u0101 ogle sniedz z\u012bm\u0113t\u0101jam iesp\u0113ju vari\u0113t no sp\u0113c\u012bg\u0101m l\u012bnij\u0101m l\u012bdz izjust\u0101m nokr\u0101s\u0101m, apvienojot ogles dab\u012bg\u0101s \u012bpa\u0161\u012bbas ar pres\u0113ta kr\u012bta stiprumu un mas\u012bvumu. Kop\u0101 satiekas maigais un sp\u0113c\u012bgais, vieglais un stiprais bag\u0101t\u012bg\u0101 dabisku to\u0146u palet\u0113. Ar tiem var nokl\u0101t pla\u0161us laukumus, k\u0101 ar\u012b vilkt smalkas l\u012bnijas. Izm\u0113\u0123iniet kr\u012btus vienm\u0113r\u012bg\u0101 sapl\u016b\u0161an\u0101, z\u012bm\u0113jot sl\u0101\u0146iem vai pat pievienojot \u016bdeni. \u010cetrst\u016bra 20mm kr\u012bts, garums 60mm<\/p>\n","protected":false},"featured_media":107798,"comment_status":"closed","ping_status":"closed","template":"","meta":{"_acf_changed":false,"ep_exclude_from_search":false},"product_cat":[16123,18327,18931],"product_tag":[],"class_list":{"0":"post-63203","1":"product","2":"type-product","3":"status-publish","4":"has-post-thumbnail","6":"product_cat-makslas-piederumi-2","7":"product_cat-olge-un-ogles-zimuli-2","8":"product_cat-zimesanas-piederumi-3","10":"first","11":"instock","12":"taxable","13":"shipping-taxable","14":"purchasable","15":"product-type-variable"},"acf":[],"yoast_head":"<!-- This site is optimized with the Yoast SEO plugin v24.1 - https:\/\/yoast.com\/wordpress\/plugins\/seo\/ -->\n<title>Pres\u0113ta ogle kr\u0101saina Derwent XL &#8211; Skizze<\/title>\n<meta name=\"robots\" content=\"noindex, follow, max-snippet:-1, max-image-preview:large, max-video-preview:-1\" \/>\n<meta property=\"og:locale\" content=\"lv_LV\" \/>\n<meta property=\"og:type\" content=\"article\" \/>\n<meta property=\"og:title\" content=\"Pres\u0113ta ogle kr\u0101saina Derwent XL &#8211; Skizze\" \/>\n<meta property=\"og:description\" content=\"Derwent XL pres\u0113t\u0101 ogle sniedz z\u012bm\u0113t\u0101jam iesp\u0113ju vari\u0113t no sp\u0113c\u012bg\u0101m l\u012bnij\u0101m l\u012bdz izjust\u0101m nokr\u0101s\u0101m, apvienojot ogles dab\u012bg\u0101s \u012bpa\u0161\u012bbas ar pres\u0113ta kr\u012bta stiprumu un mas\u012bvumu. Kop\u0101 satiekas maigais un sp\u0113c\u012bgais, vieglais un stiprais bag\u0101t\u012bg\u0101 dabisku to\u0146u palet\u0113. Ar tiem var nokl\u0101t pla\u0161us laukumus, k\u0101 ar\u012b vilkt smalkas l\u012bnijas. Izm\u0113\u0123iniet kr\u012btus vienm\u0113r\u012bg\u0101 sapl\u016b\u0161an\u0101, z\u012bm\u0113jot sl\u0101\u0146iem vai pat pievienojot \u016bdeni. \u010cetrst\u016bra 20mm kr\u012bts, garums 60mm\" \/>\n<meta property=\"og:url\" content=\"https:\/\/hobstop.ee\/lv\/produkts\/preseta-ogle-krasaina-derwent-xl\/\" \/>\n<meta property=\"og:site_name\" content=\"Skizze\" \/>\n<meta property=\"article:publisher\" content=\"http:\/\/www.facebook.com\/VunderSkizze\" \/>\n<meta property=\"article:modified_time\" content=\"-0001-11-30T00:00:00+00:00\" \/>\n<meta property=\"og:image\" content=\"https:\/\/hobstop.ee\/media\/3714.jpg\" \/>\n\t<meta property=\"og:image:width\" content=\"1024\" \/>\n\t<meta property=\"og:image:height\" content=\"768\" \/>\n\t<meta property=\"og:image:type\" content=\"image\/jpeg\" \/>\n<meta name=\"twitter:card\" content=\"summary_large_image\" \/>\n<meta name=\"twitter:label1\" content=\"Est. reading time\" \/>\n\t<meta name=\"twitter:data1\" content=\"1 min\u016b\u0161u\" \/>\n<script type=\"application\/ld+json\" class=\"yoast-schema-graph\">{\"@context\":\"https:\/\/schema.org\",\"@graph\":[{\"@type\":\"WebPage\",\"@id\":\"https:\/\/hobstop.ee\/lv\/produkts\/preseta-ogle-krasaina-derwent-xl\/\",\"url\":\"https:\/\/hobstop.ee\/lv\/produkts\/preseta-ogle-krasaina-derwent-xl\/\",\"name\":\"Pres\u0113ta ogle kr\u0101saina Derwent XL &#8211; Skizze\",\"isPartOf\":{\"@id\":\"https:\/\/hobstop.ee\/lv\/#website\"},\"primaryImageOfPage\":{\"@id\":\"https:\/\/hobstop.ee\/lv\/produkts\/preseta-ogle-krasaina-derwent-xl\/#primaryimage\"},\"image\":{\"@id\":\"https:\/\/hobstop.ee\/lv\/produkts\/preseta-ogle-krasaina-derwent-xl\/#primaryimage\"},\"thumbnailUrl\":\"https:\/\/hobstop.ee\/media\/3714.jpg\",\"datePublished\":\"2014-12-09T11:37:51+00:00\",\"dateModified\":\"-0001-11-30T00:00:00+00:00\",\"breadcrumb\":{\"@id\":\"https:\/\/hobstop.ee\/lv\/produkts\/preseta-ogle-krasaina-derwent-xl\/#breadcrumb\"},\"inLanguage\":\"lv-LV\",\"potentialAction\":[{\"@type\":\"ReadAction\",\"target\":[\"https:\/\/hobstop.ee\/lv\/produkts\/preseta-ogle-krasaina-derwent-xl\/\"]}]},{\"@type\":\"ImageObject\",\"inLanguage\":\"lv-LV\",\"@id\":\"https:\/\/hobstop.ee\/lv\/produkts\/preseta-ogle-krasaina-derwent-xl\/#primaryimage\",\"url\":\"https:\/\/hobstop.ee\/media\/3714.jpg\",\"contentUrl\":\"https:\/\/hobstop.ee\/media\/3714.jpg\",\"width\":1024,\"height\":768},{\"@type\":\"BreadcrumbList\",\"@id\":\"https:\/\/hobstop.ee\/lv\/produkts\/preseta-ogle-krasaina-derwent-xl\/#breadcrumb\",\"itemListElement\":[{\"@type\":\"ListItem\",\"position\":1,\"name\":\"Avaleht\",\"item\":\"https:\/\/hobstop.ee\/lv\/\"},{\"@type\":\"ListItem\",\"position\":2,\"name\":\"Veikals\",\"item\":\"https:\/\/hobstop.ee\/lv\/veikals\/\"},{\"@type\":\"ListItem\",\"position\":3,\"name\":\"Pres\u0113ta ogle kr\u0101saina Derwent XL\"}]},{\"@type\":\"WebSite\",\"@id\":\"https:\/\/hobstop.ee\/lv\/#website\",\"url\":\"https:\/\/hobstop.ee\/lv\/\",\"name\":\"Skizze\",\"description\":\"M\u0101kslas, hobiju un skolas preces\",\"publisher\":{\"@id\":\"https:\/\/hobstop.ee\/lv\/#organization\"},\"potentialAction\":[{\"@type\":\"SearchAction\",\"target\":{\"@type\":\"EntryPoint\",\"urlTemplate\":\"https:\/\/hobstop.ee\/lv\/?s={search_term_string}\"},\"query-input\":{\"@type\":\"PropertyValueSpecification\",\"valueRequired\":true,\"valueName\":\"search_term_string\"}}],\"inLanguage\":\"lv-LV\"},{\"@type\":\"Organization\",\"@id\":\"https:\/\/hobstop.ee\/lv\/#organization\",\"name\":\"Vunder AS\",\"url\":\"https:\/\/hobstop.ee\/lv\/\",\"logo\":{\"@type\":\"ImageObject\",\"inLanguage\":\"lv-LV\",\"@id\":\"https:\/\/hobstop.ee\/lv\/#\/schema\/logo\/image\/\",\"url\":\"https:\/\/hobstop.ee\/media\/vunder-logo.png\",\"contentUrl\":\"https:\/\/hobstop.ee\/media\/vunder-logo.png\",\"width\":127,\"height\":55,\"caption\":\"Vunder AS\"},\"image\":{\"@id\":\"https:\/\/hobstop.ee\/lv\/#\/schema\/logo\/image\/\"},\"sameAs\":[\"http:\/\/www.facebook.com\/VunderSkizze\"]}]}<\/script>\n<!-- \/ Yoast SEO plugin. -->","yoast_head_json":{"title":"Pres\u0113ta ogle kr\u0101saina Derwent XL &#8211; Skizze","robots":{"index":"noindex","follow":"follow","max-snippet":"max-snippet:-1","max-image-preview":"max-image-preview:large","max-video-preview":"max-video-preview:-1"},"og_locale":"lv_LV","og_type":"article","og_title":"Pres\u0113ta ogle kr\u0101saina Derwent XL &#8211; Skizze","og_description":"Derwent XL pres\u0113t\u0101 ogle sniedz z\u012bm\u0113t\u0101jam iesp\u0113ju vari\u0113t no sp\u0113c\u012bg\u0101m l\u012bnij\u0101m l\u012bdz izjust\u0101m nokr\u0101s\u0101m, apvienojot ogles dab\u012bg\u0101s \u012bpa\u0161\u012bbas ar pres\u0113ta kr\u012bta stiprumu un mas\u012bvumu. Kop\u0101 satiekas maigais un sp\u0113c\u012bgais, vieglais un stiprais bag\u0101t\u012bg\u0101 dabisku to\u0146u palet\u0113. Ar tiem var nokl\u0101t pla\u0161us laukumus, k\u0101 ar\u012b vilkt smalkas l\u012bnijas. Izm\u0113\u0123iniet kr\u012btus vienm\u0113r\u012bg\u0101 sapl\u016b\u0161an\u0101, z\u012bm\u0113jot sl\u0101\u0146iem vai pat pievienojot \u016bdeni. \u010cetrst\u016bra 20mm kr\u012bts, garums 60mm","og_url":"https:\/\/hobstop.ee\/lv\/produkts\/preseta-ogle-krasaina-derwent-xl\/","og_site_name":"Skizze","article_publisher":"http:\/\/www.facebook.com\/VunderSkizze","article_modified_time":"-0001-11-30T00:00:00+00:00","og_image":[{"width":1024,"height":768,"url":"https:\/\/hobstop.ee\/media\/3714.jpg","type":"image\/jpeg"}],"twitter_card":"summary_large_image","twitter_misc":{"Est. reading time":"1 min\u016b\u0161u"},"schema":{"@context":"https:\/\/schema.org","@graph":[{"@type":"WebPage","@id":"https:\/\/hobstop.ee\/lv\/produkts\/preseta-ogle-krasaina-derwent-xl\/","url":"https:\/\/hobstop.ee\/lv\/produkts\/preseta-ogle-krasaina-derwent-xl\/","name":"Pres\u0113ta ogle kr\u0101saina Derwent XL &#8211; Skizze","isPartOf":{"@id":"https:\/\/hobstop.ee\/lv\/#website"},"primaryImageOfPage":{"@id":"https:\/\/hobstop.ee\/lv\/produkts\/preseta-ogle-krasaina-derwent-xl\/#primaryimage"},"image":{"@id":"https:\/\/hobstop.ee\/lv\/produkts\/preseta-ogle-krasaina-derwent-xl\/#primaryimage"},"thumbnailUrl":"https:\/\/hobstop.ee\/media\/3714.jpg","datePublished":"2014-12-09T11:37:51+00:00","dateModified":"-0001-11-30T00:00:00+00:00","breadcrumb":{"@id":"https:\/\/hobstop.ee\/lv\/produkts\/preseta-ogle-krasaina-derwent-xl\/#breadcrumb"},"inLanguage":"lv-LV","potentialAction":[{"@type":"ReadAction","target":["https:\/\/hobstop.ee\/lv\/produkts\/preseta-ogle-krasaina-derwent-xl\/"]}]},{"@type":"ImageObject","inLanguage":"lv-LV","@id":"https:\/\/hobstop.ee\/lv\/produkts\/preseta-ogle-krasaina-derwent-xl\/#primaryimage","url":"https:\/\/hobstop.ee\/media\/3714.jpg","contentUrl":"https:\/\/hobstop.ee\/media\/3714.jpg","width":1024,"height":768},{"@type":"BreadcrumbList","@id":"https:\/\/hobstop.ee\/lv\/produkts\/preseta-ogle-krasaina-derwent-xl\/#breadcrumb","itemListElement":[{"@type":"ListItem","position":1,"name":"Avaleht","item":"https:\/\/hobstop.ee\/lv\/"},{"@type":"ListItem","position":2,"name":"Veikals","item":"https:\/\/hobstop.ee\/lv\/veikals\/"},{"@type":"ListItem","position":3,"name":"Pres\u0113ta ogle kr\u0101saina Derwent XL"}]},{"@type":"WebSite","@id":"https:\/\/hobstop.ee\/lv\/#website","url":"https:\/\/hobstop.ee\/lv\/","name":"Skizze","description":"M\u0101kslas, hobiju un skolas preces","publisher":{"@id":"https:\/\/hobstop.ee\/lv\/#organization"},"potentialAction":[{"@type":"SearchAction","target":{"@type":"EntryPoint","urlTemplate":"https:\/\/hobstop.ee\/lv\/?s={search_term_string}"},"query-input":{"@type":"PropertyValueSpecification","valueRequired":true,"valueName":"search_term_string"}}],"inLanguage":"lv-LV"},{"@type":"Organization","@id":"https:\/\/hobstop.ee\/lv\/#organization","name":"Vunder AS","url":"https:\/\/hobstop.ee\/lv\/","logo":{"@type":"ImageObject","inLanguage":"lv-LV","@id":"https:\/\/hobstop.ee\/lv\/#\/schema\/logo\/image\/","url":"https:\/\/hobstop.ee\/media\/vunder-logo.png","contentUrl":"https:\/\/hobstop.ee\/media\/vunder-logo.png","width":127,"height":55,"caption":"Vunder AS"},"image":{"@id":"https:\/\/hobstop.ee\/lv\/#\/schema\/logo\/image\/"},"sameAs":["http:\/\/www.facebook.com\/VunderSkizze"]}]}},"_links":{"self":[{"href":"https:\/\/hobstop.ee\/lv\/wp-json\/wp\/v2\/product\/63203","targetHints":{"allow":["GET"]}}],"collection":[{"href":"https:\/\/hobstop.ee\/lv\/wp-json\/wp\/v2\/product"}],"about":[{"href":"https:\/\/hobstop.ee\/lv\/wp-json\/wp\/v2\/types\/product"}],"replies":[{"embeddable":true,"href":"https:\/\/hobstop.ee\/lv\/wp-json\/wp\/v2\/comments?post=63203"}],"wp:featuredmedia":[{"embeddable":true,"href":"https:\/\/hobstop.ee\/lv\/wp-json\/wp\/v2\/media\/107798"}],"wp:attachment":[{"href":"https:\/\/hobstop.ee\/lv\/wp-json\/wp\/v2\/media?parent=63203"}],"wp:term":[{"taxonomy":"product_cat","embeddable":true,"href":"https:\/\/hobstop.ee\/lv\/wp-json\/wp\/v2\/product_cat?post=63203"},{"taxonomy":"product_tag","embeddable":true,"href":"https:\/\/hobstop.ee\/lv\/wp-json\/wp\/v2\/product_tag?post=63203"}],"curies":[{"name":"wp","href":"https:\/\/api.w.org\/{rel}","templated":true}]}}