{"id":63215,"date":"2014-12-09T13:39:29","date_gmt":"2014-12-09T11:39:29","guid":{"rendered":"https:\/\/sharks.ee\/vunder_2019.klient.veebimajutus.ee\/?post_type=product&p=63215"},"modified":"2014-12-09T13:39:29","modified_gmt":"2014-12-09T10:39:29","slug":"kritinu-rievotajs-derwent-xl","status":"publish","type":"product","link":"https:\/\/hobstop.ee\/lv\/produkts\/kritinu-rievotajs-derwent-xl\/","title":{"rendered":"Kr\u012bti\u0146u rievot\u0101js Derwent XL"},"content":{"rendered":"<p>Lai rad\u012btu ekspres\u012bvas l\u012bnijas ar Derwent XL kr\u012btu, t\u0101 malas var novilkt gar asin\u0101t\u0101ja asmeni, ieskr\u0101p\u0113jot rievas kr\u012bta virsm\u0101. Un paskat vien, k\u0101di raksti veidojas uz pap\u012bra! \u0136eries tik kl\u0101t savai izt\u0113lei!<\/p>\n","protected":false},"excerpt":{"rendered":"<p>Lai rad\u012btu ekspres\u012bvas l\u012bnijas ar Derwent XL kr\u012btu, t\u0101 malas var novilkt gar asin\u0101t\u0101ja asmeni, ieskr\u0101p\u0113jot rievas kr\u012bta virsm\u0101. Un paskat vien, k\u0101di raksti veidojas uz pap\u012bra! \u0136eries tik kl\u0101t savai izt\u0113lei!<\/p>\n","protected":false},"featured_media":107814,"comment_status":"closed","ping_status":"closed","template":"","meta":{"_acf_changed":false,"ep_exclude_from_search":false},"product_cat":[18754,16123,18931],"product_tag":[],"class_list":{"0":"post-63215","1":"product","2":"type-product","3":"status-publish","4":"has-post-thumbnail","6":"product_cat-dazadi-26","7":"product_cat-makslas-piederumi-2","8":"product_cat-zimesanas-piederumi-3","10":"first","11":"instock","12":"taxable","13":"shipping-taxable","14":"purchasable","15":"product-type-variable"},"acf":[],"yoast_head":"<!-- This site is optimized with the Yoast SEO plugin v24.1 - https:\/\/yoast.com\/wordpress\/plugins\/seo\/ -->\n<title>Kr\u012bti\u0146u rievot\u0101js Derwent XL &#8211; Skizze<\/title>\n<meta name=\"robots\" content=\"noindex, follow, max-snippet:-1, max-image-preview:large, max-video-preview:-1\" \/>\n<meta property=\"og:locale\" content=\"lv_LV\" \/>\n<meta property=\"og:type\" content=\"article\" \/>\n<meta property=\"og:title\" content=\"Kr\u012bti\u0146u rievot\u0101js Derwent XL &#8211; Skizze\" \/>\n<meta property=\"og:description\" content=\"Lai rad\u012btu ekspres\u012bvas l\u012bnijas ar Derwent XL kr\u012btu, t\u0101 malas var novilkt gar asin\u0101t\u0101ja asmeni, ieskr\u0101p\u0113jot rievas kr\u012bta virsm\u0101. Un paskat vien, k\u0101di raksti veidojas uz pap\u012bra! \u0136eries tik kl\u0101t savai izt\u0113lei!\" \/>\n<meta property=\"og:url\" content=\"https:\/\/hobstop.ee\/lv\/produkts\/kritinu-rievotajs-derwent-xl\/\" \/>\n<meta property=\"og:site_name\" content=\"Skizze\" \/>\n<meta property=\"article:publisher\" content=\"http:\/\/www.facebook.com\/VunderSkizze\" \/>\n<meta property=\"article:modified_time\" content=\"-0001-11-30T00:00:00+00:00\" \/>\n<meta property=\"og:image\" content=\"https:\/\/hobstop.ee\/media\/3718.jpg\" \/>\n\t<meta property=\"og:image:width\" content=\"1024\" \/>\n\t<meta property=\"og:image:height\" content=\"768\" \/>\n\t<meta property=\"og:image:type\" content=\"image\/jpeg\" \/>\n<meta name=\"twitter:card\" content=\"summary_large_image\" \/>\n<script type=\"application\/ld+json\" class=\"yoast-schema-graph\">{\"@context\":\"https:\/\/schema.org\",\"@graph\":[{\"@type\":\"WebPage\",\"@id\":\"https:\/\/hobstop.ee\/lv\/produkts\/kritinu-rievotajs-derwent-xl\/\",\"url\":\"https:\/\/hobstop.ee\/lv\/produkts\/kritinu-rievotajs-derwent-xl\/\",\"name\":\"Kr\u012bti\u0146u rievot\u0101js Derwent XL &#8211; Skizze\",\"isPartOf\":{\"@id\":\"https:\/\/hobstop.ee\/lv\/#website\"},\"primaryImageOfPage\":{\"@id\":\"https:\/\/hobstop.ee\/lv\/produkts\/kritinu-rievotajs-derwent-xl\/#primaryimage\"},\"image\":{\"@id\":\"https:\/\/hobstop.ee\/lv\/produkts\/kritinu-rievotajs-derwent-xl\/#primaryimage\"},\"thumbnailUrl\":\"https:\/\/hobstop.ee\/media\/3718.jpg\",\"datePublished\":\"2014-12-09T11:39:29+00:00\",\"dateModified\":\"-0001-11-30T00:00:00+00:00\",\"breadcrumb\":{\"@id\":\"https:\/\/hobstop.ee\/lv\/produkts\/kritinu-rievotajs-derwent-xl\/#breadcrumb\"},\"inLanguage\":\"lv-LV\",\"potentialAction\":[{\"@type\":\"ReadAction\",\"target\":[\"https:\/\/hobstop.ee\/lv\/produkts\/kritinu-rievotajs-derwent-xl\/\"]}]},{\"@type\":\"ImageObject\",\"inLanguage\":\"lv-LV\",\"@id\":\"https:\/\/hobstop.ee\/lv\/produkts\/kritinu-rievotajs-derwent-xl\/#primaryimage\",\"url\":\"https:\/\/hobstop.ee\/media\/3718.jpg\",\"contentUrl\":\"https:\/\/hobstop.ee\/media\/3718.jpg\",\"width\":1024,\"height\":768},{\"@type\":\"BreadcrumbList\",\"@id\":\"https:\/\/hobstop.ee\/lv\/produkts\/kritinu-rievotajs-derwent-xl\/#breadcrumb\",\"itemListElement\":[{\"@type\":\"ListItem\",\"position\":1,\"name\":\"Avaleht\",\"item\":\"https:\/\/www.hobstop.ee\/lv\/\"},{\"@type\":\"ListItem\",\"position\":2,\"name\":\"Veikals\",\"item\":\"https:\/\/www.hobstop.ee\/lv\/veikals\/\"},{\"@type\":\"ListItem\",\"position\":3,\"name\":\"Kr\u012bti\u0146u rievot\u0101js Derwent XL\"}]},{\"@type\":\"WebSite\",\"@id\":\"https:\/\/hobstop.ee\/lv\/#website\",\"url\":\"https:\/\/hobstop.ee\/lv\/\",\"name\":\"Skizze\",\"description\":\"M\u0101kslas, hobiju un skolas preces\",\"publisher\":{\"@id\":\"https:\/\/hobstop.ee\/lv\/#organization\"},\"potentialAction\":[{\"@type\":\"SearchAction\",\"target\":{\"@type\":\"EntryPoint\",\"urlTemplate\":\"https:\/\/hobstop.ee\/lv\/?s={search_term_string}\"},\"query-input\":{\"@type\":\"PropertyValueSpecification\",\"valueRequired\":true,\"valueName\":\"search_term_string\"}}],\"inLanguage\":\"lv-LV\"},{\"@type\":\"Organization\",\"@id\":\"https:\/\/hobstop.ee\/lv\/#organization\",\"name\":\"Vunder AS\",\"url\":\"https:\/\/hobstop.ee\/lv\/\",\"logo\":{\"@type\":\"ImageObject\",\"inLanguage\":\"lv-LV\",\"@id\":\"https:\/\/hobstop.ee\/lv\/#\/schema\/logo\/image\/\",\"url\":\"https:\/\/hobstop.ee\/media\/vunder-logo.png\",\"contentUrl\":\"https:\/\/hobstop.ee\/media\/vunder-logo.png\",\"width\":127,\"height\":55,\"caption\":\"Vunder AS\"},\"image\":{\"@id\":\"https:\/\/hobstop.ee\/lv\/#\/schema\/logo\/image\/\"},\"sameAs\":[\"http:\/\/www.facebook.com\/VunderSkizze\"]}]}<\/script>\n<!-- \/ Yoast SEO plugin. -->","yoast_head_json":{"title":"Kr\u012bti\u0146u rievot\u0101js Derwent XL &#8211; Skizze","robots":{"index":"noindex","follow":"follow","max-snippet":"max-snippet:-1","max-image-preview":"max-image-preview:large","max-video-preview":"max-video-preview:-1"},"og_locale":"lv_LV","og_type":"article","og_title":"Kr\u012bti\u0146u rievot\u0101js Derwent XL &#8211; Skizze","og_description":"Lai rad\u012btu ekspres\u012bvas l\u012bnijas ar Derwent XL kr\u012btu, t\u0101 malas var novilkt gar asin\u0101t\u0101ja asmeni, ieskr\u0101p\u0113jot rievas kr\u012bta virsm\u0101. Un paskat vien, k\u0101di raksti veidojas uz pap\u012bra! \u0136eries tik kl\u0101t savai izt\u0113lei!","og_url":"https:\/\/hobstop.ee\/lv\/produkts\/kritinu-rievotajs-derwent-xl\/","og_site_name":"Skizze","article_publisher":"http:\/\/www.facebook.com\/VunderSkizze","article_modified_time":"-0001-11-30T00:00:00+00:00","og_image":[{"width":1024,"height":768,"url":"https:\/\/hobstop.ee\/media\/3718.jpg","type":"image\/jpeg"}],"twitter_card":"summary_large_image","schema":{"@context":"https:\/\/schema.org","@graph":[{"@type":"WebPage","@id":"https:\/\/hobstop.ee\/lv\/produkts\/kritinu-rievotajs-derwent-xl\/","url":"https:\/\/hobstop.ee\/lv\/produkts\/kritinu-rievotajs-derwent-xl\/","name":"Kr\u012bti\u0146u rievot\u0101js Derwent XL &#8211; Skizze","isPartOf":{"@id":"https:\/\/hobstop.ee\/lv\/#website"},"primaryImageOfPage":{"@id":"https:\/\/hobstop.ee\/lv\/produkts\/kritinu-rievotajs-derwent-xl\/#primaryimage"},"image":{"@id":"https:\/\/hobstop.ee\/lv\/produkts\/kritinu-rievotajs-derwent-xl\/#primaryimage"},"thumbnailUrl":"https:\/\/hobstop.ee\/media\/3718.jpg","datePublished":"2014-12-09T11:39:29+00:00","dateModified":"-0001-11-30T00:00:00+00:00","breadcrumb":{"@id":"https:\/\/hobstop.ee\/lv\/produkts\/kritinu-rievotajs-derwent-xl\/#breadcrumb"},"inLanguage":"lv-LV","potentialAction":[{"@type":"ReadAction","target":["https:\/\/hobstop.ee\/lv\/produkts\/kritinu-rievotajs-derwent-xl\/"]}]},{"@type":"ImageObject","inLanguage":"lv-LV","@id":"https:\/\/hobstop.ee\/lv\/produkts\/kritinu-rievotajs-derwent-xl\/#primaryimage","url":"https:\/\/hobstop.ee\/media\/3718.jpg","contentUrl":"https:\/\/hobstop.ee\/media\/3718.jpg","width":1024,"height":768},{"@type":"BreadcrumbList","@id":"https:\/\/hobstop.ee\/lv\/produkts\/kritinu-rievotajs-derwent-xl\/#breadcrumb","itemListElement":[{"@type":"ListItem","position":1,"name":"Avaleht","item":"https:\/\/www.hobstop.ee\/lv\/"},{"@type":"ListItem","position":2,"name":"Veikals","item":"https:\/\/www.hobstop.ee\/lv\/veikals\/"},{"@type":"ListItem","position":3,"name":"Kr\u012bti\u0146u rievot\u0101js Derwent XL"}]},{"@type":"WebSite","@id":"https:\/\/hobstop.ee\/lv\/#website","url":"https:\/\/hobstop.ee\/lv\/","name":"Skizze","description":"M\u0101kslas, hobiju un skolas preces","publisher":{"@id":"https:\/\/hobstop.ee\/lv\/#organization"},"potentialAction":[{"@type":"SearchAction","target":{"@type":"EntryPoint","urlTemplate":"https:\/\/hobstop.ee\/lv\/?s={search_term_string}"},"query-input":{"@type":"PropertyValueSpecification","valueRequired":true,"valueName":"search_term_string"}}],"inLanguage":"lv-LV"},{"@type":"Organization","@id":"https:\/\/hobstop.ee\/lv\/#organization","name":"Vunder AS","url":"https:\/\/hobstop.ee\/lv\/","logo":{"@type":"ImageObject","inLanguage":"lv-LV","@id":"https:\/\/hobstop.ee\/lv\/#\/schema\/logo\/image\/","url":"https:\/\/hobstop.ee\/media\/vunder-logo.png","contentUrl":"https:\/\/hobstop.ee\/media\/vunder-logo.png","width":127,"height":55,"caption":"Vunder AS"},"image":{"@id":"https:\/\/hobstop.ee\/lv\/#\/schema\/logo\/image\/"},"sameAs":["http:\/\/www.facebook.com\/VunderSkizze"]}]}},"_links":{"self":[{"href":"https:\/\/hobstop.ee\/lv\/wp-json\/wp\/v2\/product\/63215","targetHints":{"allow":["GET"]}}],"collection":[{"href":"https:\/\/hobstop.ee\/lv\/wp-json\/wp\/v2\/product"}],"about":[{"href":"https:\/\/hobstop.ee\/lv\/wp-json\/wp\/v2\/types\/product"}],"replies":[{"embeddable":true,"href":"https:\/\/hobstop.ee\/lv\/wp-json\/wp\/v2\/comments?post=63215"}],"wp:featuredmedia":[{"embeddable":true,"href":"https:\/\/hobstop.ee\/lv\/wp-json\/wp\/v2\/media\/107814"}],"wp:attachment":[{"href":"https:\/\/hobstop.ee\/lv\/wp-json\/wp\/v2\/media?parent=63215"}],"wp:term":[{"taxonomy":"product_cat","embeddable":true,"href":"https:\/\/hobstop.ee\/lv\/wp-json\/wp\/v2\/product_cat?post=63215"},{"taxonomy":"product_tag","embeddable":true,"href":"https:\/\/hobstop.ee\/lv\/wp-json\/wp\/v2\/product_tag?post=63215"}],"curies":[{"name":"wp","href":"https:\/\/api.w.org\/{rel}","templated":true}]}}