{"id":63218,"date":"2014-12-09T13:39:30","date_gmt":"2014-12-09T11:39:30","guid":{"rendered":"https:\/\/sharks.ee\/vunder_2019.klient.veebimajutus.ee\/?post_type=product&p=63218"},"modified":"2014-12-09T13:39:30","modified_gmt":"2014-12-09T10:39:30","slug":"rive-derwent-xl","status":"publish","type":"product","link":"https:\/\/hobstop.ee\/lv\/produkts\/rive-derwent-xl\/","title":{"rendered":"R\u012bve Derwent XL"},"content":{"rendered":"<p>Sar\u012bv\u0113 Derwent XL kr\u012btu ar r\u012bvi un ieg\u016bsti smalku pulveri saviem z\u012bm\u0113jumiem un multim\u0113diju darbiem. \u0160o paroc\u012bgo l\u012bdzekli var izmantot ar\u012b ar paste\u013ckr\u012btiem, parastajiem graf\u012bta kr\u012bti\u0146iem un z\u012bm\u0113\u0161anas ogli, lai rad\u012btu da\u017e\u0101dus putek\u013cus, ko savuk\u0101rt var izmantot tekst\u016bras veido\u0161an\u0101 vai izklied\u0113t ar pirkstu. Pievienojot \u016bdeni, pulveris pal\u012bdz\u0113s izveidot gleznainu pl\u016bdu efektu.<\/p>\n","protected":false},"excerpt":{"rendered":"<p>Sar\u012bv\u0113 Derwent XL kr\u012btu ar r\u012bvi un ieg\u016bsti smalku pulveri saviem z\u012bm\u0113jumiem un multim\u0113diju darbiem. \u0160o paroc\u012bgo l\u012bdzekli var izmantot ar\u012b ar paste\u013ckr\u012btiem, parastajiem graf\u012bta kr\u012bti\u0146iem un z\u012bm\u0113\u0161anas ogli, lai rad\u012btu da\u017e\u0101dus putek\u013cus, ko savuk\u0101rt var izmantot tekst\u016bras veido\u0161an\u0101 vai izklied\u0113t ar pirkstu. Pievienojot \u016bdeni, pulveris pal\u012bdz\u0113s izveidot gleznainu pl\u016bdu efektu.<\/p>\n","protected":false},"featured_media":107818,"comment_status":"closed","ping_status":"closed","template":"","meta":{"_acf_changed":false,"ep_exclude_from_search":false},"product_cat":[16123,18754,18931],"product_tag":[],"class_list":{"0":"post-63218","1":"product","2":"type-product","3":"status-publish","4":"has-post-thumbnail","6":"product_cat-makslas-piederumi-2","7":"product_cat-papildus-piederumi","8":"product_cat-zimesanas-piederumi-3","10":"first","11":"instock","12":"taxable","13":"shipping-taxable","14":"purchasable","15":"product-type-variable"},"acf":[],"yoast_head":"<!-- This site is optimized with the Yoast SEO plugin v24.1 - https:\/\/yoast.com\/wordpress\/plugins\/seo\/ -->\n<title>R\u012bve Derwent XL &#8211; Skizze<\/title>\n<meta name=\"robots\" content=\"noindex, follow, max-snippet:-1, max-image-preview:large, max-video-preview:-1\" \/>\n<meta property=\"og:locale\" content=\"lv_LV\" \/>\n<meta property=\"og:type\" content=\"article\" \/>\n<meta property=\"og:title\" content=\"R\u012bve Derwent XL &#8211; Skizze\" \/>\n<meta property=\"og:description\" content=\"Sar\u012bv\u0113 Derwent XL kr\u012btu ar r\u012bvi un ieg\u016bsti smalku pulveri saviem z\u012bm\u0113jumiem un multim\u0113diju darbiem. \u0160o paroc\u012bgo l\u012bdzekli var izmantot ar\u012b ar paste\u013ckr\u012btiem, parastajiem graf\u012bta kr\u012bti\u0146iem un z\u012bm\u0113\u0161anas ogli, lai rad\u012btu da\u017e\u0101dus putek\u013cus, ko savuk\u0101rt var izmantot tekst\u016bras veido\u0161an\u0101 vai izklied\u0113t ar pirkstu. Pievienojot \u016bdeni, pulveris pal\u012bdz\u0113s izveidot gleznainu pl\u016bdu efektu.\" \/>\n<meta property=\"og:url\" content=\"https:\/\/hobstop.ee\/lv\/produkts\/rive-derwent-xl\/\" \/>\n<meta property=\"og:site_name\" content=\"Skizze\" \/>\n<meta property=\"article:publisher\" content=\"http:\/\/www.facebook.com\/VunderSkizze\" \/>\n<meta property=\"article:modified_time\" content=\"-0001-11-30T00:00:00+00:00\" \/>\n<meta property=\"og:image\" content=\"https:\/\/hobstop.ee\/media\/3719.jpg\" \/>\n\t<meta property=\"og:image:width\" content=\"1024\" \/>\n\t<meta property=\"og:image:height\" content=\"768\" \/>\n\t<meta property=\"og:image:type\" content=\"image\/jpeg\" \/>\n<meta name=\"twitter:card\" content=\"summary_large_image\" \/>\n<script type=\"application\/ld+json\" class=\"yoast-schema-graph\">{\"@context\":\"https:\/\/schema.org\",\"@graph\":[{\"@type\":\"WebPage\",\"@id\":\"https:\/\/hobstop.ee\/lv\/produkts\/rive-derwent-xl\/\",\"url\":\"https:\/\/hobstop.ee\/lv\/produkts\/rive-derwent-xl\/\",\"name\":\"R\u012bve Derwent XL &#8211; Skizze\",\"isPartOf\":{\"@id\":\"https:\/\/hobstop.ee\/lv\/#website\"},\"primaryImageOfPage\":{\"@id\":\"https:\/\/hobstop.ee\/lv\/produkts\/rive-derwent-xl\/#primaryimage\"},\"image\":{\"@id\":\"https:\/\/hobstop.ee\/lv\/produkts\/rive-derwent-xl\/#primaryimage\"},\"thumbnailUrl\":\"https:\/\/hobstop.ee\/media\/3719.jpg\",\"datePublished\":\"2014-12-09T11:39:30+00:00\",\"dateModified\":\"-0001-11-30T00:00:00+00:00\",\"breadcrumb\":{\"@id\":\"https:\/\/hobstop.ee\/lv\/produkts\/rive-derwent-xl\/#breadcrumb\"},\"inLanguage\":\"lv-LV\",\"potentialAction\":[{\"@type\":\"ReadAction\",\"target\":[\"https:\/\/hobstop.ee\/lv\/produkts\/rive-derwent-xl\/\"]}]},{\"@type\":\"ImageObject\",\"inLanguage\":\"lv-LV\",\"@id\":\"https:\/\/hobstop.ee\/lv\/produkts\/rive-derwent-xl\/#primaryimage\",\"url\":\"https:\/\/hobstop.ee\/media\/3719.jpg\",\"contentUrl\":\"https:\/\/hobstop.ee\/media\/3719.jpg\",\"width\":1024,\"height\":768},{\"@type\":\"BreadcrumbList\",\"@id\":\"https:\/\/hobstop.ee\/lv\/produkts\/rive-derwent-xl\/#breadcrumb\",\"itemListElement\":[{\"@type\":\"ListItem\",\"position\":1,\"name\":\"Avaleht\",\"item\":\"https:\/\/hobstop.ee\/lv\/\"},{\"@type\":\"ListItem\",\"position\":2,\"name\":\"Veikals\",\"item\":\"https:\/\/hobstop.ee\/lv\/veikals\/\"},{\"@type\":\"ListItem\",\"position\":3,\"name\":\"R\u012bve Derwent XL\"}]},{\"@type\":\"WebSite\",\"@id\":\"https:\/\/hobstop.ee\/lv\/#website\",\"url\":\"https:\/\/hobstop.ee\/lv\/\",\"name\":\"Skizze\",\"description\":\"M\u0101kslas, hobiju un skolas preces\",\"publisher\":{\"@id\":\"https:\/\/hobstop.ee\/lv\/#organization\"},\"potentialAction\":[{\"@type\":\"SearchAction\",\"target\":{\"@type\":\"EntryPoint\",\"urlTemplate\":\"https:\/\/hobstop.ee\/lv\/?s={search_term_string}\"},\"query-input\":{\"@type\":\"PropertyValueSpecification\",\"valueRequired\":true,\"valueName\":\"search_term_string\"}}],\"inLanguage\":\"lv-LV\"},{\"@type\":\"Organization\",\"@id\":\"https:\/\/hobstop.ee\/lv\/#organization\",\"name\":\"Vunder AS\",\"url\":\"https:\/\/hobstop.ee\/lv\/\",\"logo\":{\"@type\":\"ImageObject\",\"inLanguage\":\"lv-LV\",\"@id\":\"https:\/\/hobstop.ee\/lv\/#\/schema\/logo\/image\/\",\"url\":\"https:\/\/hobstop.ee\/media\/vunder-logo.png\",\"contentUrl\":\"https:\/\/hobstop.ee\/media\/vunder-logo.png\",\"width\":127,\"height\":55,\"caption\":\"Vunder AS\"},\"image\":{\"@id\":\"https:\/\/hobstop.ee\/lv\/#\/schema\/logo\/image\/\"},\"sameAs\":[\"http:\/\/www.facebook.com\/VunderSkizze\"]}]}<\/script>\n<!-- \/ Yoast SEO plugin. -->","yoast_head_json":{"title":"R\u012bve Derwent XL &#8211; Skizze","robots":{"index":"noindex","follow":"follow","max-snippet":"max-snippet:-1","max-image-preview":"max-image-preview:large","max-video-preview":"max-video-preview:-1"},"og_locale":"lv_LV","og_type":"article","og_title":"R\u012bve Derwent XL &#8211; Skizze","og_description":"Sar\u012bv\u0113 Derwent XL kr\u012btu ar r\u012bvi un ieg\u016bsti smalku pulveri saviem z\u012bm\u0113jumiem un multim\u0113diju darbiem. \u0160o paroc\u012bgo l\u012bdzekli var izmantot ar\u012b ar paste\u013ckr\u012btiem, parastajiem graf\u012bta kr\u012bti\u0146iem un z\u012bm\u0113\u0161anas ogli, lai rad\u012btu da\u017e\u0101dus putek\u013cus, ko savuk\u0101rt var izmantot tekst\u016bras veido\u0161an\u0101 vai izklied\u0113t ar pirkstu. Pievienojot \u016bdeni, pulveris pal\u012bdz\u0113s izveidot gleznainu pl\u016bdu efektu.","og_url":"https:\/\/hobstop.ee\/lv\/produkts\/rive-derwent-xl\/","og_site_name":"Skizze","article_publisher":"http:\/\/www.facebook.com\/VunderSkizze","article_modified_time":"-0001-11-30T00:00:00+00:00","og_image":[{"width":1024,"height":768,"url":"https:\/\/hobstop.ee\/media\/3719.jpg","type":"image\/jpeg"}],"twitter_card":"summary_large_image","schema":{"@context":"https:\/\/schema.org","@graph":[{"@type":"WebPage","@id":"https:\/\/hobstop.ee\/lv\/produkts\/rive-derwent-xl\/","url":"https:\/\/hobstop.ee\/lv\/produkts\/rive-derwent-xl\/","name":"R\u012bve Derwent XL &#8211; Skizze","isPartOf":{"@id":"https:\/\/hobstop.ee\/lv\/#website"},"primaryImageOfPage":{"@id":"https:\/\/hobstop.ee\/lv\/produkts\/rive-derwent-xl\/#primaryimage"},"image":{"@id":"https:\/\/hobstop.ee\/lv\/produkts\/rive-derwent-xl\/#primaryimage"},"thumbnailUrl":"https:\/\/hobstop.ee\/media\/3719.jpg","datePublished":"2014-12-09T11:39:30+00:00","dateModified":"-0001-11-30T00:00:00+00:00","breadcrumb":{"@id":"https:\/\/hobstop.ee\/lv\/produkts\/rive-derwent-xl\/#breadcrumb"},"inLanguage":"lv-LV","potentialAction":[{"@type":"ReadAction","target":["https:\/\/hobstop.ee\/lv\/produkts\/rive-derwent-xl\/"]}]},{"@type":"ImageObject","inLanguage":"lv-LV","@id":"https:\/\/hobstop.ee\/lv\/produkts\/rive-derwent-xl\/#primaryimage","url":"https:\/\/hobstop.ee\/media\/3719.jpg","contentUrl":"https:\/\/hobstop.ee\/media\/3719.jpg","width":1024,"height":768},{"@type":"BreadcrumbList","@id":"https:\/\/hobstop.ee\/lv\/produkts\/rive-derwent-xl\/#breadcrumb","itemListElement":[{"@type":"ListItem","position":1,"name":"Avaleht","item":"https:\/\/hobstop.ee\/lv\/"},{"@type":"ListItem","position":2,"name":"Veikals","item":"https:\/\/hobstop.ee\/lv\/veikals\/"},{"@type":"ListItem","position":3,"name":"R\u012bve Derwent XL"}]},{"@type":"WebSite","@id":"https:\/\/hobstop.ee\/lv\/#website","url":"https:\/\/hobstop.ee\/lv\/","name":"Skizze","description":"M\u0101kslas, hobiju un skolas preces","publisher":{"@id":"https:\/\/hobstop.ee\/lv\/#organization"},"potentialAction":[{"@type":"SearchAction","target":{"@type":"EntryPoint","urlTemplate":"https:\/\/hobstop.ee\/lv\/?s={search_term_string}"},"query-input":{"@type":"PropertyValueSpecification","valueRequired":true,"valueName":"search_term_string"}}],"inLanguage":"lv-LV"},{"@type":"Organization","@id":"https:\/\/hobstop.ee\/lv\/#organization","name":"Vunder AS","url":"https:\/\/hobstop.ee\/lv\/","logo":{"@type":"ImageObject","inLanguage":"lv-LV","@id":"https:\/\/hobstop.ee\/lv\/#\/schema\/logo\/image\/","url":"https:\/\/hobstop.ee\/media\/vunder-logo.png","contentUrl":"https:\/\/hobstop.ee\/media\/vunder-logo.png","width":127,"height":55,"caption":"Vunder AS"},"image":{"@id":"https:\/\/hobstop.ee\/lv\/#\/schema\/logo\/image\/"},"sameAs":["http:\/\/www.facebook.com\/VunderSkizze"]}]}},"_links":{"self":[{"href":"https:\/\/hobstop.ee\/lv\/wp-json\/wp\/v2\/product\/63218","targetHints":{"allow":["GET"]}}],"collection":[{"href":"https:\/\/hobstop.ee\/lv\/wp-json\/wp\/v2\/product"}],"about":[{"href":"https:\/\/hobstop.ee\/lv\/wp-json\/wp\/v2\/types\/product"}],"replies":[{"embeddable":true,"href":"https:\/\/hobstop.ee\/lv\/wp-json\/wp\/v2\/comments?post=63218"}],"wp:featuredmedia":[{"embeddable":true,"href":"https:\/\/hobstop.ee\/lv\/wp-json\/wp\/v2\/media\/107818"}],"wp:attachment":[{"href":"https:\/\/hobstop.ee\/lv\/wp-json\/wp\/v2\/media?parent=63218"}],"wp:term":[{"taxonomy":"product_cat","embeddable":true,"href":"https:\/\/hobstop.ee\/lv\/wp-json\/wp\/v2\/product_cat?post=63218"},{"taxonomy":"product_tag","embeddable":true,"href":"https:\/\/hobstop.ee\/lv\/wp-json\/wp\/v2\/product_tag?post=63218"}],"curies":[{"name":"wp","href":"https:\/\/api.w.org\/{rel}","templated":true}]}}