{"id":63341,"date":"2014-12-09T13:39:58","date_gmt":"2014-12-09T11:39:58","guid":{"rendered":"https:\/\/sharks.ee\/vunder_2019.klient.veebimajutus.ee\/?post_type=product&p=63341"},"modified":"2014-12-09T13:39:58","modified_gmt":"2014-12-09T10:39:58","slug":"ota-lb-education-mini","status":"publish","type":"product","link":"https:\/\/hobstop.ee\/lv\/produkts\/ota-lb-education-mini\/","title":{"rendered":"Ota L&#038;B Education Mini"},"content":{"rendered":"<p>Otu komplekts, kas ir ide\u0101li piem\u0113rots maziem b\u0113rniem. M\u012bkst\u0101s ponija spalvas oti\u0146as ir piem\u0113rotas izmanto\u0161anai ar akvare\u013ca un gua\u0161as kr\u0101s\u0101m.  Oti\u0146a no c\u016bkas sari\u0146iem ir vair\u0101k piem\u0113rota izteikt\u0101kai glezno\u0161anas tehnikai un glezno\u0161anai ar gua\u0161u.<\/p>\n","protected":false},"excerpt":{"rendered":"<p>Otu komplekts, kas ir ide\u0101li piem\u0113rots maziem b\u0113rniem. M\u012bkst\u0101s ponija spalvas oti\u0146as ir piem\u0113rotas izmanto\u0161anai ar akvare\u013ca un gua\u0161as kr\u0101s\u0101m. Oti\u0146a no c\u016bkas sari\u0146iem ir vair\u0101k piem\u0113rota izteikt\u0101kai glezno\u0161anas tehnikai un glezno\u0161anai ar gua\u0161u.<\/p>\n","protected":false},"featured_media":107990,"comment_status":"closed","ping_status":"closed","template":"","meta":{"_acf_changed":false,"ep_exclude_from_search":false},"product_cat":[18713,18638,17916],"product_tag":[],"class_list":{"0":"post-63341","1":"product","2":"type-product","3":"status-publish","4":"has-post-thumbnail","6":"product_cat-dazadi-12","7":"product_cat-otas","8":"product_cat-preces-skolai","10":"first","11":"instock","12":"taxable","13":"shipping-taxable","14":"purchasable","15":"product-type-variable"},"acf":[],"yoast_head":"<!-- This site is optimized with the Yoast SEO plugin v24.1 - https:\/\/yoast.com\/wordpress\/plugins\/seo\/ -->\n<title>Ota L&amp;B Education Mini &#8211; Skizze<\/title>\n<meta name=\"robots\" content=\"noindex, follow, max-snippet:-1, max-image-preview:large, max-video-preview:-1\" \/>\n<meta property=\"og:locale\" content=\"lv_LV\" \/>\n<meta property=\"og:type\" content=\"article\" \/>\n<meta property=\"og:title\" content=\"Ota L&amp;B Education Mini &#8211; Skizze\" \/>\n<meta property=\"og:description\" content=\"Otu komplekts, kas ir ide\u0101li piem\u0113rots maziem b\u0113rniem. M\u012bkst\u0101s ponija spalvas oti\u0146as ir piem\u0113rotas izmanto\u0161anai ar akvare\u013ca un gua\u0161as kr\u0101s\u0101m. Oti\u0146a no c\u016bkas sari\u0146iem ir vair\u0101k piem\u0113rota izteikt\u0101kai glezno\u0161anas tehnikai un glezno\u0161anai ar gua\u0161u.\" \/>\n<meta property=\"og:url\" content=\"https:\/\/hobstop.ee\/lv\/produkts\/ota-lb-education-mini\/\" \/>\n<meta property=\"og:site_name\" content=\"Skizze\" \/>\n<meta property=\"article:publisher\" content=\"http:\/\/www.facebook.com\/VunderSkizze\" \/>\n<meta property=\"article:modified_time\" content=\"-0001-11-30T00:00:00+00:00\" \/>\n<meta property=\"og:image\" content=\"https:\/\/hobstop.ee\/media\/3802.jpg\" \/>\n\t<meta property=\"og:image:width\" content=\"1024\" \/>\n\t<meta property=\"og:image:height\" content=\"768\" \/>\n\t<meta property=\"og:image:type\" content=\"image\/jpeg\" \/>\n<meta name=\"twitter:card\" content=\"summary_large_image\" \/>\n<script type=\"application\/ld+json\" class=\"yoast-schema-graph\">{\"@context\":\"https:\/\/schema.org\",\"@graph\":[{\"@type\":\"WebPage\",\"@id\":\"https:\/\/hobstop.ee\/lv\/produkts\/ota-lb-education-mini\/\",\"url\":\"https:\/\/hobstop.ee\/lv\/produkts\/ota-lb-education-mini\/\",\"name\":\"Ota L&B Education Mini &#8211; Skizze\",\"isPartOf\":{\"@id\":\"https:\/\/hobstop.ee\/lv\/#website\"},\"primaryImageOfPage\":{\"@id\":\"https:\/\/hobstop.ee\/lv\/produkts\/ota-lb-education-mini\/#primaryimage\"},\"image\":{\"@id\":\"https:\/\/hobstop.ee\/lv\/produkts\/ota-lb-education-mini\/#primaryimage\"},\"thumbnailUrl\":\"https:\/\/hobstop.ee\/media\/3802.jpg\",\"datePublished\":\"2014-12-09T11:39:58+00:00\",\"dateModified\":\"-0001-11-30T00:00:00+00:00\",\"breadcrumb\":{\"@id\":\"https:\/\/hobstop.ee\/lv\/produkts\/ota-lb-education-mini\/#breadcrumb\"},\"inLanguage\":\"lv-LV\",\"potentialAction\":[{\"@type\":\"ReadAction\",\"target\":[\"https:\/\/hobstop.ee\/lv\/produkts\/ota-lb-education-mini\/\"]}]},{\"@type\":\"ImageObject\",\"inLanguage\":\"lv-LV\",\"@id\":\"https:\/\/hobstop.ee\/lv\/produkts\/ota-lb-education-mini\/#primaryimage\",\"url\":\"https:\/\/hobstop.ee\/media\/3802.jpg\",\"contentUrl\":\"https:\/\/hobstop.ee\/media\/3802.jpg\",\"width\":1024,\"height\":768},{\"@type\":\"BreadcrumbList\",\"@id\":\"https:\/\/hobstop.ee\/lv\/produkts\/ota-lb-education-mini\/#breadcrumb\",\"itemListElement\":[{\"@type\":\"ListItem\",\"position\":1,\"name\":\"Avaleht\",\"item\":\"https:\/\/www.hobstop.ee\/lv\/\"},{\"@type\":\"ListItem\",\"position\":2,\"name\":\"Veikals\",\"item\":\"https:\/\/www.hobstop.ee\/lv\/veikals\/\"},{\"@type\":\"ListItem\",\"position\":3,\"name\":\"Ota L&#038;B Education Mini\"}]},{\"@type\":\"WebSite\",\"@id\":\"https:\/\/hobstop.ee\/lv\/#website\",\"url\":\"https:\/\/hobstop.ee\/lv\/\",\"name\":\"Skizze\",\"description\":\"M\u0101kslas, hobiju un skolas preces\",\"publisher\":{\"@id\":\"https:\/\/hobstop.ee\/lv\/#organization\"},\"potentialAction\":[{\"@type\":\"SearchAction\",\"target\":{\"@type\":\"EntryPoint\",\"urlTemplate\":\"https:\/\/hobstop.ee\/lv\/?s={search_term_string}\"},\"query-input\":{\"@type\":\"PropertyValueSpecification\",\"valueRequired\":true,\"valueName\":\"search_term_string\"}}],\"inLanguage\":\"lv-LV\"},{\"@type\":\"Organization\",\"@id\":\"https:\/\/hobstop.ee\/lv\/#organization\",\"name\":\"Vunder AS\",\"url\":\"https:\/\/hobstop.ee\/lv\/\",\"logo\":{\"@type\":\"ImageObject\",\"inLanguage\":\"lv-LV\",\"@id\":\"https:\/\/hobstop.ee\/lv\/#\/schema\/logo\/image\/\",\"url\":\"https:\/\/hobstop.ee\/media\/vunder-logo.png\",\"contentUrl\":\"https:\/\/hobstop.ee\/media\/vunder-logo.png\",\"width\":127,\"height\":55,\"caption\":\"Vunder AS\"},\"image\":{\"@id\":\"https:\/\/hobstop.ee\/lv\/#\/schema\/logo\/image\/\"},\"sameAs\":[\"http:\/\/www.facebook.com\/VunderSkizze\"]}]}<\/script>\n<!-- \/ Yoast SEO plugin. -->","yoast_head_json":{"title":"Ota L&B Education Mini &#8211; Skizze","robots":{"index":"noindex","follow":"follow","max-snippet":"max-snippet:-1","max-image-preview":"max-image-preview:large","max-video-preview":"max-video-preview:-1"},"og_locale":"lv_LV","og_type":"article","og_title":"Ota L&B Education Mini &#8211; Skizze","og_description":"Otu komplekts, kas ir ide\u0101li piem\u0113rots maziem b\u0113rniem. M\u012bkst\u0101s ponija spalvas oti\u0146as ir piem\u0113rotas izmanto\u0161anai ar akvare\u013ca un gua\u0161as kr\u0101s\u0101m. Oti\u0146a no c\u016bkas sari\u0146iem ir vair\u0101k piem\u0113rota izteikt\u0101kai glezno\u0161anas tehnikai un glezno\u0161anai ar gua\u0161u.","og_url":"https:\/\/hobstop.ee\/lv\/produkts\/ota-lb-education-mini\/","og_site_name":"Skizze","article_publisher":"http:\/\/www.facebook.com\/VunderSkizze","article_modified_time":"-0001-11-30T00:00:00+00:00","og_image":[{"width":1024,"height":768,"url":"https:\/\/hobstop.ee\/media\/3802.jpg","type":"image\/jpeg"}],"twitter_card":"summary_large_image","schema":{"@context":"https:\/\/schema.org","@graph":[{"@type":"WebPage","@id":"https:\/\/hobstop.ee\/lv\/produkts\/ota-lb-education-mini\/","url":"https:\/\/hobstop.ee\/lv\/produkts\/ota-lb-education-mini\/","name":"Ota L&B Education Mini &#8211; Skizze","isPartOf":{"@id":"https:\/\/hobstop.ee\/lv\/#website"},"primaryImageOfPage":{"@id":"https:\/\/hobstop.ee\/lv\/produkts\/ota-lb-education-mini\/#primaryimage"},"image":{"@id":"https:\/\/hobstop.ee\/lv\/produkts\/ota-lb-education-mini\/#primaryimage"},"thumbnailUrl":"https:\/\/hobstop.ee\/media\/3802.jpg","datePublished":"2014-12-09T11:39:58+00:00","dateModified":"-0001-11-30T00:00:00+00:00","breadcrumb":{"@id":"https:\/\/hobstop.ee\/lv\/produkts\/ota-lb-education-mini\/#breadcrumb"},"inLanguage":"lv-LV","potentialAction":[{"@type":"ReadAction","target":["https:\/\/hobstop.ee\/lv\/produkts\/ota-lb-education-mini\/"]}]},{"@type":"ImageObject","inLanguage":"lv-LV","@id":"https:\/\/hobstop.ee\/lv\/produkts\/ota-lb-education-mini\/#primaryimage","url":"https:\/\/hobstop.ee\/media\/3802.jpg","contentUrl":"https:\/\/hobstop.ee\/media\/3802.jpg","width":1024,"height":768},{"@type":"BreadcrumbList","@id":"https:\/\/hobstop.ee\/lv\/produkts\/ota-lb-education-mini\/#breadcrumb","itemListElement":[{"@type":"ListItem","position":1,"name":"Avaleht","item":"https:\/\/www.hobstop.ee\/lv\/"},{"@type":"ListItem","position":2,"name":"Veikals","item":"https:\/\/www.hobstop.ee\/lv\/veikals\/"},{"@type":"ListItem","position":3,"name":"Ota L&#038;B Education Mini"}]},{"@type":"WebSite","@id":"https:\/\/hobstop.ee\/lv\/#website","url":"https:\/\/hobstop.ee\/lv\/","name":"Skizze","description":"M\u0101kslas, hobiju un skolas preces","publisher":{"@id":"https:\/\/hobstop.ee\/lv\/#organization"},"potentialAction":[{"@type":"SearchAction","target":{"@type":"EntryPoint","urlTemplate":"https:\/\/hobstop.ee\/lv\/?s={search_term_string}"},"query-input":{"@type":"PropertyValueSpecification","valueRequired":true,"valueName":"search_term_string"}}],"inLanguage":"lv-LV"},{"@type":"Organization","@id":"https:\/\/hobstop.ee\/lv\/#organization","name":"Vunder AS","url":"https:\/\/hobstop.ee\/lv\/","logo":{"@type":"ImageObject","inLanguage":"lv-LV","@id":"https:\/\/hobstop.ee\/lv\/#\/schema\/logo\/image\/","url":"https:\/\/hobstop.ee\/media\/vunder-logo.png","contentUrl":"https:\/\/hobstop.ee\/media\/vunder-logo.png","width":127,"height":55,"caption":"Vunder AS"},"image":{"@id":"https:\/\/hobstop.ee\/lv\/#\/schema\/logo\/image\/"},"sameAs":["http:\/\/www.facebook.com\/VunderSkizze"]}]}},"_links":{"self":[{"href":"https:\/\/hobstop.ee\/lv\/wp-json\/wp\/v2\/product\/63341","targetHints":{"allow":["GET"]}}],"collection":[{"href":"https:\/\/hobstop.ee\/lv\/wp-json\/wp\/v2\/product"}],"about":[{"href":"https:\/\/hobstop.ee\/lv\/wp-json\/wp\/v2\/types\/product"}],"replies":[{"embeddable":true,"href":"https:\/\/hobstop.ee\/lv\/wp-json\/wp\/v2\/comments?post=63341"}],"wp:featuredmedia":[{"embeddable":true,"href":"https:\/\/hobstop.ee\/lv\/wp-json\/wp\/v2\/media\/107990"}],"wp:attachment":[{"href":"https:\/\/hobstop.ee\/lv\/wp-json\/wp\/v2\/media?parent=63341"}],"wp:term":[{"taxonomy":"product_cat","embeddable":true,"href":"https:\/\/hobstop.ee\/lv\/wp-json\/wp\/v2\/product_cat?post=63341"},{"taxonomy":"product_tag","embeddable":true,"href":"https:\/\/hobstop.ee\/lv\/wp-json\/wp\/v2\/product_tag?post=63341"}],"curies":[{"name":"wp","href":"https:\/\/api.w.org\/{rel}","templated":true}]}}