{"id":63377,"date":"2014-12-09T13:40:04","date_gmt":"2014-12-09T11:40:04","guid":{"rendered":"https:\/\/sharks.ee\/vunder_2019.klient.veebimajutus.ee\/?post_type=product&p=63377"},"modified":"2014-12-09T13:40:04","modified_gmt":"2014-12-09T10:40:04","slug":"kristala-perle-swarovski-becharmed-helikss-5928-14mm","status":"publish","type":"product","link":"https:\/\/hobstop.ee\/lv\/produkts\/kristala-perle-swarovski-becharmed-helikss-5928-14mm\/","title":{"rendered":"Krist\u0101la p\u0113rle Swarovski BeCharmed h\u0113likss 5928 14mm"},"content":{"rendered":"<p>BeCharmed krist\u0101la p\u0113rles &#8211; spo\u017eas un izteikti praktiskas p\u0113rles nodro\u0161ina visu rado\u0161o sap\u0146u piepild\u012b\u0161anos. Visas BeCharmed krist\u0101la p\u0113rles ietver augstas kvalit\u0101tes iek\u0161\u0113j\u0101s da\u013cas no ner\u016bs\u0113jo\u0161\u0101 t\u0113rauda ar Swarovski krist\u0101la logo un 4,5 mm caurumus, kas ir ide\u0101li piem\u0113rots lielums \u0101das, gumijas vai diegu iev\u0113r\u0161anai. No klasiska, romantiska un glam\u016bra l\u012bdz pat pankroka un m\u016bsdienu stilam kaklarot\u0101s, rokasspr\u0101dz\u0113s, atsl\u0113gu piekari\u0146os, k\u0101 ar\u012b rotas lietu komplektos &#8211; BeCharmed nodro\u0161ina neierobe\u017eotas iesp\u0113jas! Z\u012bmols CREATE YOUR STYLE with SWAROVSKI ELEMENTS garant\u0113 augst\u0101ko Austrijas krist\u0101lu kvalit\u0101ti!<\/p>\n","protected":false},"excerpt":{"rendered":"<p>BeCharmed krist\u0101la p\u0113rles &#8211; spo\u017eas un izteikti praktiskas p\u0113rles nodro\u0161ina visu rado\u0161o sap\u0146u piepild\u012b\u0161anos. Visas BeCharmed krist\u0101la p\u0113rles ietver augstas kvalit\u0101tes iek\u0161\u0113j\u0101s da\u013cas no ner\u016bs\u0113jo\u0161\u0101 t\u0113rauda ar Swarovski krist\u0101la logo un 4,5 mm caurumus, kas ir ide\u0101li piem\u0113rots lielums \u0101das, gumijas vai diegu iev\u0113r\u0161anai. No klasiska, romantiska un glam\u016bra l\u012bdz pat pankroka un m\u016bsdienu stilam kaklarot\u0101s, rokasspr\u0101dz\u0113s, atsl\u0113gu piekari\u0146os, k\u0101 ar\u012b rotas lietu komplektos &#8211; BeCharmed nodro\u0161ina neierobe\u017eotas iesp\u0113jas! Z\u012bmols CREATE YOUR STYLE with SWAROVSKI ELEMENTS garant\u0113 augst\u0101ko Austrijas krist\u0101lu kvalit\u0101ti!<\/p>\n","protected":false},"featured_media":112623,"comment_status":"closed","ping_status":"closed","template":"","meta":{"_acf_changed":false,"ep_exclude_from_search":false},"product_cat":[19661,17918,19659],"product_tag":[],"class_list":{"0":"post-63377","1":"product","2":"type-product","3":"status-publish","4":"has-post-thumbnail","6":"product_cat-kristali","7":"product_cat-preces-hobijiem","8":"product_cat-rotu-izgatavosana","10":"first","11":"instock","12":"taxable","13":"shipping-taxable","14":"purchasable","15":"product-type-variable"},"acf":[],"yoast_head":"<!-- This site is optimized with the Yoast SEO plugin v24.1 - https:\/\/yoast.com\/wordpress\/plugins\/seo\/ -->\n<title>Krist\u0101la p\u0113rle Swarovski BeCharmed h\u0113likss 5928 14mm &#8211; Skizze<\/title>\n<meta name=\"robots\" content=\"noindex, follow, max-snippet:-1, max-image-preview:large, max-video-preview:-1\" \/>\n<meta property=\"og:locale\" content=\"lv_LV\" \/>\n<meta property=\"og:type\" content=\"article\" \/>\n<meta property=\"og:title\" content=\"Krist\u0101la p\u0113rle Swarovski BeCharmed h\u0113likss 5928 14mm &#8211; Skizze\" \/>\n<meta property=\"og:description\" content=\"BeCharmed krist\u0101la p\u0113rles &#8211; spo\u017eas un izteikti praktiskas p\u0113rles nodro\u0161ina visu rado\u0161o sap\u0146u piepild\u012b\u0161anos. Visas BeCharmed krist\u0101la p\u0113rles ietver augstas kvalit\u0101tes iek\u0161\u0113j\u0101s da\u013cas no ner\u016bs\u0113jo\u0161\u0101 t\u0113rauda ar Swarovski krist\u0101la logo un 4,5 mm caurumus, kas ir ide\u0101li piem\u0113rots lielums \u0101das, gumijas vai diegu iev\u0113r\u0161anai. No klasiska, romantiska un glam\u016bra l\u012bdz pat pankroka un m\u016bsdienu stilam kaklarot\u0101s, rokasspr\u0101dz\u0113s, atsl\u0113gu piekari\u0146os, k\u0101 ar\u012b rotas lietu komplektos &#8211; BeCharmed nodro\u0161ina neierobe\u017eotas iesp\u0113jas! Z\u012bmols CREATE YOUR STYLE with SWAROVSKI ELEMENTS garant\u0113 augst\u0101ko Austrijas krist\u0101lu kvalit\u0101ti!\" \/>\n<meta property=\"og:url\" content=\"https:\/\/hobstop.ee\/lv\/produkts\/kristala-perle-swarovski-becharmed-helikss-5928-14mm\/\" \/>\n<meta property=\"og:site_name\" content=\"Skizze\" \/>\n<meta property=\"article:publisher\" content=\"http:\/\/www.facebook.com\/VunderSkizze\" \/>\n<meta property=\"article:modified_time\" content=\"-0001-11-30T00:00:00+00:00\" \/>\n<meta property=\"og:image\" content=\"https:\/\/hobstop.ee\/media\/3825.jpg\" \/>\n\t<meta property=\"og:image:width\" content=\"1024\" \/>\n\t<meta property=\"og:image:height\" content=\"768\" \/>\n\t<meta property=\"og:image:type\" content=\"image\/jpeg\" \/>\n<meta name=\"twitter:card\" content=\"summary_large_image\" \/>\n<meta name=\"twitter:label1\" content=\"Est. reading time\" \/>\n\t<meta name=\"twitter:data1\" content=\"1 min\u016b\u0161u\" \/>\n<script type=\"application\/ld+json\" class=\"yoast-schema-graph\">{\"@context\":\"https:\/\/schema.org\",\"@graph\":[{\"@type\":\"WebPage\",\"@id\":\"https:\/\/hobstop.ee\/lv\/produkts\/kristala-perle-swarovski-becharmed-helikss-5928-14mm\/\",\"url\":\"https:\/\/hobstop.ee\/lv\/produkts\/kristala-perle-swarovski-becharmed-helikss-5928-14mm\/\",\"name\":\"Krist\u0101la p\u0113rle Swarovski BeCharmed h\u0113likss 5928 14mm &#8211; Skizze\",\"isPartOf\":{\"@id\":\"https:\/\/hobstop.ee\/lv\/#website\"},\"primaryImageOfPage\":{\"@id\":\"https:\/\/hobstop.ee\/lv\/produkts\/kristala-perle-swarovski-becharmed-helikss-5928-14mm\/#primaryimage\"},\"image\":{\"@id\":\"https:\/\/hobstop.ee\/lv\/produkts\/kristala-perle-swarovski-becharmed-helikss-5928-14mm\/#primaryimage\"},\"thumbnailUrl\":\"https:\/\/hobstop.ee\/media\/3825.jpg\",\"datePublished\":\"2014-12-09T11:40:04+00:00\",\"dateModified\":\"-0001-11-30T00:00:00+00:00\",\"breadcrumb\":{\"@id\":\"https:\/\/hobstop.ee\/lv\/produkts\/kristala-perle-swarovski-becharmed-helikss-5928-14mm\/#breadcrumb\"},\"inLanguage\":\"lv-LV\",\"potentialAction\":[{\"@type\":\"ReadAction\",\"target\":[\"https:\/\/hobstop.ee\/lv\/produkts\/kristala-perle-swarovski-becharmed-helikss-5928-14mm\/\"]}]},{\"@type\":\"ImageObject\",\"inLanguage\":\"lv-LV\",\"@id\":\"https:\/\/hobstop.ee\/lv\/produkts\/kristala-perle-swarovski-becharmed-helikss-5928-14mm\/#primaryimage\",\"url\":\"https:\/\/hobstop.ee\/media\/3825.jpg\",\"contentUrl\":\"https:\/\/hobstop.ee\/media\/3825.jpg\",\"width\":1024,\"height\":768},{\"@type\":\"BreadcrumbList\",\"@id\":\"https:\/\/hobstop.ee\/lv\/produkts\/kristala-perle-swarovski-becharmed-helikss-5928-14mm\/#breadcrumb\",\"itemListElement\":[{\"@type\":\"ListItem\",\"position\":1,\"name\":\"Avaleht\",\"item\":\"https:\/\/hobstop.ee\/lv\/\"},{\"@type\":\"ListItem\",\"position\":2,\"name\":\"Veikals\",\"item\":\"https:\/\/hobstop.ee\/lv\/veikals\/\"},{\"@type\":\"ListItem\",\"position\":3,\"name\":\"Krist\u0101la p\u0113rle Swarovski BeCharmed h\u0113likss 5928 14mm\"}]},{\"@type\":\"WebSite\",\"@id\":\"https:\/\/hobstop.ee\/lv\/#website\",\"url\":\"https:\/\/hobstop.ee\/lv\/\",\"name\":\"Skizze\",\"description\":\"M\u0101kslas, hobiju un skolas preces\",\"publisher\":{\"@id\":\"https:\/\/hobstop.ee\/lv\/#organization\"},\"potentialAction\":[{\"@type\":\"SearchAction\",\"target\":{\"@type\":\"EntryPoint\",\"urlTemplate\":\"https:\/\/hobstop.ee\/lv\/?s={search_term_string}\"},\"query-input\":{\"@type\":\"PropertyValueSpecification\",\"valueRequired\":true,\"valueName\":\"search_term_string\"}}],\"inLanguage\":\"lv-LV\"},{\"@type\":\"Organization\",\"@id\":\"https:\/\/hobstop.ee\/lv\/#organization\",\"name\":\"Vunder AS\",\"url\":\"https:\/\/hobstop.ee\/lv\/\",\"logo\":{\"@type\":\"ImageObject\",\"inLanguage\":\"lv-LV\",\"@id\":\"https:\/\/hobstop.ee\/lv\/#\/schema\/logo\/image\/\",\"url\":\"https:\/\/hobstop.ee\/media\/vunder-logo.png\",\"contentUrl\":\"https:\/\/hobstop.ee\/media\/vunder-logo.png\",\"width\":127,\"height\":55,\"caption\":\"Vunder AS\"},\"image\":{\"@id\":\"https:\/\/hobstop.ee\/lv\/#\/schema\/logo\/image\/\"},\"sameAs\":[\"http:\/\/www.facebook.com\/VunderSkizze\"]}]}<\/script>\n<!-- \/ Yoast SEO plugin. -->","yoast_head_json":{"title":"Krist\u0101la p\u0113rle Swarovski BeCharmed h\u0113likss 5928 14mm &#8211; Skizze","robots":{"index":"noindex","follow":"follow","max-snippet":"max-snippet:-1","max-image-preview":"max-image-preview:large","max-video-preview":"max-video-preview:-1"},"og_locale":"lv_LV","og_type":"article","og_title":"Krist\u0101la p\u0113rle Swarovski BeCharmed h\u0113likss 5928 14mm &#8211; Skizze","og_description":"BeCharmed krist\u0101la p\u0113rles &#8211; spo\u017eas un izteikti praktiskas p\u0113rles nodro\u0161ina visu rado\u0161o sap\u0146u piepild\u012b\u0161anos. Visas BeCharmed krist\u0101la p\u0113rles ietver augstas kvalit\u0101tes iek\u0161\u0113j\u0101s da\u013cas no ner\u016bs\u0113jo\u0161\u0101 t\u0113rauda ar Swarovski krist\u0101la logo un 4,5 mm caurumus, kas ir ide\u0101li piem\u0113rots lielums \u0101das, gumijas vai diegu iev\u0113r\u0161anai. No klasiska, romantiska un glam\u016bra l\u012bdz pat pankroka un m\u016bsdienu stilam kaklarot\u0101s, rokasspr\u0101dz\u0113s, atsl\u0113gu piekari\u0146os, k\u0101 ar\u012b rotas lietu komplektos &#8211; BeCharmed nodro\u0161ina neierobe\u017eotas iesp\u0113jas! Z\u012bmols CREATE YOUR STYLE with SWAROVSKI ELEMENTS garant\u0113 augst\u0101ko Austrijas krist\u0101lu kvalit\u0101ti!","og_url":"https:\/\/hobstop.ee\/lv\/produkts\/kristala-perle-swarovski-becharmed-helikss-5928-14mm\/","og_site_name":"Skizze","article_publisher":"http:\/\/www.facebook.com\/VunderSkizze","article_modified_time":"-0001-11-30T00:00:00+00:00","og_image":[{"width":1024,"height":768,"url":"https:\/\/hobstop.ee\/media\/3825.jpg","type":"image\/jpeg"}],"twitter_card":"summary_large_image","twitter_misc":{"Est. reading time":"1 min\u016b\u0161u"},"schema":{"@context":"https:\/\/schema.org","@graph":[{"@type":"WebPage","@id":"https:\/\/hobstop.ee\/lv\/produkts\/kristala-perle-swarovski-becharmed-helikss-5928-14mm\/","url":"https:\/\/hobstop.ee\/lv\/produkts\/kristala-perle-swarovski-becharmed-helikss-5928-14mm\/","name":"Krist\u0101la p\u0113rle Swarovski BeCharmed h\u0113likss 5928 14mm &#8211; Skizze","isPartOf":{"@id":"https:\/\/hobstop.ee\/lv\/#website"},"primaryImageOfPage":{"@id":"https:\/\/hobstop.ee\/lv\/produkts\/kristala-perle-swarovski-becharmed-helikss-5928-14mm\/#primaryimage"},"image":{"@id":"https:\/\/hobstop.ee\/lv\/produkts\/kristala-perle-swarovski-becharmed-helikss-5928-14mm\/#primaryimage"},"thumbnailUrl":"https:\/\/hobstop.ee\/media\/3825.jpg","datePublished":"2014-12-09T11:40:04+00:00","dateModified":"-0001-11-30T00:00:00+00:00","breadcrumb":{"@id":"https:\/\/hobstop.ee\/lv\/produkts\/kristala-perle-swarovski-becharmed-helikss-5928-14mm\/#breadcrumb"},"inLanguage":"lv-LV","potentialAction":[{"@type":"ReadAction","target":["https:\/\/hobstop.ee\/lv\/produkts\/kristala-perle-swarovski-becharmed-helikss-5928-14mm\/"]}]},{"@type":"ImageObject","inLanguage":"lv-LV","@id":"https:\/\/hobstop.ee\/lv\/produkts\/kristala-perle-swarovski-becharmed-helikss-5928-14mm\/#primaryimage","url":"https:\/\/hobstop.ee\/media\/3825.jpg","contentUrl":"https:\/\/hobstop.ee\/media\/3825.jpg","width":1024,"height":768},{"@type":"BreadcrumbList","@id":"https:\/\/hobstop.ee\/lv\/produkts\/kristala-perle-swarovski-becharmed-helikss-5928-14mm\/#breadcrumb","itemListElement":[{"@type":"ListItem","position":1,"name":"Avaleht","item":"https:\/\/hobstop.ee\/lv\/"},{"@type":"ListItem","position":2,"name":"Veikals","item":"https:\/\/hobstop.ee\/lv\/veikals\/"},{"@type":"ListItem","position":3,"name":"Krist\u0101la p\u0113rle Swarovski BeCharmed h\u0113likss 5928 14mm"}]},{"@type":"WebSite","@id":"https:\/\/hobstop.ee\/lv\/#website","url":"https:\/\/hobstop.ee\/lv\/","name":"Skizze","description":"M\u0101kslas, hobiju un skolas preces","publisher":{"@id":"https:\/\/hobstop.ee\/lv\/#organization"},"potentialAction":[{"@type":"SearchAction","target":{"@type":"EntryPoint","urlTemplate":"https:\/\/hobstop.ee\/lv\/?s={search_term_string}"},"query-input":{"@type":"PropertyValueSpecification","valueRequired":true,"valueName":"search_term_string"}}],"inLanguage":"lv-LV"},{"@type":"Organization","@id":"https:\/\/hobstop.ee\/lv\/#organization","name":"Vunder AS","url":"https:\/\/hobstop.ee\/lv\/","logo":{"@type":"ImageObject","inLanguage":"lv-LV","@id":"https:\/\/hobstop.ee\/lv\/#\/schema\/logo\/image\/","url":"https:\/\/hobstop.ee\/media\/vunder-logo.png","contentUrl":"https:\/\/hobstop.ee\/media\/vunder-logo.png","width":127,"height":55,"caption":"Vunder AS"},"image":{"@id":"https:\/\/hobstop.ee\/lv\/#\/schema\/logo\/image\/"},"sameAs":["http:\/\/www.facebook.com\/VunderSkizze"]}]}},"_links":{"self":[{"href":"https:\/\/hobstop.ee\/lv\/wp-json\/wp\/v2\/product\/63377","targetHints":{"allow":["GET"]}}],"collection":[{"href":"https:\/\/hobstop.ee\/lv\/wp-json\/wp\/v2\/product"}],"about":[{"href":"https:\/\/hobstop.ee\/lv\/wp-json\/wp\/v2\/types\/product"}],"replies":[{"embeddable":true,"href":"https:\/\/hobstop.ee\/lv\/wp-json\/wp\/v2\/comments?post=63377"}],"wp:featuredmedia":[{"embeddable":true,"href":"https:\/\/hobstop.ee\/lv\/wp-json\/wp\/v2\/media\/112623"}],"wp:attachment":[{"href":"https:\/\/hobstop.ee\/lv\/wp-json\/wp\/v2\/media?parent=63377"}],"wp:term":[{"taxonomy":"product_cat","embeddable":true,"href":"https:\/\/hobstop.ee\/lv\/wp-json\/wp\/v2\/product_cat?post=63377"},{"taxonomy":"product_tag","embeddable":true,"href":"https:\/\/hobstop.ee\/lv\/wp-json\/wp\/v2\/product_tag?post=63377"}],"curies":[{"name":"wp","href":"https:\/\/api.w.org\/{rel}","templated":true}]}}