{"id":63395,"date":"2014-12-09T13:40:07","date_gmt":"2014-12-09T11:40:07","guid":{"rendered":"https:\/\/sharks.ee\/vunder_2019.klient.veebimajutus.ee\/?post_type=product&p=63395"},"modified":"2014-12-09T13:40:07","modified_gmt":"2014-12-09T10:40:07","slug":"piekarins-swarovski-sirds-6228-18x17-5mm","status":"publish","type":"product","link":"https:\/\/hobstop.ee\/lv\/produkts\/piekarins-swarovski-sirds-6228-18x17-5mm\/","title":{"rendered":"Piekari\u0146\u0161 Swarovski sirds 6228 18&#215;17.5mm"},"content":{"rendered":"<p>Ar SWAROVSKI ELEMENTS materi\u0101liem tavai rado\u0161ajai m\u016bzai nav robe\u017eu! Piln\u012bb\u0101 sl\u012bp\u0113ti Swarovski krist\u0101lu kuloni ir lielisks nez\u016bdo\u0161as elegances paraugs. Vai t\u0101s b\u016btu rotaslietas, vai m\u0101jok\u013ca interjera elementi, Swarovski fantastiskie krist\u0101la piekari\u0146i sniegs graciozus rezult\u0101tus. Nebeidzam\u0101s iesp\u0113jas nodro\u0161ina \u012bpa\u0161a iez\u012bme: Swarovski piekari\u0146iem ir &#8220;krist\u0101ldzidrais kodols&#8221; ar noapa\u013cot\u0101m mal\u0101m pie kodola ieejas, kas pasarg\u0101 auklu un atvieglo piestiprin\u0101\u0161anu. Z\u012bmols CREATE YOUR STYLE with SWAROVSKI ELEMENTS garant\u0113 augst\u0101ko Austrijas krist\u0101lu kvalit\u0101ti!<\/p>\n","protected":false},"excerpt":{"rendered":"<p>Ar SWAROVSKI ELEMENTS materi\u0101liem tavai rado\u0161ajai m\u016bzai nav robe\u017eu! Piln\u012bb\u0101 sl\u012bp\u0113ti Swarovski krist\u0101lu kuloni ir lielisks nez\u016bdo\u0161as elegances paraugs. Vai t\u0101s b\u016btu rotaslietas, vai m\u0101jok\u013ca interjera elementi, Swarovski fantastiskie krist\u0101la piekari\u0146i sniegs graciozus rezult\u0101tus. Nebeidzam\u0101s iesp\u0113jas nodro\u0161ina \u012bpa\u0161a iez\u012bme: Swarovski piekari\u0146iem ir &#8220;krist\u0101ldzidrais kodols&#8221; ar noapa\u013cot\u0101m mal\u0101m pie kodola ieejas, kas pasarg\u0101 auklu un atvieglo piestiprin\u0101\u0161anu. Z\u012bmols CREATE YOUR STYLE with SWAROVSKI ELEMENTS garant\u0113 augst\u0101ko Austrijas krist\u0101lu kvalit\u0101ti!<\/p>\n","protected":false},"featured_media":160530,"comment_status":"closed","ping_status":"closed","template":"","meta":{"_acf_changed":false,"ep_exclude_from_search":false},"product_cat":[19661,17918,19659],"product_tag":[],"class_list":{"0":"post-63395","1":"product","2":"type-product","3":"status-publish","4":"has-post-thumbnail","6":"product_cat-kristali","7":"product_cat-preces-hobijiem","8":"product_cat-rotu-izgatavosana","10":"first","11":"instock","12":"taxable","13":"shipping-taxable","14":"purchasable","15":"product-type-variable"},"acf":[],"yoast_head":"<!-- This site is optimized with the Yoast SEO plugin v24.1 - https:\/\/yoast.com\/wordpress\/plugins\/seo\/ -->\n<title>Piekari\u0146\u0161 Swarovski sirds 6228 18x17.5mm &#8211; Skizze<\/title>\n<meta name=\"robots\" content=\"noindex, follow, max-snippet:-1, max-image-preview:large, max-video-preview:-1\" \/>\n<meta property=\"og:locale\" content=\"lv_LV\" \/>\n<meta property=\"og:type\" content=\"article\" \/>\n<meta property=\"og:title\" content=\"Piekari\u0146\u0161 Swarovski sirds 6228 18x17.5mm &#8211; Skizze\" \/>\n<meta property=\"og:description\" content=\"Ar SWAROVSKI ELEMENTS materi\u0101liem tavai rado\u0161ajai m\u016bzai nav robe\u017eu! Piln\u012bb\u0101 sl\u012bp\u0113ti Swarovski krist\u0101lu kuloni ir lielisks nez\u016bdo\u0161as elegances paraugs. Vai t\u0101s b\u016btu rotaslietas, vai m\u0101jok\u013ca interjera elementi, Swarovski fantastiskie krist\u0101la piekari\u0146i sniegs graciozus rezult\u0101tus. Nebeidzam\u0101s iesp\u0113jas nodro\u0161ina \u012bpa\u0161a iez\u012bme: Swarovski piekari\u0146iem ir &#8220;krist\u0101ldzidrais kodols&#8221; ar noapa\u013cot\u0101m mal\u0101m pie kodola ieejas, kas pasarg\u0101 auklu un atvieglo piestiprin\u0101\u0161anu. Z\u012bmols CREATE YOUR STYLE with SWAROVSKI ELEMENTS garant\u0113 augst\u0101ko Austrijas krist\u0101lu kvalit\u0101ti!\" \/>\n<meta property=\"og:url\" content=\"https:\/\/hobstop.ee\/lv\/produkts\/piekarins-swarovski-sirds-6228-18x17-5mm\/\" \/>\n<meta property=\"og:site_name\" content=\"Skizze\" \/>\n<meta property=\"article:publisher\" content=\"http:\/\/www.facebook.com\/VunderSkizze\" \/>\n<meta property=\"article:modified_time\" content=\"-0001-11-30T00:00:00+00:00\" \/>\n<meta property=\"og:image\" content=\"https:\/\/hobstop.ee\/media\/3831.jpg\" \/>\n\t<meta property=\"og:image:width\" content=\"1024\" \/>\n\t<meta property=\"og:image:height\" content=\"768\" \/>\n\t<meta property=\"og:image:type\" content=\"image\/jpeg\" \/>\n<meta name=\"twitter:card\" content=\"summary_large_image\" \/>\n<meta name=\"twitter:label1\" content=\"Est. reading time\" \/>\n\t<meta name=\"twitter:data1\" content=\"1 min\u016b\u0161u\" \/>\n<script type=\"application\/ld+json\" class=\"yoast-schema-graph\">{\"@context\":\"https:\/\/schema.org\",\"@graph\":[{\"@type\":\"WebPage\",\"@id\":\"https:\/\/hobstop.ee\/lv\/produkts\/piekarins-swarovski-sirds-6228-18x17-5mm\/\",\"url\":\"https:\/\/hobstop.ee\/lv\/produkts\/piekarins-swarovski-sirds-6228-18x17-5mm\/\",\"name\":\"Piekari\u0146\u0161 Swarovski sirds 6228 18x17.5mm &#8211; Skizze\",\"isPartOf\":{\"@id\":\"https:\/\/hobstop.ee\/lv\/#website\"},\"primaryImageOfPage\":{\"@id\":\"https:\/\/hobstop.ee\/lv\/produkts\/piekarins-swarovski-sirds-6228-18x17-5mm\/#primaryimage\"},\"image\":{\"@id\":\"https:\/\/hobstop.ee\/lv\/produkts\/piekarins-swarovski-sirds-6228-18x17-5mm\/#primaryimage\"},\"thumbnailUrl\":\"https:\/\/hobstop.ee\/media\/3831.jpg\",\"datePublished\":\"2014-12-09T11:40:07+00:00\",\"dateModified\":\"-0001-11-30T00:00:00+00:00\",\"breadcrumb\":{\"@id\":\"https:\/\/hobstop.ee\/lv\/produkts\/piekarins-swarovski-sirds-6228-18x17-5mm\/#breadcrumb\"},\"inLanguage\":\"lv-LV\",\"potentialAction\":[{\"@type\":\"ReadAction\",\"target\":[\"https:\/\/hobstop.ee\/lv\/produkts\/piekarins-swarovski-sirds-6228-18x17-5mm\/\"]}]},{\"@type\":\"ImageObject\",\"inLanguage\":\"lv-LV\",\"@id\":\"https:\/\/hobstop.ee\/lv\/produkts\/piekarins-swarovski-sirds-6228-18x17-5mm\/#primaryimage\",\"url\":\"https:\/\/hobstop.ee\/media\/3831.jpg\",\"contentUrl\":\"https:\/\/hobstop.ee\/media\/3831.jpg\",\"width\":1024,\"height\":768},{\"@type\":\"BreadcrumbList\",\"@id\":\"https:\/\/hobstop.ee\/lv\/produkts\/piekarins-swarovski-sirds-6228-18x17-5mm\/#breadcrumb\",\"itemListElement\":[{\"@type\":\"ListItem\",\"position\":1,\"name\":\"Avaleht\",\"item\":\"https:\/\/hobstop.ee\/lv\/\"},{\"@type\":\"ListItem\",\"position\":2,\"name\":\"Veikals\",\"item\":\"https:\/\/hobstop.ee\/lv\/veikals\/\"},{\"@type\":\"ListItem\",\"position\":3,\"name\":\"Piekari\u0146\u0161 Swarovski sirds 6228 18&#215;17.5mm\"}]},{\"@type\":\"WebSite\",\"@id\":\"https:\/\/hobstop.ee\/lv\/#website\",\"url\":\"https:\/\/hobstop.ee\/lv\/\",\"name\":\"Skizze\",\"description\":\"M\u0101kslas, hobiju un skolas preces\",\"publisher\":{\"@id\":\"https:\/\/hobstop.ee\/lv\/#organization\"},\"potentialAction\":[{\"@type\":\"SearchAction\",\"target\":{\"@type\":\"EntryPoint\",\"urlTemplate\":\"https:\/\/hobstop.ee\/lv\/?s={search_term_string}\"},\"query-input\":{\"@type\":\"PropertyValueSpecification\",\"valueRequired\":true,\"valueName\":\"search_term_string\"}}],\"inLanguage\":\"lv-LV\"},{\"@type\":\"Organization\",\"@id\":\"https:\/\/hobstop.ee\/lv\/#organization\",\"name\":\"Vunder AS\",\"url\":\"https:\/\/hobstop.ee\/lv\/\",\"logo\":{\"@type\":\"ImageObject\",\"inLanguage\":\"lv-LV\",\"@id\":\"https:\/\/hobstop.ee\/lv\/#\/schema\/logo\/image\/\",\"url\":\"https:\/\/hobstop.ee\/media\/vunder-logo.png\",\"contentUrl\":\"https:\/\/hobstop.ee\/media\/vunder-logo.png\",\"width\":127,\"height\":55,\"caption\":\"Vunder AS\"},\"image\":{\"@id\":\"https:\/\/hobstop.ee\/lv\/#\/schema\/logo\/image\/\"},\"sameAs\":[\"http:\/\/www.facebook.com\/VunderSkizze\"]}]}<\/script>\n<!-- \/ Yoast SEO plugin. -->","yoast_head_json":{"title":"Piekari\u0146\u0161 Swarovski sirds 6228 18x17.5mm &#8211; Skizze","robots":{"index":"noindex","follow":"follow","max-snippet":"max-snippet:-1","max-image-preview":"max-image-preview:large","max-video-preview":"max-video-preview:-1"},"og_locale":"lv_LV","og_type":"article","og_title":"Piekari\u0146\u0161 Swarovski sirds 6228 18x17.5mm &#8211; Skizze","og_description":"Ar SWAROVSKI ELEMENTS materi\u0101liem tavai rado\u0161ajai m\u016bzai nav robe\u017eu! Piln\u012bb\u0101 sl\u012bp\u0113ti Swarovski krist\u0101lu kuloni ir lielisks nez\u016bdo\u0161as elegances paraugs. Vai t\u0101s b\u016btu rotaslietas, vai m\u0101jok\u013ca interjera elementi, Swarovski fantastiskie krist\u0101la piekari\u0146i sniegs graciozus rezult\u0101tus. Nebeidzam\u0101s iesp\u0113jas nodro\u0161ina \u012bpa\u0161a iez\u012bme: Swarovski piekari\u0146iem ir &#8220;krist\u0101ldzidrais kodols&#8221; ar noapa\u013cot\u0101m mal\u0101m pie kodola ieejas, kas pasarg\u0101 auklu un atvieglo piestiprin\u0101\u0161anu. Z\u012bmols CREATE YOUR STYLE with SWAROVSKI ELEMENTS garant\u0113 augst\u0101ko Austrijas krist\u0101lu kvalit\u0101ti!","og_url":"https:\/\/hobstop.ee\/lv\/produkts\/piekarins-swarovski-sirds-6228-18x17-5mm\/","og_site_name":"Skizze","article_publisher":"http:\/\/www.facebook.com\/VunderSkizze","article_modified_time":"-0001-11-30T00:00:00+00:00","og_image":[{"width":1024,"height":768,"url":"https:\/\/hobstop.ee\/media\/3831.jpg","type":"image\/jpeg"}],"twitter_card":"summary_large_image","twitter_misc":{"Est. reading time":"1 min\u016b\u0161u"},"schema":{"@context":"https:\/\/schema.org","@graph":[{"@type":"WebPage","@id":"https:\/\/hobstop.ee\/lv\/produkts\/piekarins-swarovski-sirds-6228-18x17-5mm\/","url":"https:\/\/hobstop.ee\/lv\/produkts\/piekarins-swarovski-sirds-6228-18x17-5mm\/","name":"Piekari\u0146\u0161 Swarovski sirds 6228 18x17.5mm &#8211; Skizze","isPartOf":{"@id":"https:\/\/hobstop.ee\/lv\/#website"},"primaryImageOfPage":{"@id":"https:\/\/hobstop.ee\/lv\/produkts\/piekarins-swarovski-sirds-6228-18x17-5mm\/#primaryimage"},"image":{"@id":"https:\/\/hobstop.ee\/lv\/produkts\/piekarins-swarovski-sirds-6228-18x17-5mm\/#primaryimage"},"thumbnailUrl":"https:\/\/hobstop.ee\/media\/3831.jpg","datePublished":"2014-12-09T11:40:07+00:00","dateModified":"-0001-11-30T00:00:00+00:00","breadcrumb":{"@id":"https:\/\/hobstop.ee\/lv\/produkts\/piekarins-swarovski-sirds-6228-18x17-5mm\/#breadcrumb"},"inLanguage":"lv-LV","potentialAction":[{"@type":"ReadAction","target":["https:\/\/hobstop.ee\/lv\/produkts\/piekarins-swarovski-sirds-6228-18x17-5mm\/"]}]},{"@type":"ImageObject","inLanguage":"lv-LV","@id":"https:\/\/hobstop.ee\/lv\/produkts\/piekarins-swarovski-sirds-6228-18x17-5mm\/#primaryimage","url":"https:\/\/hobstop.ee\/media\/3831.jpg","contentUrl":"https:\/\/hobstop.ee\/media\/3831.jpg","width":1024,"height":768},{"@type":"BreadcrumbList","@id":"https:\/\/hobstop.ee\/lv\/produkts\/piekarins-swarovski-sirds-6228-18x17-5mm\/#breadcrumb","itemListElement":[{"@type":"ListItem","position":1,"name":"Avaleht","item":"https:\/\/hobstop.ee\/lv\/"},{"@type":"ListItem","position":2,"name":"Veikals","item":"https:\/\/hobstop.ee\/lv\/veikals\/"},{"@type":"ListItem","position":3,"name":"Piekari\u0146\u0161 Swarovski sirds 6228 18&#215;17.5mm"}]},{"@type":"WebSite","@id":"https:\/\/hobstop.ee\/lv\/#website","url":"https:\/\/hobstop.ee\/lv\/","name":"Skizze","description":"M\u0101kslas, hobiju un skolas preces","publisher":{"@id":"https:\/\/hobstop.ee\/lv\/#organization"},"potentialAction":[{"@type":"SearchAction","target":{"@type":"EntryPoint","urlTemplate":"https:\/\/hobstop.ee\/lv\/?s={search_term_string}"},"query-input":{"@type":"PropertyValueSpecification","valueRequired":true,"valueName":"search_term_string"}}],"inLanguage":"lv-LV"},{"@type":"Organization","@id":"https:\/\/hobstop.ee\/lv\/#organization","name":"Vunder AS","url":"https:\/\/hobstop.ee\/lv\/","logo":{"@type":"ImageObject","inLanguage":"lv-LV","@id":"https:\/\/hobstop.ee\/lv\/#\/schema\/logo\/image\/","url":"https:\/\/hobstop.ee\/media\/vunder-logo.png","contentUrl":"https:\/\/hobstop.ee\/media\/vunder-logo.png","width":127,"height":55,"caption":"Vunder AS"},"image":{"@id":"https:\/\/hobstop.ee\/lv\/#\/schema\/logo\/image\/"},"sameAs":["http:\/\/www.facebook.com\/VunderSkizze"]}]}},"_links":{"self":[{"href":"https:\/\/hobstop.ee\/lv\/wp-json\/wp\/v2\/product\/63395","targetHints":{"allow":["GET"]}}],"collection":[{"href":"https:\/\/hobstop.ee\/lv\/wp-json\/wp\/v2\/product"}],"about":[{"href":"https:\/\/hobstop.ee\/lv\/wp-json\/wp\/v2\/types\/product"}],"replies":[{"embeddable":true,"href":"https:\/\/hobstop.ee\/lv\/wp-json\/wp\/v2\/comments?post=63395"}],"wp:featuredmedia":[{"embeddable":true,"href":"https:\/\/hobstop.ee\/lv\/wp-json\/wp\/v2\/media\/160530"}],"wp:attachment":[{"href":"https:\/\/hobstop.ee\/lv\/wp-json\/wp\/v2\/media?parent=63395"}],"wp:term":[{"taxonomy":"product_cat","embeddable":true,"href":"https:\/\/hobstop.ee\/lv\/wp-json\/wp\/v2\/product_cat?post=63395"},{"taxonomy":"product_tag","embeddable":true,"href":"https:\/\/hobstop.ee\/lv\/wp-json\/wp\/v2\/product_tag?post=63395"}],"curies":[{"name":"wp","href":"https:\/\/api.w.org\/{rel}","templated":true}]}}