{"id":63428,"date":"2014-12-09T13:40:14","date_gmt":"2014-12-09T11:40:14","guid":{"rendered":"https:\/\/sharks.ee\/vunder_2019.klient.veebimajutus.ee\/?post_type=product&p=63428"},"modified":"2014-12-09T13:40:14","modified_gmt":"2014-12-09T10:40:14","slug":"ota-liquitex-freestyle-plakana-iss-kats","status":"publish","type":"product","link":"https:\/\/hobstop.ee\/lv\/produkts\/ota-liquitex-freestyle-plakana-iss-kats\/","title":{"rendered":"Ota Liquitex Freestyle plakana \u012bss k\u0101ts"},"content":{"rendered":"<p>Liquitex Freestyle liel\u0101s otas ir dom\u0101tas akrila m\u0101ksliniekiem, kas str\u0101d\u0101 ar liel\u0101m virsm\u0101m. Otas k\u0101ts ir izgatavots no augstas kvalit\u0101tes koka, liels, \u0113rts lieto\u0161an\u0101, nesl\u012bdo\u0161s. Otai ir augstas kvalit\u0101tes sint\u0113tiski sari\u0146i. Rezult\u0101t\u0101 ir m\u0101kslinieku kvalit\u0101tes ota, kas ir \u013coti iztur\u012bgs, uzticams darba r\u012bks, kl\u0101jot lielas virsmas.<br \/>\n\u0160\u012b liel\u0101 ota ir ide\u0101li piem\u0113rota \u0101trai lielu virsmu nokl\u0101\u0161anai, jo notur sev\u012b lielu daudzumu kr\u0101sas. Rokturi var noskr\u016bv\u0113t, lai nomain\u012btu to pret birstes k\u0101tu un tiktu kl\u0101t gr\u016bti aizsniedzam\u0101m viet\u0101m. Ar pie otas eso\u0161\u0101 \u0101\u0137a pal\u012bdz\u012bbu var otu piestiprin\u0101t pie kr\u0101su poda vai \u016bdens spai\u0146a malas.<\/p>\n","protected":false},"excerpt":{"rendered":"<p>Liquitex Freestyle liel\u0101s otas ir dom\u0101tas akrila m\u0101ksliniekiem, kas str\u0101d\u0101 ar liel\u0101m virsm\u0101m. Otas k\u0101ts ir izgatavots no augstas kvalit\u0101tes koka, liels, \u0113rts lieto\u0161an\u0101, nesl\u012bdo\u0161s. Otai ir augstas kvalit\u0101tes sint\u0113tiski sari\u0146i. Rezult\u0101t\u0101 ir m\u0101kslinieku kvalit\u0101tes ota, kas ir \u013coti iztur\u012bgs, uzticams darba r\u012bks, kl\u0101jot lielas virsmas. \u0160\u012b liel\u0101 ota ir ide\u0101li piem\u0113rota \u0101trai lielu virsmu nokl\u0101\u0161anai, jo notur sev\u012b lielu daudzumu kr\u0101sas. Rokturi var noskr\u016bv\u0113t, lai nomain\u012btu to pret birstes k\u0101tu un tiktu kl\u0101t gr\u016bti aizsniedzam\u0101m viet\u0101m. Ar pie otas eso\u0161\u0101 \u0101\u0137a pal\u012bdz\u012bbu var otu piestiprin\u0101t pie kr\u0101su poda vai \u016bdens spai\u0146a malas.<\/p>\n","protected":false},"featured_media":108122,"comment_status":"closed","ping_status":"closed","template":"","meta":{"_acf_changed":false,"ep_exclude_from_search":false},"product_cat":[16123,18650,18608],"product_tag":[],"class_list":{"0":"post-63428","1":"product","2":"type-product","3":"status-publish","4":"has-post-thumbnail","6":"product_cat-makslas-piederumi-2","7":"product_cat-otas-un-piederumi","8":"product_cat-sintetiskas-otas-2","10":"first","11":"outofstock","12":"sale","13":"taxable","14":"shipping-taxable","15":"purchasable","16":"product-type-variable"},"acf":[],"yoast_head":"<!-- This site is optimized with the Yoast SEO plugin v24.1 - https:\/\/yoast.com\/wordpress\/plugins\/seo\/ -->\n<title>Ota Liquitex Freestyle plakana \u012bss k\u0101ts &#8211; Skizze<\/title>\n<meta name=\"robots\" content=\"noindex, follow, max-snippet:-1, max-image-preview:large, max-video-preview:-1\" \/>\n<meta property=\"og:locale\" content=\"lv_LV\" \/>\n<meta property=\"og:type\" content=\"article\" \/>\n<meta property=\"og:title\" content=\"Ota Liquitex Freestyle plakana \u012bss k\u0101ts &#8211; Skizze\" \/>\n<meta property=\"og:description\" content=\"Liquitex Freestyle liel\u0101s otas ir dom\u0101tas akrila m\u0101ksliniekiem, kas str\u0101d\u0101 ar liel\u0101m virsm\u0101m. Otas k\u0101ts ir izgatavots no augstas kvalit\u0101tes koka, liels, \u0113rts lieto\u0161an\u0101, nesl\u012bdo\u0161s. Otai ir augstas kvalit\u0101tes sint\u0113tiski sari\u0146i. Rezult\u0101t\u0101 ir m\u0101kslinieku kvalit\u0101tes ota, kas ir \u013coti iztur\u012bgs, uzticams darba r\u012bks, kl\u0101jot lielas virsmas. \u0160\u012b liel\u0101 ota ir ide\u0101li piem\u0113rota \u0101trai lielu virsmu nokl\u0101\u0161anai, jo notur sev\u012b lielu daudzumu kr\u0101sas. Rokturi var noskr\u016bv\u0113t, lai nomain\u012btu to pret birstes k\u0101tu un tiktu kl\u0101t gr\u016bti aizsniedzam\u0101m viet\u0101m. Ar pie otas eso\u0161\u0101 \u0101\u0137a pal\u012bdz\u012bbu var otu piestiprin\u0101t pie kr\u0101su poda vai \u016bdens spai\u0146a malas.\" \/>\n<meta property=\"og:url\" content=\"https:\/\/hobstop.ee\/lv\/produkts\/ota-liquitex-freestyle-plakana-iss-kats\/\" \/>\n<meta property=\"og:site_name\" content=\"Skizze\" \/>\n<meta property=\"article:publisher\" content=\"http:\/\/www.facebook.com\/VunderSkizze\" \/>\n<meta property=\"article:modified_time\" content=\"-0001-11-30T00:00:00+00:00\" \/>\n<meta property=\"og:image\" content=\"https:\/\/www.hobstop.ee\/media\/3846.jpg\" \/>\n\t<meta property=\"og:image:width\" content=\"1024\" \/>\n\t<meta property=\"og:image:height\" content=\"768\" \/>\n\t<meta property=\"og:image:type\" content=\"image\/jpeg\" \/>\n<meta name=\"twitter:card\" content=\"summary_large_image\" \/>\n<meta name=\"twitter:label1\" content=\"Est. reading time\" \/>\n\t<meta name=\"twitter:data1\" content=\"1 min\u016b\u0161u\" \/>\n<script type=\"application\/ld+json\" class=\"yoast-schema-graph\">{\"@context\":\"https:\/\/schema.org\",\"@graph\":[{\"@type\":\"WebPage\",\"@id\":\"https:\/\/hobstop.ee\/lv\/produkts\/ota-liquitex-freestyle-plakana-iss-kats\/\",\"url\":\"https:\/\/hobstop.ee\/lv\/produkts\/ota-liquitex-freestyle-plakana-iss-kats\/\",\"name\":\"Ota Liquitex Freestyle plakana \u012bss k\u0101ts &#8211; Skizze\",\"isPartOf\":{\"@id\":\"https:\/\/hobstop.ee\/lv\/#website\"},\"primaryImageOfPage\":{\"@id\":\"https:\/\/hobstop.ee\/lv\/produkts\/ota-liquitex-freestyle-plakana-iss-kats\/#primaryimage\"},\"image\":{\"@id\":\"https:\/\/hobstop.ee\/lv\/produkts\/ota-liquitex-freestyle-plakana-iss-kats\/#primaryimage\"},\"thumbnailUrl\":\"https:\/\/hobstop.ee\/media\/3846.jpg\",\"datePublished\":\"2014-12-09T11:40:14+00:00\",\"dateModified\":\"-0001-11-30T00:00:00+00:00\",\"breadcrumb\":{\"@id\":\"https:\/\/hobstop.ee\/lv\/produkts\/ota-liquitex-freestyle-plakana-iss-kats\/#breadcrumb\"},\"inLanguage\":\"lv-LV\",\"potentialAction\":[{\"@type\":\"ReadAction\",\"target\":[\"https:\/\/hobstop.ee\/lv\/produkts\/ota-liquitex-freestyle-plakana-iss-kats\/\"]}]},{\"@type\":\"ImageObject\",\"inLanguage\":\"lv-LV\",\"@id\":\"https:\/\/hobstop.ee\/lv\/produkts\/ota-liquitex-freestyle-plakana-iss-kats\/#primaryimage\",\"url\":\"https:\/\/hobstop.ee\/media\/3846.jpg\",\"contentUrl\":\"https:\/\/hobstop.ee\/media\/3846.jpg\",\"width\":1024,\"height\":768},{\"@type\":\"BreadcrumbList\",\"@id\":\"https:\/\/hobstop.ee\/lv\/produkts\/ota-liquitex-freestyle-plakana-iss-kats\/#breadcrumb\",\"itemListElement\":[{\"@type\":\"ListItem\",\"position\":1,\"name\":\"Avaleht\",\"item\":\"https:\/\/hobstop.ee\/lv\/\"},{\"@type\":\"ListItem\",\"position\":2,\"name\":\"Veikals\",\"item\":\"https:\/\/hobstop.ee\/lv\/veikals\/\"},{\"@type\":\"ListItem\",\"position\":3,\"name\":\"Ota Liquitex Freestyle plakana \u012bss k\u0101ts\"}]},{\"@type\":\"WebSite\",\"@id\":\"https:\/\/hobstop.ee\/lv\/#website\",\"url\":\"https:\/\/hobstop.ee\/lv\/\",\"name\":\"Skizze\",\"description\":\"M\u0101kslas, hobiju un skolas preces\",\"publisher\":{\"@id\":\"https:\/\/hobstop.ee\/lv\/#organization\"},\"potentialAction\":[{\"@type\":\"SearchAction\",\"target\":{\"@type\":\"EntryPoint\",\"urlTemplate\":\"https:\/\/hobstop.ee\/lv\/?s={search_term_string}\"},\"query-input\":{\"@type\":\"PropertyValueSpecification\",\"valueRequired\":true,\"valueName\":\"search_term_string\"}}],\"inLanguage\":\"lv-LV\"},{\"@type\":\"Organization\",\"@id\":\"https:\/\/hobstop.ee\/lv\/#organization\",\"name\":\"Vunder AS\",\"url\":\"https:\/\/hobstop.ee\/lv\/\",\"logo\":{\"@type\":\"ImageObject\",\"inLanguage\":\"lv-LV\",\"@id\":\"https:\/\/hobstop.ee\/lv\/#\/schema\/logo\/image\/\",\"url\":\"https:\/\/hobstop.ee\/media\/vunder-logo.png\",\"contentUrl\":\"https:\/\/hobstop.ee\/media\/vunder-logo.png\",\"width\":127,\"height\":55,\"caption\":\"Vunder AS\"},\"image\":{\"@id\":\"https:\/\/hobstop.ee\/lv\/#\/schema\/logo\/image\/\"},\"sameAs\":[\"http:\/\/www.facebook.com\/VunderSkizze\"]}]}<\/script>\n<!-- \/ Yoast SEO plugin. -->","yoast_head_json":{"title":"Ota Liquitex Freestyle plakana \u012bss k\u0101ts &#8211; Skizze","robots":{"index":"noindex","follow":"follow","max-snippet":"max-snippet:-1","max-image-preview":"max-image-preview:large","max-video-preview":"max-video-preview:-1"},"og_locale":"lv_LV","og_type":"article","og_title":"Ota Liquitex Freestyle plakana \u012bss k\u0101ts &#8211; Skizze","og_description":"Liquitex Freestyle liel\u0101s otas ir dom\u0101tas akrila m\u0101ksliniekiem, kas str\u0101d\u0101 ar liel\u0101m virsm\u0101m. Otas k\u0101ts ir izgatavots no augstas kvalit\u0101tes koka, liels, \u0113rts lieto\u0161an\u0101, nesl\u012bdo\u0161s. Otai ir augstas kvalit\u0101tes sint\u0113tiski sari\u0146i. Rezult\u0101t\u0101 ir m\u0101kslinieku kvalit\u0101tes ota, kas ir \u013coti iztur\u012bgs, uzticams darba r\u012bks, kl\u0101jot lielas virsmas. \u0160\u012b liel\u0101 ota ir ide\u0101li piem\u0113rota \u0101trai lielu virsmu nokl\u0101\u0161anai, jo notur sev\u012b lielu daudzumu kr\u0101sas. Rokturi var noskr\u016bv\u0113t, lai nomain\u012btu to pret birstes k\u0101tu un tiktu kl\u0101t gr\u016bti aizsniedzam\u0101m viet\u0101m. Ar pie otas eso\u0161\u0101 \u0101\u0137a pal\u012bdz\u012bbu var otu piestiprin\u0101t pie kr\u0101su poda vai \u016bdens spai\u0146a malas.","og_url":"https:\/\/hobstop.ee\/lv\/produkts\/ota-liquitex-freestyle-plakana-iss-kats\/","og_site_name":"Skizze","article_publisher":"http:\/\/www.facebook.com\/VunderSkizze","article_modified_time":"-0001-11-30T00:00:00+00:00","og_image":[{"width":1024,"height":768,"url":"https:\/\/www.hobstop.ee\/media\/3846.jpg","type":"image\/jpeg"}],"twitter_card":"summary_large_image","twitter_misc":{"Est. reading time":"1 min\u016b\u0161u"},"schema":{"@context":"https:\/\/schema.org","@graph":[{"@type":"WebPage","@id":"https:\/\/hobstop.ee\/lv\/produkts\/ota-liquitex-freestyle-plakana-iss-kats\/","url":"https:\/\/hobstop.ee\/lv\/produkts\/ota-liquitex-freestyle-plakana-iss-kats\/","name":"Ota Liquitex Freestyle plakana \u012bss k\u0101ts &#8211; Skizze","isPartOf":{"@id":"https:\/\/hobstop.ee\/lv\/#website"},"primaryImageOfPage":{"@id":"https:\/\/hobstop.ee\/lv\/produkts\/ota-liquitex-freestyle-plakana-iss-kats\/#primaryimage"},"image":{"@id":"https:\/\/hobstop.ee\/lv\/produkts\/ota-liquitex-freestyle-plakana-iss-kats\/#primaryimage"},"thumbnailUrl":"https:\/\/hobstop.ee\/media\/3846.jpg","datePublished":"2014-12-09T11:40:14+00:00","dateModified":"-0001-11-30T00:00:00+00:00","breadcrumb":{"@id":"https:\/\/hobstop.ee\/lv\/produkts\/ota-liquitex-freestyle-plakana-iss-kats\/#breadcrumb"},"inLanguage":"lv-LV","potentialAction":[{"@type":"ReadAction","target":["https:\/\/hobstop.ee\/lv\/produkts\/ota-liquitex-freestyle-plakana-iss-kats\/"]}]},{"@type":"ImageObject","inLanguage":"lv-LV","@id":"https:\/\/hobstop.ee\/lv\/produkts\/ota-liquitex-freestyle-plakana-iss-kats\/#primaryimage","url":"https:\/\/hobstop.ee\/media\/3846.jpg","contentUrl":"https:\/\/hobstop.ee\/media\/3846.jpg","width":1024,"height":768},{"@type":"BreadcrumbList","@id":"https:\/\/hobstop.ee\/lv\/produkts\/ota-liquitex-freestyle-plakana-iss-kats\/#breadcrumb","itemListElement":[{"@type":"ListItem","position":1,"name":"Avaleht","item":"https:\/\/hobstop.ee\/lv\/"},{"@type":"ListItem","position":2,"name":"Veikals","item":"https:\/\/hobstop.ee\/lv\/veikals\/"},{"@type":"ListItem","position":3,"name":"Ota Liquitex Freestyle plakana \u012bss k\u0101ts"}]},{"@type":"WebSite","@id":"https:\/\/hobstop.ee\/lv\/#website","url":"https:\/\/hobstop.ee\/lv\/","name":"Skizze","description":"M\u0101kslas, hobiju un skolas preces","publisher":{"@id":"https:\/\/hobstop.ee\/lv\/#organization"},"potentialAction":[{"@type":"SearchAction","target":{"@type":"EntryPoint","urlTemplate":"https:\/\/hobstop.ee\/lv\/?s={search_term_string}"},"query-input":{"@type":"PropertyValueSpecification","valueRequired":true,"valueName":"search_term_string"}}],"inLanguage":"lv-LV"},{"@type":"Organization","@id":"https:\/\/hobstop.ee\/lv\/#organization","name":"Vunder AS","url":"https:\/\/hobstop.ee\/lv\/","logo":{"@type":"ImageObject","inLanguage":"lv-LV","@id":"https:\/\/hobstop.ee\/lv\/#\/schema\/logo\/image\/","url":"https:\/\/hobstop.ee\/media\/vunder-logo.png","contentUrl":"https:\/\/hobstop.ee\/media\/vunder-logo.png","width":127,"height":55,"caption":"Vunder AS"},"image":{"@id":"https:\/\/hobstop.ee\/lv\/#\/schema\/logo\/image\/"},"sameAs":["http:\/\/www.facebook.com\/VunderSkizze"]}]}},"_links":{"self":[{"href":"https:\/\/hobstop.ee\/lv\/wp-json\/wp\/v2\/product\/63428","targetHints":{"allow":["GET"]}}],"collection":[{"href":"https:\/\/hobstop.ee\/lv\/wp-json\/wp\/v2\/product"}],"about":[{"href":"https:\/\/hobstop.ee\/lv\/wp-json\/wp\/v2\/types\/product"}],"replies":[{"embeddable":true,"href":"https:\/\/hobstop.ee\/lv\/wp-json\/wp\/v2\/comments?post=63428"}],"wp:featuredmedia":[{"embeddable":true,"href":"https:\/\/hobstop.ee\/lv\/wp-json\/wp\/v2\/media\/108122"}],"wp:attachment":[{"href":"https:\/\/hobstop.ee\/lv\/wp-json\/wp\/v2\/media?parent=63428"}],"wp:term":[{"taxonomy":"product_cat","embeddable":true,"href":"https:\/\/hobstop.ee\/lv\/wp-json\/wp\/v2\/product_cat?post=63428"},{"taxonomy":"product_tag","embeddable":true,"href":"https:\/\/hobstop.ee\/lv\/wp-json\/wp\/v2\/product_tag?post=63428"}],"curies":[{"name":"wp","href":"https:\/\/api.w.org\/{rel}","templated":true}]}}