{"id":63437,"date":"2014-12-09T13:40:16","date_gmt":"2014-12-09T11:40:16","guid":{"rendered":"https:\/\/sharks.ee\/vunder_2019.klient.veebimajutus.ee\/?post_type=product&p=63437"},"modified":"2014-12-09T13:40:16","modified_gmt":"2014-12-09T10:40:16","slug":"medijs-akrilam-liquitex-pouring","status":"publish","type":"product","link":"https:\/\/hobstop.ee\/lv\/produkts\/medijs-akrilam-liquitex-pouring\/","title":{"rendered":"Medijs akrilam Liquitex Pouring"},"content":{"rendered":"<p>Liquitex Pouring m\u0113dijs padara akrila kr\u0101su pl\u016bsto\u0161\u0101ku, vienlaikus nov\u0113r\u0161 da\u017e\u0101du to\u0146u sajauk\u0161anos. Ar \u0161o m\u0113diju var veidot interesantus, vienam otr\u0101 eso\u0161us da\u017e\u0101du to\u0146u laukumus. Ar \u0161\u0137idr\u0101ku kr\u0101su rezult\u0101ts paliek vienm\u0113r\u012bgs un gluds.<\/p>\n","protected":false},"excerpt":{"rendered":"<p>Liquitex Pouring m\u0113dijs padara akrila kr\u0101su pl\u016bsto\u0161\u0101ku, vienlaikus nov\u0113r\u0161 da\u017e\u0101du to\u0146u sajauk\u0161anos. Ar \u0161o m\u0113diju var veidot interesantus, vienam otr\u0101 eso\u0161us da\u017e\u0101du to\u0146u laukumus. Ar \u0161\u0137idr\u0101ku kr\u0101su rezult\u0101ts paliek vienm\u0113r\u012bgs un gluds.<\/p>\n","protected":false},"featured_media":353811,"comment_status":"closed","ping_status":"closed","template":"","meta":{"_acf_changed":false,"ep_exclude_from_search":false},"product_cat":[18997,17980,16123],"product_tag":[],"class_list":{"0":"post-63437","1":"product","2":"type-product","3":"status-publish","4":"has-post-thumbnail","6":"product_cat-akrilkrasu-mediji-3","7":"product_cat-krasas-un-gleznosanas-paligmateriali","8":"product_cat-makslas-piederumi-2","10":"first","11":"outofstock","12":"taxable","13":"shipping-taxable","14":"purchasable","15":"product-type-variable"},"acf":[],"yoast_head":"<!-- This site is optimized with the Yoast SEO plugin v24.1 - https:\/\/yoast.com\/wordpress\/plugins\/seo\/ -->\n<title>Medijs akrilam Liquitex Pouring &#8211; Skizze<\/title>\n<meta name=\"robots\" content=\"noindex, follow, max-snippet:-1, max-image-preview:large, max-video-preview:-1\" \/>\n<meta property=\"og:locale\" content=\"lv_LV\" \/>\n<meta property=\"og:type\" content=\"article\" \/>\n<meta property=\"og:title\" content=\"Medijs akrilam Liquitex Pouring &#8211; Skizze\" \/>\n<meta property=\"og:description\" content=\"Liquitex Pouring m\u0113dijs padara akrila kr\u0101su pl\u016bsto\u0161\u0101ku, vienlaikus nov\u0113r\u0161 da\u017e\u0101du to\u0146u sajauk\u0161anos. Ar \u0161o m\u0113diju var veidot interesantus, vienam otr\u0101 eso\u0161us da\u017e\u0101du to\u0146u laukumus. Ar \u0161\u0137idr\u0101ku kr\u0101su rezult\u0101ts paliek vienm\u0113r\u012bgs un gluds.\" \/>\n<meta property=\"og:url\" content=\"https:\/\/hobstop.ee\/lv\/produkts\/medijs-akrilam-liquitex-pouring\/\" \/>\n<meta property=\"og:site_name\" content=\"Skizze\" \/>\n<meta property=\"article:publisher\" content=\"http:\/\/www.facebook.com\/VunderSkizze\" \/>\n<meta property=\"article:modified_time\" content=\"-0001-11-30T00:00:00+00:00\" \/>\n<meta property=\"og:image\" content=\"https:\/\/hobstop.ee\/media\/3849.jpg\" \/>\n\t<meta property=\"og:image:width\" content=\"1024\" \/>\n\t<meta property=\"og:image:height\" content=\"768\" \/>\n\t<meta property=\"og:image:type\" content=\"image\/jpeg\" \/>\n<meta name=\"twitter:card\" content=\"summary_large_image\" \/>\n<script type=\"application\/ld+json\" class=\"yoast-schema-graph\">{\"@context\":\"https:\/\/schema.org\",\"@graph\":[{\"@type\":\"WebPage\",\"@id\":\"https:\/\/hobstop.ee\/lv\/produkts\/medijs-akrilam-liquitex-pouring\/\",\"url\":\"https:\/\/hobstop.ee\/lv\/produkts\/medijs-akrilam-liquitex-pouring\/\",\"name\":\"Medijs akrilam Liquitex Pouring &#8211; Skizze\",\"isPartOf\":{\"@id\":\"https:\/\/hobstop.ee\/lv\/#website\"},\"primaryImageOfPage\":{\"@id\":\"https:\/\/hobstop.ee\/lv\/produkts\/medijs-akrilam-liquitex-pouring\/#primaryimage\"},\"image\":{\"@id\":\"https:\/\/hobstop.ee\/lv\/produkts\/medijs-akrilam-liquitex-pouring\/#primaryimage\"},\"thumbnailUrl\":\"https:\/\/hobstop.ee\/media\/3849.jpg\",\"datePublished\":\"2014-12-09T11:40:16+00:00\",\"dateModified\":\"-0001-11-30T00:00:00+00:00\",\"breadcrumb\":{\"@id\":\"https:\/\/hobstop.ee\/lv\/produkts\/medijs-akrilam-liquitex-pouring\/#breadcrumb\"},\"inLanguage\":\"lv-LV\",\"potentialAction\":[{\"@type\":\"ReadAction\",\"target\":[\"https:\/\/hobstop.ee\/lv\/produkts\/medijs-akrilam-liquitex-pouring\/\"]}]},{\"@type\":\"ImageObject\",\"inLanguage\":\"lv-LV\",\"@id\":\"https:\/\/hobstop.ee\/lv\/produkts\/medijs-akrilam-liquitex-pouring\/#primaryimage\",\"url\":\"https:\/\/hobstop.ee\/media\/3849.jpg\",\"contentUrl\":\"https:\/\/hobstop.ee\/media\/3849.jpg\",\"width\":1024,\"height\":768},{\"@type\":\"BreadcrumbList\",\"@id\":\"https:\/\/hobstop.ee\/lv\/produkts\/medijs-akrilam-liquitex-pouring\/#breadcrumb\",\"itemListElement\":[{\"@type\":\"ListItem\",\"position\":1,\"name\":\"Avaleht\",\"item\":\"https:\/\/www.hobstop.ee\/lv\/\"},{\"@type\":\"ListItem\",\"position\":2,\"name\":\"Veikals\",\"item\":\"https:\/\/www.hobstop.ee\/lv\/veikals\/\"},{\"@type\":\"ListItem\",\"position\":3,\"name\":\"Medijs akrilam Liquitex Pouring\"}]},{\"@type\":\"WebSite\",\"@id\":\"https:\/\/hobstop.ee\/lv\/#website\",\"url\":\"https:\/\/hobstop.ee\/lv\/\",\"name\":\"Skizze\",\"description\":\"M\u0101kslas, hobiju un skolas preces\",\"publisher\":{\"@id\":\"https:\/\/hobstop.ee\/lv\/#organization\"},\"potentialAction\":[{\"@type\":\"SearchAction\",\"target\":{\"@type\":\"EntryPoint\",\"urlTemplate\":\"https:\/\/hobstop.ee\/lv\/?s={search_term_string}\"},\"query-input\":{\"@type\":\"PropertyValueSpecification\",\"valueRequired\":true,\"valueName\":\"search_term_string\"}}],\"inLanguage\":\"lv-LV\"},{\"@type\":\"Organization\",\"@id\":\"https:\/\/hobstop.ee\/lv\/#organization\",\"name\":\"Vunder AS\",\"url\":\"https:\/\/hobstop.ee\/lv\/\",\"logo\":{\"@type\":\"ImageObject\",\"inLanguage\":\"lv-LV\",\"@id\":\"https:\/\/hobstop.ee\/lv\/#\/schema\/logo\/image\/\",\"url\":\"https:\/\/hobstop.ee\/media\/vunder-logo.png\",\"contentUrl\":\"https:\/\/hobstop.ee\/media\/vunder-logo.png\",\"width\":127,\"height\":55,\"caption\":\"Vunder AS\"},\"image\":{\"@id\":\"https:\/\/hobstop.ee\/lv\/#\/schema\/logo\/image\/\"},\"sameAs\":[\"http:\/\/www.facebook.com\/VunderSkizze\"]}]}<\/script>\n<!-- \/ Yoast SEO plugin. -->","yoast_head_json":{"title":"Medijs akrilam Liquitex Pouring &#8211; Skizze","robots":{"index":"noindex","follow":"follow","max-snippet":"max-snippet:-1","max-image-preview":"max-image-preview:large","max-video-preview":"max-video-preview:-1"},"og_locale":"lv_LV","og_type":"article","og_title":"Medijs akrilam Liquitex Pouring &#8211; Skizze","og_description":"Liquitex Pouring m\u0113dijs padara akrila kr\u0101su pl\u016bsto\u0161\u0101ku, vienlaikus nov\u0113r\u0161 da\u017e\u0101du to\u0146u sajauk\u0161anos. Ar \u0161o m\u0113diju var veidot interesantus, vienam otr\u0101 eso\u0161us da\u017e\u0101du to\u0146u laukumus. Ar \u0161\u0137idr\u0101ku kr\u0101su rezult\u0101ts paliek vienm\u0113r\u012bgs un gluds.","og_url":"https:\/\/hobstop.ee\/lv\/produkts\/medijs-akrilam-liquitex-pouring\/","og_site_name":"Skizze","article_publisher":"http:\/\/www.facebook.com\/VunderSkizze","article_modified_time":"-0001-11-30T00:00:00+00:00","og_image":[{"width":1024,"height":768,"url":"https:\/\/hobstop.ee\/media\/3849.jpg","type":"image\/jpeg"}],"twitter_card":"summary_large_image","schema":{"@context":"https:\/\/schema.org","@graph":[{"@type":"WebPage","@id":"https:\/\/hobstop.ee\/lv\/produkts\/medijs-akrilam-liquitex-pouring\/","url":"https:\/\/hobstop.ee\/lv\/produkts\/medijs-akrilam-liquitex-pouring\/","name":"Medijs akrilam Liquitex Pouring &#8211; Skizze","isPartOf":{"@id":"https:\/\/hobstop.ee\/lv\/#website"},"primaryImageOfPage":{"@id":"https:\/\/hobstop.ee\/lv\/produkts\/medijs-akrilam-liquitex-pouring\/#primaryimage"},"image":{"@id":"https:\/\/hobstop.ee\/lv\/produkts\/medijs-akrilam-liquitex-pouring\/#primaryimage"},"thumbnailUrl":"https:\/\/hobstop.ee\/media\/3849.jpg","datePublished":"2014-12-09T11:40:16+00:00","dateModified":"-0001-11-30T00:00:00+00:00","breadcrumb":{"@id":"https:\/\/hobstop.ee\/lv\/produkts\/medijs-akrilam-liquitex-pouring\/#breadcrumb"},"inLanguage":"lv-LV","potentialAction":[{"@type":"ReadAction","target":["https:\/\/hobstop.ee\/lv\/produkts\/medijs-akrilam-liquitex-pouring\/"]}]},{"@type":"ImageObject","inLanguage":"lv-LV","@id":"https:\/\/hobstop.ee\/lv\/produkts\/medijs-akrilam-liquitex-pouring\/#primaryimage","url":"https:\/\/hobstop.ee\/media\/3849.jpg","contentUrl":"https:\/\/hobstop.ee\/media\/3849.jpg","width":1024,"height":768},{"@type":"BreadcrumbList","@id":"https:\/\/hobstop.ee\/lv\/produkts\/medijs-akrilam-liquitex-pouring\/#breadcrumb","itemListElement":[{"@type":"ListItem","position":1,"name":"Avaleht","item":"https:\/\/www.hobstop.ee\/lv\/"},{"@type":"ListItem","position":2,"name":"Veikals","item":"https:\/\/www.hobstop.ee\/lv\/veikals\/"},{"@type":"ListItem","position":3,"name":"Medijs akrilam Liquitex Pouring"}]},{"@type":"WebSite","@id":"https:\/\/hobstop.ee\/lv\/#website","url":"https:\/\/hobstop.ee\/lv\/","name":"Skizze","description":"M\u0101kslas, hobiju un skolas preces","publisher":{"@id":"https:\/\/hobstop.ee\/lv\/#organization"},"potentialAction":[{"@type":"SearchAction","target":{"@type":"EntryPoint","urlTemplate":"https:\/\/hobstop.ee\/lv\/?s={search_term_string}"},"query-input":{"@type":"PropertyValueSpecification","valueRequired":true,"valueName":"search_term_string"}}],"inLanguage":"lv-LV"},{"@type":"Organization","@id":"https:\/\/hobstop.ee\/lv\/#organization","name":"Vunder AS","url":"https:\/\/hobstop.ee\/lv\/","logo":{"@type":"ImageObject","inLanguage":"lv-LV","@id":"https:\/\/hobstop.ee\/lv\/#\/schema\/logo\/image\/","url":"https:\/\/hobstop.ee\/media\/vunder-logo.png","contentUrl":"https:\/\/hobstop.ee\/media\/vunder-logo.png","width":127,"height":55,"caption":"Vunder AS"},"image":{"@id":"https:\/\/hobstop.ee\/lv\/#\/schema\/logo\/image\/"},"sameAs":["http:\/\/www.facebook.com\/VunderSkizze"]}]}},"_links":{"self":[{"href":"https:\/\/hobstop.ee\/lv\/wp-json\/wp\/v2\/product\/63437","targetHints":{"allow":["GET"]}}],"collection":[{"href":"https:\/\/hobstop.ee\/lv\/wp-json\/wp\/v2\/product"}],"about":[{"href":"https:\/\/hobstop.ee\/lv\/wp-json\/wp\/v2\/types\/product"}],"replies":[{"embeddable":true,"href":"https:\/\/hobstop.ee\/lv\/wp-json\/wp\/v2\/comments?post=63437"}],"wp:featuredmedia":[{"embeddable":true,"href":"https:\/\/hobstop.ee\/lv\/wp-json\/wp\/v2\/media\/353811"}],"wp:attachment":[{"href":"https:\/\/hobstop.ee\/lv\/wp-json\/wp\/v2\/media?parent=63437"}],"wp:term":[{"taxonomy":"product_cat","embeddable":true,"href":"https:\/\/hobstop.ee\/lv\/wp-json\/wp\/v2\/product_cat?post=63437"},{"taxonomy":"product_tag","embeddable":true,"href":"https:\/\/hobstop.ee\/lv\/wp-json\/wp\/v2\/product_tag?post=63437"}],"curies":[{"name":"wp","href":"https:\/\/api.w.org\/{rel}","templated":true}]}}