{"id":63440,"date":"2014-12-09T13:40:16","date_gmt":"2014-12-09T11:40:16","guid":{"rendered":"https:\/\/sharks.ee\/vunder_2019.klient.veebimajutus.ee\/?post_type=product&p=63440"},"modified":"2014-12-09T13:40:16","modified_gmt":"2014-12-09T10:40:16","slug":"modelesanas-pasta-akrilam-liquitex-flexible","status":"publish","type":"product","link":"https:\/\/hobstop.ee\/lv\/produkts\/modelesanas-pasta-akrilam-liquitex-flexible\/","title":{"rendered":"Model\u0113\u0161anas pasta akrilam Liquitex Flexible"},"content":{"rendered":"<p>Mat\u0113ta un nokl\u0101jo\u0161a pasta no marmora putek\u013ciem un polim\u0113remulsijas. No\u017e\u016bst l\u0113n\u0101k k\u0101 citas veido\u0161anas pastas. Iz\u017euvusi masa paliek cieta, tom\u0113r ir elast\u012bga. Var veidot lielas tekst\u016bras, formas un strukt\u016bras ar\u012b uz elast\u012bg\u0101m virsm\u0101m.<\/p>\n","protected":false},"excerpt":{"rendered":"<p>Mat\u0113ta un nokl\u0101jo\u0161a pasta no marmora putek\u013ciem un polim\u0113remulsijas. No\u017e\u016bst l\u0113n\u0101k k\u0101 citas veido\u0161anas pastas. Iz\u017euvusi masa paliek cieta, tom\u0113r ir elast\u012bga. Var veidot lielas tekst\u016bras, formas un strukt\u016bras ar\u012b uz elast\u012bg\u0101m virsm\u0101m.<\/p>\n","protected":false},"featured_media":353835,"comment_status":"closed","ping_status":"closed","template":"","meta":{"_acf_changed":false,"ep_exclude_from_search":false},"product_cat":[18997,17980,16123],"product_tag":[],"class_list":{"0":"post-63440","1":"product","2":"type-product","3":"status-publish","4":"has-post-thumbnail","6":"product_cat-akrilkrasu-mediji-3","7":"product_cat-krasas-un-gleznosanas-paligmateriali","8":"product_cat-makslas-piederumi-2","10":"first","11":"instock","12":"taxable","13":"shipping-taxable","14":"purchasable","15":"product-type-variable"},"acf":[],"yoast_head":"<!-- This site is optimized with the Yoast SEO plugin v24.1 - https:\/\/yoast.com\/wordpress\/plugins\/seo\/ -->\n<title>Model\u0113\u0161anas pasta akrilam Liquitex Flexible &#8211; Skizze<\/title>\n<meta name=\"robots\" content=\"noindex, follow, max-snippet:-1, max-image-preview:large, max-video-preview:-1\" \/>\n<meta property=\"og:locale\" content=\"lv_LV\" \/>\n<meta property=\"og:type\" content=\"article\" \/>\n<meta property=\"og:title\" content=\"Model\u0113\u0161anas pasta akrilam Liquitex Flexible &#8211; Skizze\" \/>\n<meta property=\"og:description\" content=\"Mat\u0113ta un nokl\u0101jo\u0161a pasta no marmora putek\u013ciem un polim\u0113remulsijas. No\u017e\u016bst l\u0113n\u0101k k\u0101 citas veido\u0161anas pastas. Iz\u017euvusi masa paliek cieta, tom\u0113r ir elast\u012bga. Var veidot lielas tekst\u016bras, formas un strukt\u016bras ar\u012b uz elast\u012bg\u0101m virsm\u0101m.\" \/>\n<meta property=\"og:url\" content=\"https:\/\/hobstop.ee\/lv\/produkts\/modelesanas-pasta-akrilam-liquitex-flexible\/\" \/>\n<meta property=\"og:site_name\" content=\"Skizze\" \/>\n<meta property=\"article:publisher\" content=\"http:\/\/www.facebook.com\/VunderSkizze\" \/>\n<meta property=\"article:modified_time\" content=\"-0001-11-30T00:00:00+00:00\" \/>\n<meta property=\"og:image\" content=\"https:\/\/hobstop.ee\/media\/3850.jpg\" \/>\n\t<meta property=\"og:image:width\" content=\"1024\" \/>\n\t<meta property=\"og:image:height\" content=\"768\" \/>\n\t<meta property=\"og:image:type\" content=\"image\/jpeg\" \/>\n<meta name=\"twitter:card\" content=\"summary_large_image\" \/>\n<script type=\"application\/ld+json\" class=\"yoast-schema-graph\">{\"@context\":\"https:\/\/schema.org\",\"@graph\":[{\"@type\":\"WebPage\",\"@id\":\"https:\/\/hobstop.ee\/lv\/produkts\/modelesanas-pasta-akrilam-liquitex-flexible\/\",\"url\":\"https:\/\/hobstop.ee\/lv\/produkts\/modelesanas-pasta-akrilam-liquitex-flexible\/\",\"name\":\"Model\u0113\u0161anas pasta akrilam Liquitex Flexible &#8211; Skizze\",\"isPartOf\":{\"@id\":\"https:\/\/www.hobstop.ee\/lv\/#website\"},\"primaryImageOfPage\":{\"@id\":\"https:\/\/hobstop.ee\/lv\/produkts\/modelesanas-pasta-akrilam-liquitex-flexible\/#primaryimage\"},\"image\":{\"@id\":\"https:\/\/hobstop.ee\/lv\/produkts\/modelesanas-pasta-akrilam-liquitex-flexible\/#primaryimage\"},\"thumbnailUrl\":\"https:\/\/hobstop.ee\/media\/3850.jpg\",\"datePublished\":\"2014-12-09T11:40:16+00:00\",\"dateModified\":\"-0001-11-30T00:00:00+00:00\",\"breadcrumb\":{\"@id\":\"https:\/\/hobstop.ee\/lv\/produkts\/modelesanas-pasta-akrilam-liquitex-flexible\/#breadcrumb\"},\"inLanguage\":\"lv-LV\",\"potentialAction\":[{\"@type\":\"ReadAction\",\"target\":[\"https:\/\/hobstop.ee\/lv\/produkts\/modelesanas-pasta-akrilam-liquitex-flexible\/\"]}]},{\"@type\":\"ImageObject\",\"inLanguage\":\"lv-LV\",\"@id\":\"https:\/\/hobstop.ee\/lv\/produkts\/modelesanas-pasta-akrilam-liquitex-flexible\/#primaryimage\",\"url\":\"https:\/\/hobstop.ee\/media\/3850.jpg\",\"contentUrl\":\"https:\/\/hobstop.ee\/media\/3850.jpg\",\"width\":1024,\"height\":768},{\"@type\":\"BreadcrumbList\",\"@id\":\"https:\/\/hobstop.ee\/lv\/produkts\/modelesanas-pasta-akrilam-liquitex-flexible\/#breadcrumb\",\"itemListElement\":[{\"@type\":\"ListItem\",\"position\":1,\"name\":\"Avaleht\",\"item\":\"https:\/\/www.hobstop.ee\/lv\/\"},{\"@type\":\"ListItem\",\"position\":2,\"name\":\"Veikals\",\"item\":\"https:\/\/www.hobstop.ee\/lv\/veikals\/\"},{\"@type\":\"ListItem\",\"position\":3,\"name\":\"Model\u0113\u0161anas pasta akrilam Liquitex Flexible\"}]},{\"@type\":\"WebSite\",\"@id\":\"https:\/\/www.hobstop.ee\/lv\/#website\",\"url\":\"https:\/\/www.hobstop.ee\/lv\/\",\"name\":\"Skizze\",\"description\":\"M\u0101kslas, hobiju un skolas preces\",\"publisher\":{\"@id\":\"https:\/\/www.hobstop.ee\/lv\/#organization\"},\"potentialAction\":[{\"@type\":\"SearchAction\",\"target\":{\"@type\":\"EntryPoint\",\"urlTemplate\":\"https:\/\/www.hobstop.ee\/lv\/?s={search_term_string}\"},\"query-input\":{\"@type\":\"PropertyValueSpecification\",\"valueRequired\":true,\"valueName\":\"search_term_string\"}}],\"inLanguage\":\"lv-LV\"},{\"@type\":\"Organization\",\"@id\":\"https:\/\/www.hobstop.ee\/lv\/#organization\",\"name\":\"Vunder AS\",\"url\":\"https:\/\/www.hobstop.ee\/lv\/\",\"logo\":{\"@type\":\"ImageObject\",\"inLanguage\":\"lv-LV\",\"@id\":\"https:\/\/www.hobstop.ee\/lv\/#\/schema\/logo\/image\/\",\"url\":\"https:\/\/hobstop.ee\/media\/vunder-logo.png\",\"contentUrl\":\"https:\/\/hobstop.ee\/media\/vunder-logo.png\",\"width\":127,\"height\":55,\"caption\":\"Vunder AS\"},\"image\":{\"@id\":\"https:\/\/www.hobstop.ee\/lv\/#\/schema\/logo\/image\/\"},\"sameAs\":[\"http:\/\/www.facebook.com\/VunderSkizze\"]}]}<\/script>\n<!-- \/ Yoast SEO plugin. -->","yoast_head_json":{"title":"Model\u0113\u0161anas pasta akrilam Liquitex Flexible &#8211; Skizze","robots":{"index":"noindex","follow":"follow","max-snippet":"max-snippet:-1","max-image-preview":"max-image-preview:large","max-video-preview":"max-video-preview:-1"},"og_locale":"lv_LV","og_type":"article","og_title":"Model\u0113\u0161anas pasta akrilam Liquitex Flexible &#8211; Skizze","og_description":"Mat\u0113ta un nokl\u0101jo\u0161a pasta no marmora putek\u013ciem un polim\u0113remulsijas. No\u017e\u016bst l\u0113n\u0101k k\u0101 citas veido\u0161anas pastas. Iz\u017euvusi masa paliek cieta, tom\u0113r ir elast\u012bga. Var veidot lielas tekst\u016bras, formas un strukt\u016bras ar\u012b uz elast\u012bg\u0101m virsm\u0101m.","og_url":"https:\/\/hobstop.ee\/lv\/produkts\/modelesanas-pasta-akrilam-liquitex-flexible\/","og_site_name":"Skizze","article_publisher":"http:\/\/www.facebook.com\/VunderSkizze","article_modified_time":"-0001-11-30T00:00:00+00:00","og_image":[{"width":1024,"height":768,"url":"https:\/\/hobstop.ee\/media\/3850.jpg","type":"image\/jpeg"}],"twitter_card":"summary_large_image","schema":{"@context":"https:\/\/schema.org","@graph":[{"@type":"WebPage","@id":"https:\/\/hobstop.ee\/lv\/produkts\/modelesanas-pasta-akrilam-liquitex-flexible\/","url":"https:\/\/hobstop.ee\/lv\/produkts\/modelesanas-pasta-akrilam-liquitex-flexible\/","name":"Model\u0113\u0161anas pasta akrilam Liquitex Flexible &#8211; Skizze","isPartOf":{"@id":"https:\/\/www.hobstop.ee\/lv\/#website"},"primaryImageOfPage":{"@id":"https:\/\/hobstop.ee\/lv\/produkts\/modelesanas-pasta-akrilam-liquitex-flexible\/#primaryimage"},"image":{"@id":"https:\/\/hobstop.ee\/lv\/produkts\/modelesanas-pasta-akrilam-liquitex-flexible\/#primaryimage"},"thumbnailUrl":"https:\/\/hobstop.ee\/media\/3850.jpg","datePublished":"2014-12-09T11:40:16+00:00","dateModified":"-0001-11-30T00:00:00+00:00","breadcrumb":{"@id":"https:\/\/hobstop.ee\/lv\/produkts\/modelesanas-pasta-akrilam-liquitex-flexible\/#breadcrumb"},"inLanguage":"lv-LV","potentialAction":[{"@type":"ReadAction","target":["https:\/\/hobstop.ee\/lv\/produkts\/modelesanas-pasta-akrilam-liquitex-flexible\/"]}]},{"@type":"ImageObject","inLanguage":"lv-LV","@id":"https:\/\/hobstop.ee\/lv\/produkts\/modelesanas-pasta-akrilam-liquitex-flexible\/#primaryimage","url":"https:\/\/hobstop.ee\/media\/3850.jpg","contentUrl":"https:\/\/hobstop.ee\/media\/3850.jpg","width":1024,"height":768},{"@type":"BreadcrumbList","@id":"https:\/\/hobstop.ee\/lv\/produkts\/modelesanas-pasta-akrilam-liquitex-flexible\/#breadcrumb","itemListElement":[{"@type":"ListItem","position":1,"name":"Avaleht","item":"https:\/\/www.hobstop.ee\/lv\/"},{"@type":"ListItem","position":2,"name":"Veikals","item":"https:\/\/www.hobstop.ee\/lv\/veikals\/"},{"@type":"ListItem","position":3,"name":"Model\u0113\u0161anas pasta akrilam Liquitex Flexible"}]},{"@type":"WebSite","@id":"https:\/\/www.hobstop.ee\/lv\/#website","url":"https:\/\/www.hobstop.ee\/lv\/","name":"Skizze","description":"M\u0101kslas, hobiju un skolas preces","publisher":{"@id":"https:\/\/www.hobstop.ee\/lv\/#organization"},"potentialAction":[{"@type":"SearchAction","target":{"@type":"EntryPoint","urlTemplate":"https:\/\/www.hobstop.ee\/lv\/?s={search_term_string}"},"query-input":{"@type":"PropertyValueSpecification","valueRequired":true,"valueName":"search_term_string"}}],"inLanguage":"lv-LV"},{"@type":"Organization","@id":"https:\/\/www.hobstop.ee\/lv\/#organization","name":"Vunder AS","url":"https:\/\/www.hobstop.ee\/lv\/","logo":{"@type":"ImageObject","inLanguage":"lv-LV","@id":"https:\/\/www.hobstop.ee\/lv\/#\/schema\/logo\/image\/","url":"https:\/\/hobstop.ee\/media\/vunder-logo.png","contentUrl":"https:\/\/hobstop.ee\/media\/vunder-logo.png","width":127,"height":55,"caption":"Vunder AS"},"image":{"@id":"https:\/\/www.hobstop.ee\/lv\/#\/schema\/logo\/image\/"},"sameAs":["http:\/\/www.facebook.com\/VunderSkizze"]}]}},"_links":{"self":[{"href":"https:\/\/hobstop.ee\/lv\/wp-json\/wp\/v2\/product\/63440","targetHints":{"allow":["GET"]}}],"collection":[{"href":"https:\/\/hobstop.ee\/lv\/wp-json\/wp\/v2\/product"}],"about":[{"href":"https:\/\/hobstop.ee\/lv\/wp-json\/wp\/v2\/types\/product"}],"replies":[{"embeddable":true,"href":"https:\/\/hobstop.ee\/lv\/wp-json\/wp\/v2\/comments?post=63440"}],"wp:featuredmedia":[{"embeddable":true,"href":"https:\/\/hobstop.ee\/lv\/wp-json\/wp\/v2\/media\/353835"}],"wp:attachment":[{"href":"https:\/\/hobstop.ee\/lv\/wp-json\/wp\/v2\/media?parent=63440"}],"wp:term":[{"taxonomy":"product_cat","embeddable":true,"href":"https:\/\/hobstop.ee\/lv\/wp-json\/wp\/v2\/product_cat?post=63440"},{"taxonomy":"product_tag","embeddable":true,"href":"https:\/\/hobstop.ee\/lv\/wp-json\/wp\/v2\/product_tag?post=63440"}],"curies":[{"name":"wp","href":"https:\/\/api.w.org\/{rel}","templated":true}]}}