{"id":63443,"date":"2014-12-09T13:40:17","date_gmt":"2014-12-09T11:40:17","guid":{"rendered":"https:\/\/sharks.ee\/vunder_2019.klient.veebimajutus.ee\/?post_type=product&p=63443"},"modified":"2014-12-09T13:40:17","modified_gmt":"2014-12-09T10:40:17","slug":"grunts-liquitex-tonets","status":"publish","type":"product","link":"https:\/\/hobstop.ee\/lv\/produkts\/grunts-liquitex-tonets\/","title":{"rendered":"Grunts Liquitex ton\u0113ts"},"content":{"rendered":"<p>Ton\u0113ta gruntskr\u0101sa piem\u0113rota tradicion\u0101lai virsmu sagatavo\u0161anai akrila un e\u013c\u013cas gleznojumiem.  Grunts tekstila, pap\u012bra un koka virsmu apstr\u0101dei. Piem\u0113rota ar\u012b starpsl\u0101\u0146u grunt\u0113\u0161anai. Parasti ir pietiekami ar vienu pl\u0101nu grunts sl\u0101ni. Grunts ir nokl\u0101jo\u0161a.<\/p>\n","protected":false},"excerpt":{"rendered":"<p>Ton\u0113ta gruntskr\u0101sa piem\u0113rota tradicion\u0101lai virsmu sagatavo\u0161anai akrila un e\u013c\u013cas gleznojumiem. Grunts tekstila, pap\u012bra un koka virsmu apstr\u0101dei. Piem\u0113rota ar\u012b starpsl\u0101\u0146u grunt\u0113\u0161anai. Parasti ir pietiekami ar vienu pl\u0101nu grunts sl\u0101ni. Grunts ir nokl\u0101jo\u0161a.<\/p>\n","protected":false},"featured_media":353859,"comment_status":"closed","ping_status":"closed","template":"","meta":{"_acf_changed":false,"ep_exclude_from_search":false},"product_cat":[18356,17980,16123],"product_tag":[],"class_list":{"0":"post-63443","1":"product","2":"type-product","3":"status-publish","4":"has-post-thumbnail","6":"product_cat-gruntis","7":"product_cat-krasas-un-gleznosanas-paligmateriali","8":"product_cat-makslas-piederumi-2","10":"first","11":"instock","12":"taxable","13":"shipping-taxable","14":"purchasable","15":"product-type-variable"},"acf":[],"yoast_head":"<!-- This site is optimized with the Yoast SEO plugin v24.1 - https:\/\/yoast.com\/wordpress\/plugins\/seo\/ -->\n<title>Grunts Liquitex ton\u0113ts &#8211; Skizze<\/title>\n<meta name=\"robots\" content=\"noindex, follow, max-snippet:-1, max-image-preview:large, max-video-preview:-1\" \/>\n<meta property=\"og:locale\" content=\"lv_LV\" \/>\n<meta property=\"og:type\" content=\"article\" \/>\n<meta property=\"og:title\" content=\"Grunts Liquitex ton\u0113ts &#8211; Skizze\" \/>\n<meta property=\"og:description\" content=\"Ton\u0113ta gruntskr\u0101sa piem\u0113rota tradicion\u0101lai virsmu sagatavo\u0161anai akrila un e\u013c\u013cas gleznojumiem. Grunts tekstila, pap\u012bra un koka virsmu apstr\u0101dei. Piem\u0113rota ar\u012b starpsl\u0101\u0146u grunt\u0113\u0161anai. Parasti ir pietiekami ar vienu pl\u0101nu grunts sl\u0101ni. Grunts ir nokl\u0101jo\u0161a.\" \/>\n<meta property=\"og:url\" content=\"https:\/\/hobstop.ee\/lv\/produkts\/grunts-liquitex-tonets\/\" \/>\n<meta property=\"og:site_name\" content=\"Skizze\" \/>\n<meta property=\"article:publisher\" content=\"http:\/\/www.facebook.com\/VunderSkizze\" \/>\n<meta property=\"article:modified_time\" content=\"-0001-11-30T00:00:00+00:00\" \/>\n<meta property=\"og:image\" content=\"https:\/\/hobstop.ee\/media\/3851.jpg\" \/>\n\t<meta property=\"og:image:width\" content=\"1024\" \/>\n\t<meta property=\"og:image:height\" content=\"768\" \/>\n\t<meta property=\"og:image:type\" content=\"image\/jpeg\" \/>\n<meta name=\"twitter:card\" content=\"summary_large_image\" \/>\n<script type=\"application\/ld+json\" class=\"yoast-schema-graph\">{\"@context\":\"https:\/\/schema.org\",\"@graph\":[{\"@type\":\"WebPage\",\"@id\":\"https:\/\/hobstop.ee\/lv\/produkts\/grunts-liquitex-tonets\/\",\"url\":\"https:\/\/hobstop.ee\/lv\/produkts\/grunts-liquitex-tonets\/\",\"name\":\"Grunts Liquitex ton\u0113ts &#8211; Skizze\",\"isPartOf\":{\"@id\":\"https:\/\/hobstop.ee\/lv\/#website\"},\"primaryImageOfPage\":{\"@id\":\"https:\/\/hobstop.ee\/lv\/produkts\/grunts-liquitex-tonets\/#primaryimage\"},\"image\":{\"@id\":\"https:\/\/hobstop.ee\/lv\/produkts\/grunts-liquitex-tonets\/#primaryimage\"},\"thumbnailUrl\":\"https:\/\/hobstop.ee\/media\/3851.jpg\",\"datePublished\":\"2014-12-09T11:40:17+00:00\",\"dateModified\":\"-0001-11-30T00:00:00+00:00\",\"breadcrumb\":{\"@id\":\"https:\/\/hobstop.ee\/lv\/produkts\/grunts-liquitex-tonets\/#breadcrumb\"},\"inLanguage\":\"lv-LV\",\"potentialAction\":[{\"@type\":\"ReadAction\",\"target\":[\"https:\/\/hobstop.ee\/lv\/produkts\/grunts-liquitex-tonets\/\"]}]},{\"@type\":\"ImageObject\",\"inLanguage\":\"lv-LV\",\"@id\":\"https:\/\/hobstop.ee\/lv\/produkts\/grunts-liquitex-tonets\/#primaryimage\",\"url\":\"https:\/\/hobstop.ee\/media\/3851.jpg\",\"contentUrl\":\"https:\/\/hobstop.ee\/media\/3851.jpg\",\"width\":1024,\"height\":768},{\"@type\":\"BreadcrumbList\",\"@id\":\"https:\/\/hobstop.ee\/lv\/produkts\/grunts-liquitex-tonets\/#breadcrumb\",\"itemListElement\":[{\"@type\":\"ListItem\",\"position\":1,\"name\":\"Avaleht\",\"item\":\"https:\/\/www.hobstop.ee\/lv\/\"},{\"@type\":\"ListItem\",\"position\":2,\"name\":\"Veikals\",\"item\":\"https:\/\/www.hobstop.ee\/lv\/veikals\/\"},{\"@type\":\"ListItem\",\"position\":3,\"name\":\"Grunts Liquitex ton\u0113ts\"}]},{\"@type\":\"WebSite\",\"@id\":\"https:\/\/hobstop.ee\/lv\/#website\",\"url\":\"https:\/\/hobstop.ee\/lv\/\",\"name\":\"Skizze\",\"description\":\"M\u0101kslas, hobiju un skolas preces\",\"publisher\":{\"@id\":\"https:\/\/hobstop.ee\/lv\/#organization\"},\"potentialAction\":[{\"@type\":\"SearchAction\",\"target\":{\"@type\":\"EntryPoint\",\"urlTemplate\":\"https:\/\/hobstop.ee\/lv\/?s={search_term_string}\"},\"query-input\":{\"@type\":\"PropertyValueSpecification\",\"valueRequired\":true,\"valueName\":\"search_term_string\"}}],\"inLanguage\":\"lv-LV\"},{\"@type\":\"Organization\",\"@id\":\"https:\/\/hobstop.ee\/lv\/#organization\",\"name\":\"Vunder AS\",\"url\":\"https:\/\/hobstop.ee\/lv\/\",\"logo\":{\"@type\":\"ImageObject\",\"inLanguage\":\"lv-LV\",\"@id\":\"https:\/\/hobstop.ee\/lv\/#\/schema\/logo\/image\/\",\"url\":\"https:\/\/hobstop.ee\/media\/vunder-logo.png\",\"contentUrl\":\"https:\/\/hobstop.ee\/media\/vunder-logo.png\",\"width\":127,\"height\":55,\"caption\":\"Vunder AS\"},\"image\":{\"@id\":\"https:\/\/hobstop.ee\/lv\/#\/schema\/logo\/image\/\"},\"sameAs\":[\"http:\/\/www.facebook.com\/VunderSkizze\"]}]}<\/script>\n<!-- \/ Yoast SEO plugin. -->","yoast_head_json":{"title":"Grunts Liquitex ton\u0113ts &#8211; Skizze","robots":{"index":"noindex","follow":"follow","max-snippet":"max-snippet:-1","max-image-preview":"max-image-preview:large","max-video-preview":"max-video-preview:-1"},"og_locale":"lv_LV","og_type":"article","og_title":"Grunts Liquitex ton\u0113ts &#8211; Skizze","og_description":"Ton\u0113ta gruntskr\u0101sa piem\u0113rota tradicion\u0101lai virsmu sagatavo\u0161anai akrila un e\u013c\u013cas gleznojumiem. Grunts tekstila, pap\u012bra un koka virsmu apstr\u0101dei. Piem\u0113rota ar\u012b starpsl\u0101\u0146u grunt\u0113\u0161anai. Parasti ir pietiekami ar vienu pl\u0101nu grunts sl\u0101ni. Grunts ir nokl\u0101jo\u0161a.","og_url":"https:\/\/hobstop.ee\/lv\/produkts\/grunts-liquitex-tonets\/","og_site_name":"Skizze","article_publisher":"http:\/\/www.facebook.com\/VunderSkizze","article_modified_time":"-0001-11-30T00:00:00+00:00","og_image":[{"width":1024,"height":768,"url":"https:\/\/hobstop.ee\/media\/3851.jpg","type":"image\/jpeg"}],"twitter_card":"summary_large_image","schema":{"@context":"https:\/\/schema.org","@graph":[{"@type":"WebPage","@id":"https:\/\/hobstop.ee\/lv\/produkts\/grunts-liquitex-tonets\/","url":"https:\/\/hobstop.ee\/lv\/produkts\/grunts-liquitex-tonets\/","name":"Grunts Liquitex ton\u0113ts &#8211; Skizze","isPartOf":{"@id":"https:\/\/hobstop.ee\/lv\/#website"},"primaryImageOfPage":{"@id":"https:\/\/hobstop.ee\/lv\/produkts\/grunts-liquitex-tonets\/#primaryimage"},"image":{"@id":"https:\/\/hobstop.ee\/lv\/produkts\/grunts-liquitex-tonets\/#primaryimage"},"thumbnailUrl":"https:\/\/hobstop.ee\/media\/3851.jpg","datePublished":"2014-12-09T11:40:17+00:00","dateModified":"-0001-11-30T00:00:00+00:00","breadcrumb":{"@id":"https:\/\/hobstop.ee\/lv\/produkts\/grunts-liquitex-tonets\/#breadcrumb"},"inLanguage":"lv-LV","potentialAction":[{"@type":"ReadAction","target":["https:\/\/hobstop.ee\/lv\/produkts\/grunts-liquitex-tonets\/"]}]},{"@type":"ImageObject","inLanguage":"lv-LV","@id":"https:\/\/hobstop.ee\/lv\/produkts\/grunts-liquitex-tonets\/#primaryimage","url":"https:\/\/hobstop.ee\/media\/3851.jpg","contentUrl":"https:\/\/hobstop.ee\/media\/3851.jpg","width":1024,"height":768},{"@type":"BreadcrumbList","@id":"https:\/\/hobstop.ee\/lv\/produkts\/grunts-liquitex-tonets\/#breadcrumb","itemListElement":[{"@type":"ListItem","position":1,"name":"Avaleht","item":"https:\/\/www.hobstop.ee\/lv\/"},{"@type":"ListItem","position":2,"name":"Veikals","item":"https:\/\/www.hobstop.ee\/lv\/veikals\/"},{"@type":"ListItem","position":3,"name":"Grunts Liquitex ton\u0113ts"}]},{"@type":"WebSite","@id":"https:\/\/hobstop.ee\/lv\/#website","url":"https:\/\/hobstop.ee\/lv\/","name":"Skizze","description":"M\u0101kslas, hobiju un skolas preces","publisher":{"@id":"https:\/\/hobstop.ee\/lv\/#organization"},"potentialAction":[{"@type":"SearchAction","target":{"@type":"EntryPoint","urlTemplate":"https:\/\/hobstop.ee\/lv\/?s={search_term_string}"},"query-input":{"@type":"PropertyValueSpecification","valueRequired":true,"valueName":"search_term_string"}}],"inLanguage":"lv-LV"},{"@type":"Organization","@id":"https:\/\/hobstop.ee\/lv\/#organization","name":"Vunder AS","url":"https:\/\/hobstop.ee\/lv\/","logo":{"@type":"ImageObject","inLanguage":"lv-LV","@id":"https:\/\/hobstop.ee\/lv\/#\/schema\/logo\/image\/","url":"https:\/\/hobstop.ee\/media\/vunder-logo.png","contentUrl":"https:\/\/hobstop.ee\/media\/vunder-logo.png","width":127,"height":55,"caption":"Vunder AS"},"image":{"@id":"https:\/\/hobstop.ee\/lv\/#\/schema\/logo\/image\/"},"sameAs":["http:\/\/www.facebook.com\/VunderSkizze"]}]}},"_links":{"self":[{"href":"https:\/\/hobstop.ee\/lv\/wp-json\/wp\/v2\/product\/63443","targetHints":{"allow":["GET"]}}],"collection":[{"href":"https:\/\/hobstop.ee\/lv\/wp-json\/wp\/v2\/product"}],"about":[{"href":"https:\/\/hobstop.ee\/lv\/wp-json\/wp\/v2\/types\/product"}],"replies":[{"embeddable":true,"href":"https:\/\/hobstop.ee\/lv\/wp-json\/wp\/v2\/comments?post=63443"}],"wp:featuredmedia":[{"embeddable":true,"href":"https:\/\/hobstop.ee\/lv\/wp-json\/wp\/v2\/media\/353859"}],"wp:attachment":[{"href":"https:\/\/hobstop.ee\/lv\/wp-json\/wp\/v2\/media?parent=63443"}],"wp:term":[{"taxonomy":"product_cat","embeddable":true,"href":"https:\/\/hobstop.ee\/lv\/wp-json\/wp\/v2\/product_cat?post=63443"},{"taxonomy":"product_tag","embeddable":true,"href":"https:\/\/hobstop.ee\/lv\/wp-json\/wp\/v2\/product_tag?post=63443"}],"curies":[{"name":"wp","href":"https:\/\/api.w.org\/{rel}","templated":true}]}}