{"id":63446,"date":"2014-12-09T13:40:18","date_gmt":"2014-12-09T11:40:18","guid":{"rendered":"https:\/\/sharks.ee\/vunder_2019.klient.veebimajutus.ee\/?post_type=product&p=63446"},"modified":"2014-12-09T13:40:18","modified_gmt":"2014-12-09T10:40:18","slug":"grunts-liquitex-caurspidigs","status":"publish","type":"product","link":"https:\/\/hobstop.ee\/lv\/produkts\/grunts-liquitex-caurspidigs\/","title":{"rendered":"Grunts Liquitex caursp\u012bd\u012bgs"},"content":{"rendered":"<p>Caursp\u012bd\u012bga grunts, kas atst\u0101j pamata virsmu redzamu. \u012apa\u0161i piem\u0113rota, ja ir v\u0113lme saglab\u0101t pamata z\u012bm\u0113jumu vai virsmas rakstu. Der e\u013c\u013cas un akrila gleznu pamatsl\u0101nim. Vienlaikus rada pietiekamu sa\u0137eri paste\u013cu un e\u013c\u013cas paste\u013cu gleznojumiem, k\u0101 ar\u012b graf\u012bta un ogles z\u012bm\u0113jumiem. Parasti pietiek ar vienu grunts sl\u0101ni virsmas sagatavo\u0161anai. Viens pl\u0101ns grunts sl\u0101nis paliek caursp\u012bd\u012bgs, biez\u0101ks sl\u0101nis padara virsmu da\u013c\u0113ji caursp\u012bd\u012bgu. Viegli ton\u0113tas pamatvirsmas veido\u0161anai var gruntij pievienot nedaudz v\u0113lam\u0101 to\u0146a akrila kr\u0101su.<\/p>\n","protected":false},"excerpt":{"rendered":"<p>Caursp\u012bd\u012bga grunts, kas atst\u0101j pamata virsmu redzamu. \u012apa\u0161i piem\u0113rota, ja ir v\u0113lme saglab\u0101t pamata z\u012bm\u0113jumu vai virsmas rakstu. Der e\u013c\u013cas un akrila gleznu pamatsl\u0101nim. Vienlaikus rada pietiekamu sa\u0137eri paste\u013cu un e\u013c\u013cas paste\u013cu gleznojumiem, k\u0101 ar\u012b graf\u012bta un ogles z\u012bm\u0113jumiem. Parasti pietiek ar vienu grunts sl\u0101ni virsmas sagatavo\u0161anai. Viens pl\u0101ns grunts sl\u0101nis paliek caursp\u012bd\u012bgs, biez\u0101ks sl\u0101nis padara virsmu da\u013c\u0113ji caursp\u012bd\u012bgu. Viegli ton\u0113tas pamatvirsmas veido\u0161anai var gruntij pievienot nedaudz v\u0113lam\u0101 to\u0146a akrila kr\u0101su.<\/p>\n","protected":false},"featured_media":353851,"comment_status":"closed","ping_status":"closed","template":"","meta":{"_acf_changed":false,"ep_exclude_from_search":false},"product_cat":[18356,17980,16123],"product_tag":[],"class_list":{"0":"post-63446","1":"product","2":"type-product","3":"status-publish","4":"has-post-thumbnail","6":"product_cat-gruntis","7":"product_cat-krasas-un-gleznosanas-paligmateriali","8":"product_cat-makslas-piederumi-2","10":"first","11":"instock","12":"taxable","13":"shipping-taxable","14":"purchasable","15":"product-type-variable"},"acf":[],"yoast_head":"<!-- This site is optimized with the Yoast SEO plugin v24.1 - https:\/\/yoast.com\/wordpress\/plugins\/seo\/ -->\n<title>Grunts Liquitex caursp\u012bd\u012bgs &#8211; Skizze<\/title>\n<meta name=\"robots\" content=\"noindex, follow, max-snippet:-1, max-image-preview:large, max-video-preview:-1\" \/>\n<meta property=\"og:locale\" content=\"lv_LV\" \/>\n<meta property=\"og:type\" content=\"article\" \/>\n<meta property=\"og:title\" content=\"Grunts Liquitex caursp\u012bd\u012bgs &#8211; Skizze\" \/>\n<meta property=\"og:description\" content=\"Caursp\u012bd\u012bga grunts, kas atst\u0101j pamata virsmu redzamu. \u012apa\u0161i piem\u0113rota, ja ir v\u0113lme saglab\u0101t pamata z\u012bm\u0113jumu vai virsmas rakstu. Der e\u013c\u013cas un akrila gleznu pamatsl\u0101nim. Vienlaikus rada pietiekamu sa\u0137eri paste\u013cu un e\u013c\u013cas paste\u013cu gleznojumiem, k\u0101 ar\u012b graf\u012bta un ogles z\u012bm\u0113jumiem. Parasti pietiek ar vienu grunts sl\u0101ni virsmas sagatavo\u0161anai. Viens pl\u0101ns grunts sl\u0101nis paliek caursp\u012bd\u012bgs, biez\u0101ks sl\u0101nis padara virsmu da\u013c\u0113ji caursp\u012bd\u012bgu. Viegli ton\u0113tas pamatvirsmas veido\u0161anai var gruntij pievienot nedaudz v\u0113lam\u0101 to\u0146a akrila kr\u0101su.\" \/>\n<meta property=\"og:url\" content=\"https:\/\/hobstop.ee\/lv\/produkts\/grunts-liquitex-caurspidigs\/\" \/>\n<meta property=\"og:site_name\" content=\"Skizze\" \/>\n<meta property=\"article:publisher\" content=\"http:\/\/www.facebook.com\/VunderSkizze\" \/>\n<meta property=\"article:modified_time\" content=\"-0001-11-30T00:00:00+00:00\" \/>\n<meta property=\"og:image\" content=\"https:\/\/hobstop.ee\/media\/3852.jpg\" \/>\n\t<meta property=\"og:image:width\" content=\"1024\" \/>\n\t<meta property=\"og:image:height\" content=\"768\" \/>\n\t<meta property=\"og:image:type\" content=\"image\/jpeg\" \/>\n<meta name=\"twitter:card\" content=\"summary_large_image\" \/>\n<meta name=\"twitter:label1\" content=\"Est. reading time\" \/>\n\t<meta name=\"twitter:data1\" content=\"1 min\u016b\u0161u\" \/>\n<script type=\"application\/ld+json\" class=\"yoast-schema-graph\">{\"@context\":\"https:\/\/schema.org\",\"@graph\":[{\"@type\":\"WebPage\",\"@id\":\"https:\/\/hobstop.ee\/lv\/produkts\/grunts-liquitex-caurspidigs\/\",\"url\":\"https:\/\/hobstop.ee\/lv\/produkts\/grunts-liquitex-caurspidigs\/\",\"name\":\"Grunts Liquitex caursp\u012bd\u012bgs &#8211; Skizze\",\"isPartOf\":{\"@id\":\"https:\/\/hobstop.ee\/lv\/#website\"},\"primaryImageOfPage\":{\"@id\":\"https:\/\/hobstop.ee\/lv\/produkts\/grunts-liquitex-caurspidigs\/#primaryimage\"},\"image\":{\"@id\":\"https:\/\/hobstop.ee\/lv\/produkts\/grunts-liquitex-caurspidigs\/#primaryimage\"},\"thumbnailUrl\":\"https:\/\/hobstop.ee\/media\/3852.jpg\",\"datePublished\":\"2014-12-09T11:40:18+00:00\",\"dateModified\":\"-0001-11-30T00:00:00+00:00\",\"breadcrumb\":{\"@id\":\"https:\/\/hobstop.ee\/lv\/produkts\/grunts-liquitex-caurspidigs\/#breadcrumb\"},\"inLanguage\":\"lv-LV\",\"potentialAction\":[{\"@type\":\"ReadAction\",\"target\":[\"https:\/\/hobstop.ee\/lv\/produkts\/grunts-liquitex-caurspidigs\/\"]}]},{\"@type\":\"ImageObject\",\"inLanguage\":\"lv-LV\",\"@id\":\"https:\/\/hobstop.ee\/lv\/produkts\/grunts-liquitex-caurspidigs\/#primaryimage\",\"url\":\"https:\/\/hobstop.ee\/media\/3852.jpg\",\"contentUrl\":\"https:\/\/hobstop.ee\/media\/3852.jpg\",\"width\":1024,\"height\":768},{\"@type\":\"BreadcrumbList\",\"@id\":\"https:\/\/hobstop.ee\/lv\/produkts\/grunts-liquitex-caurspidigs\/#breadcrumb\",\"itemListElement\":[{\"@type\":\"ListItem\",\"position\":1,\"name\":\"Avaleht\",\"item\":\"https:\/\/www.hobstop.ee\/lv\/\"},{\"@type\":\"ListItem\",\"position\":2,\"name\":\"Veikals\",\"item\":\"https:\/\/www.hobstop.ee\/lv\/veikals\/\"},{\"@type\":\"ListItem\",\"position\":3,\"name\":\"Grunts Liquitex caursp\u012bd\u012bgs\"}]},{\"@type\":\"WebSite\",\"@id\":\"https:\/\/hobstop.ee\/lv\/#website\",\"url\":\"https:\/\/hobstop.ee\/lv\/\",\"name\":\"Skizze\",\"description\":\"M\u0101kslas, hobiju un skolas preces\",\"publisher\":{\"@id\":\"https:\/\/hobstop.ee\/lv\/#organization\"},\"potentialAction\":[{\"@type\":\"SearchAction\",\"target\":{\"@type\":\"EntryPoint\",\"urlTemplate\":\"https:\/\/hobstop.ee\/lv\/?s={search_term_string}\"},\"query-input\":{\"@type\":\"PropertyValueSpecification\",\"valueRequired\":true,\"valueName\":\"search_term_string\"}}],\"inLanguage\":\"lv-LV\"},{\"@type\":\"Organization\",\"@id\":\"https:\/\/hobstop.ee\/lv\/#organization\",\"name\":\"Vunder AS\",\"url\":\"https:\/\/hobstop.ee\/lv\/\",\"logo\":{\"@type\":\"ImageObject\",\"inLanguage\":\"lv-LV\",\"@id\":\"https:\/\/hobstop.ee\/lv\/#\/schema\/logo\/image\/\",\"url\":\"https:\/\/hobstop.ee\/media\/vunder-logo.png\",\"contentUrl\":\"https:\/\/hobstop.ee\/media\/vunder-logo.png\",\"width\":127,\"height\":55,\"caption\":\"Vunder AS\"},\"image\":{\"@id\":\"https:\/\/hobstop.ee\/lv\/#\/schema\/logo\/image\/\"},\"sameAs\":[\"http:\/\/www.facebook.com\/VunderSkizze\"]}]}<\/script>\n<!-- \/ Yoast SEO plugin. -->","yoast_head_json":{"title":"Grunts Liquitex caursp\u012bd\u012bgs &#8211; Skizze","robots":{"index":"noindex","follow":"follow","max-snippet":"max-snippet:-1","max-image-preview":"max-image-preview:large","max-video-preview":"max-video-preview:-1"},"og_locale":"lv_LV","og_type":"article","og_title":"Grunts Liquitex caursp\u012bd\u012bgs &#8211; Skizze","og_description":"Caursp\u012bd\u012bga grunts, kas atst\u0101j pamata virsmu redzamu. \u012apa\u0161i piem\u0113rota, ja ir v\u0113lme saglab\u0101t pamata z\u012bm\u0113jumu vai virsmas rakstu. Der e\u013c\u013cas un akrila gleznu pamatsl\u0101nim. Vienlaikus rada pietiekamu sa\u0137eri paste\u013cu un e\u013c\u013cas paste\u013cu gleznojumiem, k\u0101 ar\u012b graf\u012bta un ogles z\u012bm\u0113jumiem. Parasti pietiek ar vienu grunts sl\u0101ni virsmas sagatavo\u0161anai. Viens pl\u0101ns grunts sl\u0101nis paliek caursp\u012bd\u012bgs, biez\u0101ks sl\u0101nis padara virsmu da\u013c\u0113ji caursp\u012bd\u012bgu. Viegli ton\u0113tas pamatvirsmas veido\u0161anai var gruntij pievienot nedaudz v\u0113lam\u0101 to\u0146a akrila kr\u0101su.","og_url":"https:\/\/hobstop.ee\/lv\/produkts\/grunts-liquitex-caurspidigs\/","og_site_name":"Skizze","article_publisher":"http:\/\/www.facebook.com\/VunderSkizze","article_modified_time":"-0001-11-30T00:00:00+00:00","og_image":[{"width":1024,"height":768,"url":"https:\/\/hobstop.ee\/media\/3852.jpg","type":"image\/jpeg"}],"twitter_card":"summary_large_image","twitter_misc":{"Est. reading time":"1 min\u016b\u0161u"},"schema":{"@context":"https:\/\/schema.org","@graph":[{"@type":"WebPage","@id":"https:\/\/hobstop.ee\/lv\/produkts\/grunts-liquitex-caurspidigs\/","url":"https:\/\/hobstop.ee\/lv\/produkts\/grunts-liquitex-caurspidigs\/","name":"Grunts Liquitex caursp\u012bd\u012bgs &#8211; Skizze","isPartOf":{"@id":"https:\/\/hobstop.ee\/lv\/#website"},"primaryImageOfPage":{"@id":"https:\/\/hobstop.ee\/lv\/produkts\/grunts-liquitex-caurspidigs\/#primaryimage"},"image":{"@id":"https:\/\/hobstop.ee\/lv\/produkts\/grunts-liquitex-caurspidigs\/#primaryimage"},"thumbnailUrl":"https:\/\/hobstop.ee\/media\/3852.jpg","datePublished":"2014-12-09T11:40:18+00:00","dateModified":"-0001-11-30T00:00:00+00:00","breadcrumb":{"@id":"https:\/\/hobstop.ee\/lv\/produkts\/grunts-liquitex-caurspidigs\/#breadcrumb"},"inLanguage":"lv-LV","potentialAction":[{"@type":"ReadAction","target":["https:\/\/hobstop.ee\/lv\/produkts\/grunts-liquitex-caurspidigs\/"]}]},{"@type":"ImageObject","inLanguage":"lv-LV","@id":"https:\/\/hobstop.ee\/lv\/produkts\/grunts-liquitex-caurspidigs\/#primaryimage","url":"https:\/\/hobstop.ee\/media\/3852.jpg","contentUrl":"https:\/\/hobstop.ee\/media\/3852.jpg","width":1024,"height":768},{"@type":"BreadcrumbList","@id":"https:\/\/hobstop.ee\/lv\/produkts\/grunts-liquitex-caurspidigs\/#breadcrumb","itemListElement":[{"@type":"ListItem","position":1,"name":"Avaleht","item":"https:\/\/www.hobstop.ee\/lv\/"},{"@type":"ListItem","position":2,"name":"Veikals","item":"https:\/\/www.hobstop.ee\/lv\/veikals\/"},{"@type":"ListItem","position":3,"name":"Grunts Liquitex caursp\u012bd\u012bgs"}]},{"@type":"WebSite","@id":"https:\/\/hobstop.ee\/lv\/#website","url":"https:\/\/hobstop.ee\/lv\/","name":"Skizze","description":"M\u0101kslas, hobiju un skolas preces","publisher":{"@id":"https:\/\/hobstop.ee\/lv\/#organization"},"potentialAction":[{"@type":"SearchAction","target":{"@type":"EntryPoint","urlTemplate":"https:\/\/hobstop.ee\/lv\/?s={search_term_string}"},"query-input":{"@type":"PropertyValueSpecification","valueRequired":true,"valueName":"search_term_string"}}],"inLanguage":"lv-LV"},{"@type":"Organization","@id":"https:\/\/hobstop.ee\/lv\/#organization","name":"Vunder AS","url":"https:\/\/hobstop.ee\/lv\/","logo":{"@type":"ImageObject","inLanguage":"lv-LV","@id":"https:\/\/hobstop.ee\/lv\/#\/schema\/logo\/image\/","url":"https:\/\/hobstop.ee\/media\/vunder-logo.png","contentUrl":"https:\/\/hobstop.ee\/media\/vunder-logo.png","width":127,"height":55,"caption":"Vunder AS"},"image":{"@id":"https:\/\/hobstop.ee\/lv\/#\/schema\/logo\/image\/"},"sameAs":["http:\/\/www.facebook.com\/VunderSkizze"]}]}},"_links":{"self":[{"href":"https:\/\/hobstop.ee\/lv\/wp-json\/wp\/v2\/product\/63446","targetHints":{"allow":["GET"]}}],"collection":[{"href":"https:\/\/hobstop.ee\/lv\/wp-json\/wp\/v2\/product"}],"about":[{"href":"https:\/\/hobstop.ee\/lv\/wp-json\/wp\/v2\/types\/product"}],"replies":[{"embeddable":true,"href":"https:\/\/hobstop.ee\/lv\/wp-json\/wp\/v2\/comments?post=63446"}],"wp:featuredmedia":[{"embeddable":true,"href":"https:\/\/hobstop.ee\/lv\/wp-json\/wp\/v2\/media\/353851"}],"wp:attachment":[{"href":"https:\/\/hobstop.ee\/lv\/wp-json\/wp\/v2\/media?parent=63446"}],"wp:term":[{"taxonomy":"product_cat","embeddable":true,"href":"https:\/\/hobstop.ee\/lv\/wp-json\/wp\/v2\/product_cat?post=63446"},{"taxonomy":"product_tag","embeddable":true,"href":"https:\/\/hobstop.ee\/lv\/wp-json\/wp\/v2\/product_tag?post=63446"}],"curies":[{"name":"wp","href":"https:\/\/api.w.org\/{rel}","templated":true}]}}