{"id":63452,"date":"2014-12-09T13:40:19","date_gmt":"2014-12-09T11:40:19","guid":{"rendered":"https:\/\/sharks.ee\/vunder_2019.klient.veebimajutus.ee\/?post_type=product&p=63452"},"modified":"2014-12-09T13:40:19","modified_gmt":"2014-12-09T10:40:19","slug":"caurduris-maped-advanced-metal","status":"publish","type":"product","link":"https:\/\/hobstop.ee\/lv\/produkts\/caurduris-maped-advanced-metal\/","title":{"rendered":"Caurduris Maped Advanced Metal"},"content":{"rendered":"<p>Ar Advance s\u0113rijas rad\u012b\u0161anu Maped Office ievie\u0161 jaunin\u0101jumus biroja dz\u012bv\u0113! Tehniski un kvalitat\u012bvi produkti, kas lieliski izce\u013cas uz citu fona, pateicoties savam unik\u0101lajam dizainam. Advanced Metal caurumot\u0101js nodro\u0161ina \u0101tru un prec\u012bzu caurumu veido\u0161anu, izmantojot \u0101tr\u0161uv\u0113ja gredzenus, k\u0101 ar\u012b \u0113rtu un vienk\u0101r\u0161u pap\u012bra atlikumu iztuk\u0161o\u0161anu. Vislab\u0101kais J\u016bsu birojam!<\/p>\n","protected":false},"excerpt":{"rendered":"<p>Ar Advance s\u0113rijas rad\u012b\u0161anu Maped Office ievie\u0161 jaunin\u0101jumus biroja dz\u012bv\u0113! Tehniski un kvalitat\u012bvi produkti, kas lieliski izce\u013cas uz citu fona, pateicoties savam unik\u0101lajam dizainam. Advanced Metal caurumot\u0101js nodro\u0161ina \u0101tru un prec\u012bzu caurumu veido\u0161anu, izmantojot \u0101tr\u0161uv\u0113ja gredzenus, k\u0101 ar\u012b \u0113rtu un vienk\u0101r\u0161u pap\u012bra atlikumu iztuk\u0161o\u0161anu. Vislab\u0101kais J\u016bsu birojam!<\/p>\n","protected":false},"featured_media":160288,"comment_status":"closed","ping_status":"closed","template":"","meta":{"_acf_changed":false,"ep_exclude_from_search":false},"product_cat":[17913,19048,18919],"product_tag":[],"class_list":{"0":"post-63452","1":"product","2":"type-product","3":"status-publish","4":"has-post-thumbnail","6":"product_cat-biroja-preces","7":"product_cat-caurumotaji","8":"product_cat-ofisa-preces-4","10":"first","11":"instock","12":"sale","13":"taxable","14":"shipping-taxable","15":"purchasable","16":"product-type-variable"},"acf":[],"yoast_head":"<!-- This site is optimized with the Yoast SEO plugin v24.1 - https:\/\/yoast.com\/wordpress\/plugins\/seo\/ -->\n<title>Caurduris Maped Advanced Metal &#8211; Skizze<\/title>\n<meta name=\"robots\" content=\"noindex, follow, max-snippet:-1, max-image-preview:large, max-video-preview:-1\" \/>\n<meta property=\"og:locale\" content=\"lv_LV\" \/>\n<meta property=\"og:type\" content=\"article\" \/>\n<meta property=\"og:title\" content=\"Caurduris Maped Advanced Metal &#8211; Skizze\" \/>\n<meta property=\"og:description\" content=\"Ar Advance s\u0113rijas rad\u012b\u0161anu Maped Office ievie\u0161 jaunin\u0101jumus biroja dz\u012bv\u0113! Tehniski un kvalitat\u012bvi produkti, kas lieliski izce\u013cas uz citu fona, pateicoties savam unik\u0101lajam dizainam. Advanced Metal caurumot\u0101js nodro\u0161ina \u0101tru un prec\u012bzu caurumu veido\u0161anu, izmantojot \u0101tr\u0161uv\u0113ja gredzenus, k\u0101 ar\u012b \u0113rtu un vienk\u0101r\u0161u pap\u012bra atlikumu iztuk\u0161o\u0161anu. Vislab\u0101kais J\u016bsu birojam!\" \/>\n<meta property=\"og:url\" content=\"https:\/\/hobstop.ee\/lv\/produkts\/caurduris-maped-advanced-metal\/\" \/>\n<meta property=\"og:site_name\" content=\"Skizze\" \/>\n<meta property=\"article:publisher\" content=\"http:\/\/www.facebook.com\/VunderSkizze\" \/>\n<meta property=\"article:modified_time\" content=\"-0001-11-30T00:00:00+00:00\" \/>\n<meta property=\"og:image\" content=\"https:\/\/hobstop.ee\/media\/3854.jpg\" \/>\n\t<meta property=\"og:image:width\" content=\"1024\" \/>\n\t<meta property=\"og:image:height\" content=\"768\" \/>\n\t<meta property=\"og:image:type\" content=\"image\/jpeg\" \/>\n<meta name=\"twitter:card\" content=\"summary_large_image\" \/>\n<script type=\"application\/ld+json\" class=\"yoast-schema-graph\">{\"@context\":\"https:\/\/schema.org\",\"@graph\":[{\"@type\":\"WebPage\",\"@id\":\"https:\/\/hobstop.ee\/lv\/produkts\/caurduris-maped-advanced-metal\/\",\"url\":\"https:\/\/hobstop.ee\/lv\/produkts\/caurduris-maped-advanced-metal\/\",\"name\":\"Caurduris Maped Advanced Metal &#8211; Skizze\",\"isPartOf\":{\"@id\":\"https:\/\/hobstop.ee\/lv\/#website\"},\"primaryImageOfPage\":{\"@id\":\"https:\/\/hobstop.ee\/lv\/produkts\/caurduris-maped-advanced-metal\/#primaryimage\"},\"image\":{\"@id\":\"https:\/\/hobstop.ee\/lv\/produkts\/caurduris-maped-advanced-metal\/#primaryimage\"},\"thumbnailUrl\":\"https:\/\/hobstop.ee\/media\/3854.jpg\",\"datePublished\":\"2014-12-09T11:40:19+00:00\",\"dateModified\":\"-0001-11-30T00:00:00+00:00\",\"breadcrumb\":{\"@id\":\"https:\/\/hobstop.ee\/lv\/produkts\/caurduris-maped-advanced-metal\/#breadcrumb\"},\"inLanguage\":\"lv-LV\",\"potentialAction\":[{\"@type\":\"ReadAction\",\"target\":[\"https:\/\/hobstop.ee\/lv\/produkts\/caurduris-maped-advanced-metal\/\"]}]},{\"@type\":\"ImageObject\",\"inLanguage\":\"lv-LV\",\"@id\":\"https:\/\/hobstop.ee\/lv\/produkts\/caurduris-maped-advanced-metal\/#primaryimage\",\"url\":\"https:\/\/hobstop.ee\/media\/3854.jpg\",\"contentUrl\":\"https:\/\/hobstop.ee\/media\/3854.jpg\",\"width\":1024,\"height\":768},{\"@type\":\"BreadcrumbList\",\"@id\":\"https:\/\/hobstop.ee\/lv\/produkts\/caurduris-maped-advanced-metal\/#breadcrumb\",\"itemListElement\":[{\"@type\":\"ListItem\",\"position\":1,\"name\":\"Avaleht\",\"item\":\"https:\/\/hobstop.ee\/lv\/\"},{\"@type\":\"ListItem\",\"position\":2,\"name\":\"Veikals\",\"item\":\"https:\/\/hobstop.ee\/lv\/veikals\/\"},{\"@type\":\"ListItem\",\"position\":3,\"name\":\"Caurduris Maped Advanced Metal\"}]},{\"@type\":\"WebSite\",\"@id\":\"https:\/\/hobstop.ee\/lv\/#website\",\"url\":\"https:\/\/hobstop.ee\/lv\/\",\"name\":\"Skizze\",\"description\":\"M\u0101kslas, hobiju un skolas preces\",\"publisher\":{\"@id\":\"https:\/\/hobstop.ee\/lv\/#organization\"},\"potentialAction\":[{\"@type\":\"SearchAction\",\"target\":{\"@type\":\"EntryPoint\",\"urlTemplate\":\"https:\/\/hobstop.ee\/lv\/?s={search_term_string}\"},\"query-input\":{\"@type\":\"PropertyValueSpecification\",\"valueRequired\":true,\"valueName\":\"search_term_string\"}}],\"inLanguage\":\"lv-LV\"},{\"@type\":\"Organization\",\"@id\":\"https:\/\/hobstop.ee\/lv\/#organization\",\"name\":\"Vunder AS\",\"url\":\"https:\/\/hobstop.ee\/lv\/\",\"logo\":{\"@type\":\"ImageObject\",\"inLanguage\":\"lv-LV\",\"@id\":\"https:\/\/hobstop.ee\/lv\/#\/schema\/logo\/image\/\",\"url\":\"https:\/\/hobstop.ee\/media\/vunder-logo.png\",\"contentUrl\":\"https:\/\/hobstop.ee\/media\/vunder-logo.png\",\"width\":127,\"height\":55,\"caption\":\"Vunder AS\"},\"image\":{\"@id\":\"https:\/\/hobstop.ee\/lv\/#\/schema\/logo\/image\/\"},\"sameAs\":[\"http:\/\/www.facebook.com\/VunderSkizze\"]}]}<\/script>\n<!-- \/ Yoast SEO plugin. -->","yoast_head_json":{"title":"Caurduris Maped Advanced Metal &#8211; Skizze","robots":{"index":"noindex","follow":"follow","max-snippet":"max-snippet:-1","max-image-preview":"max-image-preview:large","max-video-preview":"max-video-preview:-1"},"og_locale":"lv_LV","og_type":"article","og_title":"Caurduris Maped Advanced Metal &#8211; Skizze","og_description":"Ar Advance s\u0113rijas rad\u012b\u0161anu Maped Office ievie\u0161 jaunin\u0101jumus biroja dz\u012bv\u0113! Tehniski un kvalitat\u012bvi produkti, kas lieliski izce\u013cas uz citu fona, pateicoties savam unik\u0101lajam dizainam. Advanced Metal caurumot\u0101js nodro\u0161ina \u0101tru un prec\u012bzu caurumu veido\u0161anu, izmantojot \u0101tr\u0161uv\u0113ja gredzenus, k\u0101 ar\u012b \u0113rtu un vienk\u0101r\u0161u pap\u012bra atlikumu iztuk\u0161o\u0161anu. Vislab\u0101kais J\u016bsu birojam!","og_url":"https:\/\/hobstop.ee\/lv\/produkts\/caurduris-maped-advanced-metal\/","og_site_name":"Skizze","article_publisher":"http:\/\/www.facebook.com\/VunderSkizze","article_modified_time":"-0001-11-30T00:00:00+00:00","og_image":[{"width":1024,"height":768,"url":"https:\/\/hobstop.ee\/media\/3854.jpg","type":"image\/jpeg"}],"twitter_card":"summary_large_image","schema":{"@context":"https:\/\/schema.org","@graph":[{"@type":"WebPage","@id":"https:\/\/hobstop.ee\/lv\/produkts\/caurduris-maped-advanced-metal\/","url":"https:\/\/hobstop.ee\/lv\/produkts\/caurduris-maped-advanced-metal\/","name":"Caurduris Maped Advanced Metal &#8211; Skizze","isPartOf":{"@id":"https:\/\/hobstop.ee\/lv\/#website"},"primaryImageOfPage":{"@id":"https:\/\/hobstop.ee\/lv\/produkts\/caurduris-maped-advanced-metal\/#primaryimage"},"image":{"@id":"https:\/\/hobstop.ee\/lv\/produkts\/caurduris-maped-advanced-metal\/#primaryimage"},"thumbnailUrl":"https:\/\/hobstop.ee\/media\/3854.jpg","datePublished":"2014-12-09T11:40:19+00:00","dateModified":"-0001-11-30T00:00:00+00:00","breadcrumb":{"@id":"https:\/\/hobstop.ee\/lv\/produkts\/caurduris-maped-advanced-metal\/#breadcrumb"},"inLanguage":"lv-LV","potentialAction":[{"@type":"ReadAction","target":["https:\/\/hobstop.ee\/lv\/produkts\/caurduris-maped-advanced-metal\/"]}]},{"@type":"ImageObject","inLanguage":"lv-LV","@id":"https:\/\/hobstop.ee\/lv\/produkts\/caurduris-maped-advanced-metal\/#primaryimage","url":"https:\/\/hobstop.ee\/media\/3854.jpg","contentUrl":"https:\/\/hobstop.ee\/media\/3854.jpg","width":1024,"height":768},{"@type":"BreadcrumbList","@id":"https:\/\/hobstop.ee\/lv\/produkts\/caurduris-maped-advanced-metal\/#breadcrumb","itemListElement":[{"@type":"ListItem","position":1,"name":"Avaleht","item":"https:\/\/hobstop.ee\/lv\/"},{"@type":"ListItem","position":2,"name":"Veikals","item":"https:\/\/hobstop.ee\/lv\/veikals\/"},{"@type":"ListItem","position":3,"name":"Caurduris Maped Advanced Metal"}]},{"@type":"WebSite","@id":"https:\/\/hobstop.ee\/lv\/#website","url":"https:\/\/hobstop.ee\/lv\/","name":"Skizze","description":"M\u0101kslas, hobiju un skolas preces","publisher":{"@id":"https:\/\/hobstop.ee\/lv\/#organization"},"potentialAction":[{"@type":"SearchAction","target":{"@type":"EntryPoint","urlTemplate":"https:\/\/hobstop.ee\/lv\/?s={search_term_string}"},"query-input":{"@type":"PropertyValueSpecification","valueRequired":true,"valueName":"search_term_string"}}],"inLanguage":"lv-LV"},{"@type":"Organization","@id":"https:\/\/hobstop.ee\/lv\/#organization","name":"Vunder AS","url":"https:\/\/hobstop.ee\/lv\/","logo":{"@type":"ImageObject","inLanguage":"lv-LV","@id":"https:\/\/hobstop.ee\/lv\/#\/schema\/logo\/image\/","url":"https:\/\/hobstop.ee\/media\/vunder-logo.png","contentUrl":"https:\/\/hobstop.ee\/media\/vunder-logo.png","width":127,"height":55,"caption":"Vunder AS"},"image":{"@id":"https:\/\/hobstop.ee\/lv\/#\/schema\/logo\/image\/"},"sameAs":["http:\/\/www.facebook.com\/VunderSkizze"]}]}},"_links":{"self":[{"href":"https:\/\/hobstop.ee\/lv\/wp-json\/wp\/v2\/product\/63452","targetHints":{"allow":["GET"]}}],"collection":[{"href":"https:\/\/hobstop.ee\/lv\/wp-json\/wp\/v2\/product"}],"about":[{"href":"https:\/\/hobstop.ee\/lv\/wp-json\/wp\/v2\/types\/product"}],"replies":[{"embeddable":true,"href":"https:\/\/hobstop.ee\/lv\/wp-json\/wp\/v2\/comments?post=63452"}],"wp:featuredmedia":[{"embeddable":true,"href":"https:\/\/hobstop.ee\/lv\/wp-json\/wp\/v2\/media\/160288"}],"wp:attachment":[{"href":"https:\/\/hobstop.ee\/lv\/wp-json\/wp\/v2\/media?parent=63452"}],"wp:term":[{"taxonomy":"product_cat","embeddable":true,"href":"https:\/\/hobstop.ee\/lv\/wp-json\/wp\/v2\/product_cat?post=63452"},{"taxonomy":"product_tag","embeddable":true,"href":"https:\/\/hobstop.ee\/lv\/wp-json\/wp\/v2\/product_tag?post=63452"}],"curies":[{"name":"wp","href":"https:\/\/api.w.org\/{rel}","templated":true}]}}