{"id":63485,"date":"2014-12-09T13:40:24","date_gmt":"2014-12-09T11:40:24","guid":{"rendered":"https:\/\/sharks.ee\/vunder_2019.klient.veebimajutus.ee\/?post_type=product&p=63485"},"modified":"2014-12-09T13:40:24","modified_gmt":"2014-12-09T10:40:24","slug":"parastais-zimulis-sketching-6gab-zimulu-asinamais-met-kaste","status":"publish","type":"product","link":"https:\/\/hobstop.ee\/lv\/produkts\/parastais-zimulis-sketching-6gab-zimulu-asinamais-met-kaste\/","title":{"rendered":"Parastais z\u012bmulis Sketching 6gab.+z\u012bmu\u013cu asin\u0101mais met. kast\u0113"},"content":{"rendered":"<p>Br\u012bni\u0161\u0137\u012bga izv\u0113le darbam ar br\u012bv\u0101 stila skic\u0113m un izteikt\u0101ku l\u012bniju rad\u012b\u0161anai, kas dod piln\u012bgas un spont\u0101nas br\u012bv\u012bbas izpausmi. M\u012bksts, \u012bpa\u0161i plats graf\u012bts vienm\u0113r\u012bgi sl\u012bd pa pap\u012bra virsmu, veidojot vienm\u0113r\u012bgu un notur\u012bgu kr\u0101sas kl\u0101jumu. Z\u012bmulis ir piem\u0113rots ar\u012b detaliz\u0113t\u0101ku darbu veik\u0161anai. Derwent Sketching tiek pied\u0101v\u0101ts tr\u012bs ciet\u012bbas pak\u0101p\u0113s, kuras skaisti sapl\u016bst kop\u0101, veidojot smalkas to\u0146a un noska\u0146as grad\u0101cijas. Apa\u013c\u0161 8mm korpuss, serdenis d = 4mm <\/p>\n<p>Komplekt\u0101 ietilpst:<br \/>\nSketching z\u012bmulis skic\u0113m HB (2 gab.), 2B (2gab.) un 4B (2gab.);<br \/>\nasin\u0101t\u0101js<\/p>\n","protected":false},"excerpt":{"rendered":"<p>Br\u012bni\u0161\u0137\u012bga izv\u0113le darbam ar br\u012bv\u0101 stila skic\u0113m un izteikt\u0101ku l\u012bniju rad\u012b\u0161anai, kas dod piln\u012bgas un spont\u0101nas br\u012bv\u012bbas izpausmi. M\u012bksts, \u012bpa\u0161i plats graf\u012bts vienm\u0113r\u012bgi sl\u012bd pa pap\u012bra virsmu, veidojot vienm\u0113r\u012bgu un notur\u012bgu kr\u0101sas kl\u0101jumu. Z\u012bmulis ir piem\u0113rots ar\u012b detaliz\u0113t\u0101ku darbu veik\u0161anai. Derwent Sketching tiek pied\u0101v\u0101ts tr\u012bs ciet\u012bbas pak\u0101p\u0113s, kuras skaisti sapl\u016bst kop\u0101, veidojot smalkas to\u0146a un noska\u0146as grad\u0101cijas. Apa\u013c\u0161 8mm korpuss, serdenis d = 4mm Komplekt\u0101 ietilpst: Sketching z\u012bmulis skic\u0113m HB (2 gab.), 2B (2gab.) un 4B (2gab.); asin\u0101t\u0101js<\/p>\n","protected":false},"featured_media":354791,"comment_status":"closed","ping_status":"closed","template":"","meta":{"_acf_changed":false,"ep_exclude_from_search":false},"product_cat":[18988,16123,18931],"product_tag":[],"class_list":{"0":"post-63485","1":"product","2":"type-product","3":"status-publish","4":"has-post-thumbnail","6":"product_cat-grafita-zimuli-3","7":"product_cat-makslas-piederumi-2","8":"product_cat-zimesanas-piederumi-3","10":"first","11":"outofstock","12":"taxable","13":"shipping-taxable","14":"purchasable","15":"product-type-variable"},"acf":[],"yoast_head":"<!-- This site is optimized with the Yoast SEO plugin v24.1 - https:\/\/yoast.com\/wordpress\/plugins\/seo\/ -->\n<title>Parastais z\u012bmulis Sketching 6gab.+z\u012bmu\u013cu asin\u0101mais met. kast\u0113 &#8211; Skizze<\/title>\n<meta name=\"robots\" content=\"noindex, follow, max-snippet:-1, max-image-preview:large, max-video-preview:-1\" \/>\n<meta property=\"og:locale\" content=\"lv_LV\" \/>\n<meta property=\"og:type\" content=\"article\" \/>\n<meta property=\"og:title\" content=\"Parastais z\u012bmulis Sketching 6gab.+z\u012bmu\u013cu asin\u0101mais met. kast\u0113 &#8211; Skizze\" \/>\n<meta property=\"og:description\" content=\"Br\u012bni\u0161\u0137\u012bga izv\u0113le darbam ar br\u012bv\u0101 stila skic\u0113m un izteikt\u0101ku l\u012bniju rad\u012b\u0161anai, kas dod piln\u012bgas un spont\u0101nas br\u012bv\u012bbas izpausmi. M\u012bksts, \u012bpa\u0161i plats graf\u012bts vienm\u0113r\u012bgi sl\u012bd pa pap\u012bra virsmu, veidojot vienm\u0113r\u012bgu un notur\u012bgu kr\u0101sas kl\u0101jumu. Z\u012bmulis ir piem\u0113rots ar\u012b detaliz\u0113t\u0101ku darbu veik\u0161anai. Derwent Sketching tiek pied\u0101v\u0101ts tr\u012bs ciet\u012bbas pak\u0101p\u0113s, kuras skaisti sapl\u016bst kop\u0101, veidojot smalkas to\u0146a un noska\u0146as grad\u0101cijas. Apa\u013c\u0161 8mm korpuss, serdenis d = 4mm Komplekt\u0101 ietilpst: Sketching z\u012bmulis skic\u0113m HB (2 gab.), 2B (2gab.) un 4B (2gab.); asin\u0101t\u0101js\" \/>\n<meta property=\"og:url\" content=\"https:\/\/hobstop.ee\/lv\/produkts\/parastais-zimulis-sketching-6gab-zimulu-asinamais-met-kaste\/\" \/>\n<meta property=\"og:site_name\" content=\"Skizze\" \/>\n<meta property=\"article:publisher\" content=\"http:\/\/www.facebook.com\/VunderSkizze\" \/>\n<meta property=\"article:modified_time\" content=\"-0001-11-30T00:00:00+00:00\" \/>\n<meta property=\"og:image\" content=\"https:\/\/www.hobstop.ee\/media\/3870.jpg\" \/>\n\t<meta property=\"og:image:width\" content=\"1024\" \/>\n\t<meta property=\"og:image:height\" content=\"768\" \/>\n\t<meta property=\"og:image:type\" content=\"image\/jpeg\" \/>\n<meta name=\"twitter:card\" content=\"summary_large_image\" \/>\n<meta name=\"twitter:label1\" content=\"Est. reading time\" \/>\n\t<meta name=\"twitter:data1\" content=\"1 min\u016b\u0161u\" \/>\n<script type=\"application\/ld+json\" class=\"yoast-schema-graph\">{\"@context\":\"https:\/\/schema.org\",\"@graph\":[{\"@type\":\"WebPage\",\"@id\":\"https:\/\/hobstop.ee\/lv\/produkts\/parastais-zimulis-sketching-6gab-zimulu-asinamais-met-kaste\/\",\"url\":\"https:\/\/hobstop.ee\/lv\/produkts\/parastais-zimulis-sketching-6gab-zimulu-asinamais-met-kaste\/\",\"name\":\"Parastais z\u012bmulis Sketching 6gab.+z\u012bmu\u013cu asin\u0101mais met. kast\u0113 &#8211; Skizze\",\"isPartOf\":{\"@id\":\"https:\/\/hobstop.ee\/lv\/#website\"},\"primaryImageOfPage\":{\"@id\":\"https:\/\/hobstop.ee\/lv\/produkts\/parastais-zimulis-sketching-6gab-zimulu-asinamais-met-kaste\/#primaryimage\"},\"image\":{\"@id\":\"https:\/\/hobstop.ee\/lv\/produkts\/parastais-zimulis-sketching-6gab-zimulu-asinamais-met-kaste\/#primaryimage\"},\"thumbnailUrl\":\"https:\/\/hobstop.ee\/media\/3870.jpg\",\"datePublished\":\"2014-12-09T11:40:24+00:00\",\"dateModified\":\"-0001-11-30T00:00:00+00:00\",\"breadcrumb\":{\"@id\":\"https:\/\/hobstop.ee\/lv\/produkts\/parastais-zimulis-sketching-6gab-zimulu-asinamais-met-kaste\/#breadcrumb\"},\"inLanguage\":\"lv-LV\",\"potentialAction\":[{\"@type\":\"ReadAction\",\"target\":[\"https:\/\/hobstop.ee\/lv\/produkts\/parastais-zimulis-sketching-6gab-zimulu-asinamais-met-kaste\/\"]}]},{\"@type\":\"ImageObject\",\"inLanguage\":\"lv-LV\",\"@id\":\"https:\/\/hobstop.ee\/lv\/produkts\/parastais-zimulis-sketching-6gab-zimulu-asinamais-met-kaste\/#primaryimage\",\"url\":\"https:\/\/hobstop.ee\/media\/3870.jpg\",\"contentUrl\":\"https:\/\/hobstop.ee\/media\/3870.jpg\",\"width\":1024,\"height\":768},{\"@type\":\"BreadcrumbList\",\"@id\":\"https:\/\/hobstop.ee\/lv\/produkts\/parastais-zimulis-sketching-6gab-zimulu-asinamais-met-kaste\/#breadcrumb\",\"itemListElement\":[{\"@type\":\"ListItem\",\"position\":1,\"name\":\"Avaleht\",\"item\":\"https:\/\/www.hobstop.ee\/lv\/\"},{\"@type\":\"ListItem\",\"position\":2,\"name\":\"Veikals\",\"item\":\"https:\/\/www.hobstop.ee\/lv\/veikals\/\"},{\"@type\":\"ListItem\",\"position\":3,\"name\":\"Parastais z\u012bmulis Sketching 6gab.+z\u012bmu\u013cu asin\u0101mais met. kast\u0113\"}]},{\"@type\":\"WebSite\",\"@id\":\"https:\/\/hobstop.ee\/lv\/#website\",\"url\":\"https:\/\/hobstop.ee\/lv\/\",\"name\":\"Skizze\",\"description\":\"M\u0101kslas, hobiju un skolas preces\",\"publisher\":{\"@id\":\"https:\/\/hobstop.ee\/lv\/#organization\"},\"potentialAction\":[{\"@type\":\"SearchAction\",\"target\":{\"@type\":\"EntryPoint\",\"urlTemplate\":\"https:\/\/hobstop.ee\/lv\/?s={search_term_string}\"},\"query-input\":{\"@type\":\"PropertyValueSpecification\",\"valueRequired\":true,\"valueName\":\"search_term_string\"}}],\"inLanguage\":\"lv-LV\"},{\"@type\":\"Organization\",\"@id\":\"https:\/\/hobstop.ee\/lv\/#organization\",\"name\":\"Vunder AS\",\"url\":\"https:\/\/hobstop.ee\/lv\/\",\"logo\":{\"@type\":\"ImageObject\",\"inLanguage\":\"lv-LV\",\"@id\":\"https:\/\/hobstop.ee\/lv\/#\/schema\/logo\/image\/\",\"url\":\"https:\/\/hobstop.ee\/media\/vunder-logo.png\",\"contentUrl\":\"https:\/\/hobstop.ee\/media\/vunder-logo.png\",\"width\":127,\"height\":55,\"caption\":\"Vunder AS\"},\"image\":{\"@id\":\"https:\/\/hobstop.ee\/lv\/#\/schema\/logo\/image\/\"},\"sameAs\":[\"http:\/\/www.facebook.com\/VunderSkizze\"]}]}<\/script>\n<!-- \/ Yoast SEO plugin. -->","yoast_head_json":{"title":"Parastais z\u012bmulis Sketching 6gab.+z\u012bmu\u013cu asin\u0101mais met. kast\u0113 &#8211; Skizze","robots":{"index":"noindex","follow":"follow","max-snippet":"max-snippet:-1","max-image-preview":"max-image-preview:large","max-video-preview":"max-video-preview:-1"},"og_locale":"lv_LV","og_type":"article","og_title":"Parastais z\u012bmulis Sketching 6gab.+z\u012bmu\u013cu asin\u0101mais met. kast\u0113 &#8211; Skizze","og_description":"Br\u012bni\u0161\u0137\u012bga izv\u0113le darbam ar br\u012bv\u0101 stila skic\u0113m un izteikt\u0101ku l\u012bniju rad\u012b\u0161anai, kas dod piln\u012bgas un spont\u0101nas br\u012bv\u012bbas izpausmi. M\u012bksts, \u012bpa\u0161i plats graf\u012bts vienm\u0113r\u012bgi sl\u012bd pa pap\u012bra virsmu, veidojot vienm\u0113r\u012bgu un notur\u012bgu kr\u0101sas kl\u0101jumu. Z\u012bmulis ir piem\u0113rots ar\u012b detaliz\u0113t\u0101ku darbu veik\u0161anai. Derwent Sketching tiek pied\u0101v\u0101ts tr\u012bs ciet\u012bbas pak\u0101p\u0113s, kuras skaisti sapl\u016bst kop\u0101, veidojot smalkas to\u0146a un noska\u0146as grad\u0101cijas. Apa\u013c\u0161 8mm korpuss, serdenis d = 4mm Komplekt\u0101 ietilpst: Sketching z\u012bmulis skic\u0113m HB (2 gab.), 2B (2gab.) un 4B (2gab.); asin\u0101t\u0101js","og_url":"https:\/\/hobstop.ee\/lv\/produkts\/parastais-zimulis-sketching-6gab-zimulu-asinamais-met-kaste\/","og_site_name":"Skizze","article_publisher":"http:\/\/www.facebook.com\/VunderSkizze","article_modified_time":"-0001-11-30T00:00:00+00:00","og_image":[{"width":1024,"height":768,"url":"https:\/\/www.hobstop.ee\/media\/3870.jpg","type":"image\/jpeg"}],"twitter_card":"summary_large_image","twitter_misc":{"Est. reading time":"1 min\u016b\u0161u"},"schema":{"@context":"https:\/\/schema.org","@graph":[{"@type":"WebPage","@id":"https:\/\/hobstop.ee\/lv\/produkts\/parastais-zimulis-sketching-6gab-zimulu-asinamais-met-kaste\/","url":"https:\/\/hobstop.ee\/lv\/produkts\/parastais-zimulis-sketching-6gab-zimulu-asinamais-met-kaste\/","name":"Parastais z\u012bmulis Sketching 6gab.+z\u012bmu\u013cu asin\u0101mais met. kast\u0113 &#8211; Skizze","isPartOf":{"@id":"https:\/\/hobstop.ee\/lv\/#website"},"primaryImageOfPage":{"@id":"https:\/\/hobstop.ee\/lv\/produkts\/parastais-zimulis-sketching-6gab-zimulu-asinamais-met-kaste\/#primaryimage"},"image":{"@id":"https:\/\/hobstop.ee\/lv\/produkts\/parastais-zimulis-sketching-6gab-zimulu-asinamais-met-kaste\/#primaryimage"},"thumbnailUrl":"https:\/\/hobstop.ee\/media\/3870.jpg","datePublished":"2014-12-09T11:40:24+00:00","dateModified":"-0001-11-30T00:00:00+00:00","breadcrumb":{"@id":"https:\/\/hobstop.ee\/lv\/produkts\/parastais-zimulis-sketching-6gab-zimulu-asinamais-met-kaste\/#breadcrumb"},"inLanguage":"lv-LV","potentialAction":[{"@type":"ReadAction","target":["https:\/\/hobstop.ee\/lv\/produkts\/parastais-zimulis-sketching-6gab-zimulu-asinamais-met-kaste\/"]}]},{"@type":"ImageObject","inLanguage":"lv-LV","@id":"https:\/\/hobstop.ee\/lv\/produkts\/parastais-zimulis-sketching-6gab-zimulu-asinamais-met-kaste\/#primaryimage","url":"https:\/\/hobstop.ee\/media\/3870.jpg","contentUrl":"https:\/\/hobstop.ee\/media\/3870.jpg","width":1024,"height":768},{"@type":"BreadcrumbList","@id":"https:\/\/hobstop.ee\/lv\/produkts\/parastais-zimulis-sketching-6gab-zimulu-asinamais-met-kaste\/#breadcrumb","itemListElement":[{"@type":"ListItem","position":1,"name":"Avaleht","item":"https:\/\/www.hobstop.ee\/lv\/"},{"@type":"ListItem","position":2,"name":"Veikals","item":"https:\/\/www.hobstop.ee\/lv\/veikals\/"},{"@type":"ListItem","position":3,"name":"Parastais z\u012bmulis Sketching 6gab.+z\u012bmu\u013cu asin\u0101mais met. kast\u0113"}]},{"@type":"WebSite","@id":"https:\/\/hobstop.ee\/lv\/#website","url":"https:\/\/hobstop.ee\/lv\/","name":"Skizze","description":"M\u0101kslas, hobiju un skolas preces","publisher":{"@id":"https:\/\/hobstop.ee\/lv\/#organization"},"potentialAction":[{"@type":"SearchAction","target":{"@type":"EntryPoint","urlTemplate":"https:\/\/hobstop.ee\/lv\/?s={search_term_string}"},"query-input":{"@type":"PropertyValueSpecification","valueRequired":true,"valueName":"search_term_string"}}],"inLanguage":"lv-LV"},{"@type":"Organization","@id":"https:\/\/hobstop.ee\/lv\/#organization","name":"Vunder AS","url":"https:\/\/hobstop.ee\/lv\/","logo":{"@type":"ImageObject","inLanguage":"lv-LV","@id":"https:\/\/hobstop.ee\/lv\/#\/schema\/logo\/image\/","url":"https:\/\/hobstop.ee\/media\/vunder-logo.png","contentUrl":"https:\/\/hobstop.ee\/media\/vunder-logo.png","width":127,"height":55,"caption":"Vunder AS"},"image":{"@id":"https:\/\/hobstop.ee\/lv\/#\/schema\/logo\/image\/"},"sameAs":["http:\/\/www.facebook.com\/VunderSkizze"]}]}},"_links":{"self":[{"href":"https:\/\/hobstop.ee\/lv\/wp-json\/wp\/v2\/product\/63485","targetHints":{"allow":["GET"]}}],"collection":[{"href":"https:\/\/hobstop.ee\/lv\/wp-json\/wp\/v2\/product"}],"about":[{"href":"https:\/\/hobstop.ee\/lv\/wp-json\/wp\/v2\/types\/product"}],"replies":[{"embeddable":true,"href":"https:\/\/hobstop.ee\/lv\/wp-json\/wp\/v2\/comments?post=63485"}],"wp:featuredmedia":[{"embeddable":true,"href":"https:\/\/hobstop.ee\/lv\/wp-json\/wp\/v2\/media\/354791"}],"wp:attachment":[{"href":"https:\/\/hobstop.ee\/lv\/wp-json\/wp\/v2\/media?parent=63485"}],"wp:term":[{"taxonomy":"product_cat","embeddable":true,"href":"https:\/\/hobstop.ee\/lv\/wp-json\/wp\/v2\/product_cat?post=63485"},{"taxonomy":"product_tag","embeddable":true,"href":"https:\/\/hobstop.ee\/lv\/wp-json\/wp\/v2\/product_tag?post=63485"}],"curies":[{"name":"wp","href":"https:\/\/api.w.org\/{rel}","templated":true}]}}