{"id":63512,"date":"2014-12-09T13:40:29","date_gmt":"2014-12-09T11:40:29","guid":{"rendered":"https:\/\/sharks.ee\/vunder_2019.klient.veebimajutus.ee\/?post_type=product&p=63512"},"modified":"2014-12-09T13:40:29","modified_gmt":"2014-12-09T10:40:29","slug":"skicu-albums-canson-art-book-inspiration","status":"publish","type":"product","link":"https:\/\/hobstop.ee\/lv\/produkts\/skicu-albums-canson-art-book-inspiration\/","title":{"rendered":"Ski\u010du albums Canson Art Book Inspiration"},"content":{"rendered":"<p>Ski\u010du bloks ar 320 g\/m2 Mi-Teintes pap\u012bra pieska\u0146ojamiem v\u0101kiem neap\u0161aub\u0101mi iekaros visu sirdis. Vienk\u0101r\u0161\u0101 un viegl\u0101 Inspiration Art Book bloka lapas ir sasietas, blokam ir noapa\u013cotas malas.<br \/>\nIde\u0101li piem\u0113rots: z\u012bmu\u013ca, paste\u013cu, ogles un flom\u0101steru tehnik\u0101m<br \/>\nPiem\u0113rots ar\u012b: rakst\u012b\u0161anai un piez\u012bm\u0113m<\/p>\n","protected":false},"excerpt":{"rendered":"<p>Ski\u010du bloks ar 320 g\/m2 Mi-Teintes pap\u012bra pieska\u0146ojamiem v\u0101kiem neap\u0161aub\u0101mi iekaros visu sirdis. Vienk\u0101r\u0161\u0101 un viegl\u0101 Inspiration Art Book bloka lapas ir sasietas, blokam ir noapa\u013cotas malas. Ide\u0101li piem\u0113rots: z\u012bmu\u013ca, paste\u013cu, ogles un flom\u0101steru tehnik\u0101m Piem\u0113rots ar\u012b: rakst\u012b\u0161anai un piez\u012bm\u0113m<\/p>\n","protected":false},"featured_media":160382,"comment_status":"closed","ping_status":"closed","template":"","meta":{"_acf_changed":false,"ep_exclude_from_search":false},"product_cat":[18943,17921,19024],"product_tag":[],"class_list":{"0":"post-63512","1":"product","2":"type-product","3":"status-publish","4":"has-post-thumbnail","6":"product_cat-makslas-papirs-un-kartons-2","7":"product_cat-papira-izstradajumi","8":"product_cat-zimesanas-papirs-un-bloki-3","10":"first","11":"instock","12":"taxable","13":"shipping-taxable","14":"purchasable","15":"product-type-variable"},"acf":[],"yoast_head":"<!-- This site is optimized with the Yoast SEO plugin v24.1 - https:\/\/yoast.com\/wordpress\/plugins\/seo\/ -->\n<title>Ski\u010du albums Canson Art Book Inspiration &#8211; Skizze<\/title>\n<meta name=\"robots\" content=\"noindex, follow, max-snippet:-1, max-image-preview:large, max-video-preview:-1\" \/>\n<meta property=\"og:locale\" content=\"lv_LV\" \/>\n<meta property=\"og:type\" content=\"article\" \/>\n<meta property=\"og:title\" content=\"Ski\u010du albums Canson Art Book Inspiration &#8211; Skizze\" \/>\n<meta property=\"og:description\" content=\"Ski\u010du bloks ar 320 g\/m2 Mi-Teintes pap\u012bra pieska\u0146ojamiem v\u0101kiem neap\u0161aub\u0101mi iekaros visu sirdis. Vienk\u0101r\u0161\u0101 un viegl\u0101 Inspiration Art Book bloka lapas ir sasietas, blokam ir noapa\u013cotas malas. Ide\u0101li piem\u0113rots: z\u012bmu\u013ca, paste\u013cu, ogles un flom\u0101steru tehnik\u0101m Piem\u0113rots ar\u012b: rakst\u012b\u0161anai un piez\u012bm\u0113m\" \/>\n<meta property=\"og:url\" content=\"https:\/\/hobstop.ee\/lv\/produkts\/skicu-albums-canson-art-book-inspiration\/\" \/>\n<meta property=\"og:site_name\" content=\"Skizze\" \/>\n<meta property=\"article:publisher\" content=\"http:\/\/www.facebook.com\/VunderSkizze\" \/>\n<meta property=\"article:modified_time\" content=\"-0001-11-30T00:00:00+00:00\" \/>\n<meta property=\"og:image\" content=\"https:\/\/hobstop.ee\/media\/3896.jpg\" \/>\n\t<meta property=\"og:image:width\" content=\"1024\" \/>\n\t<meta property=\"og:image:height\" content=\"768\" \/>\n\t<meta property=\"og:image:type\" content=\"image\/jpeg\" \/>\n<meta name=\"twitter:card\" content=\"summary_large_image\" \/>\n<script type=\"application\/ld+json\" class=\"yoast-schema-graph\">{\"@context\":\"https:\/\/schema.org\",\"@graph\":[{\"@type\":\"WebPage\",\"@id\":\"https:\/\/hobstop.ee\/lv\/produkts\/skicu-albums-canson-art-book-inspiration\/\",\"url\":\"https:\/\/hobstop.ee\/lv\/produkts\/skicu-albums-canson-art-book-inspiration\/\",\"name\":\"Ski\u010du albums Canson Art Book Inspiration &#8211; Skizze\",\"isPartOf\":{\"@id\":\"https:\/\/hobstop.ee\/lv\/#website\"},\"primaryImageOfPage\":{\"@id\":\"https:\/\/hobstop.ee\/lv\/produkts\/skicu-albums-canson-art-book-inspiration\/#primaryimage\"},\"image\":{\"@id\":\"https:\/\/hobstop.ee\/lv\/produkts\/skicu-albums-canson-art-book-inspiration\/#primaryimage\"},\"thumbnailUrl\":\"https:\/\/hobstop.ee\/media\/3896.jpg\",\"datePublished\":\"2014-12-09T11:40:29+00:00\",\"dateModified\":\"-0001-11-30T00:00:00+00:00\",\"breadcrumb\":{\"@id\":\"https:\/\/hobstop.ee\/lv\/produkts\/skicu-albums-canson-art-book-inspiration\/#breadcrumb\"},\"inLanguage\":\"lv-LV\",\"potentialAction\":[{\"@type\":\"ReadAction\",\"target\":[\"https:\/\/hobstop.ee\/lv\/produkts\/skicu-albums-canson-art-book-inspiration\/\"]}]},{\"@type\":\"ImageObject\",\"inLanguage\":\"lv-LV\",\"@id\":\"https:\/\/hobstop.ee\/lv\/produkts\/skicu-albums-canson-art-book-inspiration\/#primaryimage\",\"url\":\"https:\/\/hobstop.ee\/media\/3896.jpg\",\"contentUrl\":\"https:\/\/hobstop.ee\/media\/3896.jpg\",\"width\":1024,\"height\":768},{\"@type\":\"BreadcrumbList\",\"@id\":\"https:\/\/hobstop.ee\/lv\/produkts\/skicu-albums-canson-art-book-inspiration\/#breadcrumb\",\"itemListElement\":[{\"@type\":\"ListItem\",\"position\":1,\"name\":\"Avaleht\",\"item\":\"https:\/\/hobstop.ee\/lv\/\"},{\"@type\":\"ListItem\",\"position\":2,\"name\":\"Veikals\",\"item\":\"https:\/\/hobstop.ee\/lv\/veikals\/\"},{\"@type\":\"ListItem\",\"position\":3,\"name\":\"Ski\u010du albums Canson Art Book Inspiration\"}]},{\"@type\":\"WebSite\",\"@id\":\"https:\/\/hobstop.ee\/lv\/#website\",\"url\":\"https:\/\/hobstop.ee\/lv\/\",\"name\":\"Skizze\",\"description\":\"M\u0101kslas, hobiju un skolas preces\",\"publisher\":{\"@id\":\"https:\/\/hobstop.ee\/lv\/#organization\"},\"potentialAction\":[{\"@type\":\"SearchAction\",\"target\":{\"@type\":\"EntryPoint\",\"urlTemplate\":\"https:\/\/hobstop.ee\/lv\/?s={search_term_string}\"},\"query-input\":{\"@type\":\"PropertyValueSpecification\",\"valueRequired\":true,\"valueName\":\"search_term_string\"}}],\"inLanguage\":\"lv-LV\"},{\"@type\":\"Organization\",\"@id\":\"https:\/\/hobstop.ee\/lv\/#organization\",\"name\":\"Vunder AS\",\"url\":\"https:\/\/hobstop.ee\/lv\/\",\"logo\":{\"@type\":\"ImageObject\",\"inLanguage\":\"lv-LV\",\"@id\":\"https:\/\/hobstop.ee\/lv\/#\/schema\/logo\/image\/\",\"url\":\"https:\/\/hobstop.ee\/media\/vunder-logo.png\",\"contentUrl\":\"https:\/\/hobstop.ee\/media\/vunder-logo.png\",\"width\":127,\"height\":55,\"caption\":\"Vunder AS\"},\"image\":{\"@id\":\"https:\/\/hobstop.ee\/lv\/#\/schema\/logo\/image\/\"},\"sameAs\":[\"http:\/\/www.facebook.com\/VunderSkizze\"]}]}<\/script>\n<!-- \/ Yoast SEO plugin. -->","yoast_head_json":{"title":"Ski\u010du albums Canson Art Book Inspiration &#8211; Skizze","robots":{"index":"noindex","follow":"follow","max-snippet":"max-snippet:-1","max-image-preview":"max-image-preview:large","max-video-preview":"max-video-preview:-1"},"og_locale":"lv_LV","og_type":"article","og_title":"Ski\u010du albums Canson Art Book Inspiration &#8211; Skizze","og_description":"Ski\u010du bloks ar 320 g\/m2 Mi-Teintes pap\u012bra pieska\u0146ojamiem v\u0101kiem neap\u0161aub\u0101mi iekaros visu sirdis. Vienk\u0101r\u0161\u0101 un viegl\u0101 Inspiration Art Book bloka lapas ir sasietas, blokam ir noapa\u013cotas malas. Ide\u0101li piem\u0113rots: z\u012bmu\u013ca, paste\u013cu, ogles un flom\u0101steru tehnik\u0101m Piem\u0113rots ar\u012b: rakst\u012b\u0161anai un piez\u012bm\u0113m","og_url":"https:\/\/hobstop.ee\/lv\/produkts\/skicu-albums-canson-art-book-inspiration\/","og_site_name":"Skizze","article_publisher":"http:\/\/www.facebook.com\/VunderSkizze","article_modified_time":"-0001-11-30T00:00:00+00:00","og_image":[{"width":1024,"height":768,"url":"https:\/\/hobstop.ee\/media\/3896.jpg","type":"image\/jpeg"}],"twitter_card":"summary_large_image","schema":{"@context":"https:\/\/schema.org","@graph":[{"@type":"WebPage","@id":"https:\/\/hobstop.ee\/lv\/produkts\/skicu-albums-canson-art-book-inspiration\/","url":"https:\/\/hobstop.ee\/lv\/produkts\/skicu-albums-canson-art-book-inspiration\/","name":"Ski\u010du albums Canson Art Book Inspiration &#8211; Skizze","isPartOf":{"@id":"https:\/\/hobstop.ee\/lv\/#website"},"primaryImageOfPage":{"@id":"https:\/\/hobstop.ee\/lv\/produkts\/skicu-albums-canson-art-book-inspiration\/#primaryimage"},"image":{"@id":"https:\/\/hobstop.ee\/lv\/produkts\/skicu-albums-canson-art-book-inspiration\/#primaryimage"},"thumbnailUrl":"https:\/\/hobstop.ee\/media\/3896.jpg","datePublished":"2014-12-09T11:40:29+00:00","dateModified":"-0001-11-30T00:00:00+00:00","breadcrumb":{"@id":"https:\/\/hobstop.ee\/lv\/produkts\/skicu-albums-canson-art-book-inspiration\/#breadcrumb"},"inLanguage":"lv-LV","potentialAction":[{"@type":"ReadAction","target":["https:\/\/hobstop.ee\/lv\/produkts\/skicu-albums-canson-art-book-inspiration\/"]}]},{"@type":"ImageObject","inLanguage":"lv-LV","@id":"https:\/\/hobstop.ee\/lv\/produkts\/skicu-albums-canson-art-book-inspiration\/#primaryimage","url":"https:\/\/hobstop.ee\/media\/3896.jpg","contentUrl":"https:\/\/hobstop.ee\/media\/3896.jpg","width":1024,"height":768},{"@type":"BreadcrumbList","@id":"https:\/\/hobstop.ee\/lv\/produkts\/skicu-albums-canson-art-book-inspiration\/#breadcrumb","itemListElement":[{"@type":"ListItem","position":1,"name":"Avaleht","item":"https:\/\/hobstop.ee\/lv\/"},{"@type":"ListItem","position":2,"name":"Veikals","item":"https:\/\/hobstop.ee\/lv\/veikals\/"},{"@type":"ListItem","position":3,"name":"Ski\u010du albums Canson Art Book Inspiration"}]},{"@type":"WebSite","@id":"https:\/\/hobstop.ee\/lv\/#website","url":"https:\/\/hobstop.ee\/lv\/","name":"Skizze","description":"M\u0101kslas, hobiju un skolas preces","publisher":{"@id":"https:\/\/hobstop.ee\/lv\/#organization"},"potentialAction":[{"@type":"SearchAction","target":{"@type":"EntryPoint","urlTemplate":"https:\/\/hobstop.ee\/lv\/?s={search_term_string}"},"query-input":{"@type":"PropertyValueSpecification","valueRequired":true,"valueName":"search_term_string"}}],"inLanguage":"lv-LV"},{"@type":"Organization","@id":"https:\/\/hobstop.ee\/lv\/#organization","name":"Vunder AS","url":"https:\/\/hobstop.ee\/lv\/","logo":{"@type":"ImageObject","inLanguage":"lv-LV","@id":"https:\/\/hobstop.ee\/lv\/#\/schema\/logo\/image\/","url":"https:\/\/hobstop.ee\/media\/vunder-logo.png","contentUrl":"https:\/\/hobstop.ee\/media\/vunder-logo.png","width":127,"height":55,"caption":"Vunder AS"},"image":{"@id":"https:\/\/hobstop.ee\/lv\/#\/schema\/logo\/image\/"},"sameAs":["http:\/\/www.facebook.com\/VunderSkizze"]}]}},"_links":{"self":[{"href":"https:\/\/hobstop.ee\/lv\/wp-json\/wp\/v2\/product\/63512","targetHints":{"allow":["GET"]}}],"collection":[{"href":"https:\/\/hobstop.ee\/lv\/wp-json\/wp\/v2\/product"}],"about":[{"href":"https:\/\/hobstop.ee\/lv\/wp-json\/wp\/v2\/types\/product"}],"replies":[{"embeddable":true,"href":"https:\/\/hobstop.ee\/lv\/wp-json\/wp\/v2\/comments?post=63512"}],"wp:featuredmedia":[{"embeddable":true,"href":"https:\/\/hobstop.ee\/lv\/wp-json\/wp\/v2\/media\/160382"}],"wp:attachment":[{"href":"https:\/\/hobstop.ee\/lv\/wp-json\/wp\/v2\/media?parent=63512"}],"wp:term":[{"taxonomy":"product_cat","embeddable":true,"href":"https:\/\/hobstop.ee\/lv\/wp-json\/wp\/v2\/product_cat?post=63512"},{"taxonomy":"product_tag","embeddable":true,"href":"https:\/\/hobstop.ee\/lv\/wp-json\/wp\/v2\/product_tag?post=63512"}],"curies":[{"name":"wp","href":"https:\/\/api.w.org\/{rel}","templated":true}]}}